{"id":7778,"date":"2023-09-09T14:38:26","date_gmt":"2023-09-09T14:38:26","guid":{"rendered":"https:\/\/mybonnechance.de\/?page_id=7778"},"modified":"2023-09-19T14:19:31","modified_gmt":"2023-09-19T14:19:31","slug":"2023-31-biesbosch","status":"publish","type":"page","link":"https:\/\/mybonnechance.de\/?page_id=7778","title":{"rendered":"2023-31 Biesbosch"},"content":{"rendered":"\n<p><strong>Tag 81,  Montag 04 September<\/strong> <strong> Dordrecht, WSV Wijnhaven<\/strong> <strong>&#8211; Biesbosch, Aaklavai<\/strong><br><em>33,6 km <\/em>&#8211; 1<em> bewegl. Br\u00fccke<\/em> \u2013 3 <em>Std. Fahrzeit<\/em><br><br>Stephan beschlie\u00dft \u00fcber die l\u00e4ngere und wahrscheinlich auch weniger sch\u00f6ne Strecke<strong>&nbsp;&nbsp;&nbsp;&nbsp;&nbsp; <\/strong>unten rum zum Biesbosch zu fahren. \u00dcber den Wantij und an der Biesboschsluis sind Br\u00fccken bzw. Schleusen, die ab September vermehrt Pause machen. Das so zu timen, dass es passt, k\u00f6nnte schwierig werden zumal wir nicht wissen wie Str\u00f6mung und Tide sich auswirken. Auf der Dordtschen Kil macht sich entweder die Tide oder die Flu\u00dfstr\u00f6mung bemerkbar. Mit ablaufendem Wasser sind wir 2 km\/h schneller. Leider ist das im Hollandse Diep auch schon wieder vorbei. Die Moordijkbr\u00fccken passieren wir ohne gro\u00dfe Probleme.<\/p>\n\n\n\n<figure class=\"wp-block-image size-large is-style-default\"><img loading=\"lazy\" decoding=\"async\" width=\"1024\" height=\"498\" src=\"https:\/\/mybonnechance.de\/wp-content\/uploads\/2023\/09\/20230904_094609-1024x498.jpg\" alt=\"\" class=\"wp-image-7867\" srcset=\"https:\/\/mybonnechance.de\/wp-content\/uploads\/2023\/09\/20230904_094609-1024x498.jpg 1024w, https:\/\/mybonnechance.de\/wp-content\/uploads\/2023\/09\/20230904_094609-300x146.jpg 300w, https:\/\/mybonnechance.de\/wp-content\/uploads\/2023\/09\/20230904_094609-768x373.jpg 768w, https:\/\/mybonnechance.de\/wp-content\/uploads\/2023\/09\/20230904_094609-1536x747.jpg 1536w, https:\/\/mybonnechance.de\/wp-content\/uploads\/2023\/09\/20230904_094609-2048x996.jpg 2048w\" sizes=\"auto, (max-width: 767px) 89vw, (max-width: 1000px) 54vw, (max-width: 1071px) 543px, 580px\" \/><\/figure>\n\n\n\n<p> Auf der Ammer wird es dann landschaftlich wieder sch\u00f6ner. Wir haben bisher 3 Std. ben\u00f6tigt, hatten daf\u00fcr aber weder Br\u00fccken noch Schleusen. Bei der Einfahrt zum Biesbosch sehen wir doch mehr Schiffe als gedacht. <\/p>\n\n\n\n<div class=\"wp-block-columns is-layout-flex wp-container-core-columns-is-layout-9d6595d7 wp-block-columns-is-layout-flex\">\n<div class=\"wp-block-column is-layout-flow wp-block-column-is-layout-flow\">\n<figure class=\"wp-block-image size-large is-style-default\"><img loading=\"lazy\" decoding=\"async\" width=\"576\" height=\"1024\" src=\"https:\/\/mybonnechance.de\/wp-content\/uploads\/2023\/09\/20230904_191735-576x1024.jpg\" alt=\"\" class=\"wp-image-7868\" srcset=\"https:\/\/mybonnechance.de\/wp-content\/uploads\/2023\/09\/20230904_191735-576x1024.jpg 576w, https:\/\/mybonnechance.de\/wp-content\/uploads\/2023\/09\/20230904_191735-169x300.jpg 169w, https:\/\/mybonnechance.de\/wp-content\/uploads\/2023\/09\/20230904_191735-768x1365.jpg 768w, https:\/\/mybonnechance.de\/wp-content\/uploads\/2023\/09\/20230904_191735.jpg 803w\" sizes=\"auto, (max-width: 576px) 100vw, 576px\" \/><\/figure>\n<\/div>\n\n\n\n<div class=\"wp-block-column is-layout-flow wp-block-column-is-layout-flow\">\n<figure class=\"wp-block-image size-large is-style-default\"><img loading=\"lazy\" decoding=\"async\" width=\"498\" height=\"1024\" src=\"https:\/\/mybonnechance.de\/wp-content\/uploads\/2023\/09\/20230905_140756-498x1024.jpg\" alt=\"\" class=\"wp-image-7869\" srcset=\"https:\/\/mybonnechance.de\/wp-content\/uploads\/2023\/09\/20230905_140756-498x1024.jpg 498w, https:\/\/mybonnechance.de\/wp-content\/uploads\/2023\/09\/20230905_140756-146x300.jpg 146w, https:\/\/mybonnechance.de\/wp-content\/uploads\/2023\/09\/20230905_140756-768x1580.jpg 768w, https:\/\/mybonnechance.de\/wp-content\/uploads\/2023\/09\/20230905_140756-747x1536.jpg 747w, https:\/\/mybonnechance.de\/wp-content\/uploads\/2023\/09\/20230905_140756-996x2048.jpg 996w, https:\/\/mybonnechance.de\/wp-content\/uploads\/2023\/09\/20230905_140756-scaled.jpg 1244w\" sizes=\"auto, (max-width: 498px) 100vw, 498px\" \/><\/figure>\n<\/div>\n\n\n\n<div class=\"wp-block-column is-layout-flow wp-block-column-is-layout-flow\">\n<figure class=\"wp-block-image size-large is-style-default\"><img loading=\"lazy\" decoding=\"async\" width=\"498\" height=\"1024\" src=\"https:\/\/mybonnechance.de\/wp-content\/uploads\/2023\/09\/20230904_112435-498x1024.jpg\" alt=\"\" class=\"wp-image-7870\" srcset=\"https:\/\/mybonnechance.de\/wp-content\/uploads\/2023\/09\/20230904_112435-498x1024.jpg 498w, https:\/\/mybonnechance.de\/wp-content\/uploads\/2023\/09\/20230904_112435-146x300.jpg 146w, https:\/\/mybonnechance.de\/wp-content\/uploads\/2023\/09\/20230904_112435-768x1580.jpg 768w, https:\/\/mybonnechance.de\/wp-content\/uploads\/2023\/09\/20230904_112435-747x1536.jpg 747w, https:\/\/mybonnechance.de\/wp-content\/uploads\/2023\/09\/20230904_112435-996x2048.jpg 996w, https:\/\/mybonnechance.de\/wp-content\/uploads\/2023\/09\/20230904_112435-scaled.jpg 1244w\" sizes=\"auto, (max-width: 498px) 100vw, 498px\" \/><\/figure>\n<\/div>\n<\/div>\n\n\n\n<p>An unserem \u201eangestammten\u201c Platz ist sogar noch der \u00e4u\u00dferste Liegeplatz wieder frei, aber mit dem neuen Schlauchboot k\u00f6nnen wir leider nicht r\u00fcckw\u00e4rts anlegen. Es h\u00e4ngt nicht hoch genug. Also gibt es keine Rundgang auf der Insel, weil ich keine Lust habe vom Boot zu springen. Wir brauchen unbedingt mal eine Leiter f\u00fcr den Bug. Das Wetter ist, wie angek\u00fcndigt, sonnig und hier ist vor Allem das Wasser wunderbar sauber.<\/p>\n\n\n\n<figure class=\"wp-block-gallery has-nested-images columns-default is-cropped wp-block-gallery-1 is-layout-flex wp-block-gallery-is-layout-flex\">\n<figure class=\"wp-block-image size-large is-style-default\"><img loading=\"lazy\" decoding=\"async\" width=\"1024\" height=\"498\" data-id=\"7872\" src=\"https:\/\/mybonnechance.de\/wp-content\/uploads\/2023\/09\/20230904_122138-1024x498.jpg\" alt=\"\" class=\"wp-image-7872\" srcset=\"https:\/\/mybonnechance.de\/wp-content\/uploads\/2023\/09\/20230904_122138-1024x498.jpg 1024w, https:\/\/mybonnechance.de\/wp-content\/uploads\/2023\/09\/20230904_122138-300x146.jpg 300w, https:\/\/mybonnechance.de\/wp-content\/uploads\/2023\/09\/20230904_122138-768x373.jpg 768w, https:\/\/mybonnechance.de\/wp-content\/uploads\/2023\/09\/20230904_122138-1536x747.jpg 1536w, https:\/\/mybonnechance.de\/wp-content\/uploads\/2023\/09\/20230904_122138-2048x996.jpg 2048w\" sizes=\"auto, (max-width: 767px) 89vw, (max-width: 1000px) 54vw, (max-width: 1071px) 543px, 580px\" \/><\/figure>\n\n\n\n<figure class=\"wp-block-image size-large is-style-default\"><img loading=\"lazy\" decoding=\"async\" width=\"1024\" height=\"498\" data-id=\"7871\" src=\"https:\/\/mybonnechance.de\/wp-content\/uploads\/2023\/09\/20230905_140426-1024x498.jpg\" alt=\"\" class=\"wp-image-7871\" srcset=\"https:\/\/mybonnechance.de\/wp-content\/uploads\/2023\/09\/20230905_140426-1024x498.jpg 1024w, https:\/\/mybonnechance.de\/wp-content\/uploads\/2023\/09\/20230905_140426-300x146.jpg 300w, https:\/\/mybonnechance.de\/wp-content\/uploads\/2023\/09\/20230905_140426-768x373.jpg 768w, https:\/\/mybonnechance.de\/wp-content\/uploads\/2023\/09\/20230905_140426-1536x747.jpg 1536w, https:\/\/mybonnechance.de\/wp-content\/uploads\/2023\/09\/20230905_140426-2048x996.jpg 2048w\" sizes=\"auto, (max-width: 767px) 89vw, (max-width: 1000px) 54vw, (max-width: 1071px) 543px, 580px\" \/><\/figure>\n<\/figure>\n\n\n\n<p><strong>Tag 82 &#8211; Tag 84,  Dienstag 05 September &#8211; Donnerstag 08 September<\/strong><br>Herrliche Tage, immer Sonne mit leichtem Wind, also gut auszuhalten und ab ins Wasser \u2013 mindestens 2 \u2013 3 mal am Tag &#8211;  so sch\u00f6n. Zum erstenmal h\u00f6ren wir Gewehrsch\u00fcsse, teilweise salvenartig. Zudem fliegen immer wieder Transportmaschinen oder Starfighter \u00fcber uns. Entweder gibt es hier neuerdings ein Milit\u00e4rgel\u00e4nde oder es handelt sich um milit\u00e4rische \u00dcbungen.<br>An unserem Steg liegen ein paar Schiffe ohne deren Eigent\u00fcmer an Bord. Die kommen dann irgendwann abends, oder zum WE oder schicken Ihre Frauen per Schlauchboot und haben so immer einen sch\u00f6nen Platz am Steg. Kommt mir vor wie die Handtuchmafia im Urlaub. Kleine Erkundungsfahrt mit dem Schlauchboot machen wir nat\u00fcrlich auch. Der Biesbosch ist ein unbedingtes Muss bei sch\u00f6nem Wetter, vor allem nat\u00fcrlich in der Nachsaison.<\/p>\n\n\n","protected":false},"excerpt":{"rendered":"<p>Tag 81, Montag 04 September Dordrecht, WSV Wijnhaven &#8211; Biesbosch, Aaklavai33,6 km &#8211; 1 bewegl. Br\u00fccke \u2013 3 Std. Fahrzeit Stephan beschlie\u00dft \u00fcber die l\u00e4ngere und wahrscheinlich auch weniger sch\u00f6ne Strecke&nbsp;&nbsp;&nbsp;&nbsp;&nbsp; unten rum zum Biesbosch zu fahren. \u00dcber den Wantij und an der Biesboschsluis sind Br\u00fccken bzw. Schleusen, die ab September vermehrt Pause machen. Das &hellip; <\/p>\n<p class=\"link-more\"><a href=\"https:\/\/mybonnechance.de\/?page_id=7778\" class=\"more-link\"><span class=\"screen-reader-text\">\u201e2023-31 Biesbosch\u201c<\/span> weiterlesen<\/a><\/p>\n","protected":false},"author":1,"featured_media":0,"parent":0,"menu_order":0,"comment_status":"closed","ping_status":"closed","template":"","meta":{"ngg_post_thumbnail":0,"footnotes":""},"class_list":["post-7778","page","type-page","status-publish","hentry"],"_links":{"self":[{"href":"https:\/\/mybonnechance.de\/index.php?rest_route=\/wp\/v2\/pages\/7778","targetHints":{"allow":["GET"]}}],"collection":[{"href":"https:\/\/mybonnechance.de\/index.php?rest_route=\/wp\/v2\/pages"}],"about":[{"href":"https:\/\/mybonnechance.de\/index.php?rest_route=\/wp\/v2\/types\/page"}],"author":[{"embeddable":true,"href":"https:\/\/mybonnechance.de\/index.php?rest_route=\/wp\/v2\/users\/1"}],"replies":[{"embeddable":true,"href":"https:\/\/mybonnechance.de\/index.php?rest_route=%2Fwp%2Fv2%2Fcomments&post=7778"}],"version-history":[{"count":4,"href":"https:\/\/mybonnechance.de\/index.php?rest_route=\/wp\/v2\/pages\/7778\/revisions"}],"predecessor-version":[{"id":7882,"href":"https:\/\/mybonnechance.de\/index.php?rest_route=\/wp\/v2\/pages\/7778\/revisions\/7882"}],"wp:attachment":[{"href":"https:\/\/mybonnechance.de\/index.php?rest_route=%2Fwp%2Fv2%2Fmedia&parent=7778"}],"curies":[{"name":"wp","href":"https:\/\/api.w.org\/{rel}","templated":true}]}}