{"id":7887,"date":"2023-09-19T14:23:23","date_gmt":"2023-09-19T14:23:23","guid":{"rendered":"https:\/\/mybonnechance.de\/?page_id=7887"},"modified":"2023-09-19T15:40:40","modified_gmt":"2023-09-19T15:40:40","slug":"2023-33-biesbosch","status":"publish","type":"page","link":"https:\/\/mybonnechance.de\/?page_id=7887","title":{"rendered":"2023-33 Biesbosch"},"content":{"rendered":"\n<p><strong>Tag 88, Montag 08 September<\/strong>  <strong> Hank, Hafen Vissershang<\/strong> &#8211; <strong>Biesbosch, Aaklavai<\/strong><br>3,8<em> km <\/em>&#8211; 0,6 <em>Std. Fahrze<\/em>it<br>Sind wieder zur\u00fcck im Biesbosch, sogar an alter Stelle. Die letzten 2 Schiffe fahren gegen Mittag weg und nun liegen wir herrlich allein in der Natur \u2013 so liebe ich es. Wundersch\u00f6n zu schwimmen auf spiegelglattem Wasser, auch keine Motorboote, die st\u00f6ren w\u00fcrden.<\/p>\n\n\n\n<figure class=\"wp-block-gallery has-nested-images columns-default is-cropped wp-block-gallery-1 is-layout-flex wp-block-gallery-is-layout-flex\">\n<figure class=\"wp-block-image size-large is-style-default\"><img loading=\"lazy\" decoding=\"async\" width=\"1024\" height=\"498\" data-id=\"7931\" src=\"https:\/\/mybonnechance.de\/wp-content\/uploads\/2023\/09\/20230911_165350-1024x498.jpg\" alt=\"\" class=\"wp-image-7931\" srcset=\"https:\/\/mybonnechance.de\/wp-content\/uploads\/2023\/09\/20230911_165350-1024x498.jpg 1024w, https:\/\/mybonnechance.de\/wp-content\/uploads\/2023\/09\/20230911_165350-300x146.jpg 300w, https:\/\/mybonnechance.de\/wp-content\/uploads\/2023\/09\/20230911_165350-768x373.jpg 768w, https:\/\/mybonnechance.de\/wp-content\/uploads\/2023\/09\/20230911_165350-1536x747.jpg 1536w, https:\/\/mybonnechance.de\/wp-content\/uploads\/2023\/09\/20230911_165350-2048x996.jpg 2048w\" sizes=\"auto, (max-width: 767px) 89vw, (max-width: 1000px) 54vw, (max-width: 1071px) 543px, 580px\" \/><\/figure>\n\n\n\n<figure class=\"wp-block-image size-large is-style-default\"><img loading=\"lazy\" decoding=\"async\" width=\"1024\" height=\"498\" data-id=\"7930\" src=\"https:\/\/mybonnechance.de\/wp-content\/uploads\/2023\/09\/20230912_091444-1024x498.jpg\" alt=\"\" class=\"wp-image-7930\" srcset=\"https:\/\/mybonnechance.de\/wp-content\/uploads\/2023\/09\/20230912_091444-1024x498.jpg 1024w, https:\/\/mybonnechance.de\/wp-content\/uploads\/2023\/09\/20230912_091444-300x146.jpg 300w, https:\/\/mybonnechance.de\/wp-content\/uploads\/2023\/09\/20230912_091444-768x373.jpg 768w, https:\/\/mybonnechance.de\/wp-content\/uploads\/2023\/09\/20230912_091444-1536x747.jpg 1536w, https:\/\/mybonnechance.de\/wp-content\/uploads\/2023\/09\/20230912_091444-2048x996.jpg 2048w\" sizes=\"auto, (max-width: 767px) 89vw, (max-width: 1000px) 54vw, (max-width: 1071px) 543px, 580px\" \/><\/figure>\n<\/figure>\n\n\n\n<figure class=\"wp-block-image size-large is-style-default\"><img loading=\"lazy\" decoding=\"async\" width=\"1024\" height=\"498\" src=\"https:\/\/mybonnechance.de\/wp-content\/uploads\/2023\/09\/20230914_095159-1024x498.jpg\" alt=\"\" class=\"wp-image-7932\" srcset=\"https:\/\/mybonnechance.de\/wp-content\/uploads\/2023\/09\/20230914_095159-1024x498.jpg 1024w, https:\/\/mybonnechance.de\/wp-content\/uploads\/2023\/09\/20230914_095159-300x146.jpg 300w, https:\/\/mybonnechance.de\/wp-content\/uploads\/2023\/09\/20230914_095159-768x373.jpg 768w, https:\/\/mybonnechance.de\/wp-content\/uploads\/2023\/09\/20230914_095159-1536x747.jpg 1536w, https:\/\/mybonnechance.de\/wp-content\/uploads\/2023\/09\/20230914_095159-2048x996.jpg 2048w\" sizes=\"auto, (max-width: 767px) 89vw, (max-width: 1000px) 54vw, (max-width: 1071px) 543px, 580px\" \/><\/figure>\n\n\n\n<p><strong>Tag 89 + 90, Biesbosch\u00a0   Dienstag + Mittwoch 12. +  13.09.2023<\/strong><br>Der Dienstag bleibt weiterhin sch\u00f6n und ungest\u00f6rt. In der Nacht zu Mittwoch gibt es so starken Regen, dass ich davon wach werde. Leider hat es sich dann auch stark abgek\u00fchlt und mit Schwimmen ist es wohl erstmal vorbei.<\/p>\n\n\n\n<figure class=\"wp-block-image size-large is-style-default\"><img loading=\"lazy\" decoding=\"async\" width=\"1024\" height=\"498\" src=\"https:\/\/mybonnechance.de\/wp-content\/uploads\/2023\/09\/20230913_194614-1024x498.jpg\" alt=\"\" class=\"wp-image-7933\" srcset=\"https:\/\/mybonnechance.de\/wp-content\/uploads\/2023\/09\/20230913_194614-1024x498.jpg 1024w, https:\/\/mybonnechance.de\/wp-content\/uploads\/2023\/09\/20230913_194614-300x146.jpg 300w, https:\/\/mybonnechance.de\/wp-content\/uploads\/2023\/09\/20230913_194614-768x373.jpg 768w, https:\/\/mybonnechance.de\/wp-content\/uploads\/2023\/09\/20230913_194614-1536x747.jpg 1536w, https:\/\/mybonnechance.de\/wp-content\/uploads\/2023\/09\/20230913_194614-2048x996.jpg 2048w\" sizes=\"auto, (max-width: 767px) 89vw, (max-width: 1000px) 54vw, (max-width: 1071px) 543px, 580px\" \/><\/figure>\n\n\n","protected":false},"excerpt":{"rendered":"<p>Tag 88, Montag 08 September Hank, Hafen Vissershang &#8211; Biesbosch, Aaklavai3,8 km &#8211; 0,6 Std. FahrzeitSind wieder zur\u00fcck im Biesbosch, sogar an alter Stelle. Die letzten 2 Schiffe fahren gegen Mittag weg und nun liegen wir herrlich allein in der Natur \u2013 so liebe ich es. Wundersch\u00f6n zu schwimmen auf spiegelglattem Wasser, auch keine Motorboote, &hellip; <\/p>\n<p class=\"link-more\"><a href=\"https:\/\/mybonnechance.de\/?page_id=7887\" class=\"more-link\"><span class=\"screen-reader-text\">\u201e2023-33 Biesbosch\u201c<\/span> weiterlesen<\/a><\/p>\n","protected":false},"author":1,"featured_media":0,"parent":0,"menu_order":0,"comment_status":"closed","ping_status":"closed","template":"","meta":{"ngg_post_thumbnail":0,"footnotes":""},"class_list":["post-7887","page","type-page","status-publish","hentry"],"_links":{"self":[{"href":"https:\/\/mybonnechance.de\/index.php?rest_route=\/wp\/v2\/pages\/7887","targetHints":{"allow":["GET"]}}],"collection":[{"href":"https:\/\/mybonnechance.de\/index.php?rest_route=\/wp\/v2\/pages"}],"about":[{"href":"https:\/\/mybonnechance.de\/index.php?rest_route=\/wp\/v2\/types\/page"}],"author":[{"embeddable":true,"href":"https:\/\/mybonnechance.de\/index.php?rest_route=\/wp\/v2\/users\/1"}],"replies":[{"embeddable":true,"href":"https:\/\/mybonnechance.de\/index.php?rest_route=%2Fwp%2Fv2%2Fcomments&post=7887"}],"version-history":[{"count":3,"href":"https:\/\/mybonnechance.de\/index.php?rest_route=\/wp\/v2\/pages\/7887\/revisions"}],"predecessor-version":[{"id":7934,"href":"https:\/\/mybonnechance.de\/index.php?rest_route=\/wp\/v2\/pages\/7887\/revisions\/7934"}],"wp:attachment":[{"href":"https:\/\/mybonnechance.de\/index.php?rest_route=%2Fwp%2Fv2%2Fmedia&parent=7887"}],"curies":[{"name":"wp","href":"https:\/\/api.w.org\/{rel}","templated":true}]}}