{"id":7890,"date":"2023-09-19T14:24:32","date_gmt":"2023-09-19T14:24:32","guid":{"rendered":"https:\/\/mybonnechance.de\/?page_id=7890"},"modified":"2023-09-19T15:57:32","modified_gmt":"2023-09-19T15:57:32","slug":"2023-34-heusden","status":"publish","type":"page","link":"https:\/\/mybonnechance.de\/?page_id=7890","title":{"rendered":"2023-34 Heusden"},"content":{"rendered":"\n<p><strong>Tag 91, Donnerstag  14 September<\/strong>   <strong>Biesbosch, Aaklavai<\/strong> <strong>&#8211; Heusden, WSV Heusden<\/strong><br>25,5<em> km <\/em>&#8211; 3 <em>Std. Fahrze<\/em>it<br>Auf der Beergschen Maas merken wir doch die Gegenstr\u00f6mung von fast 2 km\/h und so fahren wir bei 1500 U nur mit 10 km\/h. Aber wir haben ja Zeit. Heusden steuern wir auch n ur deshalb an, weil ich unbedingt waschen m\u00f6chte. H\u00e4tte ich vorher geahnt, da\u00df Waschen und Trocknen 12.- kosten werden, h\u00e4tte ich es mir vielleicht nochmal \u00fcberlegt.<\/p>\n\n\n\n<div class=\"wp-block-columns is-layout-flex wp-container-core-columns-is-layout-9d6595d7 wp-block-columns-is-layout-flex\">\n<div class=\"wp-block-column is-layout-flow wp-block-column-is-layout-flow\" style=\"flex-basis:33.33%\">\n<figure class=\"wp-block-image size-large is-style-default\"><img loading=\"lazy\" decoding=\"async\" width=\"498\" height=\"1024\" src=\"https:\/\/mybonnechance.de\/wp-content\/uploads\/2023\/09\/20230914_163316-498x1024.jpg\" alt=\"\" class=\"wp-image-7936\" srcset=\"https:\/\/mybonnechance.de\/wp-content\/uploads\/2023\/09\/20230914_163316-498x1024.jpg 498w, https:\/\/mybonnechance.de\/wp-content\/uploads\/2023\/09\/20230914_163316-146x300.jpg 146w, https:\/\/mybonnechance.de\/wp-content\/uploads\/2023\/09\/20230914_163316-768x1580.jpg 768w, https:\/\/mybonnechance.de\/wp-content\/uploads\/2023\/09\/20230914_163316-747x1536.jpg 747w, https:\/\/mybonnechance.de\/wp-content\/uploads\/2023\/09\/20230914_163316-996x2048.jpg 996w, https:\/\/mybonnechance.de\/wp-content\/uploads\/2023\/09\/20230914_163316-scaled.jpg 1244w\" sizes=\"auto, (max-width: 498px) 100vw, 498px\" \/><\/figure>\n<\/div>\n\n\n\n<div class=\"wp-block-column is-layout-flow wp-block-column-is-layout-flow\" style=\"flex-basis:66.66%\">\n<figure class=\"wp-block-image size-large is-resized is-style-default\"><img loading=\"lazy\" decoding=\"async\" src=\"https:\/\/mybonnechance.de\/wp-content\/uploads\/2023\/09\/20230914_164425-1024x498.jpg\" alt=\"\" class=\"wp-image-7938\" style=\"width:424px;height:206px\" width=\"424\" height=\"206\" srcset=\"https:\/\/mybonnechance.de\/wp-content\/uploads\/2023\/09\/20230914_164425-1024x498.jpg 1024w, https:\/\/mybonnechance.de\/wp-content\/uploads\/2023\/09\/20230914_164425-300x146.jpg 300w, https:\/\/mybonnechance.de\/wp-content\/uploads\/2023\/09\/20230914_164425-768x373.jpg 768w, https:\/\/mybonnechance.de\/wp-content\/uploads\/2023\/09\/20230914_164425-1536x747.jpg 1536w, https:\/\/mybonnechance.de\/wp-content\/uploads\/2023\/09\/20230914_164425-2048x996.jpg 2048w\" sizes=\"auto, (max-width: 424px) 100vw, 424px\" \/><\/figure>\n\n\n\n<p><\/p>\n\n\n\n<p><strong>Der Hafen vom WSV Heusden<\/strong><\/p>\n<\/div>\n<\/div>\n\n\n\n<figure class=\"wp-block-gallery has-nested-images columns-default is-cropped wp-block-gallery-1 is-layout-flex wp-block-gallery-is-layout-flex\">\n<figure class=\"wp-block-image size-large is-style-default\"><img loading=\"lazy\" decoding=\"async\" width=\"498\" height=\"1024\" data-id=\"7941\" src=\"https:\/\/mybonnechance.de\/wp-content\/uploads\/2023\/09\/20230914_162505-1-498x1024.jpg\" alt=\"\" class=\"wp-image-7941\" srcset=\"https:\/\/mybonnechance.de\/wp-content\/uploads\/2023\/09\/20230914_162505-1-498x1024.jpg 498w, https:\/\/mybonnechance.de\/wp-content\/uploads\/2023\/09\/20230914_162505-1-146x300.jpg 146w, https:\/\/mybonnechance.de\/wp-content\/uploads\/2023\/09\/20230914_162505-1-768x1580.jpg 768w, https:\/\/mybonnechance.de\/wp-content\/uploads\/2023\/09\/20230914_162505-1-747x1536.jpg 747w, https:\/\/mybonnechance.de\/wp-content\/uploads\/2023\/09\/20230914_162505-1-996x2048.jpg 996w, https:\/\/mybonnechance.de\/wp-content\/uploads\/2023\/09\/20230914_162505-1-scaled.jpg 1244w\" sizes=\"auto, (max-width: 498px) 100vw, 498px\" \/><figcaption class=\"wp-element-caption\"><strong>Das &#8222;Wahrzeichen &#8222;von Heusden<\/strong><\/figcaption><\/figure>\n\n\n\n<figure class=\"wp-block-image size-large is-style-default\"><img loading=\"lazy\" decoding=\"async\" width=\"498\" height=\"1024\" data-id=\"7940\" src=\"https:\/\/mybonnechance.de\/wp-content\/uploads\/2023\/09\/20230914_164455-1-498x1024.jpg\" alt=\"\" class=\"wp-image-7940\" srcset=\"https:\/\/mybonnechance.de\/wp-content\/uploads\/2023\/09\/20230914_164455-1-498x1024.jpg 498w, https:\/\/mybonnechance.de\/wp-content\/uploads\/2023\/09\/20230914_164455-1-146x300.jpg 146w, https:\/\/mybonnechance.de\/wp-content\/uploads\/2023\/09\/20230914_164455-1-768x1580.jpg 768w, https:\/\/mybonnechance.de\/wp-content\/uploads\/2023\/09\/20230914_164455-1-747x1536.jpg 747w, https:\/\/mybonnechance.de\/wp-content\/uploads\/2023\/09\/20230914_164455-1-996x2048.jpg 996w, https:\/\/mybonnechance.de\/wp-content\/uploads\/2023\/09\/20230914_164455-1-scaled.jpg 1244w\" sizes=\"auto, (max-width: 498px) 100vw, 498px\" \/><\/figure>\n<\/figure>\n\n\n","protected":false},"excerpt":{"rendered":"<p>Tag 91, Donnerstag 14 September Biesbosch, Aaklavai &#8211; Heusden, WSV Heusden25,5 km &#8211; 3 Std. FahrzeitAuf der Beergschen Maas merken wir doch die Gegenstr\u00f6mung von fast 2 km\/h und so fahren wir bei 1500 U nur mit 10 km\/h. Aber wir haben ja Zeit. Heusden steuern wir auch n ur deshalb an, weil ich unbedingt &hellip; <\/p>\n<p class=\"link-more\"><a href=\"https:\/\/mybonnechance.de\/?page_id=7890\" class=\"more-link\"><span class=\"screen-reader-text\">\u201e2023-34 Heusden\u201c<\/span> weiterlesen<\/a><\/p>\n","protected":false},"author":1,"featured_media":0,"parent":0,"menu_order":0,"comment_status":"closed","ping_status":"closed","template":"","meta":{"ngg_post_thumbnail":0,"footnotes":""},"class_list":["post-7890","page","type-page","status-publish","hentry"],"_links":{"self":[{"href":"https:\/\/mybonnechance.de\/index.php?rest_route=\/wp\/v2\/pages\/7890","targetHints":{"allow":["GET"]}}],"collection":[{"href":"https:\/\/mybonnechance.de\/index.php?rest_route=\/wp\/v2\/pages"}],"about":[{"href":"https:\/\/mybonnechance.de\/index.php?rest_route=\/wp\/v2\/types\/page"}],"author":[{"embeddable":true,"href":"https:\/\/mybonnechance.de\/index.php?rest_route=\/wp\/v2\/users\/1"}],"replies":[{"embeddable":true,"href":"https:\/\/mybonnechance.de\/index.php?rest_route=%2Fwp%2Fv2%2Fcomments&post=7890"}],"version-history":[{"count":2,"href":"https:\/\/mybonnechance.de\/index.php?rest_route=\/wp\/v2\/pages\/7890\/revisions"}],"predecessor-version":[{"id":7943,"href":"https:\/\/mybonnechance.de\/index.php?rest_route=\/wp\/v2\/pages\/7890\/revisions\/7943"}],"wp:attachment":[{"href":"https:\/\/mybonnechance.de\/index.php?rest_route=%2Fwp%2Fv2%2Fmedia&parent=7890"}],"curies":[{"name":"wp","href":"https:\/\/api.w.org\/{rel}","templated":true}]}}