{"id":7892,"date":"2023-09-19T14:25:25","date_gmt":"2023-09-19T14:25:25","guid":{"rendered":"https:\/\/mybonnechance.de\/?page_id=7892"},"modified":"2023-09-19T18:29:37","modified_gmt":"2023-09-19T18:29:37","slug":"2023-35-gewande","status":"publish","type":"page","link":"https:\/\/mybonnechance.de\/?page_id=7892","title":{"rendered":"2023-35 Gewande (Hertogenbosch)"},"content":{"rendered":"\n<p><strong>Tag 92, Freitag 15 September<\/strong> <strong> Heusden, WSV Heusden &#8211; Gewande, WSV<\/strong> <strong>Neptunus<\/strong><br>17<em> km <\/em>&#8211; 1,7 <em>Std. Fahrze<\/em>it<br>Man merkt immer noch die Gegenstr\u00f6mung auf der Maas. Heute wollen wir in Gewande festmachen, einem \u201eVorort\u201c von Hertogenbosch. Ich m\u00f6chte mir Hertogenbosch gerne mal bei sch\u00f6nem Wetter anschauen. Beim letzten Mal war leider Dauerregen. Da wir uns aber den ganzen Aufwand mit Schleuse und Br\u00fccken sparen wollen, machen wir halt in Gewande im <strong>WSV Neptunus<\/strong> fest und wollen mit dem Rad nach Den Bosch. Im WSV Neptunus k\u00f6nnen wir am L\u00e4ngsteg vor dem Hafenb\u00fcro und dem Vereinshaus festmachen. Auf der Terasse des Clubhauses ist schon viel los. Ansonsten finden wir den Hafen recht gem\u00fctlich. Ein Supermarkt oder andere Gesch\u00e4fte gibt es hier allerdings nicht. Ein <strong>CooP<\/strong> ist auf den Weg nach Hertogenbosch, ca. 30 min. mit dem Fahrrad.  <br>Der Weg nach <strong>Hertogenbosch<\/strong> ist doch etwas weiter als in Google angegeben. Wir ben\u00f6tigen 45 min., aber der Weg geht teilweise durch W\u00e4lder und ist gut zufahren. Beindruckend die gr\u00f6\u00dfte Kathedrale der Niederlande: die <strong>St. Janskathedrale<\/strong><\/p>\n\n\n\n<figure class=\"wp-block-gallery has-nested-images columns-default is-cropped wp-block-gallery-1 is-layout-flex wp-block-gallery-is-layout-flex\">\n<figure class=\"wp-block-image size-large is-style-default\"><img loading=\"lazy\" decoding=\"async\" width=\"1024\" height=\"899\" data-id=\"7947\" src=\"https:\/\/mybonnechance.de\/wp-content\/uploads\/2023\/09\/20230915_211430-1024x899.jpg\" alt=\"\" class=\"wp-image-7947\" srcset=\"https:\/\/mybonnechance.de\/wp-content\/uploads\/2023\/09\/20230915_211430-1024x899.jpg 1024w, https:\/\/mybonnechance.de\/wp-content\/uploads\/2023\/09\/20230915_211430-300x263.jpg 300w, https:\/\/mybonnechance.de\/wp-content\/uploads\/2023\/09\/20230915_211430-768x674.jpg 768w, https:\/\/mybonnechance.de\/wp-content\/uploads\/2023\/09\/20230915_211430-1536x1349.jpg 1536w, https:\/\/mybonnechance.de\/wp-content\/uploads\/2023\/09\/20230915_211430.jpg 1960w\" sizes=\"auto, (max-width: 767px) 89vw, (max-width: 1000px) 54vw, (max-width: 1071px) 543px, 580px\" \/><\/figure>\n\n\n\n<figure class=\"wp-block-image size-large is-style-default\"><img loading=\"lazy\" decoding=\"async\" width=\"1024\" height=\"498\" data-id=\"7948\" src=\"https:\/\/mybonnechance.de\/wp-content\/uploads\/2023\/09\/20230915_151126-1024x498.jpg\" alt=\"\" class=\"wp-image-7948\" srcset=\"https:\/\/mybonnechance.de\/wp-content\/uploads\/2023\/09\/20230915_151126-1024x498.jpg 1024w, https:\/\/mybonnechance.de\/wp-content\/uploads\/2023\/09\/20230915_151126-300x146.jpg 300w, https:\/\/mybonnechance.de\/wp-content\/uploads\/2023\/09\/20230915_151126-768x373.jpg 768w, https:\/\/mybonnechance.de\/wp-content\/uploads\/2023\/09\/20230915_151126-1536x747.jpg 1536w, https:\/\/mybonnechance.de\/wp-content\/uploads\/2023\/09\/20230915_151126-2048x996.jpg 2048w\" sizes=\"auto, (max-width: 767px) 89vw, (max-width: 1000px) 54vw, (max-width: 1071px) 543px, 580px\" \/><\/figure>\n<\/figure>\n\n\n\n<div class=\"wp-block-columns is-layout-flex wp-container-core-columns-is-layout-9d6595d7 wp-block-columns-is-layout-flex\">\n<div class=\"wp-block-column is-layout-flow wp-block-column-is-layout-flow\">\n<figure class=\"wp-block-image size-large is-style-default\"><img loading=\"lazy\" decoding=\"async\" width=\"498\" height=\"1024\" src=\"https:\/\/mybonnechance.de\/wp-content\/uploads\/2023\/09\/20230915_133736-498x1024.jpg\" alt=\"\" class=\"wp-image-7949\" srcset=\"https:\/\/mybonnechance.de\/wp-content\/uploads\/2023\/09\/20230915_133736-498x1024.jpg 498w, https:\/\/mybonnechance.de\/wp-content\/uploads\/2023\/09\/20230915_133736-146x300.jpg 146w, https:\/\/mybonnechance.de\/wp-content\/uploads\/2023\/09\/20230915_133736-768x1580.jpg 768w, https:\/\/mybonnechance.de\/wp-content\/uploads\/2023\/09\/20230915_133736-747x1536.jpg 747w, https:\/\/mybonnechance.de\/wp-content\/uploads\/2023\/09\/20230915_133736-996x2048.jpg 996w, https:\/\/mybonnechance.de\/wp-content\/uploads\/2023\/09\/20230915_133736-scaled.jpg 1244w\" sizes=\"auto, (max-width: 498px) 100vw, 498px\" \/><\/figure>\n<\/div>\n\n\n\n<div class=\"wp-block-column is-layout-flow wp-block-column-is-layout-flow\">\n<figure class=\"wp-block-image size-large is-style-default\"><img loading=\"lazy\" decoding=\"async\" width=\"498\" height=\"1024\" src=\"https:\/\/mybonnechance.de\/wp-content\/uploads\/2023\/09\/20230915_134433-498x1024.jpg\" alt=\"\" class=\"wp-image-7950\" srcset=\"https:\/\/mybonnechance.de\/wp-content\/uploads\/2023\/09\/20230915_134433-498x1024.jpg 498w, https:\/\/mybonnechance.de\/wp-content\/uploads\/2023\/09\/20230915_134433-146x300.jpg 146w, https:\/\/mybonnechance.de\/wp-content\/uploads\/2023\/09\/20230915_134433-768x1580.jpg 768w, https:\/\/mybonnechance.de\/wp-content\/uploads\/2023\/09\/20230915_134433-747x1536.jpg 747w, https:\/\/mybonnechance.de\/wp-content\/uploads\/2023\/09\/20230915_134433-996x2048.jpg 996w, https:\/\/mybonnechance.de\/wp-content\/uploads\/2023\/09\/20230915_134433-scaled.jpg 1244w\" sizes=\"auto, (max-width: 498px) 100vw, 498px\" \/><\/figure>\n<\/div>\n\n\n\n<div class=\"wp-block-column is-layout-flow wp-block-column-is-layout-flow\">\n<figure class=\"wp-block-image size-large is-style-default\"><img loading=\"lazy\" decoding=\"async\" width=\"498\" height=\"1024\" src=\"https:\/\/mybonnechance.de\/wp-content\/uploads\/2023\/09\/20230915_133801-498x1024.jpg\" alt=\"\" class=\"wp-image-7951\" srcset=\"https:\/\/mybonnechance.de\/wp-content\/uploads\/2023\/09\/20230915_133801-498x1024.jpg 498w, https:\/\/mybonnechance.de\/wp-content\/uploads\/2023\/09\/20230915_133801-146x300.jpg 146w, https:\/\/mybonnechance.de\/wp-content\/uploads\/2023\/09\/20230915_133801-768x1580.jpg 768w, https:\/\/mybonnechance.de\/wp-content\/uploads\/2023\/09\/20230915_133801-747x1536.jpg 747w, https:\/\/mybonnechance.de\/wp-content\/uploads\/2023\/09\/20230915_133801-996x2048.jpg 996w, https:\/\/mybonnechance.de\/wp-content\/uploads\/2023\/09\/20230915_133801-scaled.jpg 1244w\" sizes=\"auto, (max-width: 498px) 100vw, 498px\" \/><\/figure>\n<\/div>\n<\/div>\n\n\n\n<figure class=\"wp-block-gallery has-nested-images columns-default is-cropped wp-block-gallery-2 is-layout-flex wp-block-gallery-is-layout-flex\">\n<figure class=\"wp-block-image size-large is-style-default\"><img loading=\"lazy\" decoding=\"async\" width=\"498\" height=\"1024\" data-id=\"7952\" src=\"https:\/\/mybonnechance.de\/wp-content\/uploads\/2023\/09\/20230915_133450-498x1024.jpg\" alt=\"\" class=\"wp-image-7952\" srcset=\"https:\/\/mybonnechance.de\/wp-content\/uploads\/2023\/09\/20230915_133450-498x1024.jpg 498w, https:\/\/mybonnechance.de\/wp-content\/uploads\/2023\/09\/20230915_133450-146x300.jpg 146w, https:\/\/mybonnechance.de\/wp-content\/uploads\/2023\/09\/20230915_133450-768x1580.jpg 768w, https:\/\/mybonnechance.de\/wp-content\/uploads\/2023\/09\/20230915_133450-747x1536.jpg 747w, https:\/\/mybonnechance.de\/wp-content\/uploads\/2023\/09\/20230915_133450-996x2048.jpg 996w, https:\/\/mybonnechance.de\/wp-content\/uploads\/2023\/09\/20230915_133450-scaled.jpg 1244w\" sizes=\"auto, (max-width: 498px) 100vw, 498px\" \/><\/figure>\n\n\n\n<figure class=\"wp-block-image size-large is-style-default\"><img loading=\"lazy\" decoding=\"async\" width=\"498\" height=\"1024\" data-id=\"7953\" src=\"https:\/\/mybonnechance.de\/wp-content\/uploads\/2023\/09\/20230915_133556-498x1024.jpg\" alt=\"\" class=\"wp-image-7953\" srcset=\"https:\/\/mybonnechance.de\/wp-content\/uploads\/2023\/09\/20230915_133556-498x1024.jpg 498w, https:\/\/mybonnechance.de\/wp-content\/uploads\/2023\/09\/20230915_133556-146x300.jpg 146w, https:\/\/mybonnechance.de\/wp-content\/uploads\/2023\/09\/20230915_133556-768x1580.jpg 768w, https:\/\/mybonnechance.de\/wp-content\/uploads\/2023\/09\/20230915_133556-747x1536.jpg 747w, https:\/\/mybonnechance.de\/wp-content\/uploads\/2023\/09\/20230915_133556-996x2048.jpg 996w, https:\/\/mybonnechance.de\/wp-content\/uploads\/2023\/09\/20230915_133556-scaled.jpg 1244w\" sizes=\"auto, (max-width: 498px) 100vw, 498px\" \/><\/figure>\n<\/figure>\n\n\n\n<figure class=\"wp-block-image size-large is-style-default\"><img loading=\"lazy\" decoding=\"async\" width=\"1024\" height=\"498\" src=\"https:\/\/mybonnechance.de\/wp-content\/uploads\/2023\/09\/20230915_133522-1024x498.jpg\" alt=\"\" class=\"wp-image-7954\" srcset=\"https:\/\/mybonnechance.de\/wp-content\/uploads\/2023\/09\/20230915_133522-1024x498.jpg 1024w, https:\/\/mybonnechance.de\/wp-content\/uploads\/2023\/09\/20230915_133522-300x146.jpg 300w, https:\/\/mybonnechance.de\/wp-content\/uploads\/2023\/09\/20230915_133522-768x373.jpg 768w, https:\/\/mybonnechance.de\/wp-content\/uploads\/2023\/09\/20230915_133522-1536x747.jpg 1536w, https:\/\/mybonnechance.de\/wp-content\/uploads\/2023\/09\/20230915_133522-2048x996.jpg 2048w\" sizes=\"auto, (max-width: 767px) 89vw, (max-width: 1000px) 54vw, (max-width: 1071px) 543px, 580px\" \/><\/figure>\n\n\n\n<figure class=\"wp-block-gallery has-nested-images columns-default is-cropped wp-block-gallery-3 is-layout-flex wp-block-gallery-is-layout-flex\">\n<figure class=\"wp-block-image size-large is-style-default\"><img loading=\"lazy\" decoding=\"async\" width=\"498\" height=\"1024\" data-id=\"7957\" src=\"https:\/\/mybonnechance.de\/wp-content\/uploads\/2023\/09\/20230915_133337-498x1024.jpg\" alt=\"\" class=\"wp-image-7957\" srcset=\"https:\/\/mybonnechance.de\/wp-content\/uploads\/2023\/09\/20230915_133337-498x1024.jpg 498w, https:\/\/mybonnechance.de\/wp-content\/uploads\/2023\/09\/20230915_133337-146x300.jpg 146w, https:\/\/mybonnechance.de\/wp-content\/uploads\/2023\/09\/20230915_133337-768x1580.jpg 768w, https:\/\/mybonnechance.de\/wp-content\/uploads\/2023\/09\/20230915_133337-747x1536.jpg 747w, https:\/\/mybonnechance.de\/wp-content\/uploads\/2023\/09\/20230915_133337-996x2048.jpg 996w, https:\/\/mybonnechance.de\/wp-content\/uploads\/2023\/09\/20230915_133337-scaled.jpg 1244w\" sizes=\"auto, (max-width: 498px) 100vw, 498px\" \/><\/figure>\n\n\n\n<figure class=\"wp-block-image size-large is-style-default\"><img loading=\"lazy\" decoding=\"async\" width=\"498\" height=\"1024\" data-id=\"7959\" src=\"https:\/\/mybonnechance.de\/wp-content\/uploads\/2023\/09\/20230915_135317-498x1024.jpg\" alt=\"\" class=\"wp-image-7959\" srcset=\"https:\/\/mybonnechance.de\/wp-content\/uploads\/2023\/09\/20230915_135317-498x1024.jpg 498w, https:\/\/mybonnechance.de\/wp-content\/uploads\/2023\/09\/20230915_135317-146x300.jpg 146w, https:\/\/mybonnechance.de\/wp-content\/uploads\/2023\/09\/20230915_135317-768x1580.jpg 768w, https:\/\/mybonnechance.de\/wp-content\/uploads\/2023\/09\/20230915_135317-747x1536.jpg 747w, https:\/\/mybonnechance.de\/wp-content\/uploads\/2023\/09\/20230915_135317-996x2048.jpg 996w, https:\/\/mybonnechance.de\/wp-content\/uploads\/2023\/09\/20230915_135317-scaled.jpg 1244w\" sizes=\"auto, (max-width: 498px) 100vw, 498px\" \/><figcaption class=\"wp-element-caption\"><strong>Onze-lieve-Vrouwe Huisje<\/strong><\/figcaption><\/figure>\n\n\n\n<figure class=\"wp-block-image size-large is-style-default\"><img loading=\"lazy\" decoding=\"async\" width=\"498\" height=\"1024\" data-id=\"7958\" src=\"https:\/\/mybonnechance.de\/wp-content\/uploads\/2023\/09\/20230915_150422-498x1024.jpg\" alt=\"\" class=\"wp-image-7958\" srcset=\"https:\/\/mybonnechance.de\/wp-content\/uploads\/2023\/09\/20230915_150422-498x1024.jpg 498w, https:\/\/mybonnechance.de\/wp-content\/uploads\/2023\/09\/20230915_150422-146x300.jpg 146w, https:\/\/mybonnechance.de\/wp-content\/uploads\/2023\/09\/20230915_150422-768x1580.jpg 768w, https:\/\/mybonnechance.de\/wp-content\/uploads\/2023\/09\/20230915_150422-747x1536.jpg 747w, https:\/\/mybonnechance.de\/wp-content\/uploads\/2023\/09\/20230915_150422-996x2048.jpg 996w, https:\/\/mybonnechance.de\/wp-content\/uploads\/2023\/09\/20230915_150422-scaled.jpg 1244w\" sizes=\"auto, (max-width: 498px) 100vw, 498px\" \/><figcaption class=\"wp-element-caption\"><strong>De Bossche Markt<\/strong><\/figcaption><\/figure>\n<\/figure>\n\n\n","protected":false},"excerpt":{"rendered":"<p>Tag 92, Freitag 15 September Heusden, WSV Heusden &#8211; Gewande, WSV Neptunus17 km &#8211; 1,7 Std. FahrzeitMan merkt immer noch die Gegenstr\u00f6mung auf der Maas. Heute wollen wir in Gewande festmachen, einem \u201eVorort\u201c von Hertogenbosch. Ich m\u00f6chte mir Hertogenbosch gerne mal bei sch\u00f6nem Wetter anschauen. Beim letzten Mal war leider Dauerregen. Da wir uns aber &hellip; <\/p>\n<p class=\"link-more\"><a href=\"https:\/\/mybonnechance.de\/?page_id=7892\" class=\"more-link\"><span class=\"screen-reader-text\">\u201e2023-35 Gewande (Hertogenbosch)\u201c<\/span> weiterlesen<\/a><\/p>\n","protected":false},"author":1,"featured_media":0,"parent":0,"menu_order":0,"comment_status":"closed","ping_status":"closed","template":"","meta":{"ngg_post_thumbnail":0,"footnotes":""},"class_list":["post-7892","page","type-page","status-publish","hentry"],"_links":{"self":[{"href":"https:\/\/mybonnechance.de\/index.php?rest_route=\/wp\/v2\/pages\/7892","targetHints":{"allow":["GET"]}}],"collection":[{"href":"https:\/\/mybonnechance.de\/index.php?rest_route=\/wp\/v2\/pages"}],"about":[{"href":"https:\/\/mybonnechance.de\/index.php?rest_route=\/wp\/v2\/types\/page"}],"author":[{"embeddable":true,"href":"https:\/\/mybonnechance.de\/index.php?rest_route=\/wp\/v2\/users\/1"}],"replies":[{"embeddable":true,"href":"https:\/\/mybonnechance.de\/index.php?rest_route=%2Fwp%2Fv2%2Fcomments&post=7892"}],"version-history":[{"count":5,"href":"https:\/\/mybonnechance.de\/index.php?rest_route=\/wp\/v2\/pages\/7892\/revisions"}],"predecessor-version":[{"id":7960,"href":"https:\/\/mybonnechance.de\/index.php?rest_route=\/wp\/v2\/pages\/7892\/revisions\/7960"}],"wp:attachment":[{"href":"https:\/\/mybonnechance.de\/index.php?rest_route=%2Fwp%2Fv2%2Fmedia&parent=7892"}],"curies":[{"name":"wp","href":"https:\/\/api.w.org\/{rel}","templated":true}]}}