{"id":7898,"date":"2023-09-19T14:28:49","date_gmt":"2023-09-19T14:28:49","guid":{"rendered":"https:\/\/mybonnechance.de\/?page_id=7898"},"modified":"2023-09-20T09:28:17","modified_gmt":"2023-09-20T09:28:17","slug":"2023-37-gouden-ham","status":"publish","type":"page","link":"https:\/\/mybonnechance.de\/?page_id=7898","title":{"rendered":"2023-37 Gouden Ham"},"content":{"rendered":"\n<p><strong>Tag 94, Sonntag 17 September<\/strong> <strong> Lithse Ham<\/strong> <strong>&#8211; Goude Ham<\/strong><br>16.6<em> km <\/em>&#8211; 1 Schleuse &#8211; 2.25 <em>Std. Fahrze<\/em>it<br>Der Wetterumschwung ist  da. Es hat die ganze Nacht durchgeregnet und jetzt, um 10 Uhr, sieht es leider nicht besser aus. Nieselregen und Nebel. Um 12:15 verabschieden wir uns von unseren Bekannten und fahren bei immer noch leicht dunstigem Wetter los. An der Schleuse Lith hei\u00dft es 20 min. warten, aber ansonsten geht alles reibungslos. Das tr\u00fcbe Wetter h\u00e4lt leider immer noch an. Auf der Maas ist wieder nichts los, weder Berufer noch Freizeitskipper.<br>Wir bekommen im Gouden Ham wieder einen Platz an unserem unseren \u201eStammsteg\u201c und die Sonne versucht sich auch durchzusetzen, was auch gegen Nachmittag noch klappt.<br>Nur schwimmen ist leider nicht &#8211; zu windig. Schade, denn auch hier ist dei Wasserqualit\u00e4t ok. <br>Gegen 17 Uhr fahren die paar Schiffe, die dort in der Umgebung lagen, in den Hafen zur\u00fcck und wir sind v\u00f6llig allein. Wundersch\u00f6n. So schade, dass das Wetter jetzt nicht mehr mitspielt<\/p>\n\n\n\n<figure class=\"wp-block-gallery has-nested-images columns-default is-cropped wp-block-gallery-1 is-layout-flex wp-block-gallery-is-layout-flex\">\n<figure class=\"wp-block-image size-large is-style-default\"><img loading=\"lazy\" decoding=\"async\" width=\"498\" height=\"1024\" data-id=\"7972\" src=\"https:\/\/mybonnechance.de\/wp-content\/uploads\/2023\/09\/Goude-Ham-2-498x1024.jpg\" alt=\"\" class=\"wp-image-7972\" srcset=\"https:\/\/mybonnechance.de\/wp-content\/uploads\/2023\/09\/Goude-Ham-2-498x1024.jpg 498w, https:\/\/mybonnechance.de\/wp-content\/uploads\/2023\/09\/Goude-Ham-2-146x300.jpg 146w, https:\/\/mybonnechance.de\/wp-content\/uploads\/2023\/09\/Goude-Ham-2-768x1580.jpg 768w, https:\/\/mybonnechance.de\/wp-content\/uploads\/2023\/09\/Goude-Ham-2-747x1536.jpg 747w, https:\/\/mybonnechance.de\/wp-content\/uploads\/2023\/09\/Goude-Ham-2-996x2048.jpg 996w, https:\/\/mybonnechance.de\/wp-content\/uploads\/2023\/09\/Goude-Ham-2-scaled.jpg 1244w\" sizes=\"auto, (max-width: 498px) 100vw, 498px\" \/><\/figure>\n\n\n\n<figure class=\"wp-block-image size-large is-style-default\"><img loading=\"lazy\" decoding=\"async\" width=\"498\" height=\"1024\" data-id=\"7973\" src=\"https:\/\/mybonnechance.de\/wp-content\/uploads\/2023\/09\/Goude-Ham-3-498x1024.jpg\" alt=\"\" class=\"wp-image-7973\" srcset=\"https:\/\/mybonnechance.de\/wp-content\/uploads\/2023\/09\/Goude-Ham-3-498x1024.jpg 498w, https:\/\/mybonnechance.de\/wp-content\/uploads\/2023\/09\/Goude-Ham-3-146x300.jpg 146w, https:\/\/mybonnechance.de\/wp-content\/uploads\/2023\/09\/Goude-Ham-3-768x1580.jpg 768w, https:\/\/mybonnechance.de\/wp-content\/uploads\/2023\/09\/Goude-Ham-3-747x1536.jpg 747w, https:\/\/mybonnechance.de\/wp-content\/uploads\/2023\/09\/Goude-Ham-3-996x2048.jpg 996w, https:\/\/mybonnechance.de\/wp-content\/uploads\/2023\/09\/Goude-Ham-3-scaled.jpg 1244w\" sizes=\"auto, (max-width: 498px) 100vw, 498px\" \/><\/figure>\n<\/figure>\n\n\n","protected":false},"excerpt":{"rendered":"<p>Tag 94, Sonntag 17 September Lithse Ham &#8211; Goude Ham16.6 km &#8211; 1 Schleuse &#8211; 2.25 Std. FahrzeitDer Wetterumschwung ist da. Es hat die ganze Nacht durchgeregnet und jetzt, um 10 Uhr, sieht es leider nicht besser aus. Nieselregen und Nebel. Um 12:15 verabschieden wir uns von unseren Bekannten und fahren bei immer noch leicht &hellip; <\/p>\n<p class=\"link-more\"><a href=\"https:\/\/mybonnechance.de\/?page_id=7898\" class=\"more-link\"><span class=\"screen-reader-text\">\u201e2023-37 Gouden Ham\u201c<\/span> weiterlesen<\/a><\/p>\n","protected":false},"author":1,"featured_media":0,"parent":0,"menu_order":0,"comment_status":"closed","ping_status":"closed","template":"","meta":{"ngg_post_thumbnail":0,"footnotes":""},"class_list":["post-7898","page","type-page","status-publish","hentry"],"_links":{"self":[{"href":"https:\/\/mybonnechance.de\/index.php?rest_route=\/wp\/v2\/pages\/7898","targetHints":{"allow":["GET"]}}],"collection":[{"href":"https:\/\/mybonnechance.de\/index.php?rest_route=\/wp\/v2\/pages"}],"about":[{"href":"https:\/\/mybonnechance.de\/index.php?rest_route=\/wp\/v2\/types\/page"}],"author":[{"embeddable":true,"href":"https:\/\/mybonnechance.de\/index.php?rest_route=\/wp\/v2\/users\/1"}],"replies":[{"embeddable":true,"href":"https:\/\/mybonnechance.de\/index.php?rest_route=%2Fwp%2Fv2%2Fcomments&post=7898"}],"version-history":[{"count":3,"href":"https:\/\/mybonnechance.de\/index.php?rest_route=\/wp\/v2\/pages\/7898\/revisions"}],"predecessor-version":[{"id":7974,"href":"https:\/\/mybonnechance.de\/index.php?rest_route=\/wp\/v2\/pages\/7898\/revisions\/7974"}],"wp:attachment":[{"href":"https:\/\/mybonnechance.de\/index.php?rest_route=%2Fwp%2Fv2%2Fmedia&parent=7898"}],"curies":[{"name":"wp","href":"https:\/\/api.w.org\/{rel}","templated":true}]}}