{"id":7900,"date":"2023-09-19T14:30:08","date_gmt":"2023-09-19T14:30:08","guid":{"rendered":"https:\/\/mybonnechance.de\/?page_id=7900"},"modified":"2023-09-22T08:46:03","modified_gmt":"2023-09-22T08:46:03","slug":"2023-38-kraaijensbergse-plassen","status":"publish","type":"page","link":"https:\/\/mybonnechance.de\/?page_id=7900","title":{"rendered":"2023-38 Kraaijensbergse Plassen"},"content":{"rendered":"\n<p><strong>Tag 95, Montag   18 September<\/strong>  <strong> Goude Ham<\/strong> <strong>&#8211; Kraaijensbergse Plassen<\/strong><br><em>30,1 km &#8211; 1 Schleuse &#8211; 3,5 Std. Fahrzeit<\/em><br>Wieder regnerisch und tr\u00fcbe bei unserer Abfahrt. Ein bisschen Bef\u00fcrchtungen haben wir schon, wenn wir an die Schleuse Grave denekn. Die hatte in dieser Saison schon mal arge Probleme. Aber alles l\u00e4uft gut und wir k\u00f6nnen nach 10 min. Wartezeit einfahren. Der Wind nimmt zu und der Verkehr auf der Maas bleibt weiterhin sehr ruhig. <br>Im Teich von den Kraaijensbergse Plassen liegen wir auch wieder v\u00f6llig allein.<\/p>\n\n\n\n<figure class=\"wp-block-gallery has-nested-images columns-default is-cropped wp-block-gallery-1 is-layout-flex wp-block-gallery-is-layout-flex\">\n<figure class=\"wp-block-image size-large is-style-default\"><img loading=\"lazy\" decoding=\"async\" width=\"1024\" height=\"498\" data-id=\"7978\" src=\"https:\/\/mybonnechance.de\/wp-content\/uploads\/2023\/09\/20230918_143654-1024x498.jpg\" alt=\"\" class=\"wp-image-7978\" srcset=\"https:\/\/mybonnechance.de\/wp-content\/uploads\/2023\/09\/20230918_143654-1024x498.jpg 1024w, https:\/\/mybonnechance.de\/wp-content\/uploads\/2023\/09\/20230918_143654-300x146.jpg 300w, https:\/\/mybonnechance.de\/wp-content\/uploads\/2023\/09\/20230918_143654-768x373.jpg 768w, https:\/\/mybonnechance.de\/wp-content\/uploads\/2023\/09\/20230918_143654-1536x747.jpg 1536w, https:\/\/mybonnechance.de\/wp-content\/uploads\/2023\/09\/20230918_143654-2048x996.jpg 2048w\" sizes=\"auto, (max-width: 767px) 89vw, (max-width: 1000px) 54vw, (max-width: 1071px) 543px, 580px\" \/><\/figure>\n\n\n\n<figure class=\"wp-block-image size-large is-style-default\"><img loading=\"lazy\" decoding=\"async\" width=\"1024\" height=\"498\" data-id=\"7977\" src=\"https:\/\/mybonnechance.de\/wp-content\/uploads\/2023\/09\/20230918_143728-1024x498.jpg\" alt=\"\" class=\"wp-image-7977\" srcset=\"https:\/\/mybonnechance.de\/wp-content\/uploads\/2023\/09\/20230918_143728-1024x498.jpg 1024w, https:\/\/mybonnechance.de\/wp-content\/uploads\/2023\/09\/20230918_143728-300x146.jpg 300w, https:\/\/mybonnechance.de\/wp-content\/uploads\/2023\/09\/20230918_143728-768x373.jpg 768w, https:\/\/mybonnechance.de\/wp-content\/uploads\/2023\/09\/20230918_143728-1536x747.jpg 1536w, https:\/\/mybonnechance.de\/wp-content\/uploads\/2023\/09\/20230918_143728-2048x996.jpg 2048w\" sizes=\"auto, (max-width: 767px) 89vw, (max-width: 1000px) 54vw, (max-width: 1071px) 543px, 580px\" \/><\/figure>\n\n\n\n<figure class=\"wp-block-image size-large is-style-default\"><img loading=\"lazy\" decoding=\"async\" width=\"1024\" height=\"498\" data-id=\"7976\" src=\"https:\/\/mybonnechance.de\/wp-content\/uploads\/2023\/09\/20230918_143659-1024x498.jpg\" alt=\"\" class=\"wp-image-7976\" srcset=\"https:\/\/mybonnechance.de\/wp-content\/uploads\/2023\/09\/20230918_143659-1024x498.jpg 1024w, https:\/\/mybonnechance.de\/wp-content\/uploads\/2023\/09\/20230918_143659-300x146.jpg 300w, https:\/\/mybonnechance.de\/wp-content\/uploads\/2023\/09\/20230918_143659-768x373.jpg 768w, https:\/\/mybonnechance.de\/wp-content\/uploads\/2023\/09\/20230918_143659-1536x747.jpg 1536w, https:\/\/mybonnechance.de\/wp-content\/uploads\/2023\/09\/20230918_143659-2048x996.jpg 2048w\" sizes=\"auto, (max-width: 767px) 89vw, (max-width: 1000px) 54vw, (max-width: 1071px) 543px, 580px\" \/><\/figure>\n<\/figure>\n\n\n\n<p> Leider st\u00f6rt mein Sonnenbad ein heftigst einsetztender Regen mit Strumb\u00f6en. Seitlich unseres Bootes haben wir wieder einen Schaumteppicht von der Gicht. Damit hats ich aber die \u00dcberlegung zum einkaufen nach Jumbo mit dem Schlauchboot ebenso erledigt wie der Flammkuchen im Hafen. Aber da wir morgen insLeukermeer fahren, gibt es daf\u00fcr ja auch noch die Gelegenheit. Am Abend setzt sich die Sonne nochmal kurz durch.<\/p>\n\n\n\n<figure class=\"wp-block-gallery has-nested-images columns-default is-cropped wp-block-gallery-2 is-layout-flex wp-block-gallery-is-layout-flex\">\n<figure class=\"wp-block-image size-large is-style-rounded\"><img loading=\"lazy\" decoding=\"async\" width=\"498\" height=\"1024\" data-id=\"7980\" src=\"https:\/\/mybonnechance.de\/wp-content\/uploads\/2023\/09\/20230918_174206-498x1024.jpg\" alt=\"\" class=\"wp-image-7980\" srcset=\"https:\/\/mybonnechance.de\/wp-content\/uploads\/2023\/09\/20230918_174206-498x1024.jpg 498w, https:\/\/mybonnechance.de\/wp-content\/uploads\/2023\/09\/20230918_174206-146x300.jpg 146w, https:\/\/mybonnechance.de\/wp-content\/uploads\/2023\/09\/20230918_174206-768x1580.jpg 768w, https:\/\/mybonnechance.de\/wp-content\/uploads\/2023\/09\/20230918_174206-747x1536.jpg 747w, https:\/\/mybonnechance.de\/wp-content\/uploads\/2023\/09\/20230918_174206-996x2048.jpg 996w, https:\/\/mybonnechance.de\/wp-content\/uploads\/2023\/09\/20230918_174206-scaled.jpg 1244w\" sizes=\"auto, (max-width: 498px) 100vw, 498px\" \/><\/figure>\n\n\n\n<figure class=\"wp-block-image size-large is-style-rounded\"><img loading=\"lazy\" decoding=\"async\" width=\"498\" height=\"1024\" data-id=\"7979\" src=\"https:\/\/mybonnechance.de\/wp-content\/uploads\/2023\/09\/20230918_194553-498x1024.jpg\" alt=\"\" class=\"wp-image-7979\" srcset=\"https:\/\/mybonnechance.de\/wp-content\/uploads\/2023\/09\/20230918_194553-498x1024.jpg 498w, https:\/\/mybonnechance.de\/wp-content\/uploads\/2023\/09\/20230918_194553-146x300.jpg 146w, https:\/\/mybonnechance.de\/wp-content\/uploads\/2023\/09\/20230918_194553-768x1580.jpg 768w, https:\/\/mybonnechance.de\/wp-content\/uploads\/2023\/09\/20230918_194553-747x1536.jpg 747w, https:\/\/mybonnechance.de\/wp-content\/uploads\/2023\/09\/20230918_194553-996x2048.jpg 996w, https:\/\/mybonnechance.de\/wp-content\/uploads\/2023\/09\/20230918_194553-scaled.jpg 1244w\" sizes=\"auto, (max-width: 498px) 100vw, 498px\" \/><\/figure>\n<\/figure>\n\n\n","protected":false},"excerpt":{"rendered":"<p>Tag 95, Montag 18 September Goude Ham &#8211; Kraaijensbergse Plassen30,1 km &#8211; 1 Schleuse &#8211; 3,5 Std. FahrzeitWieder regnerisch und tr\u00fcbe bei unserer Abfahrt. Ein bisschen Bef\u00fcrchtungen haben wir schon, wenn wir an die Schleuse Grave denekn. Die hatte in dieser Saison schon mal arge Probleme. Aber alles l\u00e4uft gut und wir k\u00f6nnen nach 10 &hellip; <\/p>\n<p class=\"link-more\"><a href=\"https:\/\/mybonnechance.de\/?page_id=7900\" class=\"more-link\"><span class=\"screen-reader-text\">\u201e2023-38 Kraaijensbergse Plassen\u201c<\/span> weiterlesen<\/a><\/p>\n","protected":false},"author":1,"featured_media":0,"parent":0,"menu_order":0,"comment_status":"closed","ping_status":"closed","template":"","meta":{"ngg_post_thumbnail":0,"footnotes":""},"class_list":["post-7900","page","type-page","status-publish","hentry"],"_links":{"self":[{"href":"https:\/\/mybonnechance.de\/index.php?rest_route=\/wp\/v2\/pages\/7900","targetHints":{"allow":["GET"]}}],"collection":[{"href":"https:\/\/mybonnechance.de\/index.php?rest_route=\/wp\/v2\/pages"}],"about":[{"href":"https:\/\/mybonnechance.de\/index.php?rest_route=\/wp\/v2\/types\/page"}],"author":[{"embeddable":true,"href":"https:\/\/mybonnechance.de\/index.php?rest_route=\/wp\/v2\/users\/1"}],"replies":[{"embeddable":true,"href":"https:\/\/mybonnechance.de\/index.php?rest_route=%2Fwp%2Fv2%2Fcomments&post=7900"}],"version-history":[{"count":5,"href":"https:\/\/mybonnechance.de\/index.php?rest_route=\/wp\/v2\/pages\/7900\/revisions"}],"predecessor-version":[{"id":7996,"href":"https:\/\/mybonnechance.de\/index.php?rest_route=\/wp\/v2\/pages\/7900\/revisions\/7996"}],"wp:attachment":[{"href":"https:\/\/mybonnechance.de\/index.php?rest_route=%2Fwp%2Fv2%2Fmedia&parent=7900"}],"curies":[{"name":"wp","href":"https:\/\/api.w.org\/{rel}","templated":true}]}}