{"id":7987,"date":"2023-09-21T08:05:44","date_gmt":"2023-09-21T08:05:44","guid":{"rendered":"https:\/\/mybonnechance.de\/?page_id=7987"},"modified":"2023-12-12T12:14:34","modified_gmt":"2023-12-12T12:14:34","slug":"2023-40-venlo","status":"publish","type":"page","link":"https:\/\/mybonnechance.de\/?page_id=7987","title":{"rendered":"2023-40 Venlo"},"content":{"rendered":"\n<p><strong>Tag 97, Mittwoch 20 September<\/strong>  <strong> Leukermeer, Hafen T&#8217;Leuk<\/strong> <strong>&#8211; Venlo, WSV de Maas<\/strong><br><em>26,4 km &#8211; 2,5 Std. Fahrzeit<\/em><br>Keine besonderen Vorkommnisse, Fahrt verl\u00e4uft weiterhin sehr ruhig und entspannt. Im Vereinshafen von Venlo treffen wir Freunde aus dem Hafen, die ebenfalls noch ein paar Tage Urlaub haben und mit uns zusammen die R\u00fcckreise bestreiten. Nachmittags schnell mit den R\u00e4dern noch Ausfl\u00fcge nach Blerick und Venlo gemacht.<\/p>\n\n\n\n<div class=\"wp-block-columns is-layout-flex wp-container-core-columns-is-layout-9d6595d7 wp-block-columns-is-layout-flex\">\n<div class=\"wp-block-column is-layout-flow wp-block-column-is-layout-flow\">\n<figure class=\"wp-block-image size-large is-resized is-style-default\"><img loading=\"lazy\" decoding=\"async\" width=\"576\" height=\"1024\" src=\"https:\/\/mybonnechance.de\/wp-content\/uploads\/2023\/12\/IMG-20230920-WA0000-1-576x1024.jpg\" alt=\"\" class=\"wp-image-8034\" style=\"width:226px;height:auto\" srcset=\"https:\/\/mybonnechance.de\/wp-content\/uploads\/2023\/12\/IMG-20230920-WA0000-1-576x1024.jpg 576w, https:\/\/mybonnechance.de\/wp-content\/uploads\/2023\/12\/IMG-20230920-WA0000-1-169x300.jpg 169w, https:\/\/mybonnechance.de\/wp-content\/uploads\/2023\/12\/IMG-20230920-WA0000-1-768x1365.jpg 768w, https:\/\/mybonnechance.de\/wp-content\/uploads\/2023\/12\/IMG-20230920-WA0000-1-864x1536.jpg 864w, https:\/\/mybonnechance.de\/wp-content\/uploads\/2023\/12\/IMG-20230920-WA0000-1.jpg 1134w\" sizes=\"auto, (max-width: 576px) 100vw, 576px\" \/><figcaption class=\"wp-element-caption\"><strong>Blerick<\/strong><\/figcaption><\/figure>\n<\/div>\n\n\n\n<div class=\"wp-block-column is-layout-flow wp-block-column-is-layout-flow\">\n<figure class=\"wp-block-image size-large is-style-default\"><img loading=\"lazy\" decoding=\"async\" width=\"498\" height=\"1024\" src=\"https:\/\/mybonnechance.de\/wp-content\/uploads\/2023\/12\/20230920_155352-1-498x1024.jpg\" alt=\"\" class=\"wp-image-8037\" srcset=\"https:\/\/mybonnechance.de\/wp-content\/uploads\/2023\/12\/20230920_155352-1-498x1024.jpg 498w, https:\/\/mybonnechance.de\/wp-content\/uploads\/2023\/12\/20230920_155352-1-146x300.jpg 146w, https:\/\/mybonnechance.de\/wp-content\/uploads\/2023\/12\/20230920_155352-1-768x1580.jpg 768w, https:\/\/mybonnechance.de\/wp-content\/uploads\/2023\/12\/20230920_155352-1-747x1536.jpg 747w, https:\/\/mybonnechance.de\/wp-content\/uploads\/2023\/12\/20230920_155352-1-996x2048.jpg 996w, https:\/\/mybonnechance.de\/wp-content\/uploads\/2023\/12\/20230920_155352-1-scaled.jpg 1244w\" sizes=\"auto, (max-width: 498px) 100vw, 498px\" \/><\/figure>\n<\/div>\n\n\n\n<div class=\"wp-block-column is-layout-flow wp-block-column-is-layout-flow\">\n<figure class=\"wp-block-image size-large is-style-default\"><img loading=\"lazy\" decoding=\"async\" width=\"498\" height=\"1024\" src=\"https:\/\/mybonnechance.de\/wp-content\/uploads\/2023\/12\/20230920_155603-2-498x1024.jpg\" alt=\"\" class=\"wp-image-8039\" srcset=\"https:\/\/mybonnechance.de\/wp-content\/uploads\/2023\/12\/20230920_155603-2-498x1024.jpg 498w, https:\/\/mybonnechance.de\/wp-content\/uploads\/2023\/12\/20230920_155603-2-146x300.jpg 146w, https:\/\/mybonnechance.de\/wp-content\/uploads\/2023\/12\/20230920_155603-2-768x1580.jpg 768w, https:\/\/mybonnechance.de\/wp-content\/uploads\/2023\/12\/20230920_155603-2-747x1536.jpg 747w, https:\/\/mybonnechance.de\/wp-content\/uploads\/2023\/12\/20230920_155603-2-996x2048.jpg 996w, https:\/\/mybonnechance.de\/wp-content\/uploads\/2023\/12\/20230920_155603-2-scaled.jpg 1244w\" sizes=\"auto, (max-width: 498px) 100vw, 498px\" \/><\/figure>\n<\/div>\n<\/div>\n\n\n\n<p>Am Abend gehen wir lecker im Vereinslokal WSV de Maas essen. Es ist sogar noch warm genug f\u00fcr die gem\u00fctliche Terasse.<\/p>\n\n\n\n<div class=\"wp-block-columns is-layout-flex wp-container-core-columns-is-layout-9d6595d7 wp-block-columns-is-layout-flex\">\n<div class=\"wp-block-column is-layout-flow wp-block-column-is-layout-flow\">\n<figure class=\"wp-block-image size-large is-style-default\"><img loading=\"lazy\" decoding=\"async\" width=\"1024\" height=\"498\" src=\"https:\/\/mybonnechance.de\/wp-content\/uploads\/2023\/12\/20230920_195833-1024x498.jpg\" alt=\"\" class=\"wp-image-8013\" srcset=\"https:\/\/mybonnechance.de\/wp-content\/uploads\/2023\/12\/20230920_195833-1024x498.jpg 1024w, https:\/\/mybonnechance.de\/wp-content\/uploads\/2023\/12\/20230920_195833-300x146.jpg 300w, https:\/\/mybonnechance.de\/wp-content\/uploads\/2023\/12\/20230920_195833-768x373.jpg 768w, https:\/\/mybonnechance.de\/wp-content\/uploads\/2023\/12\/20230920_195833-1536x747.jpg 1536w, https:\/\/mybonnechance.de\/wp-content\/uploads\/2023\/12\/20230920_195833-2048x996.jpg 2048w\" sizes=\"auto, (max-width: 767px) 89vw, (max-width: 1000px) 54vw, (max-width: 1071px) 543px, 580px\" \/><\/figure>\n<\/div>\n\n\n\n<div class=\"wp-block-column is-layout-flow wp-block-column-is-layout-flow\">\n<figure class=\"wp-block-image size-large is-style-default\"><img loading=\"lazy\" decoding=\"async\" width=\"1024\" height=\"498\" src=\"https:\/\/mybonnechance.de\/wp-content\/uploads\/2023\/12\/20230920_195723-1024x498.jpg\" alt=\"\" class=\"wp-image-8014\" srcset=\"https:\/\/mybonnechance.de\/wp-content\/uploads\/2023\/12\/20230920_195723-1024x498.jpg 1024w, https:\/\/mybonnechance.de\/wp-content\/uploads\/2023\/12\/20230920_195723-300x146.jpg 300w, https:\/\/mybonnechance.de\/wp-content\/uploads\/2023\/12\/20230920_195723-768x373.jpg 768w, https:\/\/mybonnechance.de\/wp-content\/uploads\/2023\/12\/20230920_195723-1536x747.jpg 1536w, https:\/\/mybonnechance.de\/wp-content\/uploads\/2023\/12\/20230920_195723-2048x996.jpg 2048w\" sizes=\"auto, (max-width: 767px) 89vw, (max-width: 1000px) 54vw, (max-width: 1071px) 543px, 580px\" \/><\/figure>\n<\/div>\n<\/div>\n","protected":false},"excerpt":{"rendered":"<p>Tag 97, Mittwoch 20 September Leukermeer, Hafen T&#8217;Leuk &#8211; Venlo, WSV de Maas26,4 km &#8211; 2,5 Std. FahrzeitKeine besonderen Vorkommnisse, Fahrt verl\u00e4uft weiterhin sehr ruhig und entspannt. Im Vereinshafen von Venlo treffen wir Freunde aus dem Hafen, die ebenfalls noch ein paar Tage Urlaub haben und mit uns zusammen die R\u00fcckreise bestreiten. Nachmittags schnell mit &hellip; <\/p>\n<p class=\"link-more\"><a href=\"https:\/\/mybonnechance.de\/?page_id=7987\" class=\"more-link\"><span class=\"screen-reader-text\">\u201e2023-40 Venlo\u201c<\/span> weiterlesen<\/a><\/p>\n","protected":false},"author":1,"featured_media":0,"parent":0,"menu_order":0,"comment_status":"closed","ping_status":"closed","template":"","meta":{"ngg_post_thumbnail":0,"footnotes":""},"class_list":["post-7987","page","type-page","status-publish","hentry"],"_links":{"self":[{"href":"https:\/\/mybonnechance.de\/index.php?rest_route=\/wp\/v2\/pages\/7987","targetHints":{"allow":["GET"]}}],"collection":[{"href":"https:\/\/mybonnechance.de\/index.php?rest_route=\/wp\/v2\/pages"}],"about":[{"href":"https:\/\/mybonnechance.de\/index.php?rest_route=\/wp\/v2\/types\/page"}],"author":[{"embeddable":true,"href":"https:\/\/mybonnechance.de\/index.php?rest_route=\/wp\/v2\/users\/1"}],"replies":[{"embeddable":true,"href":"https:\/\/mybonnechance.de\/index.php?rest_route=%2Fwp%2Fv2%2Fcomments&post=7987"}],"version-history":[{"count":10,"href":"https:\/\/mybonnechance.de\/index.php?rest_route=\/wp\/v2\/pages\/7987\/revisions"}],"predecessor-version":[{"id":8043,"href":"https:\/\/mybonnechance.de\/index.php?rest_route=\/wp\/v2\/pages\/7987\/revisions\/8043"}],"wp:attachment":[{"href":"https:\/\/mybonnechance.de\/index.php?rest_route=%2Fwp%2Fv2%2Fmedia&parent=7987"}],"curies":[{"name":"wp","href":"https:\/\/api.w.org\/{rel}","templated":true}]}}