{"id":7992,"date":"2023-09-21T08:07:38","date_gmt":"2023-09-21T08:07:38","guid":{"rendered":"https:\/\/mybonnechance.de\/?page_id=7992"},"modified":"2023-12-12T13:19:40","modified_gmt":"2023-12-12T13:19:40","slug":"2023-42-ende-in-herten","status":"publish","type":"page","link":"https:\/\/mybonnechance.de\/?page_id=7992","title":{"rendered":"2023-42 Ende in Herten"},"content":{"rendered":"\n<p><strong>Tag 100, Samstag 23 September<\/strong>  <strong> <\/strong> <strong>Neer, Hafen Hanssum &#8211; Herten, City Marina<\/strong><br>17,5 <em>km &#8211; 1 Schleuse &#8211; 1,8 Std<\/em><\/p>\n\n\n\n<p>Wir starten kurz nach 10 Uhr zur letzten Etappe der Reise, allerdings alleine. Die Anderen bleiben noch in Neer und wollen das wieder sch\u00f6ner gewordene Wetter nochmal ausnutzen.Jetzt haben wir die 100 Tage doch noch vollbekommen. Das Wetter soll ja am WE noch mal sch\u00f6n werden, im Moment ist es allerdings bew\u00f6lkt und windig. Warten wir mal ab. Kommen gut durch und sind \u00bd Std. sp\u00e4ter schon an der Roermonder Schleuse. Willkommen daheim, wenn auch immer wieder mal mit bedrohlichen Wolken.<\/p>\n\n\n\n<figure class=\"wp-block-image size-large is-style-default\"><img loading=\"lazy\" decoding=\"async\" width=\"1024\" height=\"498\" src=\"https:\/\/mybonnechance.de\/wp-content\/uploads\/2023\/12\/20230923_113445-1024x498.jpg\" alt=\"\" class=\"wp-image-8086\" srcset=\"https:\/\/mybonnechance.de\/wp-content\/uploads\/2023\/12\/20230923_113445-1024x498.jpg 1024w, https:\/\/mybonnechance.de\/wp-content\/uploads\/2023\/12\/20230923_113445-300x146.jpg 300w, https:\/\/mybonnechance.de\/wp-content\/uploads\/2023\/12\/20230923_113445-768x373.jpg 768w, https:\/\/mybonnechance.de\/wp-content\/uploads\/2023\/12\/20230923_113445-1536x747.jpg 1536w, https:\/\/mybonnechance.de\/wp-content\/uploads\/2023\/12\/20230923_113445-2048x996.jpg 2048w\" sizes=\"auto, (max-width: 767px) 89vw, (max-width: 1000px) 54vw, (max-width: 1071px) 543px, 580px\" \/><\/figure>\n\n\n\n<figure class=\"wp-block-gallery has-nested-images columns-default is-cropped wp-block-gallery-1 is-layout-flex wp-block-gallery-is-layout-flex\">\n<figure class=\"wp-block-image size-large is-style-default\"><img loading=\"lazy\" decoding=\"async\" width=\"498\" height=\"1024\" data-id=\"8087\" src=\"https:\/\/mybonnechance.de\/wp-content\/uploads\/2023\/12\/20230923_143352-498x1024.jpg\" alt=\"\" class=\"wp-image-8087\" srcset=\"https:\/\/mybonnechance.de\/wp-content\/uploads\/2023\/12\/20230923_143352-498x1024.jpg 498w, https:\/\/mybonnechance.de\/wp-content\/uploads\/2023\/12\/20230923_143352-146x300.jpg 146w, https:\/\/mybonnechance.de\/wp-content\/uploads\/2023\/12\/20230923_143352-768x1580.jpg 768w, https:\/\/mybonnechance.de\/wp-content\/uploads\/2023\/12\/20230923_143352-747x1536.jpg 747w, https:\/\/mybonnechance.de\/wp-content\/uploads\/2023\/12\/20230923_143352-996x2048.jpg 996w, https:\/\/mybonnechance.de\/wp-content\/uploads\/2023\/12\/20230923_143352-scaled.jpg 1244w\" sizes=\"auto, (max-width: 498px) 100vw, 498px\" \/><\/figure>\n\n\n\n<figure class=\"wp-block-image size-large is-style-default\"><img loading=\"lazy\" decoding=\"async\" width=\"498\" height=\"1024\" data-id=\"8089\" src=\"https:\/\/mybonnechance.de\/wp-content\/uploads\/2023\/12\/20230923_115219-498x1024.jpg\" alt=\"\" class=\"wp-image-8089\" srcset=\"https:\/\/mybonnechance.de\/wp-content\/uploads\/2023\/12\/20230923_115219-498x1024.jpg 498w, https:\/\/mybonnechance.de\/wp-content\/uploads\/2023\/12\/20230923_115219-146x300.jpg 146w, https:\/\/mybonnechance.de\/wp-content\/uploads\/2023\/12\/20230923_115219-768x1580.jpg 768w, https:\/\/mybonnechance.de\/wp-content\/uploads\/2023\/12\/20230923_115219-747x1536.jpg 747w, https:\/\/mybonnechance.de\/wp-content\/uploads\/2023\/12\/20230923_115219-996x2048.jpg 996w, https:\/\/mybonnechance.de\/wp-content\/uploads\/2023\/12\/20230923_115219-scaled.jpg 1244w\" sizes=\"auto, (max-width: 498px) 100vw, 498px\" \/><\/figure>\n<\/figure>\n\n\n\n<p>Nachdem wir Wasser ausfgef\u00fcllt und uns beim Hafenmeister zur\u00fcckgemeldet  haben, geht es noch mal raus auf den Zuiderplaas. Dort erwartet uns unsere Freunde Andrea und Jochen und wir verbringen dort zusammen den Rest des Wochenendes. Am Abend gleicgt der Hafen von Oolderhuske einem romantischem Hafen am Mittelmmer. Von gegen\u00fcber genie\u00dfen wir nach der langen Coronapause wieder die offizielle Lichterfahrt von Roermond. Ein sch\u00f6ner Abschlu\u00df unseres diesj\u00e4hrigen Urlaubst\u00f6rns.<\/p>\n\n\n\n<figure class=\"wp-block-gallery has-nested-images columns-default is-cropped wp-block-gallery-2 is-layout-flex wp-block-gallery-is-layout-flex\">\n<figure class=\"wp-block-image size-large is-style-default\"><img loading=\"lazy\" decoding=\"async\" width=\"1024\" height=\"498\" data-id=\"8092\" src=\"https:\/\/mybonnechance.de\/wp-content\/uploads\/2023\/12\/20230923_200234-1024x498.jpg\" alt=\"\" class=\"wp-image-8092\" srcset=\"https:\/\/mybonnechance.de\/wp-content\/uploads\/2023\/12\/20230923_200234-1024x498.jpg 1024w, https:\/\/mybonnechance.de\/wp-content\/uploads\/2023\/12\/20230923_200234-300x146.jpg 300w, https:\/\/mybonnechance.de\/wp-content\/uploads\/2023\/12\/20230923_200234-768x373.jpg 768w, https:\/\/mybonnechance.de\/wp-content\/uploads\/2023\/12\/20230923_200234-1536x747.jpg 1536w, https:\/\/mybonnechance.de\/wp-content\/uploads\/2023\/12\/20230923_200234-2048x996.jpg 2048w\" sizes=\"auto, (max-width: 767px) 89vw, (max-width: 1000px) 54vw, (max-width: 1071px) 543px, 580px\" \/><\/figure>\n\n\n\n<figure class=\"wp-block-image size-large is-style-default\"><img loading=\"lazy\" decoding=\"async\" width=\"1024\" height=\"498\" data-id=\"8093\" src=\"https:\/\/mybonnechance.de\/wp-content\/uploads\/2023\/12\/20230923_203004-1024x498.jpg\" alt=\"\" class=\"wp-image-8093\" srcset=\"https:\/\/mybonnechance.de\/wp-content\/uploads\/2023\/12\/20230923_203004-1024x498.jpg 1024w, https:\/\/mybonnechance.de\/wp-content\/uploads\/2023\/12\/20230923_203004-300x146.jpg 300w, https:\/\/mybonnechance.de\/wp-content\/uploads\/2023\/12\/20230923_203004-768x373.jpg 768w, https:\/\/mybonnechance.de\/wp-content\/uploads\/2023\/12\/20230923_203004-1536x747.jpg 1536w, https:\/\/mybonnechance.de\/wp-content\/uploads\/2023\/12\/20230923_203004-2048x996.jpg 2048w\" sizes=\"auto, (max-width: 767px) 89vw, (max-width: 1000px) 54vw, (max-width: 1071px) 543px, 580px\" \/><\/figure>\n<\/figure>\n","protected":false},"excerpt":{"rendered":"<p>Tag 100, Samstag 23 September Neer, Hafen Hanssum &#8211; Herten, City Marina17,5 km &#8211; 1 Schleuse &#8211; 1,8 Std Wir starten kurz nach 10 Uhr zur letzten Etappe der Reise, allerdings alleine. Die Anderen bleiben noch in Neer und wollen das wieder sch\u00f6ner gewordene Wetter nochmal ausnutzen.Jetzt haben wir die 100 Tage doch noch vollbekommen. &hellip; <\/p>\n<p class=\"link-more\"><a href=\"https:\/\/mybonnechance.de\/?page_id=7992\" class=\"more-link\"><span class=\"screen-reader-text\">\u201e2023-42 Ende in Herten\u201c<\/span> weiterlesen<\/a><\/p>\n","protected":false},"author":1,"featured_media":0,"parent":0,"menu_order":0,"comment_status":"closed","ping_status":"closed","template":"","meta":{"ngg_post_thumbnail":0,"footnotes":""},"class_list":["post-7992","page","type-page","status-publish","hentry"],"_links":{"self":[{"href":"https:\/\/mybonnechance.de\/index.php?rest_route=\/wp\/v2\/pages\/7992","targetHints":{"allow":["GET"]}}],"collection":[{"href":"https:\/\/mybonnechance.de\/index.php?rest_route=\/wp\/v2\/pages"}],"about":[{"href":"https:\/\/mybonnechance.de\/index.php?rest_route=\/wp\/v2\/types\/page"}],"author":[{"embeddable":true,"href":"https:\/\/mybonnechance.de\/index.php?rest_route=\/wp\/v2\/users\/1"}],"replies":[{"embeddable":true,"href":"https:\/\/mybonnechance.de\/index.php?rest_route=%2Fwp%2Fv2%2Fcomments&post=7992"}],"version-history":[{"count":7,"href":"https:\/\/mybonnechance.de\/index.php?rest_route=\/wp\/v2\/pages\/7992\/revisions"}],"predecessor-version":[{"id":8098,"href":"https:\/\/mybonnechance.de\/index.php?rest_route=\/wp\/v2\/pages\/7992\/revisions\/8098"}],"wp:attachment":[{"href":"https:\/\/mybonnechance.de\/index.php?rest_route=%2Fwp%2Fv2%2Fmedia&parent=7992"}],"curies":[{"name":"wp","href":"https:\/\/api.w.org\/{rel}","templated":true}]}}