{"id":8135,"date":"2024-06-15T12:15:19","date_gmt":"2024-06-15T12:15:19","guid":{"rendered":"https:\/\/mybonnechance.de\/?page_id=8135"},"modified":"2024-06-15T19:04:04","modified_gmt":"2024-06-15T19:04:04","slug":"2024-01-start-in-herten-leukermeer","status":"publish","type":"page","link":"https:\/\/mybonnechance.de\/?page_id=8135","title":{"rendered":"2024-01 Start in Herten &#8211; Leukermeer"},"content":{"rendered":"\n<p><strong>Tag 1, Montag 06.Mai Herten, <strong>City Marina<\/strong> \u2013 Leukermeer, Hafen T&#8217;leuken<\/strong><br>58,6 km \u2013 2 Schleusen \u2013 6,25 Std. Fahrzeit<br>Heute geht es also los \u2013 unser Ziel ist Berlin. Zuerst geht es aber auf altbekannter Wasserstrecke bis nach Nijmwegen. Mal sehen, ob wir das in 2 Tagen schaffen werden. Bei bew\u00f6lktem, aber nicht zu kaltem Wetter geht es los. Direkt bei der Schleuse Roermond erwartet uns ein unerwartetes Hindernis. Ein gro\u00dfes Ponton Arbeitsschiff liegt davor und f\u00fcr einen Moment haben wir die Bef\u00fcrchtung, wir kommen nicht durch. Aber die Schleuse zeigt kein Doppelrot und wir quetschen uns zwischen Ponton und Wartesteiger in die Schleuse. Alles gut \u2013 schonmal die erste H\u00fcrde genommen &#x1f609;.<br>In Neer ist alles frei an der Wiese, aber f\u00fcr uns geht es weiter. Wir haben wiedermal das Gef\u00fchl, allein auf der Maas zu fahren. Das \u00e4ndert sich aber ab Mittags. Dann sind doch vermehrt Berufer unterwegs. In der Sluis Belfelt k\u00f6nnen wir direkt hinter Einem in die Schleuse, der allerdings bei seiner Abfahrt einen ziemlichen Schwall durch hohe Geschwindigkeit erzeugt. Ich habe zum Gl\u00fcck belegt, sonst h\u00e4tte ich die Leine nicht halten k\u00f6nnen. Hinten haben wir beide gezogen um das Schiff nicht abdriften zu lassen. Zumindest werden wir unser Tagesziel noch in einer guten Zeit erreichen.<br>Die Einfahrt zum Leukermeer ist verlegt, weil man ein sehr gro\u00dfes Gebiet neu erschlie\u00dft. Bei der Durchfahrt durch das Leukermeer trauen wir unseren Augen nicht. Steht da wie selbstverst\u00e4ndlich ein Flamingop\u00e4rchen, als w\u00e4re es das normalste von der Welt, da\u00df in den Niederlanden freilebende Flamingos rumlaufen.<\/p>\n\n\n\n<div class=\"wp-block-columns is-layout-flex wp-container-core-columns-is-layout-9d6595d7 wp-block-columns-is-layout-flex\">\n<div class=\"wp-block-column is-layout-flow wp-block-column-is-layout-flow\">\n<figure class=\"wp-block-image size-large is-resized is-style-default\"><img loading=\"lazy\" decoding=\"async\" width=\"576\" height=\"1024\" src=\"https:\/\/mybonnechance.de\/wp-content\/uploads\/2024\/06\/20240507_090637-576x1024.jpg\" alt=\"\" class=\"wp-image-8223\" style=\"width:160px;height:auto\" srcset=\"https:\/\/mybonnechance.de\/wp-content\/uploads\/2024\/06\/20240507_090637-576x1024.jpg 576w, https:\/\/mybonnechance.de\/wp-content\/uploads\/2024\/06\/20240507_090637-169x300.jpg 169w, https:\/\/mybonnechance.de\/wp-content\/uploads\/2024\/06\/20240507_090637-768x1365.jpg 768w, https:\/\/mybonnechance.de\/wp-content\/uploads\/2024\/06\/20240507_090637-864x1536.jpg 864w, https:\/\/mybonnechance.de\/wp-content\/uploads\/2024\/06\/20240507_090637-1152x2048.jpg 1152w, https:\/\/mybonnechance.de\/wp-content\/uploads\/2024\/06\/20240507_090637-scaled.jpg 1440w\" sizes=\"auto, (max-width: 576px) 100vw, 576px\" \/><\/figure>\n<\/div>\n\n\n\n<div class=\"wp-block-column is-layout-flow wp-block-column-is-layout-flow\">\n<figure class=\"wp-block-image size-large is-resized is-style-default\"><img loading=\"lazy\" decoding=\"async\" width=\"576\" height=\"1024\" src=\"https:\/\/mybonnechance.de\/wp-content\/uploads\/2024\/06\/20240507_090642-576x1024.jpg\" alt=\"\" class=\"wp-image-8224\" style=\"width:160px;height:auto\" srcset=\"https:\/\/mybonnechance.de\/wp-content\/uploads\/2024\/06\/20240507_090642-576x1024.jpg 576w, https:\/\/mybonnechance.de\/wp-content\/uploads\/2024\/06\/20240507_090642-169x300.jpg 169w, https:\/\/mybonnechance.de\/wp-content\/uploads\/2024\/06\/20240507_090642-768x1365.jpg 768w, https:\/\/mybonnechance.de\/wp-content\/uploads\/2024\/06\/20240507_090642-864x1536.jpg 864w, https:\/\/mybonnechance.de\/wp-content\/uploads\/2024\/06\/20240507_090642-1152x2048.jpg 1152w, https:\/\/mybonnechance.de\/wp-content\/uploads\/2024\/06\/20240507_090642-scaled.jpg 1440w\" sizes=\"auto, (max-width: 576px) 100vw, 576px\" \/><\/figure>\n<\/div>\n<\/div>\n\n\n\n<p>Um 16:00 Uhr legen wir im Leukermeer im T\u2019Leuken an, nachdem wir zuerst im Jachthafen Leukermeer angefragt haben. Die nehmen aber inzwischen 40.-  pro  Nacht. Leider ist Montag, also kein Flammkuchen heute. Dann stellen wir aber fest es gibt \u00fcberhaupt kein Restaurant mehr. Luca hat aus gesundheitlichen Gr\u00fcnden verkauft und der neue Besitzer wollte letzte Woche er\u00f6ffnen und ist im April verstorben.  Wie und wann es jetzt mit dem Lokal weitergeht, wei\u00df der Hafenmeister nicht. Wir werden dann mal den Beach Club im Jachthafen ausprobieren. Das Essen im Beach Club ist in Ordnung aber bei Hamburger bzw. Chickenburger kann man ja auch nicht so viel falsch machen &#x1f609;<br>Auf dem R\u00fcckwegf\u00e4ngt es an zu  regnen.<\/p>\n\n\n","protected":false},"excerpt":{"rendered":"<p>Tag 1, Montag 06.Mai Herten, City Marina \u2013 Leukermeer, Hafen T&#8217;leuken58,6 km \u2013 2 Schleusen \u2013 6,25 Std. FahrzeitHeute geht es also los \u2013 unser Ziel ist Berlin. Zuerst geht es aber auf altbekannter Wasserstrecke bis nach Nijmwegen. Mal sehen, ob wir das in 2 Tagen schaffen werden. Bei bew\u00f6lktem, aber nicht zu kaltem Wetter &hellip; <\/p>\n<p class=\"link-more\"><a href=\"https:\/\/mybonnechance.de\/?page_id=8135\" class=\"more-link\"><span class=\"screen-reader-text\">\u201e2024-01 Start in Herten &#8211; Leukermeer\u201c<\/span> weiterlesen<\/a><\/p>\n","protected":false},"author":1,"featured_media":0,"parent":0,"menu_order":0,"comment_status":"closed","ping_status":"closed","template":"","meta":{"ngg_post_thumbnail":0,"footnotes":""},"class_list":["post-8135","page","type-page","status-publish","hentry"],"_links":{"self":[{"href":"https:\/\/mybonnechance.de\/index.php?rest_route=\/wp\/v2\/pages\/8135","targetHints":{"allow":["GET"]}}],"collection":[{"href":"https:\/\/mybonnechance.de\/index.php?rest_route=\/wp\/v2\/pages"}],"about":[{"href":"https:\/\/mybonnechance.de\/index.php?rest_route=\/wp\/v2\/types\/page"}],"author":[{"embeddable":true,"href":"https:\/\/mybonnechance.de\/index.php?rest_route=\/wp\/v2\/users\/1"}],"replies":[{"embeddable":true,"href":"https:\/\/mybonnechance.de\/index.php?rest_route=%2Fwp%2Fv2%2Fcomments&post=8135"}],"version-history":[{"count":7,"href":"https:\/\/mybonnechance.de\/index.php?rest_route=\/wp\/v2\/pages\/8135\/revisions"}],"predecessor-version":[{"id":8229,"href":"https:\/\/mybonnechance.de\/index.php?rest_route=\/wp\/v2\/pages\/8135\/revisions\/8229"}],"wp:attachment":[{"href":"https:\/\/mybonnechance.de\/index.php?rest_route=%2Fwp%2Fv2%2Fmedia&parent=8135"}],"curies":[{"name":"wp","href":"https:\/\/api.w.org\/{rel}","templated":true}]}}