{"id":8153,"date":"2024-06-15T12:32:13","date_gmt":"2024-06-15T12:32:13","guid":{"rendered":"https:\/\/mybonnechance.de\/?page_id=8153"},"modified":"2024-06-17T13:28:42","modified_gmt":"2024-06-17T13:28:42","slug":"2024-02-nijmegen","status":"publish","type":"page","link":"https:\/\/mybonnechance.de\/?page_id=8153","title":{"rendered":"2024-02 Nijmegen"},"content":{"rendered":"\n<p><strong>Tag 2, Dienstag 07.Mai  Leukermeer, Hafen T&#8217;leuken<\/strong> <strong>&#8211; Nijmegen, Stadthafen<\/strong><br>49,6 km \u2013 2 Schleusen \u2013 6,2 Std. Fahrzeit<br>Heute Morgen ziemlich fr\u00fch los, noch vor neun Uhr. An der <strong>Schleuse Sambeck<\/strong> haben wir <br>1 h Aufenthalt. Dann geht es erstmal auf den <strong>Maas-Waal Kanal<\/strong>. <\/p>\n\n\n\n<figure class=\"wp-block-image size-large is-style-default\"><img loading=\"lazy\" decoding=\"async\" width=\"1024\" height=\"576\" src=\"https:\/\/mybonnechance.de\/wp-content\/uploads\/2024\/06\/20240507_121216-1024x576.jpg\" alt=\"\" class=\"wp-image-8326\" srcset=\"https:\/\/mybonnechance.de\/wp-content\/uploads\/2024\/06\/20240507_121216-1024x576.jpg 1024w, https:\/\/mybonnechance.de\/wp-content\/uploads\/2024\/06\/20240507_121216-300x169.jpg 300w, https:\/\/mybonnechance.de\/wp-content\/uploads\/2024\/06\/20240507_121216-768x432.jpg 768w, https:\/\/mybonnechance.de\/wp-content\/uploads\/2024\/06\/20240507_121216-1536x864.jpg 1536w, https:\/\/mybonnechance.de\/wp-content\/uploads\/2024\/06\/20240507_121216-2048x1152.jpg 2048w\" sizes=\"auto, (max-width: 767px) 89vw, (max-width: 1000px) 54vw, (max-width: 1071px) 543px, 580px\" \/><\/figure>\n\n\n\n<p>Leider haben wir auch an der <strong>Schleuse Weurt<\/strong>, kurz vor Nijmegen, solange Aufenthalt. jKommen deshalb erst um 15:00 Uhr im <strong>Stadthafen Nijmwegen<\/strong> an und alle 4 m\u00f6glichen Anlegepl\u00e4tze sind besetzt. Es bleibt uns somit nichts anderes \u00fcbrig als im P\u00e4ckchen festzumachen. Es ist eh niemand an Bord, so da\u00df wir auch nirgendwo h\u00f6flich fragen k\u00f6nnen. Die hinteren Schiffe sind zu klein, die 38iger Linsen hat nur 1 Mittelklampe, also geht es ans erste Schiff mit gesch\u00e4tzten 14 m. Gegen\u00fcber darf man partout nicht anlegen \u2013ist nur f\u00fcr historische Schiffe.<\/p>\n\n\n\n<figure class=\"wp-block-image size-large is-resized is-style-default\"><img loading=\"lazy\" decoding=\"async\" width=\"1024\" height=\"576\" src=\"https:\/\/mybonnechance.de\/wp-content\/uploads\/2024\/06\/20240507_170159-1024x576.jpg\" alt=\"\" class=\"wp-image-8232\" style=\"width:622px;height:auto\" srcset=\"https:\/\/mybonnechance.de\/wp-content\/uploads\/2024\/06\/20240507_170159-1024x576.jpg 1024w, https:\/\/mybonnechance.de\/wp-content\/uploads\/2024\/06\/20240507_170159-300x169.jpg 300w, https:\/\/mybonnechance.de\/wp-content\/uploads\/2024\/06\/20240507_170159-768x432.jpg 768w, https:\/\/mybonnechance.de\/wp-content\/uploads\/2024\/06\/20240507_170159-1536x864.jpg 1536w, https:\/\/mybonnechance.de\/wp-content\/uploads\/2024\/06\/20240507_170159-2048x1152.jpg 2048w\" sizes=\"auto, (max-width: 767px) 89vw, (max-width: 1000px) 54vw, (max-width: 1071px) 543px, 580px\" \/><\/figure>\n\n\n\n<p><br>Wir brechen zu einem kleinen Rundgang durch die Stadt auf. Die Sonne scheint, zwischendurch zwar immer mal wieder bew\u00f6lkt, aber besser Wetter als zu Hause. Da regnet es. In den Notizen von 2022 habe ich alles wissenswerte \u00fcber Nijmegen bereits berichtet, deshalb spar ich mir das an dieser Stelle.<br>\u00dcberraschend besuchen uns J\u00f6rg und Marion und wir verbringen einensch\u00f6nen Abend zusammen.<br><\/p>\n\n\n\n\n\n<p><br><\/p>\n","protected":false},"excerpt":{"rendered":"<p>Tag 2, Dienstag 07.Mai Leukermeer, Hafen T&#8217;leuken &#8211; Nijmegen, Stadthafen49,6 km \u2013 2 Schleusen \u2013 6,2 Std. FahrzeitHeute Morgen ziemlich fr\u00fch los, noch vor neun Uhr. An der Schleuse Sambeck haben wir 1 h Aufenthalt. Dann geht es erstmal auf den Maas-Waal Kanal. Leider haben wir auch an der Schleuse Weurt, kurz vor Nijmegen, solange &hellip; <\/p>\n<p class=\"link-more\"><a href=\"https:\/\/mybonnechance.de\/?page_id=8153\" class=\"more-link\"><span class=\"screen-reader-text\">\u201e2024-02 Nijmegen\u201c<\/span> weiterlesen<\/a><\/p>\n","protected":false},"author":1,"featured_media":0,"parent":0,"menu_order":0,"comment_status":"closed","ping_status":"closed","template":"","meta":{"ngg_post_thumbnail":0,"footnotes":""},"class_list":["post-8153","page","type-page","status-publish","hentry"],"_links":{"self":[{"href":"https:\/\/mybonnechance.de\/index.php?rest_route=\/wp\/v2\/pages\/8153","targetHints":{"allow":["GET"]}}],"collection":[{"href":"https:\/\/mybonnechance.de\/index.php?rest_route=\/wp\/v2\/pages"}],"about":[{"href":"https:\/\/mybonnechance.de\/index.php?rest_route=\/wp\/v2\/types\/page"}],"author":[{"embeddable":true,"href":"https:\/\/mybonnechance.de\/index.php?rest_route=\/wp\/v2\/users\/1"}],"replies":[{"embeddable":true,"href":"https:\/\/mybonnechance.de\/index.php?rest_route=%2Fwp%2Fv2%2Fcomments&post=8153"}],"version-history":[{"count":6,"href":"https:\/\/mybonnechance.de\/index.php?rest_route=\/wp\/v2\/pages\/8153\/revisions"}],"predecessor-version":[{"id":8327,"href":"https:\/\/mybonnechance.de\/index.php?rest_route=\/wp\/v2\/pages\/8153\/revisions\/8327"}],"wp:attachment":[{"href":"https:\/\/mybonnechance.de\/index.php?rest_route=%2Fwp%2Fv2%2Fmedia&parent=8153"}],"curies":[{"name":"wp","href":"https:\/\/api.w.org\/{rel}","templated":true}]}}