{"id":8155,"date":"2024-06-15T12:32:45","date_gmt":"2024-06-15T12:32:45","guid":{"rendered":"https:\/\/mybonnechance.de\/?page_id=8155"},"modified":"2024-06-15T19:26:39","modified_gmt":"2024-06-15T19:26:39","slug":"2024-03-emmerich","status":"publish","type":"page","link":"https:\/\/mybonnechance.de\/?page_id=8155","title":{"rendered":"2024-03 Emmerich"},"content":{"rendered":"\n<p><strong>Tag 3, Mittwoch 08.Mai  Nijmegen, Stadthafen<\/strong> <strong>&#8211; Emmerich, Yachtclub Emmerich<\/strong><br>30,5 km \u2013 5,1 Std. Fahrzeit<br>Wir haben auch heute wieder Gl\u00fcck auf dem Waal bzw. Rhein, wie vor 2 Jahren. Wind und Wellen sind fast bei Null und die Berufsschiffer st\u00f6ren auch nicht. Wir fahren immer sch\u00f6n am Rand, da dort auch die Str\u00f6mung am niedrigsten ist. Diesmal wechseln wir nicht die Seiten, es klappt auch so alles gut. Nach 5 Std. erreichen wir den Emmericher Yachtclub Das der allerdings so klein ist (nur 1 Steg) haben wir nicht vermutet. <\/p>\n\n\n\n<figure class=\"wp-block-image size-large is-style-default\"><img loading=\"lazy\" decoding=\"async\" width=\"1024\" height=\"576\" src=\"https:\/\/mybonnechance.de\/wp-content\/uploads\/2024\/06\/Yachtclub-Emmerich-3-1024x576.jpg\" alt=\"\" class=\"wp-image-8240\" srcset=\"https:\/\/mybonnechance.de\/wp-content\/uploads\/2024\/06\/Yachtclub-Emmerich-3-1024x576.jpg 1024w, https:\/\/mybonnechance.de\/wp-content\/uploads\/2024\/06\/Yachtclub-Emmerich-3-300x169.jpg 300w, https:\/\/mybonnechance.de\/wp-content\/uploads\/2024\/06\/Yachtclub-Emmerich-3-768x432.jpg 768w, https:\/\/mybonnechance.de\/wp-content\/uploads\/2024\/06\/Yachtclub-Emmerich-3-1536x864.jpg 1536w, https:\/\/mybonnechance.de\/wp-content\/uploads\/2024\/06\/Yachtclub-Emmerich-3-2048x1152.jpg 2048w\" sizes=\"auto, (max-width: 767px) 89vw, (max-width: 1000px) 54vw, (max-width: 1071px) 543px, 580px\" \/><\/figure>\n\n\n\n<p>Der kommerzielle Jachthafen ist im selben Teich und das Grundst\u00fcck hier geh\u00f6rt auch dem Jachthafen. Die j\u00e4hrliche Pacht betr\u00e4gt 250.000 Euros. Wie die das bei den wenigen Schiffen hier aufbringen ist uns ziemlich r\u00e4tselhaft. Zumal \u00fcber die H\u00e4lfte der Schiffe Schrott und 1\/3 \u00fcberhaupt nicht mehr belegt sind. Weggestorben oder weggezogen. Der Hafenmeister ist ziemlich redselig, aber sehr nett. Eine Flagge kann ich auch noch k\u00e4uflich erwerben.<br>Zur Stadt kann man gut zu Fu\u00df gehen, allerdings ist diese eine herbe Entt\u00e4uschung. Absolute Geisterstadt. Das einzig sch\u00f6ne ist die Rheinpromenade mit den vielen Restaurants.<\/p>\n\n\n\n<div class=\"wp-block-columns is-layout-flex wp-container-core-columns-is-layout-9d6595d7 wp-block-columns-is-layout-flex\">\n<div class=\"wp-block-column is-layout-flow wp-block-column-is-layout-flow\">\n<figure class=\"wp-block-image size-large is-resized is-style-default\"><img loading=\"lazy\" decoding=\"async\" width=\"576\" height=\"1024\" src=\"https:\/\/mybonnechance.de\/wp-content\/uploads\/2024\/06\/Emmerich-8-1-576x1024.jpg\" alt=\"\" class=\"wp-image-8242\" style=\"width:248px;height:auto\" srcset=\"https:\/\/mybonnechance.de\/wp-content\/uploads\/2024\/06\/Emmerich-8-1-576x1024.jpg 576w, https:\/\/mybonnechance.de\/wp-content\/uploads\/2024\/06\/Emmerich-8-1-169x300.jpg 169w, https:\/\/mybonnechance.de\/wp-content\/uploads\/2024\/06\/Emmerich-8-1-768x1365.jpg 768w, https:\/\/mybonnechance.de\/wp-content\/uploads\/2024\/06\/Emmerich-8-1-864x1536.jpg 864w, https:\/\/mybonnechance.de\/wp-content\/uploads\/2024\/06\/Emmerich-8-1-1152x2048.jpg 1152w, https:\/\/mybonnechance.de\/wp-content\/uploads\/2024\/06\/Emmerich-8-1-scaled.jpg 1440w\" sizes=\"auto, (max-width: 576px) 100vw, 576px\" \/><\/figure>\n<\/div>\n\n\n\n<div class=\"wp-block-column is-layout-flow wp-block-column-is-layout-flow\">\n<figure class=\"wp-block-image size-large is-resized is-style-default\"><img loading=\"lazy\" decoding=\"async\" width=\"576\" height=\"1024\" src=\"https:\/\/mybonnechance.de\/wp-content\/uploads\/2024\/06\/Emmerich-7-576x1024.jpg\" alt=\"\" class=\"wp-image-8243\" style=\"width:246px;height:auto\" srcset=\"https:\/\/mybonnechance.de\/wp-content\/uploads\/2024\/06\/Emmerich-7-576x1024.jpg 576w, https:\/\/mybonnechance.de\/wp-content\/uploads\/2024\/06\/Emmerich-7-169x300.jpg 169w, https:\/\/mybonnechance.de\/wp-content\/uploads\/2024\/06\/Emmerich-7-768x1365.jpg 768w, https:\/\/mybonnechance.de\/wp-content\/uploads\/2024\/06\/Emmerich-7-864x1536.jpg 864w, https:\/\/mybonnechance.de\/wp-content\/uploads\/2024\/06\/Emmerich-7-1152x2048.jpg 1152w, https:\/\/mybonnechance.de\/wp-content\/uploads\/2024\/06\/Emmerich-7-scaled.jpg 1440w\" sizes=\"auto, (max-width: 576px) 100vw, 576px\" \/><figcaption class=\"wp-element-caption\"><strong>Da strahlt aber einer  <\/strong><\/figcaption><\/figure>\n<\/div>\n<\/div>\n\n\n","protected":false},"excerpt":{"rendered":"<p>Tag 3, Mittwoch 08.Mai Nijmegen, Stadthafen &#8211; Emmerich, Yachtclub Emmerich30,5 km \u2013 5,1 Std. FahrzeitWir haben auch heute wieder Gl\u00fcck auf dem Waal bzw. Rhein, wie vor 2 Jahren. Wind und Wellen sind fast bei Null und die Berufsschiffer st\u00f6ren auch nicht. Wir fahren immer sch\u00f6n am Rand, da dort auch die Str\u00f6mung am niedrigsten &hellip; <\/p>\n<p class=\"link-more\"><a href=\"https:\/\/mybonnechance.de\/?page_id=8155\" class=\"more-link\"><span class=\"screen-reader-text\">\u201e2024-03 Emmerich\u201c<\/span> weiterlesen<\/a><\/p>\n","protected":false},"author":1,"featured_media":0,"parent":0,"menu_order":0,"comment_status":"closed","ping_status":"closed","template":"","meta":{"ngg_post_thumbnail":0,"footnotes":""},"class_list":["post-8155","page","type-page","status-publish","hentry"],"_links":{"self":[{"href":"https:\/\/mybonnechance.de\/index.php?rest_route=\/wp\/v2\/pages\/8155","targetHints":{"allow":["GET"]}}],"collection":[{"href":"https:\/\/mybonnechance.de\/index.php?rest_route=\/wp\/v2\/pages"}],"about":[{"href":"https:\/\/mybonnechance.de\/index.php?rest_route=\/wp\/v2\/types\/page"}],"author":[{"embeddable":true,"href":"https:\/\/mybonnechance.de\/index.php?rest_route=\/wp\/v2\/users\/1"}],"replies":[{"embeddable":true,"href":"https:\/\/mybonnechance.de\/index.php?rest_route=%2Fwp%2Fv2%2Fcomments&post=8155"}],"version-history":[{"count":3,"href":"https:\/\/mybonnechance.de\/index.php?rest_route=\/wp\/v2\/pages\/8155\/revisions"}],"predecessor-version":[{"id":8244,"href":"https:\/\/mybonnechance.de\/index.php?rest_route=\/wp\/v2\/pages\/8155\/revisions\/8244"}],"wp:attachment":[{"href":"https:\/\/mybonnechance.de\/index.php?rest_route=%2Fwp%2Fv2%2Fmedia&parent=8155"}],"curies":[{"name":"wp","href":"https:\/\/api.w.org\/{rel}","templated":true}]}}