{"id":8157,"date":"2024-06-15T12:33:09","date_gmt":"2024-06-15T12:33:09","guid":{"rendered":"https:\/\/mybonnechance.de\/?page_id=8157"},"modified":"2024-09-18T11:00:31","modified_gmt":"2024-09-18T11:00:31","slug":"2024-04-wesel","status":"publish","type":"page","link":"https:\/\/mybonnechance.de\/?page_id=8157","title":{"rendered":"2024-04 Wesel"},"content":{"rendered":"\n<p id=\"block-122d8380-daa6-4e28-ab53-170ca2080e2a\"><strong>Tag 4, Donnerstag 09.Mai<\/strong> <strong> Emmerich, Yachtclub Emmerich<\/strong> <strong>&#8211; Wesel, Yachtclub Wesel<\/strong><br>39,1 km \u2013 7 Std. Fahrzeit<br>Wir werden immer fr\u00fcher am Tag. Heute starten wir bereits um 8 Uhr. Aber wir werden wohl im Laufe des Tages immer langsamer werden, da der Pegel nochmal um 0,70 cm steigen soll. Die Aussage vom Hafenmeister stimmt, gegen Mittag sinken wir auf das Schneckentempo von 4,5 km\/h. Nach 1 h geht es aber wieder schneller. Schlimmer finde ich allerdings die k\u00f6rperliche Anstrengung beim Fahren. Trotz der niedrigen Geschwindigkeit kann man das Steuer nicht f\u00fcr einen Moment ruhen lassen. Die Str\u00f6mung ist so stark, da\u00df man alle Kraft aufbringen muss, um immer wieder in die richtige Richtung zu lenken. Wir kommen an <strong>Rees und Xanten <\/strong>vorbei, deren H\u00e4fen auch nett in einem See liegen. Aus dem ehemaligen <strong>Kernkraftwerk Kalkar<\/strong> ist jetzt ein Vergn\u00fcgungspark geworden.<\/p>\n\n\n\n<figure class=\"wp-block-image size-large is-style-default\"><img loading=\"lazy\" decoding=\"async\" width=\"1024\" height=\"576\" src=\"https:\/\/mybonnechance.de\/wp-content\/uploads\/2024\/06\/20240509_101549-1024x576.jpg\" alt=\"\" class=\"wp-image-8246\" srcset=\"https:\/\/mybonnechance.de\/wp-content\/uploads\/2024\/06\/20240509_101549-1024x576.jpg 1024w, https:\/\/mybonnechance.de\/wp-content\/uploads\/2024\/06\/20240509_101549-300x169.jpg 300w, https:\/\/mybonnechance.de\/wp-content\/uploads\/2024\/06\/20240509_101549-768x432.jpg 768w, https:\/\/mybonnechance.de\/wp-content\/uploads\/2024\/06\/20240509_101549-1536x864.jpg 1536w, https:\/\/mybonnechance.de\/wp-content\/uploads\/2024\/06\/20240509_101549-2048x1152.jpg 2048w\" sizes=\"auto, (max-width: 767px) 89vw, (max-width: 1000px) 54vw, (max-width: 1071px) 543px, 580px\" \/><\/figure>\n\n\n\n<p id=\"block-122d8380-daa6-4e28-ab53-170ca2080e2a\"><br>Um 15 Uhr kommen wir nach 30 km und 7 Std. endlich an. Schnell duschen und aufs Abendessen freuen. Wir sind mit Bekannten aus Wuppertal verabredet, die vor 1 Jahr an den Niederrhein gezogen sind.<\/p>\n\n\n\n<p class=\"has-vivid-red-color has-text-color has-link-color wp-elements-db8e67742e0520341b0cab2121feecb1\"><strong><em>Hafengeb\u00fchr:  2.- p.M. incl. Allem  \/   Wlan, Hafenrestaurant<\/em><\/strong> \/ <strong><em>EDEKA ca. 3 km entfernt, Stadt Wesel 4,5 km entfernt<\/em><\/strong><\/p>\n\n\n\n\n\n<p><\/p>\n","protected":false},"excerpt":{"rendered":"<p>Tag 4, Donnerstag 09.Mai Emmerich, Yachtclub Emmerich &#8211; Wesel, Yachtclub Wesel39,1 km \u2013 7 Std. FahrzeitWir werden immer fr\u00fcher am Tag. Heute starten wir bereits um 8 Uhr. Aber wir werden wohl im Laufe des Tages immer langsamer werden, da der Pegel nochmal um 0,70 cm steigen soll. Die Aussage vom Hafenmeister stimmt, gegen Mittag &hellip; <\/p>\n<p class=\"link-more\"><a href=\"https:\/\/mybonnechance.de\/?page_id=8157\" class=\"more-link\"><span class=\"screen-reader-text\">\u201e2024-04 Wesel\u201c<\/span> weiterlesen<\/a><\/p>\n","protected":false},"author":1,"featured_media":0,"parent":0,"menu_order":0,"comment_status":"closed","ping_status":"closed","template":"","meta":{"ngg_post_thumbnail":0,"footnotes":""},"class_list":["post-8157","page","type-page","status-publish","hentry"],"_links":{"self":[{"href":"https:\/\/mybonnechance.de\/index.php?rest_route=\/wp\/v2\/pages\/8157","targetHints":{"allow":["GET"]}}],"collection":[{"href":"https:\/\/mybonnechance.de\/index.php?rest_route=\/wp\/v2\/pages"}],"about":[{"href":"https:\/\/mybonnechance.de\/index.php?rest_route=\/wp\/v2\/types\/page"}],"author":[{"embeddable":true,"href":"https:\/\/mybonnechance.de\/index.php?rest_route=\/wp\/v2\/users\/1"}],"replies":[{"embeddable":true,"href":"https:\/\/mybonnechance.de\/index.php?rest_route=%2Fwp%2Fv2%2Fcomments&post=8157"}],"version-history":[{"count":4,"href":"https:\/\/mybonnechance.de\/index.php?rest_route=\/wp\/v2\/pages\/8157\/revisions"}],"predecessor-version":[{"id":9788,"href":"https:\/\/mybonnechance.de\/index.php?rest_route=\/wp\/v2\/pages\/8157\/revisions\/9788"}],"wp:attachment":[{"href":"https:\/\/mybonnechance.de\/index.php?rest_route=%2Fwp%2Fv2%2Fmedia&parent=8157"}],"curies":[{"name":"wp","href":"https:\/\/api.w.org\/{rel}","templated":true}]}}