{"id":8159,"date":"2024-06-15T12:33:33","date_gmt":"2024-06-15T12:33:33","guid":{"rendered":"https:\/\/mybonnechance.de\/?page_id=8159"},"modified":"2024-06-17T13:37:03","modified_gmt":"2024-06-17T13:37:03","slug":"2024-05-dorsten","status":"publish","type":"page","link":"https:\/\/mybonnechance.de\/?page_id=8159","title":{"rendered":"2024-05 Dorsten"},"content":{"rendered":"\n<p id=\"block-122d8380-daa6-4e28-ab53-170ca2080e2a\"><strong>Tag 5, Freitag 10.Mai<\/strong> <strong> <\/strong> <strong>Wesel, Yachtclub Wesel &#8211; Dorsten, Anleger<\/strong><br>32 km \u2013 2 Schleusen &#8211; 6 Std. Fahrzeit<br>Und wieder schleppen wir uns mit 5 km\/h den Rhein hoch. Aber nicht mehr lange, dann kommt endlich der <strong>Wesel Dattel Kanal<\/strong> und die erste <strong>Schleuse Kl. Friedrichsfeld.<\/strong> Besser als anfunken ist dort anzurufen. Freundlicher Schleusenw\u00e4rter, der uns gewarnt hat, nicht zu weit nach vorne zu fahren wegen Strudel. Hohe Schleusenwand, nur 1 Poller erreichbar \u2013 also Mittelpoller. Ging aber alles ganz easy. Hinter uns ist noch ein Schweitzer, der auch in heute bis Dorsten f\u00e4hrt. An der n\u00e4chsten Schleuse ist es vorbei mit schneller Weiterfahrt. Wir m\u00fcssen fast 2 h warten. Wenigstens haben wir gutes Wetter, Sonnenschein und der Kanal ist beidseits begr\u00fcnt, so da\u00df es sch\u00f6n ist durchzufahren.<br>Durch Zufall finden wir in Dorsten eine offizielle Anlegem\u00f6glichkeit im Kanal = <strong>Sportbootanlegestelle Dorsten<\/strong>. Ist direkt an einem Einkaufszentrum gelegen ( Mercaden). Ist sicher nicht der romantischste Platz, aber ausgesprochen praktisch. In 5 min. ist man in der Stadt, die sehr h\u00fcbsch ist. Man hat dort alle Gesch\u00e4fte, die man brauchen k\u00f6nnte. In den Mercaden ist ein gro\u00dfer Kaufland. Leider bekommen wir durch das Geb\u00e4ude keinen TV Empfang und WiFi nat\u00fcrlich auch nicht. Strom k\u00f6nnte man per App erhalten, aber wir verzichten f\u00fcr die 1 Nacht darauf.<\/p>\n\n\n\n<figure class=\"wp-block-gallery has-nested-images columns-default is-cropped wp-block-gallery-1 is-layout-flex wp-block-gallery-is-layout-flex\">\n<figure class=\"wp-block-image size-large is-style-default\"><img loading=\"lazy\" decoding=\"async\" width=\"1024\" height=\"576\" data-id=\"8253\" src=\"https:\/\/mybonnechance.de\/wp-content\/uploads\/2024\/06\/20240510_162032-1024x576.jpg\" alt=\"\" class=\"wp-image-8253\" srcset=\"https:\/\/mybonnechance.de\/wp-content\/uploads\/2024\/06\/20240510_162032-1024x576.jpg 1024w, https:\/\/mybonnechance.de\/wp-content\/uploads\/2024\/06\/20240510_162032-300x169.jpg 300w, https:\/\/mybonnechance.de\/wp-content\/uploads\/2024\/06\/20240510_162032-768x432.jpg 768w, https:\/\/mybonnechance.de\/wp-content\/uploads\/2024\/06\/20240510_162032-1536x864.jpg 1536w, https:\/\/mybonnechance.de\/wp-content\/uploads\/2024\/06\/20240510_162032-2048x1152.jpg 2048w\" sizes=\"auto, (max-width: 767px) 89vw, (max-width: 1000px) 54vw, (max-width: 1071px) 543px, 580px\" \/><figcaption class=\"wp-element-caption\"><strong>Stadt Dorsten<\/strong><\/figcaption><\/figure>\n\n\n\n<figure class=\"wp-block-image size-large is-style-default\"><img loading=\"lazy\" decoding=\"async\" width=\"1024\" height=\"576\" data-id=\"8252\" src=\"https:\/\/mybonnechance.de\/wp-content\/uploads\/2024\/06\/20240510_215130-1024x576.jpg\" alt=\"\" class=\"wp-image-8252\" srcset=\"https:\/\/mybonnechance.de\/wp-content\/uploads\/2024\/06\/20240510_215130-1024x576.jpg 1024w, https:\/\/mybonnechance.de\/wp-content\/uploads\/2024\/06\/20240510_215130-300x169.jpg 300w, https:\/\/mybonnechance.de\/wp-content\/uploads\/2024\/06\/20240510_215130-768x432.jpg 768w, https:\/\/mybonnechance.de\/wp-content\/uploads\/2024\/06\/20240510_215130-1536x864.jpg 1536w, https:\/\/mybonnechance.de\/wp-content\/uploads\/2024\/06\/20240510_215130-2048x1152.jpg 2048w\" sizes=\"auto, (max-width: 767px) 89vw, (max-width: 1000px) 54vw, (max-width: 1071px) 543px, 580px\" \/><\/figure>\n<\/figure>\n\n\n\n<div class=\"wp-block-columns is-layout-flex wp-container-core-columns-is-layout-9d6595d7 wp-block-columns-is-layout-flex\">\n<div class=\"wp-block-column is-layout-flow wp-block-column-is-layout-flow\" style=\"flex-basis:33.33%\">\n<figure class=\"wp-block-gallery has-nested-images columns-default is-cropped wp-block-gallery-2 is-layout-flex wp-block-gallery-is-layout-flex\">\n<figure class=\"wp-block-image size-large is-style-default\"><img loading=\"lazy\" decoding=\"async\" width=\"576\" height=\"1024\" data-id=\"8329\" src=\"https:\/\/mybonnechance.de\/wp-content\/uploads\/2024\/06\/20240517_102435-576x1024.jpg\" alt=\"\" class=\"wp-image-8329\" srcset=\"https:\/\/mybonnechance.de\/wp-content\/uploads\/2024\/06\/20240517_102435-576x1024.jpg 576w, https:\/\/mybonnechance.de\/wp-content\/uploads\/2024\/06\/20240517_102435-169x300.jpg 169w, https:\/\/mybonnechance.de\/wp-content\/uploads\/2024\/06\/20240517_102435-768x1365.jpg 768w, https:\/\/mybonnechance.de\/wp-content\/uploads\/2024\/06\/20240517_102435-864x1536.jpg 864w, https:\/\/mybonnechance.de\/wp-content\/uploads\/2024\/06\/20240517_102435-1152x2048.jpg 1152w, https:\/\/mybonnechance.de\/wp-content\/uploads\/2024\/06\/20240517_102435-scaled.jpg 1440w\" sizes=\"auto, (max-width: 576px) 100vw, 576px\" \/><\/figure>\n<\/figure>\n<\/div>\n\n\n\n<div class=\"wp-block-column is-layout-flow wp-block-column-is-layout-flow\" style=\"flex-basis:66.66%\">\n<figure class=\"wp-block-gallery has-nested-images columns-default is-cropped wp-block-gallery-3 is-layout-flex wp-block-gallery-is-layout-flex\">\n<figure class=\"wp-block-image size-large is-style-default\"><img loading=\"lazy\" decoding=\"async\" width=\"1024\" height=\"576\" data-id=\"8331\" src=\"https:\/\/mybonnechance.de\/wp-content\/uploads\/2024\/06\/20240517_103451-1024x576.jpg\" alt=\"\" class=\"wp-image-8331\" srcset=\"https:\/\/mybonnechance.de\/wp-content\/uploads\/2024\/06\/20240517_103451-1024x576.jpg 1024w, https:\/\/mybonnechance.de\/wp-content\/uploads\/2024\/06\/20240517_103451-300x169.jpg 300w, https:\/\/mybonnechance.de\/wp-content\/uploads\/2024\/06\/20240517_103451-768x432.jpg 768w, https:\/\/mybonnechance.de\/wp-content\/uploads\/2024\/06\/20240517_103451-1536x864.jpg 1536w, https:\/\/mybonnechance.de\/wp-content\/uploads\/2024\/06\/20240517_103451-2048x1152.jpg 2048w\" sizes=\"auto, (max-width: 767px) 89vw, (max-width: 1000px) 54vw, (max-width: 1071px) 543px, 580px\" \/><\/figure>\n\n\n\n<figure class=\"wp-block-image size-large is-style-default\"><img loading=\"lazy\" decoding=\"async\" width=\"1024\" height=\"576\" data-id=\"8330\" src=\"https:\/\/mybonnechance.de\/wp-content\/uploads\/2024\/06\/20240517_103525-1024x576.jpg\" alt=\"\" class=\"wp-image-8330\" srcset=\"https:\/\/mybonnechance.de\/wp-content\/uploads\/2024\/06\/20240517_103525-1024x576.jpg 1024w, https:\/\/mybonnechance.de\/wp-content\/uploads\/2024\/06\/20240517_103525-300x169.jpg 300w, https:\/\/mybonnechance.de\/wp-content\/uploads\/2024\/06\/20240517_103525-768x432.jpg 768w, https:\/\/mybonnechance.de\/wp-content\/uploads\/2024\/06\/20240517_103525-1536x864.jpg 1536w, https:\/\/mybonnechance.de\/wp-content\/uploads\/2024\/06\/20240517_103525-2048x1152.jpg 2048w\" sizes=\"auto, (max-width: 767px) 89vw, (max-width: 1000px) 54vw, (max-width: 1071px) 543px, 580px\" \/><\/figure>\n<\/figure>\n\n\n\n<p>Die Sportanleger werden so markiert und die Fahrt durch den Kanal ist echt sch\u00f6n. \u00dcberall auf beiden Seiten begr\u00fcnt.<\/p>\n<\/div>\n<\/div>\n\n\n","protected":false},"excerpt":{"rendered":"<p>Tag 5, Freitag 10.Mai Wesel, Yachtclub Wesel &#8211; Dorsten, Anleger32 km \u2013 2 Schleusen &#8211; 6 Std. FahrzeitUnd wieder schleppen wir uns mit 5 km\/h den Rhein hoch. Aber nicht mehr lange, dann kommt endlich der Wesel Dattel Kanal und die erste Schleuse Kl. Friedrichsfeld. Besser als anfunken ist dort anzurufen. Freundlicher Schleusenw\u00e4rter, der uns &hellip; <\/p>\n<p class=\"link-more\"><a href=\"https:\/\/mybonnechance.de\/?page_id=8159\" class=\"more-link\"><span class=\"screen-reader-text\">\u201e2024-05 Dorsten\u201c<\/span> weiterlesen<\/a><\/p>\n","protected":false},"author":1,"featured_media":0,"parent":0,"menu_order":0,"comment_status":"closed","ping_status":"closed","template":"","meta":{"ngg_post_thumbnail":0,"footnotes":""},"class_list":["post-8159","page","type-page","status-publish","hentry"],"_links":{"self":[{"href":"https:\/\/mybonnechance.de\/index.php?rest_route=\/wp\/v2\/pages\/8159","targetHints":{"allow":["GET"]}}],"collection":[{"href":"https:\/\/mybonnechance.de\/index.php?rest_route=\/wp\/v2\/pages"}],"about":[{"href":"https:\/\/mybonnechance.de\/index.php?rest_route=\/wp\/v2\/types\/page"}],"author":[{"embeddable":true,"href":"https:\/\/mybonnechance.de\/index.php?rest_route=\/wp\/v2\/users\/1"}],"replies":[{"embeddable":true,"href":"https:\/\/mybonnechance.de\/index.php?rest_route=%2Fwp%2Fv2%2Fcomments&post=8159"}],"version-history":[{"count":4,"href":"https:\/\/mybonnechance.de\/index.php?rest_route=\/wp\/v2\/pages\/8159\/revisions"}],"predecessor-version":[{"id":8332,"href":"https:\/\/mybonnechance.de\/index.php?rest_route=\/wp\/v2\/pages\/8159\/revisions\/8332"}],"wp:attachment":[{"href":"https:\/\/mybonnechance.de\/index.php?rest_route=%2Fwp%2Fv2%2Fmedia&parent=8159"}],"curies":[{"name":"wp","href":"https:\/\/api.w.org\/{rel}","templated":true}]}}