{"id":8166,"date":"2024-06-15T12:42:10","date_gmt":"2024-06-15T12:42:10","guid":{"rendered":"https:\/\/mybonnechance.de\/?page_id=8166"},"modified":"2024-09-18T10:47:34","modified_gmt":"2024-09-18T10:47:34","slug":"2024-06-flaesheim-bei-haltern","status":"publish","type":"page","link":"https:\/\/mybonnechance.de\/?page_id=8166","title":{"rendered":"2024-06 Flaesheim bei Haltern"},"content":{"rendered":"\n<p><strong>Tag 6, Samstag 11.Mai<\/strong> <strong> <\/strong> <strong> Dorsten, Anleger<\/strong> <strong>&#8211; Flaesheim, Marina Flaesheim<\/strong><br>21,2 km \u2013 2 Schleusen &#8211; 4,2 Std. Fahrzeit<br>Die Wartezeit an der Schleuse Dorsten dauert zum Gl\u00fcck nicht so lang. Die Fahrt ist wieder gem\u00e4chlich bei sonnigem Wetter. An der Schleuse Flaesheim dauert es daf\u00fcr mal wieder l\u00e4nger. Erst sollten wir mit einem Berufer fahren, dann aber doch auf die andere Kammer warten. So sind wir dann ganz allein geschleust. F\u00fcr alle Schleusen hier gilt: Hinten bleiben wegen des starken Strudels vorne.<br>Gegen Mittag erreichen wir die <strong>Marina Flaesheim<\/strong>, die zwar das Geld einer Marina nimmt, aber bei weitem nicht so ausgestattet ist. Daf\u00fcr liegt man malerisch in einem Teich.<br>Abends essen wir recht lecker eine \u201eBottropper Schlemmerplatte\u201c im Marina eigenem Biergarten. Da sitzt man recht h\u00fcbsch, die Speisen sind eher \u00fcbersichtlich, aber lecker. Unbedingt zu empfehlen ist auch das Eis.<\/p>\n\n\n\n<p class=\"has-vivid-red-color has-text-color has-link-color wp-elements-7c8aefb57e8402322f7bc0e4c66f17aa\"><strong><em>Hafengeb\u00fchr:  20.- incl. Wasser, 5.- Strom p. Tag  \/  Kein Wlan, schlechte Netzbedingung, Hafenbistro<\/em><\/strong>,<strong><em> <\/em><\/strong> <strong><em>Kleiner<\/em> Badestrand<\/strong> \/ <strong><em>Stadt Flaesheim ca. 4 km entfernt<\/em><\/strong><br><\/p>\n\n\n\n<figure class=\"wp-block-gallery has-nested-images columns-default is-cropped wp-block-gallery-1 is-layout-flex wp-block-gallery-is-layout-flex\">\n<figure class=\"wp-block-image size-large is-style-default\"><img loading=\"lazy\" decoding=\"async\" width=\"1024\" height=\"576\" data-id=\"8259\" src=\"https:\/\/mybonnechance.de\/wp-content\/uploads\/2024\/06\/20240511_180933-1024x576.jpg\" alt=\"\" class=\"wp-image-8259\" srcset=\"https:\/\/mybonnechance.de\/wp-content\/uploads\/2024\/06\/20240511_180933-1024x576.jpg 1024w, https:\/\/mybonnechance.de\/wp-content\/uploads\/2024\/06\/20240511_180933-300x169.jpg 300w, https:\/\/mybonnechance.de\/wp-content\/uploads\/2024\/06\/20240511_180933-768x432.jpg 768w, https:\/\/mybonnechance.de\/wp-content\/uploads\/2024\/06\/20240511_180933-1536x864.jpg 1536w, https:\/\/mybonnechance.de\/wp-content\/uploads\/2024\/06\/20240511_180933-2048x1152.jpg 2048w\" sizes=\"auto, (max-width: 767px) 89vw, (max-width: 1000px) 54vw, (max-width: 1071px) 543px, 580px\" \/><\/figure>\n\n\n\n<figure class=\"wp-block-image size-large is-style-default\"><img loading=\"lazy\" decoding=\"async\" width=\"1024\" height=\"576\" data-id=\"8258\" src=\"https:\/\/mybonnechance.de\/wp-content\/uploads\/2024\/06\/20240511_215044-1024x576.jpg\" alt=\"\" class=\"wp-image-8258\" srcset=\"https:\/\/mybonnechance.de\/wp-content\/uploads\/2024\/06\/20240511_215044-1024x576.jpg 1024w, https:\/\/mybonnechance.de\/wp-content\/uploads\/2024\/06\/20240511_215044-300x169.jpg 300w, https:\/\/mybonnechance.de\/wp-content\/uploads\/2024\/06\/20240511_215044-768x432.jpg 768w, https:\/\/mybonnechance.de\/wp-content\/uploads\/2024\/06\/20240511_215044-1536x864.jpg 1536w, https:\/\/mybonnechance.de\/wp-content\/uploads\/2024\/06\/20240511_215044-2048x1152.jpg 2048w\" sizes=\"auto, (max-width: 767px) 89vw, (max-width: 1000px) 54vw, (max-width: 1071px) 543px, 580px\" \/><\/figure>\n<\/figure>\n\n\n\n\n\n<p><br><br><\/p>\n","protected":false},"excerpt":{"rendered":"<p>Tag 6, Samstag 11.Mai Dorsten, Anleger &#8211; Flaesheim, Marina Flaesheim21,2 km \u2013 2 Schleusen &#8211; 4,2 Std. FahrzeitDie Wartezeit an der Schleuse Dorsten dauert zum Gl\u00fcck nicht so lang. Die Fahrt ist wieder gem\u00e4chlich bei sonnigem Wetter. An der Schleuse Flaesheim dauert es daf\u00fcr mal wieder l\u00e4nger. Erst sollten wir mit einem Berufer fahren, dann &hellip; <\/p>\n<p class=\"link-more\"><a href=\"https:\/\/mybonnechance.de\/?page_id=8166\" class=\"more-link\"><span class=\"screen-reader-text\">\u201e2024-06 Flaesheim bei Haltern\u201c<\/span> weiterlesen<\/a><\/p>\n","protected":false},"author":1,"featured_media":0,"parent":0,"menu_order":0,"comment_status":"closed","ping_status":"closed","template":"","meta":{"ngg_post_thumbnail":0,"footnotes":""},"class_list":["post-8166","page","type-page","status-publish","hentry"],"_links":{"self":[{"href":"https:\/\/mybonnechance.de\/index.php?rest_route=\/wp\/v2\/pages\/8166","targetHints":{"allow":["GET"]}}],"collection":[{"href":"https:\/\/mybonnechance.de\/index.php?rest_route=\/wp\/v2\/pages"}],"about":[{"href":"https:\/\/mybonnechance.de\/index.php?rest_route=\/wp\/v2\/types\/page"}],"author":[{"embeddable":true,"href":"https:\/\/mybonnechance.de\/index.php?rest_route=\/wp\/v2\/users\/1"}],"replies":[{"embeddable":true,"href":"https:\/\/mybonnechance.de\/index.php?rest_route=%2Fwp%2Fv2%2Fcomments&post=8166"}],"version-history":[{"count":4,"href":"https:\/\/mybonnechance.de\/index.php?rest_route=\/wp\/v2\/pages\/8166\/revisions"}],"predecessor-version":[{"id":9779,"href":"https:\/\/mybonnechance.de\/index.php?rest_route=\/wp\/v2\/pages\/8166\/revisions\/9779"}],"wp:attachment":[{"href":"https:\/\/mybonnechance.de\/index.php?rest_route=%2Fwp%2Fv2%2Fmedia&parent=8166"}],"curies":[{"name":"wp","href":"https:\/\/api.w.org\/{rel}","templated":true}]}}