{"id":8170,"date":"2024-06-15T12:43:15","date_gmt":"2024-06-15T12:43:15","guid":{"rendered":"https:\/\/mybonnechance.de\/?page_id=8170"},"modified":"2024-06-17T13:17:41","modified_gmt":"2024-06-17T13:17:41","slug":"2024-08-muenster","status":"publish","type":"page","link":"https:\/\/mybonnechance.de\/?page_id=8170","title":{"rendered":"2024-08 M\u00fcnster"},"content":{"rendered":"\n<p><strong>Tag 8, Montag 13.Mai<\/strong> <strong> <\/strong> <strong>Datteln,MYCKD &#8211; M\u00fcnster, Stadthafen<\/strong><br>29,8 km &#8211; 3,2 Std. Fahrzeit<br>Wir verlassen den idyllischen Hafen und machen uns auf nach <strong>M\u00fcnster. <\/strong>Kurz danach wechseln wir auf den <strong>Dortmund-Ems-Kanal. <\/strong>Von unterwegs telefonieren wir mit dem Hafenmeister, der uns gr\u00fcnes Licht f\u00fcr die \u00dcbernachtungen gibt. Normalerweise gibt es wohl ein Agreement mit der Stadt, dass man f\u00fcr 1-2 N\u00e4chte bleiben kann, aber diese Woche ist nichts los. Die Flu\u00dffahrtschiffe kommen erst am WE. Es ist zwar etwas ungastlich hier, sprich weder Strom noch Wasser und das Befestigen ist auch nicht so einfach, aber wir glauben, da\u00df ist so gewollt. Schiffe sind wohl von den M\u00fcnsteraner nicht unbedingt erw\u00fcnscht. Die finden es gibt eh zu viel Tourismus in der Stadt.\u00a0 Nat\u00fcrlich ist es auch nicht besonders ruhig hier, da sich in den letzten Jahren an der Kade viele Lokale und B\u00fcros angesiedelt haben. Auf der gegen\u00fcberliegenden Seite wird gebaut, so da\u00df wir tags\u00fcber den Baul\u00e4rm h\u00f6ren. Aber andererseits gibt es somit auch immer etwas zu sehen. <strong>Direkt um die Ecke gibt es einen Aldi und einen gro\u00dfen Edeka. <\/strong>Beide sind super sortiert. \u00a0Aber am Nachmittag bekommen wir unerwarteten Besuch von dem Schweizer Schiff \u201eKira\u201c, welches wir an der Schleuse getroffen hatten.n Rolf, Leonie und Bernadette wollen bis nach Cuxhaven und von dort weiter. Sie liegen in der Marina Fuestrup, welches sie uns warm ans Herz legt. Vielleicht dann auf der R\u00fccktour. Da jetzt einen Zwischenstopp einzulegen lohnt bei 11 km Entfernung nicht wirklich. Vielleicht sieht man sich ja unterwegs nochmal.<\/p>\n\n\n\n<figure class=\"wp-block-gallery has-nested-images columns-default is-cropped wp-block-gallery-1 is-layout-flex wp-block-gallery-is-layout-flex\">\n<figure class=\"wp-block-image size-large is-style-default\"><img loading=\"lazy\" decoding=\"async\" width=\"1024\" height=\"576\" data-id=\"8269\" src=\"https:\/\/mybonnechance.de\/wp-content\/uploads\/2024\/06\/20240513_114615-1024x576.jpg\" alt=\"\" class=\"wp-image-8269\" srcset=\"https:\/\/mybonnechance.de\/wp-content\/uploads\/2024\/06\/20240513_114615-1024x576.jpg 1024w, https:\/\/mybonnechance.de\/wp-content\/uploads\/2024\/06\/20240513_114615-300x169.jpg 300w, https:\/\/mybonnechance.de\/wp-content\/uploads\/2024\/06\/20240513_114615-768x432.jpg 768w, https:\/\/mybonnechance.de\/wp-content\/uploads\/2024\/06\/20240513_114615-1536x864.jpg 1536w, https:\/\/mybonnechance.de\/wp-content\/uploads\/2024\/06\/20240513_114615-2048x1152.jpg 2048w\" sizes=\"auto, (max-width: 767px) 89vw, (max-width: 1000px) 54vw, (max-width: 1071px) 543px, 580px\" \/><figcaption class=\"wp-element-caption\"><strong>Stadthafen M\u00fcnster<\/strong><\/figcaption><\/figure>\n<\/figure>\n\n\n\n<p><strong>Tag 9 + 10,     14. + 15. Mai  <br><\/strong>Wir wollen heute fr\u00fch gerade los zum Einkaufen, da kommt ein freundlicher Polizist von der Wasserschutzpolizei, um unsere Papiere zu kontrollieren. Der Beamte ist aber v\u00f6llig locker und entspannt. Nach der Kontrolle sprechen wir noch \u00fcber Sicherheitsstandards und dabei erfahren wir auch, da\u00df der Hafenmeister ein Angestellter der Wasserwerke M\u00fcnster ist. Eigentlich ist er mehr f\u00fcr die Hafenangelegenheiten an Land zust\u00e4ndig und hat nicht wirklich viel mit dem Hafen zu tun.<br>Nach dem Einkauf<strong> <\/strong>laufen wir in die Stadt, zu Fu\u00df ca. 15-20 min. M\u00fcnster ist immer wieder sch\u00f6n, man muss nur versch\u00e4rft auf die Radfahrer aufpassen. Das erscheint mir schlimmer als in den Niederlanden<\/p>\n\n\n\n<figure class=\"wp-block-gallery has-nested-images columns-default is-cropped wp-block-gallery-2 is-layout-flex wp-block-gallery-is-layout-flex\">\n<figure class=\"wp-block-image size-large is-style-default\"><img loading=\"lazy\" decoding=\"async\" width=\"1024\" height=\"576\" data-id=\"8275\" src=\"https:\/\/mybonnechance.de\/wp-content\/uploads\/2024\/06\/20240514_123545-1024x576.jpg\" alt=\"\" class=\"wp-image-8275\" srcset=\"https:\/\/mybonnechance.de\/wp-content\/uploads\/2024\/06\/20240514_123545-1024x576.jpg 1024w, https:\/\/mybonnechance.de\/wp-content\/uploads\/2024\/06\/20240514_123545-300x169.jpg 300w, https:\/\/mybonnechance.de\/wp-content\/uploads\/2024\/06\/20240514_123545-768x432.jpg 768w, https:\/\/mybonnechance.de\/wp-content\/uploads\/2024\/06\/20240514_123545-1536x864.jpg 1536w, https:\/\/mybonnechance.de\/wp-content\/uploads\/2024\/06\/20240514_123545-2048x1152.jpg 2048w\" sizes=\"auto, (max-width: 767px) 89vw, (max-width: 1000px) 54vw, (max-width: 1071px) 543px, 580px\" \/><figcaption class=\"wp-element-caption\"><strong>Die  Arkaden M\u00fcnsters<\/strong><\/figcaption><\/figure>\n\n\n\n<figure class=\"wp-block-image size-large is-style-default\"><img loading=\"lazy\" decoding=\"async\" width=\"1024\" height=\"576\" data-id=\"8276\" src=\"https:\/\/mybonnechance.de\/wp-content\/uploads\/2024\/06\/20240514_123745-1024x576.jpg\" alt=\"\" class=\"wp-image-8276\" srcset=\"https:\/\/mybonnechance.de\/wp-content\/uploads\/2024\/06\/20240514_123745-1024x576.jpg 1024w, https:\/\/mybonnechance.de\/wp-content\/uploads\/2024\/06\/20240514_123745-300x169.jpg 300w, https:\/\/mybonnechance.de\/wp-content\/uploads\/2024\/06\/20240514_123745-768x432.jpg 768w, https:\/\/mybonnechance.de\/wp-content\/uploads\/2024\/06\/20240514_123745-1536x864.jpg 1536w, https:\/\/mybonnechance.de\/wp-content\/uploads\/2024\/06\/20240514_123745-2048x1152.jpg 2048w\" sizes=\"auto, (max-width: 767px) 89vw, (max-width: 1000px) 54vw, (max-width: 1071px) 543px, 580px\" \/><\/figure>\n<\/figure>\n\n\n\n<div class=\"wp-block-columns is-layout-flex wp-container-core-columns-is-layout-9d6595d7 wp-block-columns-is-layout-flex\">\n<div class=\"wp-block-column is-layout-flow wp-block-column-is-layout-flow\">\n<figure class=\"wp-block-gallery has-nested-images columns-default is-cropped wp-block-gallery-3 is-layout-flex wp-block-gallery-is-layout-flex\">\n<figure class=\"wp-block-image size-large is-style-default\"><img loading=\"lazy\" decoding=\"async\" width=\"576\" height=\"1024\" data-id=\"8282\" src=\"https:\/\/mybonnechance.de\/wp-content\/uploads\/2024\/06\/20240514_124156-576x1024.jpg\" alt=\"\" class=\"wp-image-8282\" srcset=\"https:\/\/mybonnechance.de\/wp-content\/uploads\/2024\/06\/20240514_124156-576x1024.jpg 576w, https:\/\/mybonnechance.de\/wp-content\/uploads\/2024\/06\/20240514_124156-169x300.jpg 169w, https:\/\/mybonnechance.de\/wp-content\/uploads\/2024\/06\/20240514_124156-768x1365.jpg 768w, https:\/\/mybonnechance.de\/wp-content\/uploads\/2024\/06\/20240514_124156-864x1536.jpg 864w, https:\/\/mybonnechance.de\/wp-content\/uploads\/2024\/06\/20240514_124156-1152x2048.jpg 1152w, https:\/\/mybonnechance.de\/wp-content\/uploads\/2024\/06\/20240514_124156-scaled.jpg 1440w\" sizes=\"auto, (max-width: 576px) 100vw, 576px\" \/><\/figure>\n\n\n\n<figure class=\"wp-block-image size-large is-style-default\"><img loading=\"lazy\" decoding=\"async\" width=\"576\" height=\"1024\" data-id=\"8281\" src=\"https:\/\/mybonnechance.de\/wp-content\/uploads\/2024\/06\/20240514_124148-576x1024.jpg\" alt=\"\" class=\"wp-image-8281\" srcset=\"https:\/\/mybonnechance.de\/wp-content\/uploads\/2024\/06\/20240514_124148-576x1024.jpg 576w, https:\/\/mybonnechance.de\/wp-content\/uploads\/2024\/06\/20240514_124148-169x300.jpg 169w, https:\/\/mybonnechance.de\/wp-content\/uploads\/2024\/06\/20240514_124148-768x1365.jpg 768w, https:\/\/mybonnechance.de\/wp-content\/uploads\/2024\/06\/20240514_124148-864x1536.jpg 864w, https:\/\/mybonnechance.de\/wp-content\/uploads\/2024\/06\/20240514_124148-1152x2048.jpg 1152w, https:\/\/mybonnechance.de\/wp-content\/uploads\/2024\/06\/20240514_124148-scaled.jpg 1440w\" sizes=\"auto, (max-width: 576px) 100vw, 576px\" \/><\/figure>\n<\/figure>\n\n\n\n<p><strong>Die Lambertikirche mit den 3 K\u00e4figen der<\/strong><br \/><strong>hingerichteten Wiedert\u00e4ufer<\/strong>. Angeblich wurden diese seit 1536 nicht mehr abgenommen worden sein<\/p>\n<p>&nbsp;<\/p>\n<\/div>\n\n\n\n<div class=\"wp-block-column is-layout-flow wp-block-column-is-layout-flow\">\n<figure class=\"wp-block-image size-large is-resized is-style-default\"><img loading=\"lazy\" decoding=\"async\" width=\"1024\" height=\"576\" src=\"https:\/\/mybonnechance.de\/wp-content\/uploads\/2024\/06\/20240515_184759-1-1024x576.jpg\" alt=\"\" class=\"wp-image-8287\" style=\"width:324px;height:auto\" srcset=\"https:\/\/mybonnechance.de\/wp-content\/uploads\/2024\/06\/20240515_184759-1-1024x576.jpg 1024w, https:\/\/mybonnechance.de\/wp-content\/uploads\/2024\/06\/20240515_184759-1-300x169.jpg 300w, https:\/\/mybonnechance.de\/wp-content\/uploads\/2024\/06\/20240515_184759-1-768x432.jpg 768w, https:\/\/mybonnechance.de\/wp-content\/uploads\/2024\/06\/20240515_184759-1-1536x864.jpg 1536w, https:\/\/mybonnechance.de\/wp-content\/uploads\/2024\/06\/20240515_184759-1-2048x1152.jpg 2048w\" sizes=\"auto, (max-width: 767px) 89vw, (max-width: 1000px) 54vw, (max-width: 1071px) 543px, 580px\" \/><\/figure>\n\n\n\n<p><strong>Der Aasee<\/strong>, herrlich auch um im Park auszuspannen<\/p>\n\n\n\n<figure class=\"wp-block-gallery has-nested-images columns-default is-cropped wp-block-gallery-4 is-layout-flex wp-block-gallery-is-layout-flex\">\n<figure class=\"wp-block-image size-large is-style-default\"><img loading=\"lazy\" decoding=\"async\" width=\"1024\" height=\"576\" data-id=\"8286\" src=\"https:\/\/mybonnechance.de\/wp-content\/uploads\/2024\/06\/20240515_184519-1024x576.jpg\" alt=\"\" class=\"wp-image-8286\" srcset=\"https:\/\/mybonnechance.de\/wp-content\/uploads\/2024\/06\/20240515_184519-1024x576.jpg 1024w, https:\/\/mybonnechance.de\/wp-content\/uploads\/2024\/06\/20240515_184519-300x169.jpg 300w, https:\/\/mybonnechance.de\/wp-content\/uploads\/2024\/06\/20240515_184519-768x432.jpg 768w, https:\/\/mybonnechance.de\/wp-content\/uploads\/2024\/06\/20240515_184519-1536x864.jpg 1536w, https:\/\/mybonnechance.de\/wp-content\/uploads\/2024\/06\/20240515_184519-2048x1152.jpg 2048w\" sizes=\"auto, (max-width: 767px) 89vw, (max-width: 1000px) 54vw, (max-width: 1071px) 543px, 580px\" \/><\/figure>\n<\/figure>\n<\/div>\n<\/div>\n\n\n<p>Lieber Besuch am Nachmittag aus M\u00fcnster&nbsp;&nbsp;&nbsp;&nbsp;&nbsp;&nbsp;&nbsp;&nbsp;&nbsp;&nbsp; Und am n\u00e4chsten Tag aus Wuppertal<\/p>\n\n\n<figure class=\"wp-block-gallery has-nested-images columns-default is-cropped wp-block-gallery-5 is-layout-flex wp-block-gallery-is-layout-flex\">\n<figure class=\"wp-block-image size-large is-style-default\"><img loading=\"lazy\" decoding=\"async\" width=\"1024\" height=\"768\" data-id=\"8297\" src=\"https:\/\/mybonnechance.de\/wp-content\/uploads\/2024\/06\/IMG-20240514-WA0004-2-1024x768.jpg\" alt=\"\" class=\"wp-image-8297\" srcset=\"https:\/\/mybonnechance.de\/wp-content\/uploads\/2024\/06\/IMG-20240514-WA0004-2-1024x768.jpg 1024w, https:\/\/mybonnechance.de\/wp-content\/uploads\/2024\/06\/IMG-20240514-WA0004-2-300x225.jpg 300w, https:\/\/mybonnechance.de\/wp-content\/uploads\/2024\/06\/IMG-20240514-WA0004-2-768x576.jpg 768w, https:\/\/mybonnechance.de\/wp-content\/uploads\/2024\/06\/IMG-20240514-WA0004-2-1536x1152.jpg 1536w, https:\/\/mybonnechance.de\/wp-content\/uploads\/2024\/06\/IMG-20240514-WA0004-2.jpg 2048w\" sizes=\"auto, (max-width: 767px) 89vw, (max-width: 1000px) 54vw, (max-width: 1071px) 543px, 580px\" \/><\/figure>\n\n\n\n<figure class=\"wp-block-image size-large is-style-default\"><img loading=\"lazy\" decoding=\"async\" width=\"576\" height=\"1024\" data-id=\"8298\" src=\"https:\/\/mybonnechance.de\/wp-content\/uploads\/2024\/06\/20240515_151420-576x1024.jpg\" alt=\"\" class=\"wp-image-8298\" srcset=\"https:\/\/mybonnechance.de\/wp-content\/uploads\/2024\/06\/20240515_151420-576x1024.jpg 576w, https:\/\/mybonnechance.de\/wp-content\/uploads\/2024\/06\/20240515_151420-169x300.jpg 169w, https:\/\/mybonnechance.de\/wp-content\/uploads\/2024\/06\/20240515_151420-768x1365.jpg 768w, https:\/\/mybonnechance.de\/wp-content\/uploads\/2024\/06\/20240515_151420-864x1536.jpg 864w, https:\/\/mybonnechance.de\/wp-content\/uploads\/2024\/06\/20240515_151420-1152x2048.jpg 1152w, https:\/\/mybonnechance.de\/wp-content\/uploads\/2024\/06\/20240515_151420-scaled.jpg 1440w\" sizes=\"auto, (max-width: 576px) 100vw, 576px\" \/><\/figure>\n<\/figure>\n\n\n","protected":false},"excerpt":{"rendered":"<p>Tag 8, Montag 13.Mai Datteln,MYCKD &#8211; M\u00fcnster, Stadthafen29,8 km &#8211; 3,2 Std. FahrzeitWir verlassen den idyllischen Hafen und machen uns auf nach M\u00fcnster. Kurz danach wechseln wir auf den Dortmund-Ems-Kanal. Von unterwegs telefonieren wir mit dem Hafenmeister, der uns gr\u00fcnes Licht f\u00fcr die \u00dcbernachtungen gibt. Normalerweise gibt es wohl ein Agreement mit der Stadt, dass &hellip; <\/p>\n<p class=\"link-more\"><a href=\"https:\/\/mybonnechance.de\/?page_id=8170\" class=\"more-link\"><span class=\"screen-reader-text\">\u201e2024-08 M\u00fcnster\u201c<\/span> weiterlesen<\/a><\/p>\n","protected":false},"author":1,"featured_media":0,"parent":0,"menu_order":0,"comment_status":"closed","ping_status":"closed","template":"","meta":{"ngg_post_thumbnail":0,"footnotes":""},"class_list":["post-8170","page","type-page","status-publish","hentry"],"_links":{"self":[{"href":"https:\/\/mybonnechance.de\/index.php?rest_route=\/wp\/v2\/pages\/8170","targetHints":{"allow":["GET"]}}],"collection":[{"href":"https:\/\/mybonnechance.de\/index.php?rest_route=\/wp\/v2\/pages"}],"about":[{"href":"https:\/\/mybonnechance.de\/index.php?rest_route=\/wp\/v2\/types\/page"}],"author":[{"embeddable":true,"href":"https:\/\/mybonnechance.de\/index.php?rest_route=\/wp\/v2\/users\/1"}],"replies":[{"embeddable":true,"href":"https:\/\/mybonnechance.de\/index.php?rest_route=%2Fwp%2Fv2%2Fcomments&post=8170"}],"version-history":[{"count":12,"href":"https:\/\/mybonnechance.de\/index.php?rest_route=\/wp\/v2\/pages\/8170\/revisions"}],"predecessor-version":[{"id":8322,"href":"https:\/\/mybonnechance.de\/index.php?rest_route=\/wp\/v2\/pages\/8170\/revisions\/8322"}],"wp:attachment":[{"href":"https:\/\/mybonnechance.de\/index.php?rest_route=%2Fwp%2Fv2%2Fmedia&parent=8170"}],"curies":[{"name":"wp","href":"https:\/\/api.w.org\/{rel}","templated":true}]}}