{"id":8173,"date":"2024-06-15T12:43:37","date_gmt":"2024-06-15T12:43:37","guid":{"rendered":"https:\/\/mybonnechance.de\/?page_id=8173"},"modified":"2024-06-17T13:57:15","modified_gmt":"2024-06-17T13:57:15","slug":"2024-09-recke","status":"publish","type":"page","link":"https:\/\/mybonnechance.de\/?page_id=8173","title":{"rendered":"2024-09 Recke"},"content":{"rendered":"\n<p><strong>Tag 11, Donnerstag 16.Mai<\/strong> <strong> <\/strong> <strong> M\u00fcnster, Stadthafen<\/strong> <strong>&#8211; Recke, Marina Recke<\/strong><br>53,5 km &#8211; 1 Schleuse &#8211; 6,25 Std. Fahrzeit<br>Machen uns schon um 8:00 auf den Weg. Es dauert heute doch l\u00e4nger und wir haben die <strong>Schleuse M\u00fcnster.<\/strong> Aber auch dort haben wir Gl\u00fcck und k\u00f6nnen direkt mitschleusen. Da das so gut geklappt hat, sind wir auch rechtzeitig an der neu eingerichteten Engstelle vor dem <strong>Sicherheitstor Ladbergen<\/strong>. Wir haben genau\u00a0 noch 15 min, um dadurch zu kommen (<strong>offen f\u00fcr unsere Seite: 09:00 &#8211; 09:45<\/strong>). Danach h\u00e4tten wir bis 11:00 warten m\u00fcssen, da in dieser Zeit der Gegenverkehr durchfahren darf. Kurz vor einer Br\u00fccke wird erst angeschlagen, da\u00df die Br\u00fccke nur 4,25 hoch ist, also geschwind Ger\u00e4tetr\u00e4ger legen.<br>Nach der <strong>Bunkerstation Bergesh\u00f6vede<\/strong> geht es in den <strong>Mittelland Kanal.<\/strong> Auch der ist wieder begr\u00fcnt und sch\u00f6n zu fahren, allerdings etwas langweiliger, da es immer gerade aus geht.<br>Unterwegs sehen wir auch wieder ein paar Anleger f\u00fcr Sportboote. Mittlerweile bekommt der Himmel immer mehr Wolken und als wir in der Marina anlegen, frischt auch gerade der Wind auf. Kommen aber ohne gro\u00dfe Probleme in die vorher telefonisch reservierte Box\u00a0 Es ist, wie immer, ein kleinerer Hafer, der auch nicht sehr tief ist. Das merken wir, als wir mit Bug und Heckstrahler den Untergrund ganz sch\u00f6n aufwirbeln.  Laut Google Maps gibt es <strong>Aldi und Lidl im Ort<\/strong> und sogar ein <strong>Hallenschwimmbad<\/strong>. Direkt neben der Marina befindet sich auch ein <strong>Waldschwimmbad <\/strong>mit einem Natursee.<\/p>\n\n\n\n<div class=\"wp-block-columns is-layout-flex wp-container-core-columns-is-layout-9d6595d7 wp-block-columns-is-layout-flex\">\n<div class=\"wp-block-column is-layout-flow wp-block-column-is-layout-flow\" style=\"flex-basis:33.33%\">\n<figure class=\"wp-block-gallery has-nested-images columns-default is-cropped wp-block-gallery-1 is-layout-flex wp-block-gallery-is-layout-flex\">\n<figure class=\"wp-block-image size-large is-style-default\"><img loading=\"lazy\" decoding=\"async\" width=\"576\" height=\"1024\" data-id=\"8340\" src=\"https:\/\/mybonnechance.de\/wp-content\/uploads\/2024\/06\/20240516_143612-6-576x1024.jpg\" alt=\"\" class=\"wp-image-8340\" srcset=\"https:\/\/mybonnechance.de\/wp-content\/uploads\/2024\/06\/20240516_143612-6-576x1024.jpg 576w, https:\/\/mybonnechance.de\/wp-content\/uploads\/2024\/06\/20240516_143612-6-169x300.jpg 169w, https:\/\/mybonnechance.de\/wp-content\/uploads\/2024\/06\/20240516_143612-6-768x1365.jpg 768w, https:\/\/mybonnechance.de\/wp-content\/uploads\/2024\/06\/20240516_143612-6-864x1536.jpg 864w, https:\/\/mybonnechance.de\/wp-content\/uploads\/2024\/06\/20240516_143612-6-1152x2048.jpg 1152w, https:\/\/mybonnechance.de\/wp-content\/uploads\/2024\/06\/20240516_143612-6-scaled.jpg 1440w\" sizes=\"auto, (max-width: 576px) 100vw, 576px\" \/><\/figure>\n\n\n\n<figure class=\"wp-block-image size-large is-style-default\"><img loading=\"lazy\" decoding=\"async\" width=\"576\" height=\"1024\" data-id=\"8341\" src=\"https:\/\/mybonnechance.de\/wp-content\/uploads\/2024\/06\/20240516_185031-5-576x1024.jpg\" alt=\"\" class=\"wp-image-8341\" srcset=\"https:\/\/mybonnechance.de\/wp-content\/uploads\/2024\/06\/20240516_185031-5-576x1024.jpg 576w, https:\/\/mybonnechance.de\/wp-content\/uploads\/2024\/06\/20240516_185031-5-169x300.jpg 169w, https:\/\/mybonnechance.de\/wp-content\/uploads\/2024\/06\/20240516_185031-5-768x1365.jpg 768w, https:\/\/mybonnechance.de\/wp-content\/uploads\/2024\/06\/20240516_185031-5-864x1536.jpg 864w, https:\/\/mybonnechance.de\/wp-content\/uploads\/2024\/06\/20240516_185031-5-1152x2048.jpg 1152w, https:\/\/mybonnechance.de\/wp-content\/uploads\/2024\/06\/20240516_185031-5-scaled.jpg 1440w\" sizes=\"auto, (max-width: 576px) 100vw, 576px\" \/><\/figure>\n<\/figure>\n\n\n\n<p>Die Marina hat ein sehr nettes Restaurant, an dem Do-Sa gegrillt wird. Man kann auch  sitzt nett in F\u00e4sschen sitzen. Leider kommen aber am Abend die ersten Schauer und es k\u00fchlt empfindlich ab.<\/p>\n<\/div>\n\n\n\n<div class=\"wp-block-column is-layout-flow wp-block-column-is-layout-flow\" style=\"flex-basis:66.66%\">\n<figure class=\"wp-block-gallery has-nested-images columns-default is-cropped wp-block-gallery-2 is-layout-flex wp-block-gallery-is-layout-flex\">\n<figure class=\"wp-block-image size-large is-style-default\"><img loading=\"lazy\" decoding=\"async\" width=\"1024\" height=\"576\" data-id=\"8343\" src=\"https:\/\/mybonnechance.de\/wp-content\/uploads\/2024\/06\/20240516_190607-2-1024x576.jpg\" alt=\"\" class=\"wp-image-8343\" srcset=\"https:\/\/mybonnechance.de\/wp-content\/uploads\/2024\/06\/20240516_190607-2-1024x576.jpg 1024w, https:\/\/mybonnechance.de\/wp-content\/uploads\/2024\/06\/20240516_190607-2-300x169.jpg 300w, https:\/\/mybonnechance.de\/wp-content\/uploads\/2024\/06\/20240516_190607-2-768x432.jpg 768w, https:\/\/mybonnechance.de\/wp-content\/uploads\/2024\/06\/20240516_190607-2-1536x864.jpg 1536w, https:\/\/mybonnechance.de\/wp-content\/uploads\/2024\/06\/20240516_190607-2-2048x1152.jpg 2048w\" sizes=\"auto, (max-width: 767px) 89vw, (max-width: 1000px) 54vw, (max-width: 1071px) 543px, 580px\" \/><\/figure>\n<\/figure>\n\n\n\n<figure class=\"wp-block-image size-large is-style-default\"><img loading=\"lazy\" decoding=\"async\" width=\"1024\" height=\"576\" src=\"https:\/\/mybonnechance.de\/wp-content\/uploads\/2024\/06\/20240516_190631-4-1024x576.jpg\" alt=\"\" class=\"wp-image-8344\" srcset=\"https:\/\/mybonnechance.de\/wp-content\/uploads\/2024\/06\/20240516_190631-4-1024x576.jpg 1024w, https:\/\/mybonnechance.de\/wp-content\/uploads\/2024\/06\/20240516_190631-4-300x169.jpg 300w, https:\/\/mybonnechance.de\/wp-content\/uploads\/2024\/06\/20240516_190631-4-768x432.jpg 768w, https:\/\/mybonnechance.de\/wp-content\/uploads\/2024\/06\/20240516_190631-4-1536x864.jpg 1536w, https:\/\/mybonnechance.de\/wp-content\/uploads\/2024\/06\/20240516_190631-4-2048x1152.jpg 2048w\" sizes=\"auto, (max-width: 767px) 89vw, (max-width: 1000px) 54vw, (max-width: 1071px) 543px, 580px\" \/><\/figure>\n<\/div>\n<\/div>\n\n\n","protected":false},"excerpt":{"rendered":"<p>Tag 11, Donnerstag 16.Mai M\u00fcnster, Stadthafen &#8211; Recke, Marina Recke53,5 km &#8211; 1 Schleuse &#8211; 6,25 Std. FahrzeitMachen uns schon um 8:00 auf den Weg. Es dauert heute doch l\u00e4nger und wir haben die Schleuse M\u00fcnster. Aber auch dort haben wir Gl\u00fcck und k\u00f6nnen direkt mitschleusen. Da das so gut geklappt hat, sind wir auch &hellip; <\/p>\n<p class=\"link-more\"><a href=\"https:\/\/mybonnechance.de\/?page_id=8173\" class=\"more-link\"><span class=\"screen-reader-text\">\u201e2024-09 Recke\u201c<\/span> weiterlesen<\/a><\/p>\n","protected":false},"author":1,"featured_media":0,"parent":0,"menu_order":0,"comment_status":"closed","ping_status":"closed","template":"","meta":{"ngg_post_thumbnail":0,"footnotes":""},"class_list":["post-8173","page","type-page","status-publish","hentry"],"_links":{"self":[{"href":"https:\/\/mybonnechance.de\/index.php?rest_route=\/wp\/v2\/pages\/8173","targetHints":{"allow":["GET"]}}],"collection":[{"href":"https:\/\/mybonnechance.de\/index.php?rest_route=\/wp\/v2\/pages"}],"about":[{"href":"https:\/\/mybonnechance.de\/index.php?rest_route=\/wp\/v2\/types\/page"}],"author":[{"embeddable":true,"href":"https:\/\/mybonnechance.de\/index.php?rest_route=\/wp\/v2\/users\/1"}],"replies":[{"embeddable":true,"href":"https:\/\/mybonnechance.de\/index.php?rest_route=%2Fwp%2Fv2%2Fcomments&post=8173"}],"version-history":[{"count":7,"href":"https:\/\/mybonnechance.de\/index.php?rest_route=\/wp\/v2\/pages\/8173\/revisions"}],"predecessor-version":[{"id":8349,"href":"https:\/\/mybonnechance.de\/index.php?rest_route=\/wp\/v2\/pages\/8173\/revisions\/8349"}],"wp:attachment":[{"href":"https:\/\/mybonnechance.de\/index.php?rest_route=%2Fwp%2Fv2%2Fmedia&parent=8173"}],"curies":[{"name":"wp","href":"https:\/\/api.w.org\/{rel}","templated":true}]}}