{"id":8175,"date":"2024-06-15T12:44:10","date_gmt":"2024-06-15T12:44:10","guid":{"rendered":"https:\/\/mybonnechance.de\/?page_id=8175"},"modified":"2024-06-17T14:01:49","modified_gmt":"2024-06-17T14:01:49","slug":"2024-10-bad-essen","status":"publish","type":"page","link":"https:\/\/mybonnechance.de\/?page_id=8175","title":{"rendered":"2024-10 Bad Essen"},"content":{"rendered":"\n<p><strong>Tag 12, Dienstag 17.Mai<\/strong> <strong> <\/strong> <strong>Recke, Marina Recke<\/strong> <strong>&#8211; Bad Esse, Marina Bad Esse<\/strong><br>48,4 km &#8211; 5,6 Std. Fahrzeit<br>Machen uns wieder um 8:00 auf den Weg. Auch heute werden wir bis zum fr\u00fchen Nachmittag unterwegs sein, da wir nur mit 9,5 km\/h spritsparend fahren. Uns \u00fcberholen st\u00e4ndig andere Sportboote, aber wir haben ja Zeit &#x1f609;.<br>Heutiges Ziel ist <strong>Bad Essen<\/strong>.<strong> Gegen\u00fcber der Marina ist noch ein Anleger<\/strong>, den wir eigentlich benutzen wollen. Noch liegt dort keiner. Aber mir gef\u00e4llt die Marina eigentlich gut, die ist h\u00fcbsch angelegt und ist entweder modernisiert oder neu gebaut. Da wir vom Mindener Motorclub f\u00fcr morgen eine Absage erhalten haben, werden wir wohl dann einen Anleger brauchen. Also bleiben wir heute in der Marina. Man sollte nur darauf achten sich bei gr\u00f6\u00dferen Schiffen nicht die beiden Boxen rechter Hand auszusuchen. Da ist das herauskommen aus dem Hafen etwas schwieriger.  Leider ist der Wlan Empfang mehr als bescheiden, obwohl wir in direkter N\u00e4he zum Hafengeb\u00e4ude liegen.<br>Das Wetter ist wieder bew\u00f6lkt und es k\u00f6nnte auch noch Regen geben, so da\u00df wir die Chance nutzen im direkt <strong>gegen\u00fcberliegendem Aldi<\/strong> noch was einzukaufen und neues Brot beim B\u00e4cker besorgen. Auch hier gibt es eine <strong>nette Cocktailbar<\/strong>, leider l\u00e4dt das Wetter nicht dazu ein.<\/p>\n\n\n\n<figure class=\"wp-block-gallery has-nested-images columns-default is-cropped wp-block-gallery-1 is-layout-flex wp-block-gallery-is-layout-flex\">\n<figure class=\"wp-block-image size-large is-style-default\"><img loading=\"lazy\" decoding=\"async\" width=\"1024\" height=\"576\" data-id=\"8351\" src=\"https:\/\/mybonnechance.de\/wp-content\/uploads\/2024\/06\/20240517_163322-1024x576.jpg\" alt=\"\" class=\"wp-image-8351\" srcset=\"https:\/\/mybonnechance.de\/wp-content\/uploads\/2024\/06\/20240517_163322-1024x576.jpg 1024w, https:\/\/mybonnechance.de\/wp-content\/uploads\/2024\/06\/20240517_163322-300x169.jpg 300w, https:\/\/mybonnechance.de\/wp-content\/uploads\/2024\/06\/20240517_163322-768x432.jpg 768w, https:\/\/mybonnechance.de\/wp-content\/uploads\/2024\/06\/20240517_163322-1536x864.jpg 1536w, https:\/\/mybonnechance.de\/wp-content\/uploads\/2024\/06\/20240517_163322-2048x1152.jpg 2048w\" sizes=\"auto, (max-width: 767px) 89vw, (max-width: 1000px) 54vw, (max-width: 1071px) 543px, 580px\" \/><\/figure>\n\n\n\n<figure class=\"wp-block-image size-large is-style-default\"><img loading=\"lazy\" decoding=\"async\" width=\"1024\" height=\"576\" data-id=\"8352\" src=\"https:\/\/mybonnechance.de\/wp-content\/uploads\/2024\/06\/20240517_142752-1024x576.jpg\" alt=\"\" class=\"wp-image-8352\" srcset=\"https:\/\/mybonnechance.de\/wp-content\/uploads\/2024\/06\/20240517_142752-1024x576.jpg 1024w, https:\/\/mybonnechance.de\/wp-content\/uploads\/2024\/06\/20240517_142752-300x169.jpg 300w, https:\/\/mybonnechance.de\/wp-content\/uploads\/2024\/06\/20240517_142752-768x432.jpg 768w, https:\/\/mybonnechance.de\/wp-content\/uploads\/2024\/06\/20240517_142752-1536x864.jpg 1536w, https:\/\/mybonnechance.de\/wp-content\/uploads\/2024\/06\/20240517_142752-2048x1152.jpg 2048w\" sizes=\"auto, (max-width: 767px) 89vw, (max-width: 1000px) 54vw, (max-width: 1071px) 543px, 580px\" \/><\/figure>\n<\/figure>\n\n\n","protected":false},"excerpt":{"rendered":"<p>Tag 12, Dienstag 17.Mai Recke, Marina Recke &#8211; Bad Esse, Marina Bad Esse48,4 km &#8211; 5,6 Std. FahrzeitMachen uns wieder um 8:00 auf den Weg. Auch heute werden wir bis zum fr\u00fchen Nachmittag unterwegs sein, da wir nur mit 9,5 km\/h spritsparend fahren. Uns \u00fcberholen st\u00e4ndig andere Sportboote, aber wir haben ja Zeit &#x1f609;.Heutiges Ziel &hellip; <\/p>\n<p class=\"link-more\"><a href=\"https:\/\/mybonnechance.de\/?page_id=8175\" class=\"more-link\"><span class=\"screen-reader-text\">\u201e2024-10 Bad Essen\u201c<\/span> weiterlesen<\/a><\/p>\n","protected":false},"author":1,"featured_media":0,"parent":0,"menu_order":0,"comment_status":"closed","ping_status":"closed","template":"","meta":{"ngg_post_thumbnail":0,"footnotes":""},"class_list":["post-8175","page","type-page","status-publish","hentry"],"_links":{"self":[{"href":"https:\/\/mybonnechance.de\/index.php?rest_route=\/wp\/v2\/pages\/8175","targetHints":{"allow":["GET"]}}],"collection":[{"href":"https:\/\/mybonnechance.de\/index.php?rest_route=\/wp\/v2\/pages"}],"about":[{"href":"https:\/\/mybonnechance.de\/index.php?rest_route=\/wp\/v2\/types\/page"}],"author":[{"embeddable":true,"href":"https:\/\/mybonnechance.de\/index.php?rest_route=\/wp\/v2\/users\/1"}],"replies":[{"embeddable":true,"href":"https:\/\/mybonnechance.de\/index.php?rest_route=%2Fwp%2Fv2%2Fcomments&post=8175"}],"version-history":[{"count":4,"href":"https:\/\/mybonnechance.de\/index.php?rest_route=\/wp\/v2\/pages\/8175\/revisions"}],"predecessor-version":[{"id":8353,"href":"https:\/\/mybonnechance.de\/index.php?rest_route=\/wp\/v2\/pages\/8175\/revisions\/8353"}],"wp:attachment":[{"href":"https:\/\/mybonnechance.de\/index.php?rest_route=%2Fwp%2Fv2%2Fmedia&parent=8175"}],"curies":[{"name":"wp","href":"https:\/\/api.w.org\/{rel}","templated":true}]}}