{"id":8179,"date":"2024-06-15T12:46:27","date_gmt":"2024-06-15T12:46:27","guid":{"rendered":"https:\/\/mybonnechance.de\/?page_id=8179"},"modified":"2024-06-17T14:13:36","modified_gmt":"2024-06-17T14:13:36","slug":"2024-11-minden","status":"publish","type":"page","link":"https:\/\/mybonnechance.de\/?page_id=8179","title":{"rendered":"2024-11 Minden"},"content":{"rendered":"\n<p><strong>Tag 13, Mittwoch 18.Mai<\/strong> <strong> <\/strong> <strong> Bad Esse, Marina Bad Esse<\/strong>n <strong>&#8211; Minden, Anleger bei KM 100<\/strong><br>38,8 km &#8211; 4,5 Std. Fahrzeit<br>In den letzten Tagen sind doch immer mehr Sportboote unterwegs.  Der Hafen in Minden ist besetzt, so da\u00df wir bei KM 100 an einem Anleger kurz dahinter festmachen.  Beim Anlegen habe ich eine Eisenpfahl \u00fcbersehen und hab mir den voll in den Oberschenkel gerammt. Ziemlich bl\u00f6d und schmerzhaft.  Zum Gl\u00fcck haben wir von Hannover und Braunschweig die Zusage auf einen Liegeplatz erhalten, da wir dort etwas l\u00e4nger bleiben wollen.<br>Wir sind zwar Mitten in Minden, aber Stephan m\u00f6chte das Schiff nicht unbeaufsichtigt zur\u00fccklassen Schade, hier gibt es auch eine Altstadt, aber so bleibt mir nichts anderes \u00fcbrig als aufs Sonnendeck zu gehen. Wenigstens scheint die Sonne., wenn auch nur f\u00fcr 1 h. Dann ziehen Wolken auf und es wird kalt.<br>W\u00e4hrend wir fernsehen bricht ein solcher Wolkenbruch \u00fcber uns herein, da\u00df sich die Antenne verweigert.  Dabei hat Stephan heute Nachmittag so sch\u00f6n die Fenster geputzt.<\/p>\n\n\n\n<div class=\"wp-block-columns is-layout-flex wp-container-core-columns-is-layout-9d6595d7 wp-block-columns-is-layout-flex\">\n<div class=\"wp-block-column is-layout-flow wp-block-column-is-layout-flow\" style=\"flex-basis:33.33%\">\n<figure class=\"wp-block-image size-large is-style-default\"><img loading=\"lazy\" decoding=\"async\" width=\"576\" height=\"1024\" src=\"https:\/\/mybonnechance.de\/wp-content\/uploads\/2024\/06\/20240518_113741-576x1024.jpg\" alt=\"\" class=\"wp-image-8355\" srcset=\"https:\/\/mybonnechance.de\/wp-content\/uploads\/2024\/06\/20240518_113741-576x1024.jpg 576w, https:\/\/mybonnechance.de\/wp-content\/uploads\/2024\/06\/20240518_113741-169x300.jpg 169w, https:\/\/mybonnechance.de\/wp-content\/uploads\/2024\/06\/20240518_113741-768x1365.jpg 768w, https:\/\/mybonnechance.de\/wp-content\/uploads\/2024\/06\/20240518_113741-864x1536.jpg 864w, https:\/\/mybonnechance.de\/wp-content\/uploads\/2024\/06\/20240518_113741-1152x2048.jpg 1152w, https:\/\/mybonnechance.de\/wp-content\/uploads\/2024\/06\/20240518_113741-scaled.jpg 1440w\" sizes=\"auto, (max-width: 576px) 100vw, 576px\" \/><\/figure>\n\n\n\n<p><strong>Unterwegs auf dem MLK<\/strong><\/p>\n\n\n\n<p><strong>Rechts ist der Anleger bei KM 100<\/strong><\/p>\n<\/div>\n\n\n\n<div class=\"wp-block-column is-layout-flow wp-block-column-is-layout-flow\" style=\"flex-basis:66.66%\">\n<figure class=\"wp-block-gallery has-nested-images columns-default is-cropped wp-block-gallery-1 is-layout-flex wp-block-gallery-is-layout-flex\">\n<figure class=\"wp-block-image size-large is-style-default\"><img loading=\"lazy\" decoding=\"async\" width=\"1024\" height=\"576\" data-id=\"8358\" src=\"https:\/\/mybonnechance.de\/wp-content\/uploads\/2024\/06\/20240518_120437-1-1024x576.jpg\" alt=\"\" class=\"wp-image-8358\" srcset=\"https:\/\/mybonnechance.de\/wp-content\/uploads\/2024\/06\/20240518_120437-1-1024x576.jpg 1024w, https:\/\/mybonnechance.de\/wp-content\/uploads\/2024\/06\/20240518_120437-1-300x169.jpg 300w, https:\/\/mybonnechance.de\/wp-content\/uploads\/2024\/06\/20240518_120437-1-768x432.jpg 768w, https:\/\/mybonnechance.de\/wp-content\/uploads\/2024\/06\/20240518_120437-1-1536x864.jpg 1536w, https:\/\/mybonnechance.de\/wp-content\/uploads\/2024\/06\/20240518_120437-1-2048x1152.jpg 2048w\" sizes=\"auto, (max-width: 767px) 89vw, (max-width: 1000px) 54vw, (max-width: 1071px) 543px, 580px\" \/><\/figure>\n<\/figure>\n\n\n\n<figure class=\"wp-block-image size-large is-style-default\"><img loading=\"lazy\" decoding=\"async\" width=\"1024\" height=\"576\" src=\"https:\/\/mybonnechance.de\/wp-content\/uploads\/2024\/06\/20240518_165546-1-1024x576.jpg\" alt=\"\" class=\"wp-image-8359\" srcset=\"https:\/\/mybonnechance.de\/wp-content\/uploads\/2024\/06\/20240518_165546-1-1024x576.jpg 1024w, https:\/\/mybonnechance.de\/wp-content\/uploads\/2024\/06\/20240518_165546-1-300x169.jpg 300w, https:\/\/mybonnechance.de\/wp-content\/uploads\/2024\/06\/20240518_165546-1-768x432.jpg 768w, https:\/\/mybonnechance.de\/wp-content\/uploads\/2024\/06\/20240518_165546-1-1536x864.jpg 1536w, https:\/\/mybonnechance.de\/wp-content\/uploads\/2024\/06\/20240518_165546-1-2048x1152.jpg 2048w\" sizes=\"auto, (max-width: 767px) 89vw, (max-width: 1000px) 54vw, (max-width: 1071px) 543px, 580px\" \/><\/figure>\n<\/div>\n<\/div>\n\n\n","protected":false},"excerpt":{"rendered":"<p>Tag 13, Mittwoch 18.Mai Bad Esse, Marina Bad Essen &#8211; Minden, Anleger bei KM 10038,8 km &#8211; 4,5 Std. FahrzeitIn den letzten Tagen sind doch immer mehr Sportboote unterwegs. Der Hafen in Minden ist besetzt, so da\u00df wir bei KM 100 an einem Anleger kurz dahinter festmachen. Beim Anlegen habe ich eine Eisenpfahl \u00fcbersehen und &hellip; <\/p>\n<p class=\"link-more\"><a href=\"https:\/\/mybonnechance.de\/?page_id=8179\" class=\"more-link\"><span class=\"screen-reader-text\">\u201e2024-11 Minden\u201c<\/span> weiterlesen<\/a><\/p>\n","protected":false},"author":1,"featured_media":0,"parent":0,"menu_order":0,"comment_status":"closed","ping_status":"closed","template":"","meta":{"ngg_post_thumbnail":0,"footnotes":""},"class_list":["post-8179","page","type-page","status-publish","hentry"],"_links":{"self":[{"href":"https:\/\/mybonnechance.de\/index.php?rest_route=\/wp\/v2\/pages\/8179","targetHints":{"allow":["GET"]}}],"collection":[{"href":"https:\/\/mybonnechance.de\/index.php?rest_route=\/wp\/v2\/pages"}],"about":[{"href":"https:\/\/mybonnechance.de\/index.php?rest_route=\/wp\/v2\/types\/page"}],"author":[{"embeddable":true,"href":"https:\/\/mybonnechance.de\/index.php?rest_route=\/wp\/v2\/users\/1"}],"replies":[{"embeddable":true,"href":"https:\/\/mybonnechance.de\/index.php?rest_route=%2Fwp%2Fv2%2Fcomments&post=8179"}],"version-history":[{"count":2,"href":"https:\/\/mybonnechance.de\/index.php?rest_route=\/wp\/v2\/pages\/8179\/revisions"}],"predecessor-version":[{"id":8361,"href":"https:\/\/mybonnechance.de\/index.php?rest_route=\/wp\/v2\/pages\/8179\/revisions\/8361"}],"wp:attachment":[{"href":"https:\/\/mybonnechance.de\/index.php?rest_route=%2Fwp%2Fv2%2Fmedia&parent=8179"}],"curies":[{"name":"wp","href":"https:\/\/api.w.org\/{rel}","templated":true}]}}