{"id":8187,"date":"2024-06-15T12:48:10","date_gmt":"2024-06-15T12:48:10","guid":{"rendered":"https:\/\/mybonnechance.de\/?page_id=8187"},"modified":"2024-06-21T18:32:09","modified_gmt":"2024-06-21T18:32:09","slug":"2024-15-haldensleben","status":"publish","type":"page","link":"https:\/\/mybonnechance.de\/?page_id=8187","title":{"rendered":"2024-15 Haldensleben"},"content":{"rendered":"\n<p><strong>Tag 20, Samstag 25.Mai<\/strong> <strong> <\/strong> <strong>    Anleger R\u00fchen<\/strong> <strong>&#8211; Anleger bei Haldersleben<\/strong><br>46,1 km &#8211;  4,8 Std. Fahrzeit<br>Das Wetter bleibt wohl tr\u00fcb und regnerisch. Heute scheint Ruhetag f\u00fcr alle Schiffe zu sein, jedenfalls ist kaum eines unterwegs. Die Liegepl\u00e4tze werden auch immer weniger, seitdem wir durch die fr\u00fchere DDR fahren. Wir passieren 2 Sportbooth\u00e4fen, <strong>Calvoerde<\/strong> und <strong>Haldersleben<\/strong>, aber beide sind auch wieder klein. Hinter Haldersleben finden wir auf der rechten Seite hinter einer Industrieanlage eine nette Anlegestelle. Ein weiters Sportboot liegt da schon, aber wir haben genug Platz. Inzwischen sind wir dem Regen davongefahren, denn hier ist f\u00fcr den restlichen Tag tats\u00e4chlich Sonne angesagt.<br>Am Abend DFB Pokalendspiel in Berlin. Leverkusen gewinnt das Double.<\/p>\n\n\n\n<div class=\"wp-block-columns is-layout-flex wp-container-core-columns-is-layout-9d6595d7 wp-block-columns-is-layout-flex\">\n<div class=\"wp-block-column is-layout-flow wp-block-column-is-layout-flow\">\n<figure class=\"wp-block-image size-large is-style-default\"><img loading=\"lazy\" decoding=\"async\" width=\"987\" height=\"1024\" src=\"https:\/\/mybonnechance.de\/wp-content\/uploads\/2024\/06\/20240525_124321-1-987x1024.jpg\" alt=\"\" class=\"wp-image-8494\" srcset=\"https:\/\/mybonnechance.de\/wp-content\/uploads\/2024\/06\/20240525_124321-1-987x1024.jpg 987w, https:\/\/mybonnechance.de\/wp-content\/uploads\/2024\/06\/20240525_124321-1-289x300.jpg 289w, https:\/\/mybonnechance.de\/wp-content\/uploads\/2024\/06\/20240525_124321-1-768x797.jpg 768w, https:\/\/mybonnechance.de\/wp-content\/uploads\/2024\/06\/20240525_124321-1.jpg 1006w\" sizes=\"auto, (max-width: 767px) 89vw, (max-width: 1000px) 54vw, (max-width: 1071px) 543px, 580px\" \/><\/figure>\n\n\n\n<p>Unsere Nachbarn kommen aus Brandenburg und haben eine Katze, die sie schon seit 12 Jahren mit auf Reisen nehmen. Allerdings haben sie deshalb auch schonmal mehrfach 2-3 Tage irgendwo festgehangen, da die Katze vom Streunen nicht zur\u00fcckkam.<\/p>\n<\/div>\n\n\n\n<div class=\"wp-block-column is-layout-flow wp-block-column-is-layout-flow\">\n<figure class=\"wp-block-image size-large is-style-default\"><img loading=\"lazy\" decoding=\"async\" width=\"576\" height=\"1024\" src=\"https:\/\/mybonnechance.de\/wp-content\/uploads\/2024\/06\/20240525_205450-1-576x1024.jpg\" alt=\"\" class=\"wp-image-8495\" srcset=\"https:\/\/mybonnechance.de\/wp-content\/uploads\/2024\/06\/20240525_205450-1-576x1024.jpg 576w, https:\/\/mybonnechance.de\/wp-content\/uploads\/2024\/06\/20240525_205450-1-169x300.jpg 169w, https:\/\/mybonnechance.de\/wp-content\/uploads\/2024\/06\/20240525_205450-1-768x1365.jpg 768w, https:\/\/mybonnechance.de\/wp-content\/uploads\/2024\/06\/20240525_205450-1-864x1536.jpg 864w, https:\/\/mybonnechance.de\/wp-content\/uploads\/2024\/06\/20240525_205450-1-1152x2048.jpg 1152w, https:\/\/mybonnechance.de\/wp-content\/uploads\/2024\/06\/20240525_205450-1-scaled.jpg 1440w\" sizes=\"auto, (max-width: 576px) 100vw, 576px\" \/><\/figure>\n<\/div>\n<\/div>\n\n\n","protected":false},"excerpt":{"rendered":"<p>Tag 20, Samstag 25.Mai Anleger R\u00fchen &#8211; Anleger bei Haldersleben46,1 km &#8211; 4,8 Std. FahrzeitDas Wetter bleibt wohl tr\u00fcb und regnerisch. Heute scheint Ruhetag f\u00fcr alle Schiffe zu sein, jedenfalls ist kaum eines unterwegs. Die Liegepl\u00e4tze werden auch immer weniger, seitdem wir durch die fr\u00fchere DDR fahren. Wir passieren 2 Sportbooth\u00e4fen, Calvoerde und Haldersleben, aber &hellip; <\/p>\n<p class=\"link-more\"><a href=\"https:\/\/mybonnechance.de\/?page_id=8187\" class=\"more-link\"><span class=\"screen-reader-text\">\u201e2024-15 Haldensleben\u201c<\/span> weiterlesen<\/a><\/p>\n","protected":false},"author":1,"featured_media":0,"parent":0,"menu_order":0,"comment_status":"closed","ping_status":"closed","template":"","meta":{"ngg_post_thumbnail":0,"footnotes":""},"class_list":["post-8187","page","type-page","status-publish","hentry"],"_links":{"self":[{"href":"https:\/\/mybonnechance.de\/index.php?rest_route=\/wp\/v2\/pages\/8187","targetHints":{"allow":["GET"]}}],"collection":[{"href":"https:\/\/mybonnechance.de\/index.php?rest_route=\/wp\/v2\/pages"}],"about":[{"href":"https:\/\/mybonnechance.de\/index.php?rest_route=\/wp\/v2\/types\/page"}],"author":[{"embeddable":true,"href":"https:\/\/mybonnechance.de\/index.php?rest_route=\/wp\/v2\/users\/1"}],"replies":[{"embeddable":true,"href":"https:\/\/mybonnechance.de\/index.php?rest_route=%2Fwp%2Fv2%2Fcomments&post=8187"}],"version-history":[{"count":2,"href":"https:\/\/mybonnechance.de\/index.php?rest_route=\/wp\/v2\/pages\/8187\/revisions"}],"predecessor-version":[{"id":8496,"href":"https:\/\/mybonnechance.de\/index.php?rest_route=\/wp\/v2\/pages\/8187\/revisions\/8496"}],"wp:attachment":[{"href":"https:\/\/mybonnechance.de\/index.php?rest_route=%2Fwp%2Fv2%2Fmedia&parent=8187"}],"curies":[{"name":"wp","href":"https:\/\/api.w.org\/{rel}","templated":true}]}}