{"id":8189,"date":"2024-06-15T12:48:33","date_gmt":"2024-06-15T12:48:33","guid":{"rendered":"https:\/\/mybonnechance.de\/?page_id=8189"},"modified":"2024-06-21T18:40:24","modified_gmt":"2024-06-21T18:40:24","slug":"2024-16-rothensee-bei-magdeburg","status":"publish","type":"page","link":"https:\/\/mybonnechance.de\/?page_id=8189","title":{"rendered":"2024-16 Rothensee bei Magdeburg"},"content":{"rendered":"\n<p><strong>Tag 21, Sonntag 26.Mai<\/strong> <strong> <\/strong> <strong>     Anleger bei Haldersleben &#8211; Anleger Rothensee<\/strong><br>18,6 km &#8211;  2 Std. Fahrzeit<br>Heute haben wir kein festes Ziel, sondern schauen, wo wir im Kanal festmachen. Wir haben relativ sp\u00e4t abgelegt und Anlegestellen gibt es wohl nicht mehr so viele.<br>Wir sind dann wirklich nicht lange unterwegs. Nach 18,6 km machen wir Halt. Ich glaube, Stephan ist es lieber, weil man eben nicht wei\u00df, ob wir sonst bis Burg durchfahren m\u00fcssten. Hier ist ein Anleger beim <strong>Schiffshebewerk<\/strong> <strong>Rothensee \u2013 Magdeburg<\/strong>, wo wir einem Ausflugsdampfer beim schleusen zusehen. <\/p>\n\n\n\n<figure class=\"wp-block-gallery has-nested-images columns-default is-cropped wp-block-gallery-1 is-layout-flex wp-block-gallery-is-layout-flex\">\n<figure class=\"wp-block-image size-large is-style-default\"><img loading=\"lazy\" decoding=\"async\" width=\"1024\" height=\"576\" data-id=\"8499\" src=\"https:\/\/mybonnechance.de\/wp-content\/uploads\/2024\/06\/20240526_120935-1024x576.jpg\" alt=\"\" class=\"wp-image-8499\" srcset=\"https:\/\/mybonnechance.de\/wp-content\/uploads\/2024\/06\/20240526_120935-1024x576.jpg 1024w, https:\/\/mybonnechance.de\/wp-content\/uploads\/2024\/06\/20240526_120935-300x169.jpg 300w, https:\/\/mybonnechance.de\/wp-content\/uploads\/2024\/06\/20240526_120935-768x432.jpg 768w, https:\/\/mybonnechance.de\/wp-content\/uploads\/2024\/06\/20240526_120935-1536x864.jpg 1536w, https:\/\/mybonnechance.de\/wp-content\/uploads\/2024\/06\/20240526_120935-2048x1152.jpg 2048w\" sizes=\"auto, (max-width: 767px) 89vw, (max-width: 1000px) 54vw, (max-width: 1071px) 543px, 580px\" \/><\/figure>\n\n\n\n<figure class=\"wp-block-image size-large is-style-default\"><img loading=\"lazy\" decoding=\"async\" width=\"1024\" height=\"576\" data-id=\"8500\" src=\"https:\/\/mybonnechance.de\/wp-content\/uploads\/2024\/06\/20240526_121846-1024x576.jpg\" alt=\"\" class=\"wp-image-8500\" srcset=\"https:\/\/mybonnechance.de\/wp-content\/uploads\/2024\/06\/20240526_121846-1024x576.jpg 1024w, https:\/\/mybonnechance.de\/wp-content\/uploads\/2024\/06\/20240526_121846-300x169.jpg 300w, https:\/\/mybonnechance.de\/wp-content\/uploads\/2024\/06\/20240526_121846-768x432.jpg 768w, https:\/\/mybonnechance.de\/wp-content\/uploads\/2024\/06\/20240526_121846-1536x864.jpg 1536w, https:\/\/mybonnechance.de\/wp-content\/uploads\/2024\/06\/20240526_121846-2048x1152.jpg 2048w\" sizes=\"auto, (max-width: 767px) 89vw, (max-width: 1000px) 54vw, (max-width: 1071px) 543px, 580px\" \/><\/figure>\n<\/figure>\n\n\n\n<p>Es gibt auch einen<strong> Radfahrweg bis Magdeburg<\/strong> von 20 km, aber wir beschlie\u00dfen Siesta zu machen. Hier kommen st\u00e4ndig Radfahrer vorbei, die sich das Hebewerk ansehen m\u00f6chten. Vor uns liegt ein Ausflugsboot und ein gro\u00dfes Schiff \u201eKlabautermann\u201c, bei dem man nicht so genau wei\u00df, ob es privat oder beruflich genutzt wird. Sieht jedenfalls sch\u00f6n aus.<\/p>\n\n\n\n\n","protected":false},"excerpt":{"rendered":"<p>Tag 21, Sonntag 26.Mai Anleger bei Haldersleben &#8211; Anleger Rothensee18,6 km &#8211; 2 Std. FahrzeitHeute haben wir kein festes Ziel, sondern schauen, wo wir im Kanal festmachen. Wir haben relativ sp\u00e4t abgelegt und Anlegestellen gibt es wohl nicht mehr so viele.Wir sind dann wirklich nicht lange unterwegs. Nach 18,6 km machen wir Halt. Ich glaube, &hellip; <\/p>\n<p class=\"link-more\"><a href=\"https:\/\/mybonnechance.de\/?page_id=8189\" class=\"more-link\"><span class=\"screen-reader-text\">\u201e2024-16 Rothensee bei Magdeburg\u201c<\/span> weiterlesen<\/a><\/p>\n","protected":false},"author":1,"featured_media":0,"parent":0,"menu_order":0,"comment_status":"closed","ping_status":"closed","template":"","meta":{"ngg_post_thumbnail":0,"footnotes":""},"class_list":["post-8189","page","type-page","status-publish","hentry"],"_links":{"self":[{"href":"https:\/\/mybonnechance.de\/index.php?rest_route=\/wp\/v2\/pages\/8189","targetHints":{"allow":["GET"]}}],"collection":[{"href":"https:\/\/mybonnechance.de\/index.php?rest_route=\/wp\/v2\/pages"}],"about":[{"href":"https:\/\/mybonnechance.de\/index.php?rest_route=\/wp\/v2\/types\/page"}],"author":[{"embeddable":true,"href":"https:\/\/mybonnechance.de\/index.php?rest_route=\/wp\/v2\/users\/1"}],"replies":[{"embeddable":true,"href":"https:\/\/mybonnechance.de\/index.php?rest_route=%2Fwp%2Fv2%2Fcomments&post=8189"}],"version-history":[{"count":2,"href":"https:\/\/mybonnechance.de\/index.php?rest_route=\/wp\/v2\/pages\/8189\/revisions"}],"predecessor-version":[{"id":8501,"href":"https:\/\/mybonnechance.de\/index.php?rest_route=\/wp\/v2\/pages\/8189\/revisions\/8501"}],"wp:attachment":[{"href":"https:\/\/mybonnechance.de\/index.php?rest_route=%2Fwp%2Fv2%2Fmedia&parent=8189"}],"curies":[{"name":"wp","href":"https:\/\/api.w.org\/{rel}","templated":true}]}}