{"id":8191,"date":"2024-06-15T12:49:00","date_gmt":"2024-06-15T12:49:00","guid":{"rendered":"https:\/\/mybonnechance.de\/?page_id=8191"},"modified":"2024-06-21T18:49:32","modified_gmt":"2024-06-21T18:49:32","slug":"2024-15-haldensleben-2","status":"publish","type":"page","link":"https:\/\/mybonnechance.de\/?page_id=8191","title":{"rendered":"2024-17 Burg bei Magdeburg"},"content":{"rendered":"\n<p><strong>Tag 22, Montag 27.Mai<\/strong> <strong> <\/strong> <strong>      Anleger Rothensee<\/strong> <strong>&#8211; Anleger Burg<\/strong><br>13,9 km &#8211;  1 Schleuse &#8211; 2 Std. Fahrzeit<br>Nach dem super Wetter gestern regnet es heute. Wir sitzen startklar und warten, dass der heftige Schauer nachl\u00e4sst. Kurze Zeit sp\u00e4ter erreichen wir die <strong>Trogbr\u00fccke<\/strong>. Die Kanalbr\u00fccke Magdeburg hat, zusammen mit der <strong>Schleuse Hohenwarthe<\/strong>, eine L\u00e4nge von 5 km und ist somit die l\u00e4ngste Kanalbr\u00fccke der Welt. Zum Gl\u00fcck hat der Regen aufgeh\u00f6rt, denn das Schleusen dauert etwas l\u00e4nger. Der Hub betr\u00e4gt fast 15 m, aber auf der Stb. Seite befindet sich Schwimmpoller.<\/p>\n\n\n\n<figure class=\"wp-block-gallery has-nested-images columns-default is-cropped wp-block-gallery-1 is-layout-flex wp-block-gallery-is-layout-flex\">\n<figure class=\"wp-block-image size-large is-style-default\"><img loading=\"lazy\" decoding=\"async\" width=\"1024\" height=\"576\" data-id=\"8504\" src=\"https:\/\/mybonnechance.de\/wp-content\/uploads\/2024\/06\/20240527_080648-1024x576.jpg\" alt=\"\" class=\"wp-image-8504\" srcset=\"https:\/\/mybonnechance.de\/wp-content\/uploads\/2024\/06\/20240527_080648-1024x576.jpg 1024w, https:\/\/mybonnechance.de\/wp-content\/uploads\/2024\/06\/20240527_080648-300x169.jpg 300w, https:\/\/mybonnechance.de\/wp-content\/uploads\/2024\/06\/20240527_080648-768x432.jpg 768w, https:\/\/mybonnechance.de\/wp-content\/uploads\/2024\/06\/20240527_080648-1536x864.jpg 1536w, https:\/\/mybonnechance.de\/wp-content\/uploads\/2024\/06\/20240527_080648-2048x1152.jpg 2048w\" sizes=\"auto, (max-width: 767px) 89vw, (max-width: 1000px) 54vw, (max-width: 1071px) 543px, 580px\" \/><figcaption class=\"wp-element-caption\"><strong>Kanalbr\u00fccke Magdeburg<\/strong><\/figcaption><\/figure>\n\n\n\n<figure class=\"wp-block-image size-large is-style-default\"><img loading=\"lazy\" decoding=\"async\" width=\"1024\" height=\"576\" data-id=\"8505\" src=\"https:\/\/mybonnechance.de\/wp-content\/uploads\/2024\/06\/20240527_085909-1024x576.jpg\" alt=\"\" class=\"wp-image-8505\" srcset=\"https:\/\/mybonnechance.de\/wp-content\/uploads\/2024\/06\/20240527_085909-1024x576.jpg 1024w, https:\/\/mybonnechance.de\/wp-content\/uploads\/2024\/06\/20240527_085909-300x169.jpg 300w, https:\/\/mybonnechance.de\/wp-content\/uploads\/2024\/06\/20240527_085909-768x432.jpg 768w, https:\/\/mybonnechance.de\/wp-content\/uploads\/2024\/06\/20240527_085909-1536x864.jpg 1536w, https:\/\/mybonnechance.de\/wp-content\/uploads\/2024\/06\/20240527_085909-2048x1152.jpg 2048w\" sizes=\"auto, (max-width: 767px) 89vw, (max-width: 1000px) 54vw, (max-width: 1071px) 543px, 580px\" \/><figcaption class=\"wp-element-caption\"><strong>Schleuse Hohenwarthe<\/strong><\/figcaption><\/figure>\n<\/figure>\n\n\n\n<p><br>Nach 2 Std. machen wir schon wieder bei <strong>Burg<\/strong> an einem Anleger fest. Die Sonne setzt sich durch und wir wollen uns mal wieder etwas bewegen und einkaufen. Burg ist nicht sehenswert, hat aber Edeka und Rossmann und etwas weiter drau\u00dfen Aldi und Toom. Es gibt zwei Kirchen im Ort, wobei die<strong> Kirche St. Johannes <\/strong>der T\u00e4ufer drei wundersch\u00f6ne Glasfenster \u00fcber dem Altar hat. Die<strong> St. Nicolaikirche<\/strong> besitz eine Kanzel von 1640, deren Reliefarbeit sehenswert ist. Ansonsten sind beide Kirchen mehr als schlicht gehalten.<br><\/p>\n\n\n\n<figure class=\"wp-block-gallery has-nested-images columns-default is-cropped wp-block-gallery-2 is-layout-flex wp-block-gallery-is-layout-flex\">\n<figure class=\"wp-block-image size-large is-style-default\"><img loading=\"lazy\" decoding=\"async\" width=\"1024\" height=\"576\" data-id=\"8510\" src=\"https:\/\/mybonnechance.de\/wp-content\/uploads\/2024\/06\/20240527_124333-3-1024x576.jpg\" alt=\"\" class=\"wp-image-8510\" srcset=\"https:\/\/mybonnechance.de\/wp-content\/uploads\/2024\/06\/20240527_124333-3-1024x576.jpg 1024w, https:\/\/mybonnechance.de\/wp-content\/uploads\/2024\/06\/20240527_124333-3-300x169.jpg 300w, https:\/\/mybonnechance.de\/wp-content\/uploads\/2024\/06\/20240527_124333-3-768x432.jpg 768w, https:\/\/mybonnechance.de\/wp-content\/uploads\/2024\/06\/20240527_124333-3-1536x864.jpg 1536w, https:\/\/mybonnechance.de\/wp-content\/uploads\/2024\/06\/20240527_124333-3-2048x1152.jpg 2048w\" sizes=\"auto, (max-width: 767px) 89vw, (max-width: 1000px) 54vw, (max-width: 1071px) 543px, 580px\" \/><figcaption class=\"wp-element-caption\"><strong>St. Nicolaikirche<\/strong><\/figcaption><\/figure>\n\n\n\n<figure class=\"wp-block-image size-large is-style-default\"><img loading=\"lazy\" decoding=\"async\" width=\"1024\" height=\"576\" data-id=\"8506\" src=\"https:\/\/mybonnechance.de\/wp-content\/uploads\/2024\/06\/20240527_125702-1024x576.jpg\" alt=\"\" class=\"wp-image-8506\" srcset=\"https:\/\/mybonnechance.de\/wp-content\/uploads\/2024\/06\/20240527_125702-1024x576.jpg 1024w, https:\/\/mybonnechance.de\/wp-content\/uploads\/2024\/06\/20240527_125702-300x169.jpg 300w, https:\/\/mybonnechance.de\/wp-content\/uploads\/2024\/06\/20240527_125702-768x432.jpg 768w, https:\/\/mybonnechance.de\/wp-content\/uploads\/2024\/06\/20240527_125702-1536x864.jpg 1536w, https:\/\/mybonnechance.de\/wp-content\/uploads\/2024\/06\/20240527_125702-2048x1152.jpg 2048w\" sizes=\"auto, (max-width: 767px) 89vw, (max-width: 1000px) 54vw, (max-width: 1071px) 543px, 580px\" \/><figcaption class=\"wp-element-caption\"><strong>Kirche St. Johannes<\/strong><\/figcaption><\/figure>\n<\/figure>\n\n\n","protected":false},"excerpt":{"rendered":"<p>Tag 22, Montag 27.Mai Anleger Rothensee &#8211; Anleger Burg13,9 km &#8211; 1 Schleuse &#8211; 2 Std. FahrzeitNach dem super Wetter gestern regnet es heute. Wir sitzen startklar und warten, dass der heftige Schauer nachl\u00e4sst. Kurze Zeit sp\u00e4ter erreichen wir die Trogbr\u00fccke. Die Kanalbr\u00fccke Magdeburg hat, zusammen mit der Schleuse Hohenwarthe, eine L\u00e4nge von 5 km &hellip; <\/p>\n<p class=\"link-more\"><a href=\"https:\/\/mybonnechance.de\/?page_id=8191\" class=\"more-link\"><span class=\"screen-reader-text\">\u201e2024-17 Burg bei Magdeburg\u201c<\/span> weiterlesen<\/a><\/p>\n","protected":false},"author":1,"featured_media":0,"parent":0,"menu_order":0,"comment_status":"closed","ping_status":"closed","template":"","meta":{"ngg_post_thumbnail":0,"footnotes":""},"class_list":["post-8191","page","type-page","status-publish","hentry"],"_links":{"self":[{"href":"https:\/\/mybonnechance.de\/index.php?rest_route=\/wp\/v2\/pages\/8191","targetHints":{"allow":["GET"]}}],"collection":[{"href":"https:\/\/mybonnechance.de\/index.php?rest_route=\/wp\/v2\/pages"}],"about":[{"href":"https:\/\/mybonnechance.de\/index.php?rest_route=\/wp\/v2\/types\/page"}],"author":[{"embeddable":true,"href":"https:\/\/mybonnechance.de\/index.php?rest_route=\/wp\/v2\/users\/1"}],"replies":[{"embeddable":true,"href":"https:\/\/mybonnechance.de\/index.php?rest_route=%2Fwp%2Fv2%2Fcomments&post=8191"}],"version-history":[{"count":3,"href":"https:\/\/mybonnechance.de\/index.php?rest_route=\/wp\/v2\/pages\/8191\/revisions"}],"predecessor-version":[{"id":8511,"href":"https:\/\/mybonnechance.de\/index.php?rest_route=\/wp\/v2\/pages\/8191\/revisions\/8511"}],"wp:attachment":[{"href":"https:\/\/mybonnechance.de\/index.php?rest_route=%2Fwp%2Fv2%2Fmedia&parent=8191"}],"curies":[{"name":"wp","href":"https:\/\/api.w.org\/{rel}","templated":true}]}}