{"id":8197,"date":"2024-06-15T12:53:31","date_gmt":"2024-06-15T12:53:31","guid":{"rendered":"https:\/\/mybonnechance.de\/?page_id=8197"},"modified":"2024-06-21T19:19:15","modified_gmt":"2024-06-21T19:19:15","slug":"2024-18-plaue-an-der-havel","status":"publish","type":"page","link":"https:\/\/mybonnechance.de\/?page_id=8197","title":{"rendered":"2024-18 Plaue an der Havel"},"content":{"rendered":"\n<p><strong>Tag 23, Dienstag 28.Mai<\/strong> <strong> <\/strong> <strong>       Anleger Burg<\/strong> <strong>&#8211; Plaue a.d. Havel, Hafen Bucku Fermesleben<\/strong><br>50,2 km &#8211;  2 Schleuse &#8211; 7 Std. Fahrzeit<br>Auch heute fahren wir wieder bei bew\u00f6lktem und regnerischem Wetter ab. Aber im Laufe des Mittags wird es immer besser und jetzt, kurz vor <strong>Schleuse Wusterwitz<\/strong>, scheint sogar hin und wieder die Sonne.  Die Wartezeit an der Schleuse betr\u00e4gt 1 h, leider haben wir an der <strong>Schleuse Zerben <\/strong>genauso eine lange Wartezeit.  Die Fahrt ist aber wieder sehr sch\u00f6n. <\/p>\n\n\n\n<figure class=\"wp-block-gallery has-nested-images columns-default is-cropped wp-block-gallery-1 is-layout-flex wp-block-gallery-is-layout-flex\">\n<figure class=\"wp-block-image size-large is-style-default\"><img loading=\"lazy\" decoding=\"async\" width=\"1024\" height=\"576\" data-id=\"8513\" src=\"https:\/\/mybonnechance.de\/wp-content\/uploads\/2024\/06\/20240528_104534-1024x576.jpg\" alt=\"\" class=\"wp-image-8513\" srcset=\"https:\/\/mybonnechance.de\/wp-content\/uploads\/2024\/06\/20240528_104534-1024x576.jpg 1024w, https:\/\/mybonnechance.de\/wp-content\/uploads\/2024\/06\/20240528_104534-300x169.jpg 300w, https:\/\/mybonnechance.de\/wp-content\/uploads\/2024\/06\/20240528_104534-768x432.jpg 768w, https:\/\/mybonnechance.de\/wp-content\/uploads\/2024\/06\/20240528_104534-1536x864.jpg 1536w, https:\/\/mybonnechance.de\/wp-content\/uploads\/2024\/06\/20240528_104534-2048x1152.jpg 2048w\" sizes=\"auto, (max-width: 767px) 89vw, (max-width: 1000px) 54vw, (max-width: 1071px) 543px, 580px\" \/><\/figure>\n\n\n\n<figure class=\"wp-block-image size-large is-style-default\"><img loading=\"lazy\" decoding=\"async\" width=\"1024\" height=\"576\" data-id=\"8514\" src=\"https:\/\/mybonnechance.de\/wp-content\/uploads\/2024\/06\/20240528_105910-1024x576.jpg\" alt=\"\" class=\"wp-image-8514\" srcset=\"https:\/\/mybonnechance.de\/wp-content\/uploads\/2024\/06\/20240528_105910-1024x576.jpg 1024w, https:\/\/mybonnechance.de\/wp-content\/uploads\/2024\/06\/20240528_105910-300x169.jpg 300w, https:\/\/mybonnechance.de\/wp-content\/uploads\/2024\/06\/20240528_105910-768x432.jpg 768w, https:\/\/mybonnechance.de\/wp-content\/uploads\/2024\/06\/20240528_105910-1536x864.jpg 1536w, https:\/\/mybonnechance.de\/wp-content\/uploads\/2024\/06\/20240528_105910-2048x1152.jpg 2048w\" sizes=\"auto, (max-width: 767px) 89vw, (max-width: 1000px) 54vw, (max-width: 1071px) 543px, 580px\" \/><\/figure>\n<\/figure>\n\n\n\n<p>Nach der letzten Schleuse dauert es nur noch 20 min. und wir haben die <strong>Gew\u00e4sser Brandenburgs<\/strong> erreicht, sowie den <strong>Hafen Buckau Fermesleben.<\/strong> Der Hafenmeister weist uns telefonisch eine Box zu, die sich als ziemlich mies erweist. Dummerweise frischt gerade beim Anlegeman\u00f6ver Wind auf und Stephan braucht einen 2. Anlauf. Es sind keine Festmacher zu sehen, au\u00dfer hinten. Da ist eine Leine gespannt, die ich aber nicht erwische, da wir zu weit weg sind. Ich kann aber dann abspringen und versuche vorne zu belegen, schaffe es aber nicht rechtzeitig, bevor der Bug in Richtung anderes Schiff abhaut. Ich versuche das zu verhindern \u2013 schaffe es nicht \u2013 liege fast waagerecht mit der Vorleine in der Hand und dann machts platsch und ich liege im Wasser. Zum Gl\u00fcck ist noch alles an Mann, sprich Brille und Schuhe &#x1f60a;. Es gibt keine Leiter und so schwimme ich zu unserer Badeleiter. Das Wasser ist zumindest angenehm warm. Die Sonne hat sich verabschiedet und der Wind wird heftiger. <\/p>\n\n\n\n<div class=\"wp-block-columns is-layout-flex wp-container-core-columns-is-layout-9d6595d7 wp-block-columns-is-layout-flex\">\n<div class=\"wp-block-column is-layout-flow wp-block-column-is-layout-flow\" style=\"flex-basis:33.33%\">\n<figure class=\"wp-block-image size-large is-style-default\"><img loading=\"lazy\" decoding=\"async\" width=\"877\" height=\"1024\" src=\"https:\/\/mybonnechance.de\/wp-content\/uploads\/2024\/06\/20240528_142010-877x1024.jpg\" alt=\"\" class=\"wp-image-8515\" srcset=\"https:\/\/mybonnechance.de\/wp-content\/uploads\/2024\/06\/20240528_142010-877x1024.jpg 877w, https:\/\/mybonnechance.de\/wp-content\/uploads\/2024\/06\/20240528_142010-257x300.jpg 257w, https:\/\/mybonnechance.de\/wp-content\/uploads\/2024\/06\/20240528_142010-768x896.jpg 768w, https:\/\/mybonnechance.de\/wp-content\/uploads\/2024\/06\/20240528_142010.jpg 1035w\" sizes=\"auto, (max-width: 767px) 89vw, (max-width: 1000px) 54vw, (max-width: 1071px) 543px, 580px\" \/><\/figure>\n\n\n\n<p>Das Symbol der Gelben Welle ist in den hiesigen Gew\u00e4ssern , das Zeichen f\u00fcr Gastlieger<\/p>\n<\/div>\n\n\n\n<div class=\"wp-block-column is-layout-flow wp-block-column-is-layout-flow\" style=\"flex-basis:66.66%\">\n<figure class=\"wp-block-image size-large is-style-default\"><img loading=\"lazy\" decoding=\"async\" width=\"1024\" height=\"576\" src=\"https:\/\/mybonnechance.de\/wp-content\/uploads\/2024\/06\/20240528_190025-1024x576.jpg\" alt=\"\" class=\"wp-image-8516\" srcset=\"https:\/\/mybonnechance.de\/wp-content\/uploads\/2024\/06\/20240528_190025-1024x576.jpg 1024w, https:\/\/mybonnechance.de\/wp-content\/uploads\/2024\/06\/20240528_190025-300x169.jpg 300w, https:\/\/mybonnechance.de\/wp-content\/uploads\/2024\/06\/20240528_190025-768x432.jpg 768w, https:\/\/mybonnechance.de\/wp-content\/uploads\/2024\/06\/20240528_190025-1536x864.jpg 1536w, https:\/\/mybonnechance.de\/wp-content\/uploads\/2024\/06\/20240528_190025-2048x1152.jpg 2048w\" sizes=\"auto, (max-width: 767px) 89vw, (max-width: 1000px) 54vw, (max-width: 1071px) 543px, 580px\" \/><\/figure>\n\n\n\n<p>                                   <strong>Hafen Buckau Fermesleben<\/strong><\/p>\n<\/div>\n<\/div>\n\n\n\n<p><strong>Tag 24, Mittwoch  29.Mai<\/strong><br>Fahrradtour gemacht durch <strong>Plaue und Kirchm\u00f6ser<\/strong>. Es gibt hier eine Industrierundfahrt. Hier sind noch die verfallenen Geb\u00e4ude der dritten und gr\u00f6\u00dften Pulverfabrik des Deutschen Reiches (1915) zu sehen. Dann geht es noch durch den Schlosspark von Plaue samt Schlossansicht. Muss mal sehr sch\u00f6n gewesen sein. Seit 2006 ist es privat verkauft, aber der macht wohl nichts daran &#8211; Schade<\/p>\n\n\n\n<figure class=\"wp-block-gallery has-nested-images columns-default is-cropped wp-block-gallery-2 is-layout-flex wp-block-gallery-is-layout-flex\">\n<figure class=\"wp-block-image size-large is-style-default\"><img loading=\"lazy\" decoding=\"async\" width=\"1024\" height=\"576\" data-id=\"8518\" src=\"https:\/\/mybonnechance.de\/wp-content\/uploads\/2024\/06\/20240529_122653-1024x576.jpg\" alt=\"\" class=\"wp-image-8518\" srcset=\"https:\/\/mybonnechance.de\/wp-content\/uploads\/2024\/06\/20240529_122653-1024x576.jpg 1024w, https:\/\/mybonnechance.de\/wp-content\/uploads\/2024\/06\/20240529_122653-300x169.jpg 300w, https:\/\/mybonnechance.de\/wp-content\/uploads\/2024\/06\/20240529_122653-768x432.jpg 768w, https:\/\/mybonnechance.de\/wp-content\/uploads\/2024\/06\/20240529_122653-1536x864.jpg 1536w, https:\/\/mybonnechance.de\/wp-content\/uploads\/2024\/06\/20240529_122653-2048x1152.jpg 2048w\" sizes=\"auto, (max-width: 767px) 89vw, (max-width: 1000px) 54vw, (max-width: 1071px) 543px, 580px\" \/><figcaption class=\"wp-element-caption\"><strong>Die fr\u00fchere Tontaubenschie\u00dfanlage im Park<\/strong><\/figcaption><\/figure>\n\n\n\n<figure class=\"wp-block-image size-large is-style-default\"><img loading=\"lazy\" decoding=\"async\" width=\"1024\" height=\"576\" data-id=\"8517\" src=\"https:\/\/mybonnechance.de\/wp-content\/uploads\/2024\/06\/20240529_122719-1024x576.jpg\" alt=\"\" class=\"wp-image-8517\" srcset=\"https:\/\/mybonnechance.de\/wp-content\/uploads\/2024\/06\/20240529_122719-1024x576.jpg 1024w, https:\/\/mybonnechance.de\/wp-content\/uploads\/2024\/06\/20240529_122719-300x169.jpg 300w, https:\/\/mybonnechance.de\/wp-content\/uploads\/2024\/06\/20240529_122719-768x432.jpg 768w, https:\/\/mybonnechance.de\/wp-content\/uploads\/2024\/06\/20240529_122719-1536x864.jpg 1536w, https:\/\/mybonnechance.de\/wp-content\/uploads\/2024\/06\/20240529_122719-2048x1152.jpg 2048w\" sizes=\"auto, (max-width: 767px) 89vw, (max-width: 1000px) 54vw, (max-width: 1071px) 543px, 580px\" \/><\/figure>\n<\/figure>\n\n\n\n<figure class=\"wp-block-gallery has-nested-images columns-default is-cropped wp-block-gallery-3 is-layout-flex wp-block-gallery-is-layout-flex\">\n<figure class=\"wp-block-image size-large is-style-default\"><img loading=\"lazy\" decoding=\"async\" width=\"1024\" height=\"576\" data-id=\"8519\" src=\"https:\/\/mybonnechance.de\/wp-content\/uploads\/2024\/06\/20240529_123614-1024x576.jpg\" alt=\"\" class=\"wp-image-8519\" srcset=\"https:\/\/mybonnechance.de\/wp-content\/uploads\/2024\/06\/20240529_123614-1024x576.jpg 1024w, https:\/\/mybonnechance.de\/wp-content\/uploads\/2024\/06\/20240529_123614-300x169.jpg 300w, https:\/\/mybonnechance.de\/wp-content\/uploads\/2024\/06\/20240529_123614-768x432.jpg 768w, https:\/\/mybonnechance.de\/wp-content\/uploads\/2024\/06\/20240529_123614-1536x864.jpg 1536w, https:\/\/mybonnechance.de\/wp-content\/uploads\/2024\/06\/20240529_123614-2048x1152.jpg 2048w\" sizes=\"auto, (max-width: 767px) 89vw, (max-width: 1000px) 54vw, (max-width: 1071px) 543px, 580px\" \/><figcaption class=\"wp-element-caption\"><strong>Das Schlo\u00df fr\u00fcher<\/strong><\/figcaption><\/figure>\n\n\n\n<figure class=\"wp-block-image size-large is-style-default\"><img loading=\"lazy\" decoding=\"async\" width=\"1024\" height=\"576\" data-id=\"8520\" src=\"https:\/\/mybonnechance.de\/wp-content\/uploads\/2024\/06\/20240529_123337-1024x576.jpg\" alt=\"\" class=\"wp-image-8520\" srcset=\"https:\/\/mybonnechance.de\/wp-content\/uploads\/2024\/06\/20240529_123337-1024x576.jpg 1024w, https:\/\/mybonnechance.de\/wp-content\/uploads\/2024\/06\/20240529_123337-300x169.jpg 300w, https:\/\/mybonnechance.de\/wp-content\/uploads\/2024\/06\/20240529_123337-768x432.jpg 768w, https:\/\/mybonnechance.de\/wp-content\/uploads\/2024\/06\/20240529_123337-1536x864.jpg 1536w, https:\/\/mybonnechance.de\/wp-content\/uploads\/2024\/06\/20240529_123337-2048x1152.jpg 2048w\" sizes=\"auto, (max-width: 767px) 89vw, (max-width: 1000px) 54vw, (max-width: 1071px) 543px, 580px\" \/><figcaption class=\"wp-element-caption\"><strong>Und Heute<\/strong><\/figcaption><\/figure>\n<\/figure>\n\n\n\n<figure class=\"wp-block-gallery has-nested-images columns-default is-cropped wp-block-gallery-4 is-layout-flex wp-block-gallery-is-layout-flex\">\n<figure class=\"wp-block-image size-large is-style-default\"><img loading=\"lazy\" decoding=\"async\" width=\"1024\" height=\"576\" data-id=\"8522\" src=\"https:\/\/mybonnechance.de\/wp-content\/uploads\/2024\/06\/20240529_125224-1024x576.jpg\" alt=\"\" class=\"wp-image-8522\" srcset=\"https:\/\/mybonnechance.de\/wp-content\/uploads\/2024\/06\/20240529_125224-1024x576.jpg 1024w, https:\/\/mybonnechance.de\/wp-content\/uploads\/2024\/06\/20240529_125224-300x169.jpg 300w, https:\/\/mybonnechance.de\/wp-content\/uploads\/2024\/06\/20240529_125224-768x432.jpg 768w, https:\/\/mybonnechance.de\/wp-content\/uploads\/2024\/06\/20240529_125224-1536x864.jpg 1536w, https:\/\/mybonnechance.de\/wp-content\/uploads\/2024\/06\/20240529_125224-2048x1152.jpg 2048w\" sizes=\"auto, (max-width: 767px) 89vw, (max-width: 1000px) 54vw, (max-width: 1071px) 543px, 580px\" \/><figcaption class=\"wp-element-caption\"><strong>R\u00fcckfront des Schlosses<\/strong><\/figcaption><\/figure>\n\n\n\n<figure class=\"wp-block-image size-large is-style-default\"><img loading=\"lazy\" decoding=\"async\" width=\"1024\" height=\"576\" data-id=\"8521\" src=\"https:\/\/mybonnechance.de\/wp-content\/uploads\/2024\/06\/20240529_131239-1024x576.jpg\" alt=\"\" class=\"wp-image-8521\" srcset=\"https:\/\/mybonnechance.de\/wp-content\/uploads\/2024\/06\/20240529_131239-1024x576.jpg 1024w, https:\/\/mybonnechance.de\/wp-content\/uploads\/2024\/06\/20240529_131239-300x169.jpg 300w, https:\/\/mybonnechance.de\/wp-content\/uploads\/2024\/06\/20240529_131239-768x432.jpg 768w, https:\/\/mybonnechance.de\/wp-content\/uploads\/2024\/06\/20240529_131239-1536x864.jpg 1536w, https:\/\/mybonnechance.de\/wp-content\/uploads\/2024\/06\/20240529_131239-2048x1152.jpg 2048w\" sizes=\"auto, (max-width: 767px) 89vw, (max-width: 1000px) 54vw, (max-width: 1071px) 543px, 580px\" \/><\/figure>\n<\/figure>\n\n\n\n<figure class=\"wp-block-image size-large is-resized is-style-default\"><img loading=\"lazy\" decoding=\"async\" width=\"1024\" height=\"576\" src=\"https:\/\/mybonnechance.de\/wp-content\/uploads\/2024\/06\/20240529_112340-1024x576.jpg\" alt=\"\" class=\"wp-image-8523\" style=\"width:674px;height:auto\" srcset=\"https:\/\/mybonnechance.de\/wp-content\/uploads\/2024\/06\/20240529_112340-1024x576.jpg 1024w, https:\/\/mybonnechance.de\/wp-content\/uploads\/2024\/06\/20240529_112340-300x169.jpg 300w, https:\/\/mybonnechance.de\/wp-content\/uploads\/2024\/06\/20240529_112340-768x432.jpg 768w, https:\/\/mybonnechance.de\/wp-content\/uploads\/2024\/06\/20240529_112340-1536x864.jpg 1536w, https:\/\/mybonnechance.de\/wp-content\/uploads\/2024\/06\/20240529_112340-2048x1152.jpg 2048w\" sizes=\"auto, (max-width: 767px) 89vw, (max-width: 1000px) 54vw, (max-width: 1071px) 543px, 580px\" \/><figcaption class=\"wp-element-caption\"><strong>Plauer See<\/strong><\/figcaption><\/figure>\n\n\n","protected":false},"excerpt":{"rendered":"<p>Tag 23, Dienstag 28.Mai Anleger Burg &#8211; Plaue a.d. Havel, Hafen Bucku Fermesleben50,2 km &#8211; 2 Schleuse &#8211; 7 Std. FahrzeitAuch heute fahren wir wieder bei bew\u00f6lktem und regnerischem Wetter ab. Aber im Laufe des Mittags wird es immer besser und jetzt, kurz vor Schleuse Wusterwitz, scheint sogar hin und wieder die Sonne. Die Wartezeit &hellip; <\/p>\n<p class=\"link-more\"><a href=\"https:\/\/mybonnechance.de\/?page_id=8197\" class=\"more-link\"><span class=\"screen-reader-text\">\u201e2024-18 Plaue an der Havel\u201c<\/span> weiterlesen<\/a><\/p>\n","protected":false},"author":1,"featured_media":0,"parent":0,"menu_order":0,"comment_status":"closed","ping_status":"closed","template":"","meta":{"ngg_post_thumbnail":0,"footnotes":""},"class_list":["post-8197","page","type-page","status-publish","hentry"],"_links":{"self":[{"href":"https:\/\/mybonnechance.de\/index.php?rest_route=\/wp\/v2\/pages\/8197","targetHints":{"allow":["GET"]}}],"collection":[{"href":"https:\/\/mybonnechance.de\/index.php?rest_route=\/wp\/v2\/pages"}],"about":[{"href":"https:\/\/mybonnechance.de\/index.php?rest_route=\/wp\/v2\/types\/page"}],"author":[{"embeddable":true,"href":"https:\/\/mybonnechance.de\/index.php?rest_route=\/wp\/v2\/users\/1"}],"replies":[{"embeddable":true,"href":"https:\/\/mybonnechance.de\/index.php?rest_route=%2Fwp%2Fv2%2Fcomments&post=8197"}],"version-history":[{"count":2,"href":"https:\/\/mybonnechance.de\/index.php?rest_route=\/wp\/v2\/pages\/8197\/revisions"}],"predecessor-version":[{"id":8524,"href":"https:\/\/mybonnechance.de\/index.php?rest_route=\/wp\/v2\/pages\/8197\/revisions\/8524"}],"wp:attachment":[{"href":"https:\/\/mybonnechance.de\/index.php?rest_route=%2Fwp%2Fv2%2Fmedia&parent=8197"}],"curies":[{"name":"wp","href":"https:\/\/api.w.org\/{rel}","templated":true}]}}