{"id":8199,"date":"2024-06-15T12:53:50","date_gmt":"2024-06-15T12:53:50","guid":{"rendered":"https:\/\/mybonnechance.de\/?page_id=8199"},"modified":"2024-06-21T19:25:39","modified_gmt":"2024-06-21T19:25:39","slug":"2024-19-malge-an-der-havel","status":"publish","type":"page","link":"https:\/\/mybonnechance.de\/?page_id=8199","title":{"rendered":"2024-19 Malge an der Havel"},"content":{"rendered":"\n<p><strong>Tag 25, Donnerstag 30.Mai<\/strong> <strong> <\/strong> <strong>        Plaue a.d. Havel, Hafen Bucku Fermesleben<\/strong> &#8211; Malge, <br>8,5 km &#8211;   1,2 Std. Fahrzeit<br>Und wieder Abfahrt bei bew\u00f6lktem und regnerischem Wetter. Nach einer kurzen Fahrzeit von etwas \u00fcber 1 h\u00a0legen wir im Regen an. Daf\u00fcr ist das diesmal kein Problem, wir k\u00f6nnen am L\u00e4ngssteg f\u00fcr Besucher anlegen. Da passen allerdings nur 2 Schiffe hin \u2013 Gl\u00fcck gehabt. Aber bei dem Wetter will wahrscheinlich keiner einen Ausflug machen, obwohl Feiertag ist.<br>Der Hafen ist auf jedenfalls sehr viel sch\u00f6ner als im Plauer See. Man k\u00f6nnte, wenn das Wetter besser w\u00e4re, auch schwimmen gehen. Abends gehen wir zum Trost f\u00fcrs schlechte Wetter ins Hafenrestaurant. Sehr empfehlenswert. Stephan hatte eine wunderbare Forelle<\/p>\n\n\n\n<figure class=\"wp-block-gallery has-nested-images columns-default is-cropped wp-block-gallery-1 is-layout-flex wp-block-gallery-is-layout-flex\">\n<figure class=\"wp-block-image size-large is-style-default\"><img loading=\"lazy\" decoding=\"async\" width=\"1024\" height=\"576\" data-id=\"8526\" src=\"https:\/\/mybonnechance.de\/wp-content\/uploads\/2024\/06\/20240530_194645-1024x576.jpg\" alt=\"\" class=\"wp-image-8526\" srcset=\"https:\/\/mybonnechance.de\/wp-content\/uploads\/2024\/06\/20240530_194645-1024x576.jpg 1024w, https:\/\/mybonnechance.de\/wp-content\/uploads\/2024\/06\/20240530_194645-300x169.jpg 300w, https:\/\/mybonnechance.de\/wp-content\/uploads\/2024\/06\/20240530_194645-768x432.jpg 768w, https:\/\/mybonnechance.de\/wp-content\/uploads\/2024\/06\/20240530_194645-1536x864.jpg 1536w, https:\/\/mybonnechance.de\/wp-content\/uploads\/2024\/06\/20240530_194645-2048x1152.jpg 2048w\" sizes=\"auto, (max-width: 767px) 89vw, (max-width: 1000px) 54vw, (max-width: 1071px) 543px, 580px\" \/><\/figure>\n\n\n\n<figure class=\"wp-block-image size-large is-style-default\"><img loading=\"lazy\" decoding=\"async\" width=\"1024\" height=\"576\" data-id=\"8527\" src=\"https:\/\/mybonnechance.de\/wp-content\/uploads\/2024\/06\/20240530_194637-1024x576.jpg\" alt=\"\" class=\"wp-image-8527\" srcset=\"https:\/\/mybonnechance.de\/wp-content\/uploads\/2024\/06\/20240530_194637-1024x576.jpg 1024w, https:\/\/mybonnechance.de\/wp-content\/uploads\/2024\/06\/20240530_194637-300x169.jpg 300w, https:\/\/mybonnechance.de\/wp-content\/uploads\/2024\/06\/20240530_194637-768x432.jpg 768w, https:\/\/mybonnechance.de\/wp-content\/uploads\/2024\/06\/20240530_194637-1536x864.jpg 1536w, https:\/\/mybonnechance.de\/wp-content\/uploads\/2024\/06\/20240530_194637-2048x1152.jpg 2048w\" sizes=\"auto, (max-width: 767px) 89vw, (max-width: 1000px) 54vw, (max-width: 1071px) 543px, 580px\" \/><\/figure>\n<\/figure>\n\n\n\n<figure class=\"wp-block-gallery has-nested-images columns-default is-cropped wp-block-gallery-2 is-layout-flex wp-block-gallery-is-layout-flex\">\n<figure class=\"wp-block-image size-large is-style-default\"><img loading=\"lazy\" decoding=\"async\" width=\"1024\" height=\"576\" data-id=\"8529\" src=\"https:\/\/mybonnechance.de\/wp-content\/uploads\/2024\/06\/20240530_194726-1024x576.jpg\" alt=\"\" class=\"wp-image-8529\" srcset=\"https:\/\/mybonnechance.de\/wp-content\/uploads\/2024\/06\/20240530_194726-1024x576.jpg 1024w, https:\/\/mybonnechance.de\/wp-content\/uploads\/2024\/06\/20240530_194726-300x169.jpg 300w, https:\/\/mybonnechance.de\/wp-content\/uploads\/2024\/06\/20240530_194726-768x432.jpg 768w, https:\/\/mybonnechance.de\/wp-content\/uploads\/2024\/06\/20240530_194726-1536x864.jpg 1536w, https:\/\/mybonnechance.de\/wp-content\/uploads\/2024\/06\/20240530_194726-2048x1152.jpg 2048w\" sizes=\"auto, (max-width: 767px) 89vw, (max-width: 1000px) 54vw, (max-width: 1071px) 543px, 580px\" \/><\/figure>\n\n\n\n<figure class=\"wp-block-image size-large is-style-default\"><img loading=\"lazy\" decoding=\"async\" width=\"1024\" height=\"576\" data-id=\"8528\" src=\"https:\/\/mybonnechance.de\/wp-content\/uploads\/2024\/06\/20240530_190302-1024x576.jpg\" alt=\"\" class=\"wp-image-8528\" srcset=\"https:\/\/mybonnechance.de\/wp-content\/uploads\/2024\/06\/20240530_190302-1024x576.jpg 1024w, https:\/\/mybonnechance.de\/wp-content\/uploads\/2024\/06\/20240530_190302-300x169.jpg 300w, https:\/\/mybonnechance.de\/wp-content\/uploads\/2024\/06\/20240530_190302-768x432.jpg 768w, https:\/\/mybonnechance.de\/wp-content\/uploads\/2024\/06\/20240530_190302-1536x864.jpg 1536w, https:\/\/mybonnechance.de\/wp-content\/uploads\/2024\/06\/20240530_190302-2048x1152.jpg 2048w\" sizes=\"auto, (max-width: 767px) 89vw, (max-width: 1000px) 54vw, (max-width: 1071px) 543px, 580px\" \/><\/figure>\n<\/figure>\n\n\n\n\n\n<p><br><br><\/p>\n","protected":false},"excerpt":{"rendered":"<p>Tag 25, Donnerstag 30.Mai Plaue a.d. Havel, Hafen Bucku Fermesleben &#8211; Malge, 8,5 km &#8211; 1,2 Std. FahrzeitUnd wieder Abfahrt bei bew\u00f6lktem und regnerischem Wetter. Nach einer kurzen Fahrzeit von etwas \u00fcber 1 h\u00a0legen wir im Regen an. Daf\u00fcr ist das diesmal kein Problem, wir k\u00f6nnen am L\u00e4ngssteg f\u00fcr Besucher anlegen. Da passen allerdings nur &hellip; <\/p>\n<p class=\"link-more\"><a href=\"https:\/\/mybonnechance.de\/?page_id=8199\" class=\"more-link\"><span class=\"screen-reader-text\">\u201e2024-19 Malge an der Havel\u201c<\/span> weiterlesen<\/a><\/p>\n","protected":false},"author":1,"featured_media":0,"parent":0,"menu_order":0,"comment_status":"closed","ping_status":"closed","template":"","meta":{"ngg_post_thumbnail":0,"footnotes":""},"class_list":["post-8199","page","type-page","status-publish","hentry"],"_links":{"self":[{"href":"https:\/\/mybonnechance.de\/index.php?rest_route=\/wp\/v2\/pages\/8199","targetHints":{"allow":["GET"]}}],"collection":[{"href":"https:\/\/mybonnechance.de\/index.php?rest_route=\/wp\/v2\/pages"}],"about":[{"href":"https:\/\/mybonnechance.de\/index.php?rest_route=\/wp\/v2\/types\/page"}],"author":[{"embeddable":true,"href":"https:\/\/mybonnechance.de\/index.php?rest_route=\/wp\/v2\/users\/1"}],"replies":[{"embeddable":true,"href":"https:\/\/mybonnechance.de\/index.php?rest_route=%2Fwp%2Fv2%2Fcomments&post=8199"}],"version-history":[{"count":2,"href":"https:\/\/mybonnechance.de\/index.php?rest_route=\/wp\/v2\/pages\/8199\/revisions"}],"predecessor-version":[{"id":8530,"href":"https:\/\/mybonnechance.de\/index.php?rest_route=\/wp\/v2\/pages\/8199\/revisions\/8530"}],"wp:attachment":[{"href":"https:\/\/mybonnechance.de\/index.php?rest_route=%2Fwp%2Fv2%2Fmedia&parent=8199"}],"curies":[{"name":"wp","href":"https:\/\/api.w.org\/{rel}","templated":true}]}}