{"id":8203,"date":"2024-06-15T12:54:28","date_gmt":"2024-06-15T12:54:28","guid":{"rendered":"https:\/\/mybonnechance.de\/?page_id=8203"},"modified":"2024-06-23T14:32:13","modified_gmt":"2024-06-23T14:32:13","slug":"2024-21-ketzin","status":"publish","type":"page","link":"https:\/\/mybonnechance.de\/?page_id=8203","title":{"rendered":"2024-21 Ketzin"},"content":{"rendered":"\n<p><strong>Tag 29, Montag 03. Juni<\/strong> <strong> <\/strong> <strong>   Brandenburg, Stadtanleger<\/strong> <strong>Salzhofufer<\/strong> <strong>&#8211; Stadtanleger Ketzin<\/strong><br>25,8 km (incl. 1,5 km Tankstelle) &#8211; 1 Schleuse &#8211; 5,25 Std. Fahrzeit (inkl. 1,5 Wartezeit Tankst.)<br><br>Heute Morgen ist es empfindlich kalt geworden. Der erste Weg f\u00fchrt zur Stadtmarina Brandenburg zum Tanken. Das dauert 1,5 h da der Tankwart erst noch ein Boot slippen muss, dann ein zur\u00fcckgebrachtes BunBo betankt und dann machen wir noch \u00c4rger mit unserem Tankstutzen. Nach 10\u2018 gibt er entnervt auf und sagt, wir sollen selber tanken. Er hat keine Zeit sich damit aufzuhalten. Zugegeben, unser Tankstutzen ist auch echt bl\u00f6d, er sch\u00e4umt immer nach ein paar Liter. Wenigstens ist der Preis gleichgeblieben = 2,12 \/ L<br>Bei der <strong>Schleuse Brandenburg <\/strong>hatten wir wieder etwas l\u00e4ngeren Aufenthalt und dann geht es weiter durch den <strong>Brandenburger Stadtkanal<\/strong>, danach <strong>Emster Kanal<\/strong><\/p>\n\n\n\n<p>Das Wetter bleibt leider den ganzen Tag k\u00fchl und bew\u00f6lkt. Das Anlegeman\u00f6ver am Stadtanleger war echt schwierig, weil wir total den Wind auf der Backe hatten. Der Steg ist zu schmal und kibbelig um die R\u00e4der runter zu holen. Der Preis mit 2,30 pro Meter und extra Strom ist schon recht teuer, daf\u00fcr das es ansonsten nicht viel in diesem Ort gibt.<\/p>\n\n\n\n<p><\/p>\n\n\n","protected":false},"excerpt":{"rendered":"<p>Tag 29, Montag 03. Juni Brandenburg, Stadtanleger Salzhofufer &#8211; Stadtanleger Ketzin25,8 km (incl. 1,5 km Tankstelle) &#8211; 1 Schleuse &#8211; 5,25 Std. Fahrzeit (inkl. 1,5 Wartezeit Tankst.) Heute Morgen ist es empfindlich kalt geworden. Der erste Weg f\u00fchrt zur Stadtmarina Brandenburg zum Tanken. Das dauert 1,5 h da der Tankwart erst noch ein Boot slippen &hellip; <\/p>\n<p class=\"link-more\"><a href=\"https:\/\/mybonnechance.de\/?page_id=8203\" class=\"more-link\"><span class=\"screen-reader-text\">\u201e2024-21 Ketzin\u201c<\/span> weiterlesen<\/a><\/p>\n","protected":false},"author":1,"featured_media":0,"parent":0,"menu_order":0,"comment_status":"closed","ping_status":"closed","template":"","meta":{"ngg_post_thumbnail":0,"footnotes":""},"class_list":["post-8203","page","type-page","status-publish","hentry"],"_links":{"self":[{"href":"https:\/\/mybonnechance.de\/index.php?rest_route=\/wp\/v2\/pages\/8203","targetHints":{"allow":["GET"]}}],"collection":[{"href":"https:\/\/mybonnechance.de\/index.php?rest_route=\/wp\/v2\/pages"}],"about":[{"href":"https:\/\/mybonnechance.de\/index.php?rest_route=\/wp\/v2\/types\/page"}],"author":[{"embeddable":true,"href":"https:\/\/mybonnechance.de\/index.php?rest_route=\/wp\/v2\/users\/1"}],"replies":[{"embeddable":true,"href":"https:\/\/mybonnechance.de\/index.php?rest_route=%2Fwp%2Fv2%2Fcomments&post=8203"}],"version-history":[{"count":3,"href":"https:\/\/mybonnechance.de\/index.php?rest_route=\/wp\/v2\/pages\/8203\/revisions"}],"predecessor-version":[{"id":8637,"href":"https:\/\/mybonnechance.de\/index.php?rest_route=\/wp\/v2\/pages\/8203\/revisions\/8637"}],"wp:attachment":[{"href":"https:\/\/mybonnechance.de\/index.php?rest_route=%2Fwp%2Fv2%2Fmedia&parent=8203"}],"curies":[{"name":"wp","href":"https:\/\/api.w.org\/{rel}","templated":true}]}}