{"id":8212,"date":"2024-06-15T12:55:49","date_gmt":"2024-06-15T12:55:49","guid":{"rendered":"https:\/\/mybonnechance.de\/?page_id=8212"},"modified":"2024-08-19T15:56:23","modified_gmt":"2024-08-19T15:56:23","slug":"2024-25-zeuthen","status":"publish","type":"page","link":"https:\/\/mybonnechance.de\/?page_id=8212","title":{"rendered":"2024-25 Zeuthen"},"content":{"rendered":"\n<p><strong>Tag 40, Freitag 14. Juni<\/strong> <strong> <\/strong>  <strong>Tempelhof, Marina Tempelhof<\/strong> <strong>&#8211; Zeuthen, Bootshaus Roll<\/strong><br>26 km &#8211; 3,5 Std. Fahrzeit<br>Das Wetter bleibt leider weiterhin grau und diesmal haben wir sogar heftigen Wind von 4-5 Bf. Heute kommen uns keine Berufer entgegen, daf\u00fcr d\u00fcrfen wir eine sehr weite Strecke nur mit 6 km\/h durch den Teltowkanal fahren. <\/p>\n\n\n\n<figure class=\"wp-block-gallery has-nested-images columns-default is-cropped wp-block-gallery-1 is-layout-flex wp-block-gallery-is-layout-flex\">\n<figure class=\"wp-block-image size-large is-style-default\"><img loading=\"lazy\" decoding=\"async\" width=\"576\" height=\"1024\" data-id=\"8701\" src=\"https:\/\/mybonnechance.de\/wp-content\/uploads\/2024\/06\/20240614_114637-576x1024.jpg\" alt=\"\" class=\"wp-image-8701\" srcset=\"https:\/\/mybonnechance.de\/wp-content\/uploads\/2024\/06\/20240614_114637-576x1024.jpg 576w, https:\/\/mybonnechance.de\/wp-content\/uploads\/2024\/06\/20240614_114637-169x300.jpg 169w, https:\/\/mybonnechance.de\/wp-content\/uploads\/2024\/06\/20240614_114637-768x1365.jpg 768w, https:\/\/mybonnechance.de\/wp-content\/uploads\/2024\/06\/20240614_114637-864x1536.jpg 864w, https:\/\/mybonnechance.de\/wp-content\/uploads\/2024\/06\/20240614_114637-1152x2048.jpg 1152w, https:\/\/mybonnechance.de\/wp-content\/uploads\/2024\/06\/20240614_114637-scaled.jpg 1440w\" sizes=\"auto, (max-width: 576px) 100vw, 576px\" \/><\/figure>\n\n\n\n<figure class=\"wp-block-image size-large is-style-default\"><img loading=\"lazy\" decoding=\"async\" width=\"576\" height=\"1024\" data-id=\"8703\" src=\"https:\/\/mybonnechance.de\/wp-content\/uploads\/2024\/06\/20240614_125309-576x1024.jpg\" alt=\"\" class=\"wp-image-8703\" srcset=\"https:\/\/mybonnechance.de\/wp-content\/uploads\/2024\/06\/20240614_125309-576x1024.jpg 576w, https:\/\/mybonnechance.de\/wp-content\/uploads\/2024\/06\/20240614_125309-169x300.jpg 169w, https:\/\/mybonnechance.de\/wp-content\/uploads\/2024\/06\/20240614_125309-768x1365.jpg 768w, https:\/\/mybonnechance.de\/wp-content\/uploads\/2024\/06\/20240614_125309-864x1536.jpg 864w, https:\/\/mybonnechance.de\/wp-content\/uploads\/2024\/06\/20240614_125309-1152x2048.jpg 1152w, https:\/\/mybonnechance.de\/wp-content\/uploads\/2024\/06\/20240614_125309-scaled.jpg 1440w\" sizes=\"auto, (max-width: 576px) 100vw, 576px\" \/><\/figure>\n\n\n\n<figure class=\"wp-block-image size-large is-style-default\"><img loading=\"lazy\" decoding=\"async\" width=\"576\" height=\"1024\" data-id=\"8702\" src=\"https:\/\/mybonnechance.de\/wp-content\/uploads\/2024\/06\/20240614_115253-576x1024.jpg\" alt=\"\" class=\"wp-image-8702\" srcset=\"https:\/\/mybonnechance.de\/wp-content\/uploads\/2024\/06\/20240614_115253-576x1024.jpg 576w, https:\/\/mybonnechance.de\/wp-content\/uploads\/2024\/06\/20240614_115253-169x300.jpg 169w, https:\/\/mybonnechance.de\/wp-content\/uploads\/2024\/06\/20240614_115253-768x1365.jpg 768w, https:\/\/mybonnechance.de\/wp-content\/uploads\/2024\/06\/20240614_115253-864x1536.jpg 864w, https:\/\/mybonnechance.de\/wp-content\/uploads\/2024\/06\/20240614_115253-1152x2048.jpg 1152w, https:\/\/mybonnechance.de\/wp-content\/uploads\/2024\/06\/20240614_115253-scaled.jpg 1440w\" sizes=\"auto, (max-width: 576px) 100vw, 576px\" \/><figcaption class=\"wp-element-caption\"><strong>Das war knapp<\/strong><\/figcaption><\/figure>\n<\/figure>\n\n\n\n<p>Offiziell wird das Verbot erst auf der Dahme aufgehoben. Dort wird das Gew\u00e4sser breiter und ist schon eher ein See. Leider bietet sich f\u00fcr uns das gleiche Bild wie schon zuvor an den Haveler Seen: keine Anleger und die H\u00e4fen alle zu eng oder nehmen erst gar keine Gastlieger. Wir folgen dem Tipp, den wir vom Hafenmeister in Teltow erhalten haben und melden uns beim<strong> Bootshaus Roll<\/strong>. Bekommen einen sch\u00f6nen Platz mit Heck zum See. <\/p>\n\n\n\n<p class=\"has-vivid-red-color has-text-color has-link-color wp-elements-9e78cd3f766c38056d7284c31e09f866\"><strong><em>Hafengeb\u00fchr:  25.- incl. Strom, 2.- p. 200 l Wasser, kein Wlan, Restaurants i.d.n\u00e4heren Umgebung (Grieche, Italiener, Chinese) , REWE fu\u00dfl\u00e4ufig<\/em><\/strong><\/p>\n\n\n\n<p>Kaum haben wir angelegt kommt auch schon der Regen. Bis nach Berlin ist es mit der Bahn \u201enur\u201c 1 h, aber das macht bei dem Wetter keinen Spa\u00df. H\u00e4tte sonst Lust gehabt, beim Er\u00f6ffnungsspiel Deutschland-Schottland am Public Viewing am Brandenburger Tor teilzunehmen.<br>Das w\u00e4re sicher ein Bombenabend geworden, Deutschland gewinnt 5:1, allerdings gehen alle sechs Sch\u00fcsse auf uns (R\u00fcdiger macht Eigentor &#x1f60a;)<\/p>\n\n\n\n<p><strong>Tag 41, Samstag 15. Juni<\/strong><br>So langsam macht sich Depristimmung breit. Es ist k\u00fchl, es regnet und der Wind pfeift. Immer, wenn wir in einer Region sind, wo es haupts\u00e4chlich Seen gibt (letztes Jahr Zeeland) ist das Wetter besch\u2026Also bleiben wir noch hier, da es bei diesem st\u00fcrmischen Wind und na\u00dfkaltem Wetter keinen Spa\u00df macht zu fahren. Leider m\u00fcssen wir die Box wechseln und dass ist schon eine echte Herausforderung. Aber dank der Hilfe vom Hafenmeister klappt auch das. Am sp\u00e4ten Nachmittag kommt dann doch nochmal die Sonne raus und wir machen einen Spaziergang im Park.<\/p>\n\n\n\n<figure class=\"wp-block-gallery has-nested-images columns-default is-cropped wp-block-gallery-2 is-layout-flex wp-block-gallery-is-layout-flex\">\n<figure class=\"wp-block-image size-large is-style-default\"><img loading=\"lazy\" decoding=\"async\" width=\"1024\" height=\"576\" data-id=\"8706\" src=\"https:\/\/mybonnechance.de\/wp-content\/uploads\/2024\/06\/20240615_134259-1024x576.jpg\" alt=\"\" class=\"wp-image-8706\" srcset=\"https:\/\/mybonnechance.de\/wp-content\/uploads\/2024\/06\/20240615_134259-1024x576.jpg 1024w, https:\/\/mybonnechance.de\/wp-content\/uploads\/2024\/06\/20240615_134259-300x169.jpg 300w, https:\/\/mybonnechance.de\/wp-content\/uploads\/2024\/06\/20240615_134259-768x432.jpg 768w, https:\/\/mybonnechance.de\/wp-content\/uploads\/2024\/06\/20240615_134259-1536x864.jpg 1536w, https:\/\/mybonnechance.de\/wp-content\/uploads\/2024\/06\/20240615_134259-2048x1152.jpg 2048w\" sizes=\"auto, (max-width: 767px) 89vw, (max-width: 1000px) 54vw, (max-width: 1071px) 543px, 580px\" \/><\/figure>\n\n\n\n<figure class=\"wp-block-image size-large is-style-default\"><img loading=\"lazy\" decoding=\"async\" width=\"1024\" height=\"576\" data-id=\"8705\" src=\"https:\/\/mybonnechance.de\/wp-content\/uploads\/2024\/06\/20240615_134323-1024x576.jpg\" alt=\"\" class=\"wp-image-8705\" srcset=\"https:\/\/mybonnechance.de\/wp-content\/uploads\/2024\/06\/20240615_134323-1024x576.jpg 1024w, https:\/\/mybonnechance.de\/wp-content\/uploads\/2024\/06\/20240615_134323-300x169.jpg 300w, https:\/\/mybonnechance.de\/wp-content\/uploads\/2024\/06\/20240615_134323-768x432.jpg 768w, https:\/\/mybonnechance.de\/wp-content\/uploads\/2024\/06\/20240615_134323-1536x864.jpg 1536w, https:\/\/mybonnechance.de\/wp-content\/uploads\/2024\/06\/20240615_134323-2048x1152.jpg 2048w\" sizes=\"auto, (max-width: 767px) 89vw, (max-width: 1000px) 54vw, (max-width: 1071px) 543px, 580px\" \/><\/figure>\n\n\n\n<figure class=\"wp-block-image size-large is-style-default\"><img loading=\"lazy\" decoding=\"async\" width=\"1024\" height=\"576\" data-id=\"8704\" src=\"https:\/\/mybonnechance.de\/wp-content\/uploads\/2024\/06\/20240615_134358-1024x576.jpg\" alt=\"\" class=\"wp-image-8704\" srcset=\"https:\/\/mybonnechance.de\/wp-content\/uploads\/2024\/06\/20240615_134358-1024x576.jpg 1024w, https:\/\/mybonnechance.de\/wp-content\/uploads\/2024\/06\/20240615_134358-300x169.jpg 300w, https:\/\/mybonnechance.de\/wp-content\/uploads\/2024\/06\/20240615_134358-768x432.jpg 768w, https:\/\/mybonnechance.de\/wp-content\/uploads\/2024\/06\/20240615_134358-1536x864.jpg 1536w, https:\/\/mybonnechance.de\/wp-content\/uploads\/2024\/06\/20240615_134358-2048x1152.jpg 2048w\" sizes=\"auto, (max-width: 767px) 89vw, (max-width: 1000px) 54vw, (max-width: 1071px) 543px, 580px\" \/><\/figure>\n<\/figure>\n\n\n","protected":false},"excerpt":{"rendered":"<p>Tag 40, Freitag 14. Juni Tempelhof, Marina Tempelhof &#8211; Zeuthen, Bootshaus Roll26 km &#8211; 3,5 Std. FahrzeitDas Wetter bleibt leider weiterhin grau und diesmal haben wir sogar heftigen Wind von 4-5 Bf. Heute kommen uns keine Berufer entgegen, daf\u00fcr d\u00fcrfen wir eine sehr weite Strecke nur mit 6 km\/h durch den Teltowkanal fahren. Offiziell wird &hellip; <\/p>\n<p class=\"link-more\"><a href=\"https:\/\/mybonnechance.de\/?page_id=8212\" class=\"more-link\"><span class=\"screen-reader-text\">\u201e2024-25 Zeuthen\u201c<\/span> weiterlesen<\/a><\/p>\n","protected":false},"author":1,"featured_media":0,"parent":0,"menu_order":0,"comment_status":"closed","ping_status":"closed","template":"","meta":{"ngg_post_thumbnail":0,"footnotes":""},"class_list":["post-8212","page","type-page","status-publish","hentry"],"_links":{"self":[{"href":"https:\/\/mybonnechance.de\/index.php?rest_route=\/wp\/v2\/pages\/8212","targetHints":{"allow":["GET"]}}],"collection":[{"href":"https:\/\/mybonnechance.de\/index.php?rest_route=\/wp\/v2\/pages"}],"about":[{"href":"https:\/\/mybonnechance.de\/index.php?rest_route=\/wp\/v2\/types\/page"}],"author":[{"embeddable":true,"href":"https:\/\/mybonnechance.de\/index.php?rest_route=\/wp\/v2\/users\/1"}],"replies":[{"embeddable":true,"href":"https:\/\/mybonnechance.de\/index.php?rest_route=%2Fwp%2Fv2%2Fcomments&post=8212"}],"version-history":[{"count":3,"href":"https:\/\/mybonnechance.de\/index.php?rest_route=\/wp\/v2\/pages\/8212\/revisions"}],"predecessor-version":[{"id":9503,"href":"https:\/\/mybonnechance.de\/index.php?rest_route=\/wp\/v2\/pages\/8212\/revisions\/9503"}],"wp:attachment":[{"href":"https:\/\/mybonnechance.de\/index.php?rest_route=%2Fwp%2Fv2%2Fmedia&parent=8212"}],"curies":[{"name":"wp","href":"https:\/\/api.w.org\/{rel}","templated":true}]}}