{"id":8711,"date":"2024-06-25T16:16:10","date_gmt":"2024-06-25T16:16:10","guid":{"rendered":"https:\/\/mybonnechance.de\/?page_id=8711"},"modified":"2024-08-19T16:03:12","modified_gmt":"2024-08-19T16:03:12","slug":"2024-27-blossin","status":"publish","type":"page","link":"https:\/\/mybonnechance.de\/?page_id=8711","title":{"rendered":"2024-27 Blossin"},"content":{"rendered":"\n<p><strong>Tag 44, Dienstag 18. Juni<\/strong> <strong> Wolziger See, Ankern<\/strong> <strong>&#8211; Blossin, Fischerei am Wolziger See<\/strong><br>1,5 km \u2013 0,3 Std. Fahrzeit<br>Da heute Mittag ein Gewitter kommen soll, m\u00f6chte Stephan nicht l\u00e4nger vor Anker liegen. Der eigentliche Plan war heute zum <strong>Scharm\u00fctzelsee bzw. Bad Saarow<\/strong> weiter zu fahren. In Bad Saarow h\u00e4tten wir angeblich schon vor Wochen anrufen m\u00fcssen um etwas zu bekommen und in <strong>Wendisch Rietz<\/strong>, am Anfang des Scharm\u00fctzelsees, meldet sich die Hafenmeisterin erst in 2 Std. zur\u00fcck, da wir sie gerade beim Einkaufen erwischt haben. Sie meint zwar, bei Ihnen w\u00e4re sicher noch was frei, aber das ist uns zu vage. Deshalb fahren wir quasi gegen\u00fcber unserer Ankerstelle in den kleinen Hafen von<strong> Blossin<\/strong>, wo wir zum Gl\u00fcck noch einen freien Platz am Ufer bekommen. <\/p>\n\n\n\n<p class=\"has-vivid-red-color has-text-color has-link-color wp-elements-44474edfa8bbcb16005ac7f58ddd149f\"><strong><em>Hafengeb\u00fchr:  2.- p.M, 4.- Strom, 2.- p. 100 l Wasser,  Wlan,  Hafenrestaurant (vorwiegend Fisch)<\/em><\/strong><\/p>\n\n\n\n<p>Das Gewitter kommt dann erst am Abend, gerade als wir drau\u00dfen an der Fischerh\u00fctte unseren Tisch bezogen haben. Aber drinnen war dann noch genug Platz. Am fr\u00fchen Nachmittag gab es keinen Platz mehr im Hafen. Es passte nur noch ein gr\u00f6\u00dferes Charterboot auf der anderen Seite rein und zwischen uns beiden reihten sich alle kleineren Schiffe wie an einer Perelnschnur auf.<\/p>\n\n\n\n<figure class=\"wp-block-gallery has-nested-images columns-default is-cropped wp-block-gallery-1 is-layout-flex wp-block-gallery-is-layout-flex\">\n<figure class=\"wp-block-image size-large is-style-default\"><img loading=\"lazy\" decoding=\"async\" width=\"1024\" height=\"576\" data-id=\"8730\" src=\"https:\/\/mybonnechance.de\/wp-content\/uploads\/2024\/06\/20240618_141832-1024x576.jpg\" alt=\"\" class=\"wp-image-8730\" srcset=\"https:\/\/mybonnechance.de\/wp-content\/uploads\/2024\/06\/20240618_141832-1024x576.jpg 1024w, https:\/\/mybonnechance.de\/wp-content\/uploads\/2024\/06\/20240618_141832-300x169.jpg 300w, https:\/\/mybonnechance.de\/wp-content\/uploads\/2024\/06\/20240618_141832-768x432.jpg 768w, https:\/\/mybonnechance.de\/wp-content\/uploads\/2024\/06\/20240618_141832-1536x864.jpg 1536w, https:\/\/mybonnechance.de\/wp-content\/uploads\/2024\/06\/20240618_141832-2048x1152.jpg 2048w\" sizes=\"auto, (max-width: 767px) 89vw, (max-width: 1000px) 54vw, (max-width: 1071px) 543px, 580px\" \/><\/figure>\n\n\n\n<figure class=\"wp-block-image size-large is-style-default\"><img loading=\"lazy\" decoding=\"async\" width=\"1024\" height=\"576\" data-id=\"8729\" src=\"https:\/\/mybonnechance.de\/wp-content\/uploads\/2024\/06\/20240618_152019-1024x576.jpg\" alt=\"\" class=\"wp-image-8729\" srcset=\"https:\/\/mybonnechance.de\/wp-content\/uploads\/2024\/06\/20240618_152019-1024x576.jpg 1024w, https:\/\/mybonnechance.de\/wp-content\/uploads\/2024\/06\/20240618_152019-300x169.jpg 300w, https:\/\/mybonnechance.de\/wp-content\/uploads\/2024\/06\/20240618_152019-768x432.jpg 768w, https:\/\/mybonnechance.de\/wp-content\/uploads\/2024\/06\/20240618_152019-1536x864.jpg 1536w, https:\/\/mybonnechance.de\/wp-content\/uploads\/2024\/06\/20240618_152019-2048x1152.jpg 2048w\" sizes=\"auto, (max-width: 767px) 89vw, (max-width: 1000px) 54vw, (max-width: 1071px) 543px, 580px\" \/><\/figure>\n<\/figure>\n\n\n\n<figure class=\"wp-block-gallery has-nested-images columns-default is-cropped wp-block-gallery-2 is-layout-flex wp-block-gallery-is-layout-flex\">\n<figure class=\"wp-block-image size-large is-style-default\"><img loading=\"lazy\" decoding=\"async\" width=\"1024\" height=\"576\" data-id=\"8731\" src=\"https:\/\/mybonnechance.de\/wp-content\/uploads\/2024\/06\/20240618_151256-1024x576.jpg\" alt=\"\" class=\"wp-image-8731\" srcset=\"https:\/\/mybonnechance.de\/wp-content\/uploads\/2024\/06\/20240618_151256-1024x576.jpg 1024w, https:\/\/mybonnechance.de\/wp-content\/uploads\/2024\/06\/20240618_151256-300x169.jpg 300w, https:\/\/mybonnechance.de\/wp-content\/uploads\/2024\/06\/20240618_151256-768x432.jpg 768w, https:\/\/mybonnechance.de\/wp-content\/uploads\/2024\/06\/20240618_151256-1536x864.jpg 1536w, https:\/\/mybonnechance.de\/wp-content\/uploads\/2024\/06\/20240618_151256-2048x1152.jpg 2048w\" sizes=\"auto, (max-width: 767px) 89vw, (max-width: 1000px) 54vw, (max-width: 1071px) 543px, 580px\" \/><figcaption class=\"wp-element-caption\"><strong>Am Nachmittag sah es dann so aus &#8211; alle Boote in einer Reihe am L\u00e4ngssteg<\/strong> <strong>und wir sind eingequetscht.<\/strong><\/figcaption><\/figure>\n<\/figure>\n\n\n","protected":false},"excerpt":{"rendered":"<p>Tag 44, Dienstag 18. Juni Wolziger See, Ankern &#8211; Blossin, Fischerei am Wolziger See1,5 km \u2013 0,3 Std. FahrzeitDa heute Mittag ein Gewitter kommen soll, m\u00f6chte Stephan nicht l\u00e4nger vor Anker liegen. Der eigentliche Plan war heute zum Scharm\u00fctzelsee bzw. Bad Saarow weiter zu fahren. In Bad Saarow h\u00e4tten wir angeblich schon vor Wochen anrufen &hellip; <\/p>\n<p class=\"link-more\"><a href=\"https:\/\/mybonnechance.de\/?page_id=8711\" class=\"more-link\"><span class=\"screen-reader-text\">\u201e2024-27 Blossin\u201c<\/span> weiterlesen<\/a><\/p>\n","protected":false},"author":1,"featured_media":0,"parent":0,"menu_order":0,"comment_status":"closed","ping_status":"closed","template":"","meta":{"ngg_post_thumbnail":0,"footnotes":""},"class_list":["post-8711","page","type-page","status-publish","hentry"],"_links":{"self":[{"href":"https:\/\/mybonnechance.de\/index.php?rest_route=\/wp\/v2\/pages\/8711","targetHints":{"allow":["GET"]}}],"collection":[{"href":"https:\/\/mybonnechance.de\/index.php?rest_route=\/wp\/v2\/pages"}],"about":[{"href":"https:\/\/mybonnechance.de\/index.php?rest_route=\/wp\/v2\/types\/page"}],"author":[{"embeddable":true,"href":"https:\/\/mybonnechance.de\/index.php?rest_route=\/wp\/v2\/users\/1"}],"replies":[{"embeddable":true,"href":"https:\/\/mybonnechance.de\/index.php?rest_route=%2Fwp%2Fv2%2Fcomments&post=8711"}],"version-history":[{"count":5,"href":"https:\/\/mybonnechance.de\/index.php?rest_route=\/wp\/v2\/pages\/8711\/revisions"}],"predecessor-version":[{"id":9507,"href":"https:\/\/mybonnechance.de\/index.php?rest_route=\/wp\/v2\/pages\/8711\/revisions\/9507"}],"wp:attachment":[{"href":"https:\/\/mybonnechance.de\/index.php?rest_route=%2Fwp%2Fv2%2Fmedia&parent=8711"}],"curies":[{"name":"wp","href":"https:\/\/api.w.org\/{rel}","templated":true}]}}