{"id":8715,"date":"2024-06-25T16:17:23","date_gmt":"2024-06-25T16:17:23","guid":{"rendered":"https:\/\/mybonnechance.de\/?page_id=8715"},"modified":"2024-07-02T18:24:43","modified_gmt":"2024-07-02T18:24:43","slug":"2024-29-wolziger-see","status":"publish","type":"page","link":"https:\/\/mybonnechance.de\/?page_id=8715","title":{"rendered":"2024-29 Wolziger See"},"content":{"rendered":"\n<p><strong>Tag 50, Montag 24. Juni<\/strong> <strong>  Wendisch Rietz, Marina W. Rietz<\/strong> <strong>&#8211; Wolzinger See, Ankern<\/strong><br>19,5 km \u2013 3 Schleusen &#8211; 4 Std. Fahrzeit <em> ( inkl. Wartezeit wegen Reparatur der Schleuse)<\/em><br>Die Tage am Scharm\u00fctzelsee sind jetzt vorbei. Wir tanken noch mal Wasser, machen wieder ein Cabrio aus der Bonny und es ist wunderbar warm. <\/p>\n\n\n\n<figure class=\"wp-block-gallery has-nested-images columns-default is-cropped wp-block-gallery-1 is-layout-flex wp-block-gallery-is-layout-flex\">\n<figure class=\"wp-block-image size-large is-style-default\"><img loading=\"lazy\" decoding=\"async\" width=\"1024\" height=\"576\" data-id=\"8810\" src=\"https:\/\/mybonnechance.de\/wp-content\/uploads\/2024\/06\/20240624_094239-1024x576.jpg\" alt=\"\" class=\"wp-image-8810\" srcset=\"https:\/\/mybonnechance.de\/wp-content\/uploads\/2024\/06\/20240624_094239-1024x576.jpg 1024w, https:\/\/mybonnechance.de\/wp-content\/uploads\/2024\/06\/20240624_094239-300x169.jpg 300w, https:\/\/mybonnechance.de\/wp-content\/uploads\/2024\/06\/20240624_094239-768x432.jpg 768w, https:\/\/mybonnechance.de\/wp-content\/uploads\/2024\/06\/20240624_094239-1536x864.jpg 1536w, https:\/\/mybonnechance.de\/wp-content\/uploads\/2024\/06\/20240624_094239-2048x1152.jpg 2048w\" sizes=\"auto, (max-width: 767px) 89vw, (max-width: 1000px) 54vw, (max-width: 1071px) 543px, 580px\" \/><\/figure>\n<\/figure>\n\n\n\n<p>Dann geht es zur\u00fcck durch den Wendischen Flie\u00df und den Storkower Gew\u00e4sser. Wir sind allein unterwegs und es ist sch\u00f6n friedlich. Die Selbstbedienung bei der <strong>Schleuse Wendisch<\/strong> <strong>Rietz<\/strong> und bei der <strong>Storkower Klappbr\u00fccke<\/strong> funktionieren prima. <\/p>\n\n\n\n<figure class=\"wp-block-gallery has-nested-images columns-default is-cropped wp-block-gallery-2 is-layout-flex wp-block-gallery-is-layout-flex\">\n<figure class=\"wp-block-image size-large is-style-default\"><img loading=\"lazy\" decoding=\"async\" width=\"576\" height=\"1024\" data-id=\"8816\" src=\"https:\/\/mybonnechance.de\/wp-content\/uploads\/2024\/06\/20240624_100922-1-576x1024.jpg\" alt=\"\" class=\"wp-image-8816\" srcset=\"https:\/\/mybonnechance.de\/wp-content\/uploads\/2024\/06\/20240624_100922-1-576x1024.jpg 576w, https:\/\/mybonnechance.de\/wp-content\/uploads\/2024\/06\/20240624_100922-1-169x300.jpg 169w, https:\/\/mybonnechance.de\/wp-content\/uploads\/2024\/06\/20240624_100922-1-768x1365.jpg 768w, https:\/\/mybonnechance.de\/wp-content\/uploads\/2024\/06\/20240624_100922-1-864x1536.jpg 864w, https:\/\/mybonnechance.de\/wp-content\/uploads\/2024\/06\/20240624_100922-1-1152x2048.jpg 1152w, https:\/\/mybonnechance.de\/wp-content\/uploads\/2024\/06\/20240624_100922-1-scaled.jpg 1440w\" sizes=\"auto, (max-width: 576px) 100vw, 576px\" \/><\/figure>\n\n\n\n<figure class=\"wp-block-image size-large is-style-default\"><img loading=\"lazy\" decoding=\"async\" width=\"576\" height=\"1024\" data-id=\"8815\" src=\"https:\/\/mybonnechance.de\/wp-content\/uploads\/2024\/06\/20240624_110552-576x1024.jpg\" alt=\"\" class=\"wp-image-8815\" srcset=\"https:\/\/mybonnechance.de\/wp-content\/uploads\/2024\/06\/20240624_110552-576x1024.jpg 576w, https:\/\/mybonnechance.de\/wp-content\/uploads\/2024\/06\/20240624_110552-169x300.jpg 169w, https:\/\/mybonnechance.de\/wp-content\/uploads\/2024\/06\/20240624_110552-768x1365.jpg 768w, https:\/\/mybonnechance.de\/wp-content\/uploads\/2024\/06\/20240624_110552-864x1536.jpg 864w, https:\/\/mybonnechance.de\/wp-content\/uploads\/2024\/06\/20240624_110552-1152x2048.jpg 1152w, https:\/\/mybonnechance.de\/wp-content\/uploads\/2024\/06\/20240624_110552-scaled.jpg 1440w\" sizes=\"auto, (max-width: 576px) 100vw, 576px\" \/><\/figure>\n\n\n\n<figure class=\"wp-block-image size-large is-style-default\"><img loading=\"lazy\" decoding=\"async\" width=\"576\" height=\"1024\" data-id=\"8814\" src=\"https:\/\/mybonnechance.de\/wp-content\/uploads\/2024\/06\/20240624_110554-576x1024.jpg\" alt=\"\" class=\"wp-image-8814\" srcset=\"https:\/\/mybonnechance.de\/wp-content\/uploads\/2024\/06\/20240624_110554-576x1024.jpg 576w, https:\/\/mybonnechance.de\/wp-content\/uploads\/2024\/06\/20240624_110554-169x300.jpg 169w, https:\/\/mybonnechance.de\/wp-content\/uploads\/2024\/06\/20240624_110554-768x1365.jpg 768w, https:\/\/mybonnechance.de\/wp-content\/uploads\/2024\/06\/20240624_110554-864x1536.jpg 864w, https:\/\/mybonnechance.de\/wp-content\/uploads\/2024\/06\/20240624_110554-1152x2048.jpg 1152w, https:\/\/mybonnechance.de\/wp-content\/uploads\/2024\/06\/20240624_110554-scaled.jpg 1440w\" sizes=\"auto, (max-width: 576px) 100vw, 576px\" \/><\/figure>\n<\/figure>\n\n\n\n<p>Bis wir zur Storkower Schleuse kommen, denn da ist doppelrot. Es sind wohl unerwartete Reparaturarbeiten f\u00e4llig und wir m\u00fcssen in der Mittagshitze aushalten. Zum Gl\u00fcck ist der Spuk nach 45 min. vorbei und es geht weiter. Von da aus klappt alles reibungslos und wir schmei\u00dfen kurz vor 14 Uhr wieder den Anker im Wolziger See. Es hat uns da so gut gefallen, da\u00df wir bei dem super Wetter gerne nochmal dorthin zur\u00fcckkehren. Jetzt nur noch ab ins Wasser.&nbsp;<\/p>\n\n\n\n<p><strong>Tag 51 + Tag 52, Dienstag + Mittwoch   25. + 26. Juni<\/strong><br>Das Wetter spielt weiter gut mit. Die hohen Temperaturen sind ebenfalls gut auszuhalten, a immer ein leichter Wind geht. Wir nutzten die Tage zum Gro\u00dfputz. Jeden Tag eine Bordwand, die Waschmaschine zum erstenmal in Betrieb genommen. Da wir hierrundrum alleine liegen, k\u00f6nnen wir den Generator laufen lassen.<\/p>\n\n\n\n<div class=\"wp-block-columns is-layout-flex wp-container-core-columns-is-layout-9d6595d7 wp-block-columns-is-layout-flex\">\n<div class=\"wp-block-column is-layout-flow wp-block-column-is-layout-flow\" style=\"flex-basis:66.66%\">\n<figure class=\"wp-block-gallery has-nested-images columns-default is-cropped wp-block-gallery-3 is-layout-flex wp-block-gallery-is-layout-flex\">\n<figure class=\"wp-block-image size-large is-style-default\"><img loading=\"lazy\" decoding=\"async\" width=\"1024\" height=\"576\" data-id=\"8819\" src=\"https:\/\/mybonnechance.de\/wp-content\/uploads\/2024\/06\/20240625_134008-1024x576.jpg\" alt=\"\" class=\"wp-image-8819\" srcset=\"https:\/\/mybonnechance.de\/wp-content\/uploads\/2024\/06\/20240625_134008-1024x576.jpg 1024w, https:\/\/mybonnechance.de\/wp-content\/uploads\/2024\/06\/20240625_134008-300x169.jpg 300w, https:\/\/mybonnechance.de\/wp-content\/uploads\/2024\/06\/20240625_134008-768x432.jpg 768w, https:\/\/mybonnechance.de\/wp-content\/uploads\/2024\/06\/20240625_134008-1536x864.jpg 1536w, https:\/\/mybonnechance.de\/wp-content\/uploads\/2024\/06\/20240625_134008-2048x1152.jpg 2048w\" sizes=\"auto, (max-width: 767px) 89vw, (max-width: 1000px) 54vw, (max-width: 1071px) 543px, 580px\" \/><\/figure>\n<\/figure>\n\n\n\n<figure class=\"wp-block-gallery has-nested-images columns-default is-cropped wp-block-gallery-4 is-layout-flex wp-block-gallery-is-layout-flex\">\n<figure class=\"wp-block-image size-large is-style-default\"><img loading=\"lazy\" decoding=\"async\" width=\"1024\" height=\"576\" data-id=\"8823\" src=\"https:\/\/mybonnechance.de\/wp-content\/uploads\/2024\/06\/20240624_153541-1024x576.jpg\" alt=\"\" class=\"wp-image-8823\" srcset=\"https:\/\/mybonnechance.de\/wp-content\/uploads\/2024\/06\/20240624_153541-1024x576.jpg 1024w, https:\/\/mybonnechance.de\/wp-content\/uploads\/2024\/06\/20240624_153541-300x169.jpg 300w, https:\/\/mybonnechance.de\/wp-content\/uploads\/2024\/06\/20240624_153541-768x432.jpg 768w, https:\/\/mybonnechance.de\/wp-content\/uploads\/2024\/06\/20240624_153541-1536x864.jpg 1536w, https:\/\/mybonnechance.de\/wp-content\/uploads\/2024\/06\/20240624_153541-2048x1152.jpg 2048w\" sizes=\"auto, (max-width: 767px) 89vw, (max-width: 1000px) 54vw, (max-width: 1071px) 543px, 580px\" \/><\/figure>\n<\/figure>\n<\/div>\n\n\n\n<div class=\"wp-block-column is-layout-flow wp-block-column-is-layout-flow\" style=\"flex-basis:33.33%\">\n<figure class=\"wp-block-gallery has-nested-images columns-default is-cropped wp-block-gallery-5 is-layout-flex wp-block-gallery-is-layout-flex\">\n<figure class=\"wp-block-image size-large is-style-default\"><img loading=\"lazy\" decoding=\"async\" width=\"576\" height=\"1024\" data-id=\"8820\" src=\"https:\/\/mybonnechance.de\/wp-content\/uploads\/2024\/06\/20240625_111806-576x1024.jpg\" alt=\"\" class=\"wp-image-8820\" srcset=\"https:\/\/mybonnechance.de\/wp-content\/uploads\/2024\/06\/20240625_111806-576x1024.jpg 576w, https:\/\/mybonnechance.de\/wp-content\/uploads\/2024\/06\/20240625_111806-169x300.jpg 169w, https:\/\/mybonnechance.de\/wp-content\/uploads\/2024\/06\/20240625_111806-768x1365.jpg 768w, https:\/\/mybonnechance.de\/wp-content\/uploads\/2024\/06\/20240625_111806-864x1536.jpg 864w, https:\/\/mybonnechance.de\/wp-content\/uploads\/2024\/06\/20240625_111806-1152x2048.jpg 1152w, https:\/\/mybonnechance.de\/wp-content\/uploads\/2024\/06\/20240625_111806-scaled.jpg 1440w\" sizes=\"auto, (max-width: 576px) 100vw, 576px\" \/><\/figure>\n<\/figure>\n<\/div>\n<\/div>\n\n\n\n<figure class=\"wp-block-gallery has-nested-images columns-default is-cropped wp-block-gallery-6 is-layout-flex wp-block-gallery-is-layout-flex\">\n<figure class=\"wp-block-image size-large is-style-default\"><img loading=\"lazy\" decoding=\"async\" width=\"1024\" height=\"576\" data-id=\"8824\" src=\"https:\/\/mybonnechance.de\/wp-content\/uploads\/2024\/06\/20240626_211456-1024x576.jpg\" alt=\"\" class=\"wp-image-8824\" srcset=\"https:\/\/mybonnechance.de\/wp-content\/uploads\/2024\/06\/20240626_211456-1024x576.jpg 1024w, https:\/\/mybonnechance.de\/wp-content\/uploads\/2024\/06\/20240626_211456-300x169.jpg 300w, https:\/\/mybonnechance.de\/wp-content\/uploads\/2024\/06\/20240626_211456-768x432.jpg 768w, https:\/\/mybonnechance.de\/wp-content\/uploads\/2024\/06\/20240626_211456-1536x864.jpg 1536w, https:\/\/mybonnechance.de\/wp-content\/uploads\/2024\/06\/20240626_211456-2048x1152.jpg 2048w\" sizes=\"auto, (max-width: 767px) 89vw, (max-width: 1000px) 54vw, (max-width: 1071px) 543px, 580px\" \/><\/figure>\n<\/figure>\n\n\n","protected":false},"excerpt":{"rendered":"<p>Tag 50, Montag 24. Juni Wendisch Rietz, Marina W. Rietz &#8211; Wolzinger See, Ankern19,5 km \u2013 3 Schleusen &#8211; 4 Std. Fahrzeit ( inkl. Wartezeit wegen Reparatur der Schleuse)Die Tage am Scharm\u00fctzelsee sind jetzt vorbei. Wir tanken noch mal Wasser, machen wieder ein Cabrio aus der Bonny und es ist wunderbar warm. Dann geht es &hellip; <\/p>\n<p class=\"link-more\"><a href=\"https:\/\/mybonnechance.de\/?page_id=8715\" class=\"more-link\"><span class=\"screen-reader-text\">\u201e2024-29 Wolziger See\u201c<\/span> weiterlesen<\/a><\/p>\n","protected":false},"author":1,"featured_media":0,"parent":0,"menu_order":0,"comment_status":"closed","ping_status":"closed","template":"","meta":{"ngg_post_thumbnail":0,"footnotes":""},"class_list":["post-8715","page","type-page","status-publish","hentry"],"_links":{"self":[{"href":"https:\/\/mybonnechance.de\/index.php?rest_route=\/wp\/v2\/pages\/8715","targetHints":{"allow":["GET"]}}],"collection":[{"href":"https:\/\/mybonnechance.de\/index.php?rest_route=\/wp\/v2\/pages"}],"about":[{"href":"https:\/\/mybonnechance.de\/index.php?rest_route=\/wp\/v2\/types\/page"}],"author":[{"embeddable":true,"href":"https:\/\/mybonnechance.de\/index.php?rest_route=\/wp\/v2\/users\/1"}],"replies":[{"embeddable":true,"href":"https:\/\/mybonnechance.de\/index.php?rest_route=%2Fwp%2Fv2%2Fcomments&post=8715"}],"version-history":[{"count":5,"href":"https:\/\/mybonnechance.de\/index.php?rest_route=\/wp\/v2\/pages\/8715\/revisions"}],"predecessor-version":[{"id":8872,"href":"https:\/\/mybonnechance.de\/index.php?rest_route=\/wp\/v2\/pages\/8715\/revisions\/8872"}],"wp:attachment":[{"href":"https:\/\/mybonnechance.de\/index.php?rest_route=%2Fwp%2Fv2%2Fmedia&parent=8715"}],"curies":[{"name":"wp","href":"https:\/\/api.w.org\/{rel}","templated":true}]}}