{"id":8717,"date":"2024-06-25T16:18:00","date_gmt":"2024-06-25T16:18:00","guid":{"rendered":"https:\/\/mybonnechance.de\/?page_id=8717"},"modified":"2024-08-19T15:55:15","modified_gmt":"2024-08-19T15:55:15","slug":"2024-30-zeuthen","status":"publish","type":"page","link":"https:\/\/mybonnechance.de\/?page_id=8717","title":{"rendered":"2024-30  Zeuthen"},"content":{"rendered":"\n<p><strong>Tag 53, Donnerstag 27. Juni<\/strong> <strong>   Wolzinger See, Ankern &#8211; Zeuthen, Bootshaus Roll<\/strong><br>27,6 km \u2013 1 Schleusen &#8211; 3,7 Std. Fahrzeit<br>Die Strecke, mit der <strong>Dahme <\/strong>und dem <strong>Bindower Flie\u00df<\/strong> ist einfach sch\u00f6n zu fahren. Das super Wetter h\u00e4lt an, das angesagte Gewitter kommt wohl inzwischen am Abend. An der <strong>Schleuse Kleine M\u00fchle<\/strong> m\u00fcssen wir noch warten, was bei der Hitze schon etwas unangenehm ist. Unser gelegtes Cabrio stellen wir m\u00f6glichst schnell wieder hoch um Schatten zu bekommen. V\u00f6llig verschwitz kommen wir beim <strong>Bootshaus Roll<\/strong> an und dank meiner Hartn\u00e4ckigkeit erhalten wir einen sch\u00f6nen Au\u00dfenliegeplatz. Herr Roll, ein wirklich sympatischer Hafenmeister, hat uns auch wiedererkannt. <\/p>\n\n\n\n<p class=\"has-vivid-red-color has-text-color has-link-color wp-elements-9e78cd3f766c38056d7284c31e09f866\"><strong><em>Hafengeb\u00fchr:  25.- incl. Strom, 2.- p. 200 l Wasser, kein Wlan, Restaurants i.d.n\u00e4heren Umgebung (Grieche, Italiener, Chinese) , REWE fu\u00dfl\u00e4ufig<\/em><\/strong><\/p>\n\n\n\n<p>Danach hie\u00df es wieder ab ins Wasser. Abends gehen wir zum Griechen essen, aber ich muss ehrlicherweise sagen \u2013 ist nicht so gut wie erhofft. Das Gewitter verschont uns gl\u00fccklicherweise w\u00e4hrend des Essens. Wir sitzten auf der sch\u00f6nen Terrasse mit Blick auf den See. Danach noch einen kleinen Verdauungsspaziergang durch einen Park.<\/p>\n\n\n\n<figure class=\"wp-block-gallery has-nested-images columns-default is-cropped wp-block-gallery-1 is-layout-flex wp-block-gallery-is-layout-flex\">\n<figure class=\"wp-block-image size-large is-style-default\"><img loading=\"lazy\" decoding=\"async\" width=\"1024\" height=\"576\" data-id=\"8830\" src=\"https:\/\/mybonnechance.de\/wp-content\/uploads\/2024\/06\/20240615_134358-1-1024x576.jpg\" alt=\"\" class=\"wp-image-8830\" srcset=\"https:\/\/mybonnechance.de\/wp-content\/uploads\/2024\/06\/20240615_134358-1-1024x576.jpg 1024w, https:\/\/mybonnechance.de\/wp-content\/uploads\/2024\/06\/20240615_134358-1-300x169.jpg 300w, https:\/\/mybonnechance.de\/wp-content\/uploads\/2024\/06\/20240615_134358-1-768x432.jpg 768w, https:\/\/mybonnechance.de\/wp-content\/uploads\/2024\/06\/20240615_134358-1-1536x864.jpg 1536w, https:\/\/mybonnechance.de\/wp-content\/uploads\/2024\/06\/20240615_134358-1-2048x1152.jpg 2048w\" sizes=\"auto, (max-width: 767px) 89vw, (max-width: 1000px) 54vw, (max-width: 1071px) 543px, 580px\" \/><\/figure>\n\n\n\n<figure class=\"wp-block-image size-large is-style-default\"><img loading=\"lazy\" decoding=\"async\" width=\"1024\" height=\"576\" data-id=\"8831\" src=\"https:\/\/mybonnechance.de\/wp-content\/uploads\/2024\/06\/20240615_134323-1-1024x576.jpg\" alt=\"\" class=\"wp-image-8831\" srcset=\"https:\/\/mybonnechance.de\/wp-content\/uploads\/2024\/06\/20240615_134323-1-1024x576.jpg 1024w, https:\/\/mybonnechance.de\/wp-content\/uploads\/2024\/06\/20240615_134323-1-300x169.jpg 300w, https:\/\/mybonnechance.de\/wp-content\/uploads\/2024\/06\/20240615_134323-1-768x432.jpg 768w, https:\/\/mybonnechance.de\/wp-content\/uploads\/2024\/06\/20240615_134323-1-1536x864.jpg 1536w, https:\/\/mybonnechance.de\/wp-content\/uploads\/2024\/06\/20240615_134323-1-2048x1152.jpg 2048w\" sizes=\"auto, (max-width: 767px) 89vw, (max-width: 1000px) 54vw, (max-width: 1071px) 543px, 580px\" \/><\/figure>\n\n\n\n<figure class=\"wp-block-image size-large is-style-default\"><img loading=\"lazy\" decoding=\"async\" width=\"1024\" height=\"576\" data-id=\"8832\" src=\"https:\/\/mybonnechance.de\/wp-content\/uploads\/2024\/06\/20240615_134259-1-1024x576.jpg\" alt=\"\" class=\"wp-image-8832\" srcset=\"https:\/\/mybonnechance.de\/wp-content\/uploads\/2024\/06\/20240615_134259-1-1024x576.jpg 1024w, https:\/\/mybonnechance.de\/wp-content\/uploads\/2024\/06\/20240615_134259-1-300x169.jpg 300w, https:\/\/mybonnechance.de\/wp-content\/uploads\/2024\/06\/20240615_134259-1-768x432.jpg 768w, https:\/\/mybonnechance.de\/wp-content\/uploads\/2024\/06\/20240615_134259-1-1536x864.jpg 1536w, https:\/\/mybonnechance.de\/wp-content\/uploads\/2024\/06\/20240615_134259-1-2048x1152.jpg 2048w\" sizes=\"auto, (max-width: 767px) 89vw, (max-width: 1000px) 54vw, (max-width: 1071px) 543px, 580px\" \/><\/figure>\n<\/figure>\n\n\n\n<p>Kaum sind wir wieder an Bord, kommt dann doch noch das Gewitter mit massenhaften Blitzten und Donner, aber kaum Regen.<\/p>\n\n\n","protected":false},"excerpt":{"rendered":"<p>Tag 53, Donnerstag 27. Juni Wolzinger See, Ankern &#8211; Zeuthen, Bootshaus Roll27,6 km \u2013 1 Schleusen &#8211; 3,7 Std. FahrzeitDie Strecke, mit der Dahme und dem Bindower Flie\u00df ist einfach sch\u00f6n zu fahren. Das super Wetter h\u00e4lt an, das angesagte Gewitter kommt wohl inzwischen am Abend. An der Schleuse Kleine M\u00fchle m\u00fcssen wir noch warten, &hellip; <\/p>\n<p class=\"link-more\"><a href=\"https:\/\/mybonnechance.de\/?page_id=8717\" class=\"more-link\"><span class=\"screen-reader-text\">\u201e2024-30  Zeuthen\u201c<\/span> weiterlesen<\/a><\/p>\n","protected":false},"author":1,"featured_media":0,"parent":0,"menu_order":0,"comment_status":"closed","ping_status":"closed","template":"","meta":{"ngg_post_thumbnail":0,"footnotes":""},"class_list":["post-8717","page","type-page","status-publish","hentry"],"_links":{"self":[{"href":"https:\/\/mybonnechance.de\/index.php?rest_route=\/wp\/v2\/pages\/8717","targetHints":{"allow":["GET"]}}],"collection":[{"href":"https:\/\/mybonnechance.de\/index.php?rest_route=\/wp\/v2\/pages"}],"about":[{"href":"https:\/\/mybonnechance.de\/index.php?rest_route=\/wp\/v2\/types\/page"}],"author":[{"embeddable":true,"href":"https:\/\/mybonnechance.de\/index.php?rest_route=\/wp\/v2\/users\/1"}],"replies":[{"embeddable":true,"href":"https:\/\/mybonnechance.de\/index.php?rest_route=%2Fwp%2Fv2%2Fcomments&post=8717"}],"version-history":[{"count":5,"href":"https:\/\/mybonnechance.de\/index.php?rest_route=\/wp\/v2\/pages\/8717\/revisions"}],"predecessor-version":[{"id":9502,"href":"https:\/\/mybonnechance.de\/index.php?rest_route=\/wp\/v2\/pages\/8717\/revisions\/9502"}],"wp:attachment":[{"href":"https:\/\/mybonnechance.de\/index.php?rest_route=%2Fwp%2Fv2%2Fmedia&parent=8717"}],"curies":[{"name":"wp","href":"https:\/\/api.w.org\/{rel}","templated":true}]}}