{"id":8834,"date":"2024-06-30T19:50:15","date_gmt":"2024-06-30T19:50:15","guid":{"rendered":"https:\/\/mybonnechance.de\/?page_id=8834"},"modified":"2024-07-02T18:20:49","modified_gmt":"2024-07-02T18:20:49","slug":"2024-31-kleiner-mueggelsee","status":"publish","type":"page","link":"https:\/\/mybonnechance.de\/?page_id=8834","title":{"rendered":"2024-31 Kleiner M\u00fcggelsee"},"content":{"rendered":"\n<p><strong>Tag 54, Freitag 28. Juni<\/strong> <strong>    Zeuthen, Bootshaus Roll<\/strong> <strong>&#8211; Kleiner M\u00fcggelsee, Ankern<\/strong><br>17 km &#8211; 2 Std. Fahrzeit<br>Es gibt auf dem <strong>Zeuthener See<\/strong> 2-3 Buchten, wo man sicher auch gut ankern k\u00f6nnte, genau wie sp\u00e4ter auf dem <strong>Seddinersee<\/strong>. Auf dem <strong>Gosener Kanal<\/strong> herrscht auch wieder Spreewaldatmosp\u00e4re. Vom <strong>D\u00e4mmerritzer See<\/strong> geht es sofort gegen\u00fcber in die <strong>M\u00fcggelspree<\/strong>. Die Einfahrt ist nicht zu verfehlen, denn dort steht eine wei\u00dfe Villa.<br><\/p>\n\n\n\n<figure class=\"wp-block-gallery has-nested-images columns-default is-cropped wp-block-gallery-1 is-layout-flex wp-block-gallery-is-layout-flex\">\n<figure class=\"wp-block-image size-large is-style-default\"><img loading=\"lazy\" decoding=\"async\" width=\"1024\" height=\"576\" data-id=\"8841\" src=\"https:\/\/mybonnechance.de\/wp-content\/uploads\/2024\/06\/20240628_105015-1024x576.jpg\" alt=\"\" class=\"wp-image-8841\" srcset=\"https:\/\/mybonnechance.de\/wp-content\/uploads\/2024\/06\/20240628_105015-1024x576.jpg 1024w, https:\/\/mybonnechance.de\/wp-content\/uploads\/2024\/06\/20240628_105015-300x169.jpg 300w, https:\/\/mybonnechance.de\/wp-content\/uploads\/2024\/06\/20240628_105015-768x432.jpg 768w, https:\/\/mybonnechance.de\/wp-content\/uploads\/2024\/06\/20240628_105015-1536x864.jpg 1536w, https:\/\/mybonnechance.de\/wp-content\/uploads\/2024\/06\/20240628_105015-2048x1152.jpg 2048w\" sizes=\"auto, (max-width: 767px) 89vw, (max-width: 1000px) 54vw, (max-width: 1071px) 543px, 580px\" \/><\/figure>\n<\/figure>\n\n\n\n<figure class=\"wp-block-gallery has-nested-images columns-default is-cropped wp-block-gallery-2 is-layout-flex wp-block-gallery-is-layout-flex\">\n<figure class=\"wp-block-image size-large is-style-default\"><img loading=\"lazy\" decoding=\"async\" width=\"576\" height=\"1024\" data-id=\"8850\" src=\"https:\/\/mybonnechance.de\/wp-content\/uploads\/2024\/06\/20240628_110412-576x1024.jpg\" alt=\"\" class=\"wp-image-8850\" srcset=\"https:\/\/mybonnechance.de\/wp-content\/uploads\/2024\/06\/20240628_110412-576x1024.jpg 576w, https:\/\/mybonnechance.de\/wp-content\/uploads\/2024\/06\/20240628_110412-169x300.jpg 169w, https:\/\/mybonnechance.de\/wp-content\/uploads\/2024\/06\/20240628_110412-768x1365.jpg 768w, https:\/\/mybonnechance.de\/wp-content\/uploads\/2024\/06\/20240628_110412-864x1536.jpg 864w, https:\/\/mybonnechance.de\/wp-content\/uploads\/2024\/06\/20240628_110412-1152x2048.jpg 1152w, https:\/\/mybonnechance.de\/wp-content\/uploads\/2024\/06\/20240628_110412-scaled.jpg 1440w\" sizes=\"auto, (max-width: 576px) 100vw, 576px\" \/><\/figure>\n\n\n\n<figure class=\"wp-block-image size-large is-style-default\"><img loading=\"lazy\" decoding=\"async\" width=\"576\" height=\"1024\" data-id=\"8849\" src=\"https:\/\/mybonnechance.de\/wp-content\/uploads\/2024\/06\/20240628_110852-576x1024.jpg\" alt=\"\" class=\"wp-image-8849\" srcset=\"https:\/\/mybonnechance.de\/wp-content\/uploads\/2024\/06\/20240628_110852-576x1024.jpg 576w, https:\/\/mybonnechance.de\/wp-content\/uploads\/2024\/06\/20240628_110852-169x300.jpg 169w, https:\/\/mybonnechance.de\/wp-content\/uploads\/2024\/06\/20240628_110852-768x1365.jpg 768w, https:\/\/mybonnechance.de\/wp-content\/uploads\/2024\/06\/20240628_110852-864x1536.jpg 864w, https:\/\/mybonnechance.de\/wp-content\/uploads\/2024\/06\/20240628_110852-1152x2048.jpg 1152w, https:\/\/mybonnechance.de\/wp-content\/uploads\/2024\/06\/20240628_110852-scaled.jpg 1440w\" sizes=\"auto, (max-width: 576px) 100vw, 576px\" \/><\/figure>\n<\/figure>\n\n\n\n<p>Die M\u00fcggelspree ist auch wieder gekkenzeichnet von wunderbaren H\u00e4usern auf der einen Seite und vielen kleinen Datschen auf der andere Seite.<\/p>\n\n\n\n<figure class=\"wp-block-gallery has-nested-images columns-default is-cropped wp-block-gallery-3 is-layout-flex wp-block-gallery-is-layout-flex\">\n<figure class=\"wp-block-image size-large is-style-default\"><img loading=\"lazy\" decoding=\"async\" width=\"576\" height=\"1024\" data-id=\"8842\" src=\"https:\/\/mybonnechance.de\/wp-content\/uploads\/2024\/06\/20240628_104634-576x1024.jpg\" alt=\"\" class=\"wp-image-8842\" srcset=\"https:\/\/mybonnechance.de\/wp-content\/uploads\/2024\/06\/20240628_104634-576x1024.jpg 576w, https:\/\/mybonnechance.de\/wp-content\/uploads\/2024\/06\/20240628_104634-169x300.jpg 169w, https:\/\/mybonnechance.de\/wp-content\/uploads\/2024\/06\/20240628_104634-768x1365.jpg 768w, https:\/\/mybonnechance.de\/wp-content\/uploads\/2024\/06\/20240628_104634-864x1536.jpg 864w, https:\/\/mybonnechance.de\/wp-content\/uploads\/2024\/06\/20240628_104634-1152x2048.jpg 1152w, https:\/\/mybonnechance.de\/wp-content\/uploads\/2024\/06\/20240628_104634-scaled.jpg 1440w\" sizes=\"auto, (max-width: 576px) 100vw, 576px\" \/><\/figure>\n\n\n\n<figure class=\"wp-block-image size-large is-style-default\"><img loading=\"lazy\" decoding=\"async\" width=\"576\" height=\"1024\" data-id=\"8843\" src=\"https:\/\/mybonnechance.de\/wp-content\/uploads\/2024\/06\/20240628_105117-576x1024.jpg\" alt=\"\" class=\"wp-image-8843\" srcset=\"https:\/\/mybonnechance.de\/wp-content\/uploads\/2024\/06\/20240628_105117-576x1024.jpg 576w, https:\/\/mybonnechance.de\/wp-content\/uploads\/2024\/06\/20240628_105117-169x300.jpg 169w, https:\/\/mybonnechance.de\/wp-content\/uploads\/2024\/06\/20240628_105117-768x1365.jpg 768w, https:\/\/mybonnechance.de\/wp-content\/uploads\/2024\/06\/20240628_105117-864x1536.jpg 864w, https:\/\/mybonnechance.de\/wp-content\/uploads\/2024\/06\/20240628_105117-1152x2048.jpg 1152w, https:\/\/mybonnechance.de\/wp-content\/uploads\/2024\/06\/20240628_105117-scaled.jpg 1440w\" sizes=\"auto, (max-width: 576px) 100vw, 576px\" \/><\/figure>\n\n\n\n<figure class=\"wp-block-image size-large is-style-default\"><img loading=\"lazy\" decoding=\"async\" width=\"576\" height=\"1024\" data-id=\"8844\" src=\"https:\/\/mybonnechance.de\/wp-content\/uploads\/2024\/06\/20240628_105251-576x1024.jpg\" alt=\"\" class=\"wp-image-8844\" srcset=\"https:\/\/mybonnechance.de\/wp-content\/uploads\/2024\/06\/20240628_105251-576x1024.jpg 576w, https:\/\/mybonnechance.de\/wp-content\/uploads\/2024\/06\/20240628_105251-169x300.jpg 169w, https:\/\/mybonnechance.de\/wp-content\/uploads\/2024\/06\/20240628_105251-768x1365.jpg 768w, https:\/\/mybonnechance.de\/wp-content\/uploads\/2024\/06\/20240628_105251-864x1536.jpg 864w, https:\/\/mybonnechance.de\/wp-content\/uploads\/2024\/06\/20240628_105251-1152x2048.jpg 1152w, https:\/\/mybonnechance.de\/wp-content\/uploads\/2024\/06\/20240628_105251-scaled.jpg 1440w\" sizes=\"auto, (max-width: 576px) 100vw, 576px\" \/><\/figure>\n<\/figure>\n\n\n\n<figure class=\"wp-block-gallery has-nested-images columns-default is-cropped wp-block-gallery-4 is-layout-flex wp-block-gallery-is-layout-flex\">\n<figure class=\"wp-block-image size-large is-style-default\"><img loading=\"lazy\" decoding=\"async\" width=\"1024\" height=\"576\" data-id=\"8847\" src=\"https:\/\/mybonnechance.de\/wp-content\/uploads\/2024\/06\/20240628_110435-1024x576.jpg\" alt=\"\" class=\"wp-image-8847\" srcset=\"https:\/\/mybonnechance.de\/wp-content\/uploads\/2024\/06\/20240628_110435-1024x576.jpg 1024w, https:\/\/mybonnechance.de\/wp-content\/uploads\/2024\/06\/20240628_110435-300x169.jpg 300w, https:\/\/mybonnechance.de\/wp-content\/uploads\/2024\/06\/20240628_110435-768x432.jpg 768w, https:\/\/mybonnechance.de\/wp-content\/uploads\/2024\/06\/20240628_110435-1536x864.jpg 1536w, https:\/\/mybonnechance.de\/wp-content\/uploads\/2024\/06\/20240628_110435-2048x1152.jpg 2048w\" sizes=\"auto, (max-width: 767px) 89vw, (max-width: 1000px) 54vw, (max-width: 1071px) 543px, 580px\" \/><\/figure>\n\n\n\n<figure class=\"wp-block-image size-large is-style-default\"><img loading=\"lazy\" decoding=\"async\" width=\"1024\" height=\"576\" data-id=\"8845\" src=\"https:\/\/mybonnechance.de\/wp-content\/uploads\/2024\/06\/20240628_110440-1024x576.jpg\" alt=\"\" class=\"wp-image-8845\" srcset=\"https:\/\/mybonnechance.de\/wp-content\/uploads\/2024\/06\/20240628_110440-1024x576.jpg 1024w, https:\/\/mybonnechance.de\/wp-content\/uploads\/2024\/06\/20240628_110440-300x169.jpg 300w, https:\/\/mybonnechance.de\/wp-content\/uploads\/2024\/06\/20240628_110440-768x432.jpg 768w, https:\/\/mybonnechance.de\/wp-content\/uploads\/2024\/06\/20240628_110440-1536x864.jpg 1536w, https:\/\/mybonnechance.de\/wp-content\/uploads\/2024\/06\/20240628_110440-2048x1152.jpg 2048w\" sizes=\"auto, (max-width: 767px) 89vw, (max-width: 1000px) 54vw, (max-width: 1071px) 543px, 580px\" \/><\/figure>\n<\/figure>\n\n\n\n<p>Wir kommen auch an einem Nebenarm vorbei, hinter der sich das sogenannte &#8222;Klein Vendig&#8220; vebirgt. Eine Siedlung, durchzogen von vielen kleine Kan\u00e4le. Mit unserem Boot aber keine Chance dadurch zu fahren. Wir kommen zum kleinen M\u00fcggelsee, einem See, der quasi in einer Sackgasse endet. Wir fahren noch kurz weiter zum gro\u00dfen M\u00fcggelsee. Der hat seinem Namen dann schon echt verdient. Da aber heute noch eine starke Gewitterfront kommen soll, ist es uns dort zu ungesch\u00fctzt. Vor Allem sehen wir auch erstmal keine Ankerm\u00f6glichkeit. Der Tipp zu den sogenannten &#8222;B\u00e4nken&#8220; zu fahren k\u00f6nnen wir nicht nachvollziehen. Es ist dort ein Hinweis angebracht: Tiege 0,70 cm &#8211; also viel zu flach f\u00fcr uns. Also Kehrtwende und wir ankern im Kl. M\u00fcggelsee. Da es noch einigerma\u00dfen fr\u00fch am Morgen ist, k\u00f6nnen wir uns den Platz noch gut aussuchen.  Etwas weiter weg ankert ein Hausboot, da\u00df den Eindruck erweckt, der kommt da nie wieder weg. Das Schiff ist so voll mit Pflanzen und Kr\u00e4utern, wie wir es noch nie gesehen haben.<\/p>\n\n\n\n<figure class=\"wp-block-image size-large is-style-default\"><img loading=\"lazy\" decoding=\"async\" width=\"1024\" height=\"576\" src=\"https:\/\/mybonnechance.de\/wp-content\/uploads\/2024\/06\/20240628_154430-1-1024x576.jpg\" alt=\"\" class=\"wp-image-8861\" srcset=\"https:\/\/mybonnechance.de\/wp-content\/uploads\/2024\/06\/20240628_154430-1-1024x576.jpg 1024w, https:\/\/mybonnechance.de\/wp-content\/uploads\/2024\/06\/20240628_154430-1-300x169.jpg 300w, https:\/\/mybonnechance.de\/wp-content\/uploads\/2024\/06\/20240628_154430-1-768x432.jpg 768w, https:\/\/mybonnechance.de\/wp-content\/uploads\/2024\/06\/20240628_154430-1-1536x864.jpg 1536w, https:\/\/mybonnechance.de\/wp-content\/uploads\/2024\/06\/20240628_154430-1-2048x1152.jpg 2048w\" sizes=\"auto, (max-width: 767px) 89vw, (max-width: 1000px) 54vw, (max-width: 1071px) 543px, 580px\" \/><\/figure>\n\n\n\n<p>Dann kommt das Gewitter, mit Hagelk\u00f6rner, 10 Grad Abk\u00fchlung und mal so richtiges Geprassel. Der Spuk dauer ca. 45 min. und nach einer Stunde knallt die Sonne wieder, die Temperaturen steigen auf 28 Grad, als h\u00e4tte es den Sturm nie gegeben. Inzwischen ist hier auch recht voll geworden,  Nat\u00fcrlich war das am Wolziger See etwas sch\u00f6ner, aber noch st\u00f6rt es uns nicht wirklich.<\/p>\n\n\n\n<p><strong>Tag 55 , Samstag   28. Juni<\/strong><br>Der M\u00fcggelsee \u00e4hnelt heute einem Rummelplatz, soviel Boote und Mietfl\u00f6\u00dfe sind hier. Kein Wunder bei solch strahlendem Sonnenschein. Es ankern jetzt eine Unmenge von Partybooten mit bis zu 10 Leuten drauf. Die sind nat\u00fcrlich gegen Abend alle wieder weg, da es keine \u00dcbernachtungsm\u00f6glichkeiten auf diesen Booten gibt.<\/p>\n\n\n\n<figure class=\"wp-block-gallery has-nested-images columns-default is-cropped wp-block-gallery-5 is-layout-flex wp-block-gallery-is-layout-flex\">\n<figure class=\"wp-block-image size-large is-style-default\"><img loading=\"lazy\" decoding=\"async\" width=\"1024\" height=\"576\" data-id=\"8856\" src=\"https:\/\/mybonnechance.de\/wp-content\/uploads\/2024\/06\/20240628_181241-1-1024x576.jpg\" alt=\"\" class=\"wp-image-8856\" srcset=\"https:\/\/mybonnechance.de\/wp-content\/uploads\/2024\/06\/20240628_181241-1-1024x576.jpg 1024w, https:\/\/mybonnechance.de\/wp-content\/uploads\/2024\/06\/20240628_181241-1-300x169.jpg 300w, https:\/\/mybonnechance.de\/wp-content\/uploads\/2024\/06\/20240628_181241-1-768x432.jpg 768w, https:\/\/mybonnechance.de\/wp-content\/uploads\/2024\/06\/20240628_181241-1-1536x864.jpg 1536w, https:\/\/mybonnechance.de\/wp-content\/uploads\/2024\/06\/20240628_181241-1-2048x1152.jpg 2048w\" sizes=\"auto, (max-width: 767px) 89vw, (max-width: 1000px) 54vw, (max-width: 1071px) 543px, 580px\" \/><\/figure>\n\n\n\n<figure class=\"wp-block-image size-large is-style-default\"><img loading=\"lazy\" decoding=\"async\" width=\"1024\" height=\"576\" data-id=\"8860\" src=\"https:\/\/mybonnechance.de\/wp-content\/uploads\/2024\/06\/20240628_175101-1-1024x576.jpg\" alt=\"\" class=\"wp-image-8860\" srcset=\"https:\/\/mybonnechance.de\/wp-content\/uploads\/2024\/06\/20240628_175101-1-1024x576.jpg 1024w, https:\/\/mybonnechance.de\/wp-content\/uploads\/2024\/06\/20240628_175101-1-300x169.jpg 300w, https:\/\/mybonnechance.de\/wp-content\/uploads\/2024\/06\/20240628_175101-1-768x432.jpg 768w, https:\/\/mybonnechance.de\/wp-content\/uploads\/2024\/06\/20240628_175101-1-1536x864.jpg 1536w, https:\/\/mybonnechance.de\/wp-content\/uploads\/2024\/06\/20240628_175101-1-2048x1152.jpg 2048w\" sizes=\"auto, (max-width: 767px) 89vw, (max-width: 1000px) 54vw, (max-width: 1071px) 543px, 580px\" \/><\/figure>\n<\/figure>\n\n\n\n<figure class=\"wp-block-gallery has-nested-images columns-default is-cropped wp-block-gallery-6 is-layout-flex wp-block-gallery-is-layout-flex\">\n<figure class=\"wp-block-image size-large is-style-default\"><img loading=\"lazy\" decoding=\"async\" width=\"576\" height=\"1024\" data-id=\"8859\" src=\"https:\/\/mybonnechance.de\/wp-content\/uploads\/2024\/06\/20240629_122538-576x1024.jpg\" alt=\"\" class=\"wp-image-8859\" srcset=\"https:\/\/mybonnechance.de\/wp-content\/uploads\/2024\/06\/20240629_122538-576x1024.jpg 576w, https:\/\/mybonnechance.de\/wp-content\/uploads\/2024\/06\/20240629_122538-169x300.jpg 169w, https:\/\/mybonnechance.de\/wp-content\/uploads\/2024\/06\/20240629_122538-768x1365.jpg 768w, https:\/\/mybonnechance.de\/wp-content\/uploads\/2024\/06\/20240629_122538-864x1536.jpg 864w, https:\/\/mybonnechance.de\/wp-content\/uploads\/2024\/06\/20240629_122538-1152x2048.jpg 1152w, https:\/\/mybonnechance.de\/wp-content\/uploads\/2024\/06\/20240629_122538-scaled.jpg 1440w\" sizes=\"auto, (max-width: 576px) 100vw, 576px\" \/><\/figure>\n\n\n\n<figure class=\"wp-block-image size-large is-style-default\"><img loading=\"lazy\" decoding=\"async\" width=\"576\" height=\"1024\" data-id=\"8858\" src=\"https:\/\/mybonnechance.de\/wp-content\/uploads\/2024\/06\/20240629_131018-576x1024.jpg\" alt=\"\" class=\"wp-image-8858\" srcset=\"https:\/\/mybonnechance.de\/wp-content\/uploads\/2024\/06\/20240629_131018-576x1024.jpg 576w, https:\/\/mybonnechance.de\/wp-content\/uploads\/2024\/06\/20240629_131018-169x300.jpg 169w, https:\/\/mybonnechance.de\/wp-content\/uploads\/2024\/06\/20240629_131018-768x1365.jpg 768w, https:\/\/mybonnechance.de\/wp-content\/uploads\/2024\/06\/20240629_131018-864x1536.jpg 864w, https:\/\/mybonnechance.de\/wp-content\/uploads\/2024\/06\/20240629_131018-1152x2048.jpg 1152w, https:\/\/mybonnechance.de\/wp-content\/uploads\/2024\/06\/20240629_131018-scaled.jpg 1440w\" sizes=\"auto, (max-width: 576px) 100vw, 576px\" \/><\/figure>\n\n\n\n<figure class=\"wp-block-image size-large is-style-default\"><img loading=\"lazy\" decoding=\"async\" width=\"576\" height=\"1024\" data-id=\"8857\" src=\"https:\/\/mybonnechance.de\/wp-content\/uploads\/2024\/06\/20240630_121807-576x1024.jpg\" alt=\"\" class=\"wp-image-8857\" srcset=\"https:\/\/mybonnechance.de\/wp-content\/uploads\/2024\/06\/20240630_121807-576x1024.jpg 576w, https:\/\/mybonnechance.de\/wp-content\/uploads\/2024\/06\/20240630_121807-169x300.jpg 169w, https:\/\/mybonnechance.de\/wp-content\/uploads\/2024\/06\/20240630_121807-768x1365.jpg 768w, https:\/\/mybonnechance.de\/wp-content\/uploads\/2024\/06\/20240630_121807-864x1536.jpg 864w, https:\/\/mybonnechance.de\/wp-content\/uploads\/2024\/06\/20240630_121807-1152x2048.jpg 1152w, https:\/\/mybonnechance.de\/wp-content\/uploads\/2024\/06\/20240630_121807-scaled.jpg 1440w\" sizes=\"auto, (max-width: 576px) 100vw, 576px\" \/><\/figure>\n<\/figure>\n\n\n\n<p><br>Am Abend leisten wir \u201eErste Hilfe\u201c bei einem kleinen Charterb\u00f6tchen, welches wegen zu kurzer Leine nicht ankern kann. Wir sind nett und nehmen es f\u00fcr die Nacht l\u00e4ngsseits.<br><br><strong>Tag 56,  Sonntag   29. Juni<\/strong><br>Heute ein kleiner K\u00e4lteeinbruch. Es bleibt den ganzen Tag \u00fcberwiegend bew\u00f6lkt und zwischendurch haben wir immer wieder Regenschauer. Allerdings ist es daf\u00fcr auch bedeutend ruhiger als gestern. Bei dem Wetter haben wahrscheinlich nicht soviel Leute Lust mit teuer gemieteten Booten zu kommen.<br><\/p>\n\n\n","protected":false},"excerpt":{"rendered":"<p>Tag 54, Freitag 28. Juni Zeuthen, Bootshaus Roll &#8211; Kleiner M\u00fcggelsee, Ankern17 km &#8211; 2 Std. FahrzeitEs gibt auf dem Zeuthener See 2-3 Buchten, wo man sicher auch gut ankern k\u00f6nnte, genau wie sp\u00e4ter auf dem Seddinersee. Auf dem Gosener Kanal herrscht auch wieder Spreewaldatmosp\u00e4re. Vom D\u00e4mmerritzer See geht es sofort gegen\u00fcber in die M\u00fcggelspree. &hellip; <\/p>\n<p class=\"link-more\"><a href=\"https:\/\/mybonnechance.de\/?page_id=8834\" class=\"more-link\"><span class=\"screen-reader-text\">\u201e2024-31 Kleiner M\u00fcggelsee\u201c<\/span> weiterlesen<\/a><\/p>\n","protected":false},"author":2,"featured_media":0,"parent":0,"menu_order":0,"comment_status":"closed","ping_status":"closed","template":"","meta":{"ngg_post_thumbnail":0,"footnotes":""},"class_list":["post-8834","page","type-page","status-publish","hentry"],"_links":{"self":[{"href":"https:\/\/mybonnechance.de\/index.php?rest_route=\/wp\/v2\/pages\/8834","targetHints":{"allow":["GET"]}}],"collection":[{"href":"https:\/\/mybonnechance.de\/index.php?rest_route=\/wp\/v2\/pages"}],"about":[{"href":"https:\/\/mybonnechance.de\/index.php?rest_route=\/wp\/v2\/types\/page"}],"author":[{"embeddable":true,"href":"https:\/\/mybonnechance.de\/index.php?rest_route=\/wp\/v2\/users\/2"}],"replies":[{"embeddable":true,"href":"https:\/\/mybonnechance.de\/index.php?rest_route=%2Fwp%2Fv2%2Fcomments&post=8834"}],"version-history":[{"count":4,"href":"https:\/\/mybonnechance.de\/index.php?rest_route=\/wp\/v2\/pages\/8834\/revisions"}],"predecessor-version":[{"id":8869,"href":"https:\/\/mybonnechance.de\/index.php?rest_route=\/wp\/v2\/pages\/8834\/revisions\/8869"}],"wp:attachment":[{"href":"https:\/\/mybonnechance.de\/index.php?rest_route=%2Fwp%2Fv2%2Fmedia&parent=8834"}],"curies":[{"name":"wp","href":"https:\/\/api.w.org\/{rel}","templated":true}]}}