{"id":8836,"date":"2024-06-30T19:50:46","date_gmt":"2024-06-30T19:50:46","guid":{"rendered":"https:\/\/mybonnechance.de\/?page_id=8836"},"modified":"2024-08-19T15:49:20","modified_gmt":"2024-08-19T15:49:20","slug":"2024-32-mueggelspree","status":"publish","type":"page","link":"https:\/\/mybonnechance.de\/?page_id=8836","title":{"rendered":"2024-32 Friedrichshagen (K\u00f6penick)"},"content":{"rendered":"\n<p><strong>Tag 57, Montag 01.Juli     Kleiner M\u00fcggelsee, Ankern<\/strong> <strong>&#8211; Friedrichshagen, Wassersportzentrum Berlin<\/strong><br>6 km &#8211; 0,75 Std. Fahrzeit<br>Fast ist es schade, da\u00df wir uns hier vom kleinen M\u00fcggelsee verabschieden m\u00fcssen &#8211; aber wir brauchen Strom. Durch die eher bew\u00f6lkten letzten Tage sind wir nur noch auf knapp 80%. An diesem Montagmorgen ist hier es so ruhig wie noch nie. <br>Da wir keinen Hafen in K\u00f6penick direkt gefunden haben und wir auch Strom ben\u00f6tigen, bleiben wir in Friedrichshagen, kurz vor K\u00f6penick.  Die Fahrt dorthin ist relativ kurz. Als wir durch den <strong>Gro\u00dfen M\u00fcggelsee<\/strong> fahren, stellen wir fest, es bleibt dabei: Man kann scheinbar nirgendwo ankern wenn man ein MoBo ist. Die d\u00fcrfen die Fahrrine nicht verlassen. Die Fahrt durch die <strong>M\u00fcggelspree<\/strong> ist wieder sch\u00f6n und man kommt in den Genu\u00df die trauten Eigenheime zu sehen.<\/p>\n\n\n\n<figure class=\"wp-block-gallery has-nested-images columns-default is-cropped wp-block-gallery-1 is-layout-flex wp-block-gallery-is-layout-flex\">\n<figure class=\"wp-block-image size-large is-style-default\"><img loading=\"lazy\" decoding=\"async\" width=\"576\" height=\"1024\" data-id=\"8881\" src=\"https:\/\/mybonnechance.de\/wp-content\/uploads\/2024\/07\/20240701_111316-576x1024.jpg\" alt=\"\" class=\"wp-image-8881\" srcset=\"https:\/\/mybonnechance.de\/wp-content\/uploads\/2024\/07\/20240701_111316-576x1024.jpg 576w, https:\/\/mybonnechance.de\/wp-content\/uploads\/2024\/07\/20240701_111316-169x300.jpg 169w, https:\/\/mybonnechance.de\/wp-content\/uploads\/2024\/07\/20240701_111316-768x1365.jpg 768w, https:\/\/mybonnechance.de\/wp-content\/uploads\/2024\/07\/20240701_111316-864x1536.jpg 864w, https:\/\/mybonnechance.de\/wp-content\/uploads\/2024\/07\/20240701_111316-1152x2048.jpg 1152w, https:\/\/mybonnechance.de\/wp-content\/uploads\/2024\/07\/20240701_111316-scaled.jpg 1440w\" sizes=\"auto, (max-width: 576px) 100vw, 576px\" \/><\/figure>\n\n\n\n<figure class=\"wp-block-image size-large is-style-default\"><img loading=\"lazy\" decoding=\"async\" width=\"576\" height=\"1024\" data-id=\"8880\" src=\"https:\/\/mybonnechance.de\/wp-content\/uploads\/2024\/07\/20240701_111512-576x1024.jpg\" alt=\"\" class=\"wp-image-8880\" srcset=\"https:\/\/mybonnechance.de\/wp-content\/uploads\/2024\/07\/20240701_111512-576x1024.jpg 576w, https:\/\/mybonnechance.de\/wp-content\/uploads\/2024\/07\/20240701_111512-169x300.jpg 169w, https:\/\/mybonnechance.de\/wp-content\/uploads\/2024\/07\/20240701_111512-768x1365.jpg 768w, https:\/\/mybonnechance.de\/wp-content\/uploads\/2024\/07\/20240701_111512-864x1536.jpg 864w, https:\/\/mybonnechance.de\/wp-content\/uploads\/2024\/07\/20240701_111512-1152x2048.jpg 1152w, https:\/\/mybonnechance.de\/wp-content\/uploads\/2024\/07\/20240701_111512-scaled.jpg 1440w\" sizes=\"auto, (max-width: 576px) 100vw, 576px\" \/><\/figure>\n\n\n\n<figure class=\"wp-block-image size-large is-style-default\"><img loading=\"lazy\" decoding=\"async\" width=\"576\" height=\"1024\" data-id=\"8882\" src=\"https:\/\/mybonnechance.de\/wp-content\/uploads\/2024\/07\/20240701_111607-576x1024.jpg\" alt=\"\" class=\"wp-image-8882\" srcset=\"https:\/\/mybonnechance.de\/wp-content\/uploads\/2024\/07\/20240701_111607-576x1024.jpg 576w, https:\/\/mybonnechance.de\/wp-content\/uploads\/2024\/07\/20240701_111607-169x300.jpg 169w, https:\/\/mybonnechance.de\/wp-content\/uploads\/2024\/07\/20240701_111607-768x1365.jpg 768w, https:\/\/mybonnechance.de\/wp-content\/uploads\/2024\/07\/20240701_111607-864x1536.jpg 864w, https:\/\/mybonnechance.de\/wp-content\/uploads\/2024\/07\/20240701_111607-1152x2048.jpg 1152w, https:\/\/mybonnechance.de\/wp-content\/uploads\/2024\/07\/20240701_111607-scaled.jpg 1440w\" sizes=\"auto, (max-width: 576px) 100vw, 576px\" \/><\/figure>\n<\/figure>\n\n\n\n<figure class=\"wp-block-image size-large is-style-default\"><img loading=\"lazy\" decoding=\"async\" width=\"1024\" height=\"576\" src=\"https:\/\/mybonnechance.de\/wp-content\/uploads\/2024\/07\/20240701_111331-1024x576.jpg\" alt=\"\" class=\"wp-image-8883\" srcset=\"https:\/\/mybonnechance.de\/wp-content\/uploads\/2024\/07\/20240701_111331-1024x576.jpg 1024w, https:\/\/mybonnechance.de\/wp-content\/uploads\/2024\/07\/20240701_111331-300x169.jpg 300w, https:\/\/mybonnechance.de\/wp-content\/uploads\/2024\/07\/20240701_111331-768x432.jpg 768w, https:\/\/mybonnechance.de\/wp-content\/uploads\/2024\/07\/20240701_111331-1536x864.jpg 1536w, https:\/\/mybonnechance.de\/wp-content\/uploads\/2024\/07\/20240701_111331-2048x1152.jpg 2048w\" sizes=\"auto, (max-width: 767px) 89vw, (max-width: 1000px) 54vw, (max-width: 1071px) 543px, 580px\" \/><figcaption class=\"wp-element-caption\"><strong>Berliner B\u00fcrger Br\u00e4u,<\/strong> <strong>die ehmals \u00e4lteste Brauerei Berlins die 2010 geschlossen<\/strong> <strong>wurde<\/strong><\/figcaption><\/figure>\n\n\n\n<p><br>Unser Hafen f\u00fcr heute liegt direkt an der M\u00fcggelspree und dadurch zeitweise etwas unruhig durch vorbeifahrende Schiffe. Wir liegen direkt am G\u00e4stesteiger C, und haben das \u201eVergn\u00fcgen\u201c die nackten Saunag\u00e4nger zu beobachten, wenn sie hier ins Wasser gehen. Im Wassersportzentrum gibt es auch endlich mal einen recht gut ausgestatteten Bootsladen.<\/p>\n\n\n\n<p class=\"has-vivid-red-color has-text-color has-link-color wp-elements-1d97b3bd3323e529ad43acea47bbc9bf\"><strong><em>Hafengeb\u00fchr:<\/em><\/strong> <strong><em>25.-,  1.- Strom,  1.- pro  100 l Wasser, kein Wlan, Hafenrestaurant hat Selbstbedienung (kleine Karte), zur Stadt + Aldi fu\u00dfl\u00e4ufig ca. 15 min. , Edeka ca. 25 min<\/em><\/strong><\/p>\n\n\n\n<p>Nach ein paar Tagen ohne Bewegung machen wir einen Spaziergang in die Stadt <strong>Friedrichshagen<\/strong> und sind angenehm \u00fcberrascht. Es gibt eine sch\u00f6ne lange Einkaufsstrasse mit h\u00fcbschen Gesch\u00e4ften und jede Menge Bistros und Restaurants. Zum Eisessen setzten wir uns auf den Marktplatz am<strong> Nebelbrunnen<\/strong> unter Maulbeerb\u00e4umen.<\/p>\n\n\n\n<figure class=\"wp-block-gallery has-nested-images columns-default is-cropped wp-block-gallery-2 is-layout-flex wp-block-gallery-is-layout-flex\">\n<figure class=\"wp-block-image size-large is-style-default\"><img loading=\"lazy\" decoding=\"async\" width=\"576\" height=\"1024\" data-id=\"8886\" src=\"https:\/\/mybonnechance.de\/wp-content\/uploads\/2024\/07\/20240701_142703-576x1024.jpg\" alt=\"\" class=\"wp-image-8886\" srcset=\"https:\/\/mybonnechance.de\/wp-content\/uploads\/2024\/07\/20240701_142703-576x1024.jpg 576w, https:\/\/mybonnechance.de\/wp-content\/uploads\/2024\/07\/20240701_142703-169x300.jpg 169w, https:\/\/mybonnechance.de\/wp-content\/uploads\/2024\/07\/20240701_142703-768x1365.jpg 768w, https:\/\/mybonnechance.de\/wp-content\/uploads\/2024\/07\/20240701_142703-864x1536.jpg 864w, https:\/\/mybonnechance.de\/wp-content\/uploads\/2024\/07\/20240701_142703-1152x2048.jpg 1152w, https:\/\/mybonnechance.de\/wp-content\/uploads\/2024\/07\/20240701_142703-scaled.jpg 1440w\" sizes=\"auto, (max-width: 576px) 100vw, 576px\" \/><\/figure>\n\n\n\n<figure class=\"wp-block-image size-large is-style-default\"><img loading=\"lazy\" decoding=\"async\" width=\"576\" height=\"1024\" data-id=\"8884\" src=\"https:\/\/mybonnechance.de\/wp-content\/uploads\/2024\/07\/20240701_142722-576x1024.jpg\" alt=\"\" class=\"wp-image-8884\" srcset=\"https:\/\/mybonnechance.de\/wp-content\/uploads\/2024\/07\/20240701_142722-576x1024.jpg 576w, https:\/\/mybonnechance.de\/wp-content\/uploads\/2024\/07\/20240701_142722-169x300.jpg 169w, https:\/\/mybonnechance.de\/wp-content\/uploads\/2024\/07\/20240701_142722-768x1365.jpg 768w, https:\/\/mybonnechance.de\/wp-content\/uploads\/2024\/07\/20240701_142722-864x1536.jpg 864w, https:\/\/mybonnechance.de\/wp-content\/uploads\/2024\/07\/20240701_142722-1152x2048.jpg 1152w, https:\/\/mybonnechance.de\/wp-content\/uploads\/2024\/07\/20240701_142722-scaled.jpg 1440w\" sizes=\"auto, (max-width: 576px) 100vw, 576px\" \/><\/figure>\n\n\n\n<figure class=\"wp-block-image size-large is-style-default\"><img loading=\"lazy\" decoding=\"async\" width=\"576\" height=\"1024\" data-id=\"8885\" src=\"https:\/\/mybonnechance.de\/wp-content\/uploads\/2024\/07\/20240701_142831-576x1024.jpg\" alt=\"\" class=\"wp-image-8885\" srcset=\"https:\/\/mybonnechance.de\/wp-content\/uploads\/2024\/07\/20240701_142831-576x1024.jpg 576w, https:\/\/mybonnechance.de\/wp-content\/uploads\/2024\/07\/20240701_142831-169x300.jpg 169w, https:\/\/mybonnechance.de\/wp-content\/uploads\/2024\/07\/20240701_142831-768x1365.jpg 768w, https:\/\/mybonnechance.de\/wp-content\/uploads\/2024\/07\/20240701_142831-864x1536.jpg 864w, https:\/\/mybonnechance.de\/wp-content\/uploads\/2024\/07\/20240701_142831-1152x2048.jpg 1152w, https:\/\/mybonnechance.de\/wp-content\/uploads\/2024\/07\/20240701_142831-scaled.jpg 1440w\" sizes=\"auto, (max-width: 576px) 100vw, 576px\" \/><\/figure>\n<\/figure>\n\n\n\n<p><br>Am Abend gehen wir ins <strong>Hafenrestaurant \u201eKomb\u00fcse\u201c<\/strong>. Lohnt nicht so wirklich \u2013 ist ein Hotel in deren Speiseraum wir das Essen per Selbstbedienung erhalten. Ist ein wenig sterile Atmosph\u00e4re.<\/p>\n\n\n\n<p><strong>Tag 58, Dienstag 02.Juli<\/strong>  <strong>(K\u00f6penick)<\/strong><br>Es bleibt stark bew\u00f6lkt und regnerisch. Da es heute erst gegen Nachmittag wieder anfangen soll zu regnen, fahren wir per Rad nach<strong> K\u00f6penick<\/strong>. Allerdings hatte ich mir etwas mehr von K\u00f6penick versprochen, aber vielleicht liegt es auch an dem ungem\u00fctlichen Wetter. Wir machen einen Spaziergang vom Schloss durch die Altstadt zum Rathaus mit der Skulptur von Wilhem Voigt davor.<\/p>\n\n\n\n<figure class=\"wp-block-gallery has-nested-images columns-default is-cropped wp-block-gallery-3 is-layout-flex wp-block-gallery-is-layout-flex\">\n<figure class=\"wp-block-image size-large is-style-default\"><img loading=\"lazy\" decoding=\"async\" width=\"576\" height=\"1024\" data-id=\"8892\" src=\"https:\/\/mybonnechance.de\/wp-content\/uploads\/2024\/07\/20240702_103848-576x1024.jpg\" alt=\"\" class=\"wp-image-8892\" srcset=\"https:\/\/mybonnechance.de\/wp-content\/uploads\/2024\/07\/20240702_103848-576x1024.jpg 576w, https:\/\/mybonnechance.de\/wp-content\/uploads\/2024\/07\/20240702_103848-169x300.jpg 169w, https:\/\/mybonnechance.de\/wp-content\/uploads\/2024\/07\/20240702_103848-768x1365.jpg 768w, https:\/\/mybonnechance.de\/wp-content\/uploads\/2024\/07\/20240702_103848-864x1536.jpg 864w, https:\/\/mybonnechance.de\/wp-content\/uploads\/2024\/07\/20240702_103848-1152x2048.jpg 1152w, https:\/\/mybonnechance.de\/wp-content\/uploads\/2024\/07\/20240702_103848-scaled.jpg 1440w\" sizes=\"auto, (max-width: 576px) 100vw, 576px\" \/><\/figure>\n\n\n\n<figure class=\"wp-block-image size-large is-style-default\"><img loading=\"lazy\" decoding=\"async\" width=\"576\" height=\"1024\" data-id=\"8891\" src=\"https:\/\/mybonnechance.de\/wp-content\/uploads\/2024\/07\/20240702_103835-576x1024.jpg\" alt=\"\" class=\"wp-image-8891\" srcset=\"https:\/\/mybonnechance.de\/wp-content\/uploads\/2024\/07\/20240702_103835-576x1024.jpg 576w, https:\/\/mybonnechance.de\/wp-content\/uploads\/2024\/07\/20240702_103835-169x300.jpg 169w, https:\/\/mybonnechance.de\/wp-content\/uploads\/2024\/07\/20240702_103835-768x1365.jpg 768w, https:\/\/mybonnechance.de\/wp-content\/uploads\/2024\/07\/20240702_103835-864x1536.jpg 864w, https:\/\/mybonnechance.de\/wp-content\/uploads\/2024\/07\/20240702_103835-1152x2048.jpg 1152w, https:\/\/mybonnechance.de\/wp-content\/uploads\/2024\/07\/20240702_103835-scaled.jpg 1440w\" sizes=\"auto, (max-width: 576px) 100vw, 576px\" \/><\/figure>\n\n\n\n<figure class=\"wp-block-image size-large is-style-default\"><img loading=\"lazy\" decoding=\"async\" width=\"576\" height=\"1024\" data-id=\"8893\" src=\"https:\/\/mybonnechance.de\/wp-content\/uploads\/2024\/07\/20240702_104318-576x1024.jpg\" alt=\"\" class=\"wp-image-8893\" srcset=\"https:\/\/mybonnechance.de\/wp-content\/uploads\/2024\/07\/20240702_104318-576x1024.jpg 576w, https:\/\/mybonnechance.de\/wp-content\/uploads\/2024\/07\/20240702_104318-169x300.jpg 169w, https:\/\/mybonnechance.de\/wp-content\/uploads\/2024\/07\/20240702_104318-768x1365.jpg 768w, https:\/\/mybonnechance.de\/wp-content\/uploads\/2024\/07\/20240702_104318-864x1536.jpg 864w, https:\/\/mybonnechance.de\/wp-content\/uploads\/2024\/07\/20240702_104318-1152x2048.jpg 1152w, https:\/\/mybonnechance.de\/wp-content\/uploads\/2024\/07\/20240702_104318-scaled.jpg 1440w\" sizes=\"auto, (max-width: 576px) 100vw, 576px\" \/><\/figure>\n<\/figure>\n\n\n\n<figure class=\"wp-block-gallery has-nested-images columns-default is-cropped wp-block-gallery-4 is-layout-flex wp-block-gallery-is-layout-flex\">\n<figure class=\"wp-block-image size-large is-style-default\"><img loading=\"lazy\" decoding=\"async\" width=\"576\" height=\"1024\" data-id=\"8895\" src=\"https:\/\/mybonnechance.de\/wp-content\/uploads\/2024\/07\/20240702-161816-576x1024.jpg\" alt=\"\" class=\"wp-image-8895\" srcset=\"https:\/\/mybonnechance.de\/wp-content\/uploads\/2024\/07\/20240702-161816-576x1024.jpg 576w, https:\/\/mybonnechance.de\/wp-content\/uploads\/2024\/07\/20240702-161816-169x300.jpg 169w, https:\/\/mybonnechance.de\/wp-content\/uploads\/2024\/07\/20240702-161816-768x1365.jpg 768w, https:\/\/mybonnechance.de\/wp-content\/uploads\/2024\/07\/20240702-161816-864x1536.jpg 864w, https:\/\/mybonnechance.de\/wp-content\/uploads\/2024\/07\/20240702-161816.jpg 900w\" sizes=\"auto, (max-width: 576px) 100vw, 576px\" \/><\/figure>\n\n\n\n<figure class=\"wp-block-image size-large is-style-default\"><img loading=\"lazy\" decoding=\"async\" width=\"576\" height=\"1024\" data-id=\"8897\" src=\"https:\/\/mybonnechance.de\/wp-content\/uploads\/2024\/07\/IMG-20240702-WA0009-576x1024.jpg\" alt=\"\" class=\"wp-image-8897\" srcset=\"https:\/\/mybonnechance.de\/wp-content\/uploads\/2024\/07\/IMG-20240702-WA0009-576x1024.jpg 576w, https:\/\/mybonnechance.de\/wp-content\/uploads\/2024\/07\/IMG-20240702-WA0009-169x300.jpg 169w, https:\/\/mybonnechance.de\/wp-content\/uploads\/2024\/07\/IMG-20240702-WA0009-768x1365.jpg 768w, https:\/\/mybonnechance.de\/wp-content\/uploads\/2024\/07\/IMG-20240702-WA0009-864x1536.jpg 864w, https:\/\/mybonnechance.de\/wp-content\/uploads\/2024\/07\/IMG-20240702-WA0009.jpg 900w\" sizes=\"auto, (max-width: 576px) 100vw, 576px\" \/><\/figure>\n\n\n\n<figure class=\"wp-block-image size-large is-style-default\"><img loading=\"lazy\" decoding=\"async\" width=\"576\" height=\"1024\" data-id=\"8896\" src=\"https:\/\/mybonnechance.de\/wp-content\/uploads\/2024\/07\/IMG-20240702-WA0008-576x1024.jpg\" alt=\"\" class=\"wp-image-8896\" srcset=\"https:\/\/mybonnechance.de\/wp-content\/uploads\/2024\/07\/IMG-20240702-WA0008-576x1024.jpg 576w, https:\/\/mybonnechance.de\/wp-content\/uploads\/2024\/07\/IMG-20240702-WA0008-169x300.jpg 169w, https:\/\/mybonnechance.de\/wp-content\/uploads\/2024\/07\/IMG-20240702-WA0008-768x1365.jpg 768w, https:\/\/mybonnechance.de\/wp-content\/uploads\/2024\/07\/IMG-20240702-WA0008-864x1536.jpg 864w, https:\/\/mybonnechance.de\/wp-content\/uploads\/2024\/07\/IMG-20240702-WA0008.jpg 900w\" sizes=\"auto, (max-width: 576px) 100vw, 576px\" \/><\/figure>\n<\/figure>\n\n\n\n<p> Nebenbei besichtigen wir noch ein paar M\u00f6glichkeiten in K\u00f6penick mit dem Schiff anzulegen. Bei <strong>Mutter Lustig<\/strong> ist ein Steg, mit jeweils Platz f\u00fcr 1 Boot rechts + links. Da Montags + Dienstag Ruhetag ist, k\u00f6nnte man dann sogar kostenlos dort liegen. Allerdings gibt es kein Strom dort. Wasser habe ich auch&nbsp; nicht gesehen. Die andere M\u00f6glichkeit w\u00e4re der Yachtmakler<strong> Spreemarina<\/strong>. Der nimmt allerdings 4.- \/ Meter + Strom + Wasser zus\u00e4tzlich. Das geht auch nur spontan, also ohne Reservierung.<br>Auf dem R\u00fcckweg kommen wir an der <strong>Villa Miether<\/strong> vorbei. Es wirkt wie ein Lost Places, die Villa ist total von B\u00e4umen eingenommen. Man kann kann kaum durch diesen Bl\u00e4tterwald schauen<\/p>\n\n\n\n<figure class=\"wp-block-gallery has-nested-images columns-default is-cropped wp-block-gallery-5 is-layout-flex wp-block-gallery-is-layout-flex\">\n<figure class=\"wp-block-image size-large is-style-default\"><img loading=\"lazy\" decoding=\"async\" width=\"576\" height=\"1024\" data-id=\"8901\" src=\"https:\/\/mybonnechance.de\/wp-content\/uploads\/2024\/07\/20240702_122222-576x1024.jpg\" alt=\"\" class=\"wp-image-8901\" srcset=\"https:\/\/mybonnechance.de\/wp-content\/uploads\/2024\/07\/20240702_122222-576x1024.jpg 576w, https:\/\/mybonnechance.de\/wp-content\/uploads\/2024\/07\/20240702_122222-169x300.jpg 169w, https:\/\/mybonnechance.de\/wp-content\/uploads\/2024\/07\/20240702_122222-768x1365.jpg 768w, https:\/\/mybonnechance.de\/wp-content\/uploads\/2024\/07\/20240702_122222-864x1536.jpg 864w, https:\/\/mybonnechance.de\/wp-content\/uploads\/2024\/07\/20240702_122222-1152x2048.jpg 1152w, https:\/\/mybonnechance.de\/wp-content\/uploads\/2024\/07\/20240702_122222-scaled.jpg 1440w\" sizes=\"auto, (max-width: 576px) 100vw, 576px\" \/><\/figure>\n\n\n\n<figure class=\"wp-block-image size-large is-style-default\"><img loading=\"lazy\" decoding=\"async\" width=\"576\" height=\"1024\" data-id=\"8902\" src=\"https:\/\/mybonnechance.de\/wp-content\/uploads\/2024\/07\/20240702_122308-576x1024.jpg\" alt=\"\" class=\"wp-image-8902\" srcset=\"https:\/\/mybonnechance.de\/wp-content\/uploads\/2024\/07\/20240702_122308-576x1024.jpg 576w, https:\/\/mybonnechance.de\/wp-content\/uploads\/2024\/07\/20240702_122308-169x300.jpg 169w, https:\/\/mybonnechance.de\/wp-content\/uploads\/2024\/07\/20240702_122308-768x1365.jpg 768w, https:\/\/mybonnechance.de\/wp-content\/uploads\/2024\/07\/20240702_122308-864x1536.jpg 864w, https:\/\/mybonnechance.de\/wp-content\/uploads\/2024\/07\/20240702_122308-1152x2048.jpg 1152w, https:\/\/mybonnechance.de\/wp-content\/uploads\/2024\/07\/20240702_122308-scaled.jpg 1440w\" sizes=\"auto, (max-width: 576px) 100vw, 576px\" \/><\/figure>\n<\/figure>\n\n\n\n<p><a href=\"https:\/\/mybonnechance.de\/?page_id=8974\">Weiter<\/a><\/p>\n","protected":false},"excerpt":{"rendered":"<p>Tag 57, Montag 01.Juli Kleiner M\u00fcggelsee, Ankern &#8211; Friedrichshagen, Wassersportzentrum Berlin6 km &#8211; 0,75 Std. FahrzeitFast ist es schade, da\u00df wir uns hier vom kleinen M\u00fcggelsee verabschieden m\u00fcssen &#8211; aber wir brauchen Strom. Durch die eher bew\u00f6lkten letzten Tage sind wir nur noch auf knapp 80%. An diesem Montagmorgen ist hier es so ruhig wie &hellip; <\/p>\n<p class=\"link-more\"><a href=\"https:\/\/mybonnechance.de\/?page_id=8836\" class=\"more-link\"><span class=\"screen-reader-text\">\u201e2024-32 Friedrichshagen (K\u00f6penick)\u201c<\/span> weiterlesen<\/a><\/p>\n","protected":false},"author":2,"featured_media":0,"parent":0,"menu_order":0,"comment_status":"closed","ping_status":"closed","template":"","meta":{"ngg_post_thumbnail":0,"footnotes":""},"class_list":["post-8836","page","type-page","status-publish","hentry"],"_links":{"self":[{"href":"https:\/\/mybonnechance.de\/index.php?rest_route=\/wp\/v2\/pages\/8836","targetHints":{"allow":["GET"]}}],"collection":[{"href":"https:\/\/mybonnechance.de\/index.php?rest_route=\/wp\/v2\/pages"}],"about":[{"href":"https:\/\/mybonnechance.de\/index.php?rest_route=\/wp\/v2\/types\/page"}],"author":[{"embeddable":true,"href":"https:\/\/mybonnechance.de\/index.php?rest_route=\/wp\/v2\/users\/2"}],"replies":[{"embeddable":true,"href":"https:\/\/mybonnechance.de\/index.php?rest_route=%2Fwp%2Fv2%2Fcomments&post=8836"}],"version-history":[{"count":17,"href":"https:\/\/mybonnechance.de\/index.php?rest_route=\/wp\/v2\/pages\/8836\/revisions"}],"predecessor-version":[{"id":9500,"href":"https:\/\/mybonnechance.de\/index.php?rest_route=\/wp\/v2\/pages\/8836\/revisions\/9500"}],"wp:attachment":[{"href":"https:\/\/mybonnechance.de\/index.php?rest_route=%2Fwp%2Fv2%2Fmedia&parent=8836"}],"curies":[{"name":"wp","href":"https:\/\/api.w.org\/{rel}","templated":true}]}}