{"id":8915,"date":"2024-07-10T19:30:43","date_gmt":"2024-07-10T19:30:43","guid":{"rendered":"https:\/\/mybonnechance.de\/?page_id=8915"},"modified":"2024-07-12T10:25:26","modified_gmt":"2024-07-12T10:25:26","slug":"2024-35-liegeplatz-schiffbauerdamm","status":"publish","type":"page","link":"https:\/\/mybonnechance.de\/?page_id=8915","title":{"rendered":"2024-35 Liegeplatz Schiffbauerdamm"},"content":{"rendered":"\n<p><strong>Tag 64, Montag  08.Juli       Anleger Alt-Treptow<\/strong> <strong>&#8211; Anleger Schiffbauerdamm\/Friedrichstra\u00dfe<\/strong><br>8,8 km &#8211; 1,4 Std. Fahrzeit &#8211; 1 Schleuse<br>Wir fahren heute relativ fr\u00fch von Alt-Treptow ab und legen den Ger\u00e4tetr\u00e4ger. Viele der Br\u00fccken durch Berlin sind zu niedrig. Wir m\u00f6chten gegen 08:00 Uhr an der <strong>M\u00fchlendammschleuse<\/strong>, Tor zum inneren Kern von Berlin, sein. Zuvor kommen wir noch an dem <strong>Molecule Man<\/strong> vorbei, eine Skulptur mit 3 Skulpturen. Passend zur EM tragen sie die deutschen  Nationaltrikkot und stellen Wirzt, Kroos und Neuer da. <br><\/p>\n\n\n\n<figure class=\"wp-block-gallery has-nested-images columns-default is-cropped wp-block-gallery-1 is-layout-flex wp-block-gallery-is-layout-flex\">\n<figure class=\"wp-block-image size-large is-style-default\"><img loading=\"lazy\" decoding=\"async\" width=\"1024\" height=\"576\" data-id=\"8987\" src=\"https:\/\/mybonnechance.de\/wp-content\/uploads\/2024\/07\/20240708_074751-1-1024x576.jpg\" alt=\"\" class=\"wp-image-8987\" srcset=\"https:\/\/mybonnechance.de\/wp-content\/uploads\/2024\/07\/20240708_074751-1-1024x576.jpg 1024w, https:\/\/mybonnechance.de\/wp-content\/uploads\/2024\/07\/20240708_074751-1-300x169.jpg 300w, https:\/\/mybonnechance.de\/wp-content\/uploads\/2024\/07\/20240708_074751-1-768x432.jpg 768w, https:\/\/mybonnechance.de\/wp-content\/uploads\/2024\/07\/20240708_074751-1-1536x864.jpg 1536w, https:\/\/mybonnechance.de\/wp-content\/uploads\/2024\/07\/20240708_074751-1-2048x1152.jpg 2048w\" sizes=\"auto, (max-width: 767px) 89vw, (max-width: 1000px) 54vw, (max-width: 1071px) 543px, 580px\" \/><\/figure>\n\n\n\n<figure class=\"wp-block-image size-large is-style-default\"><img loading=\"lazy\" decoding=\"async\" width=\"1024\" height=\"576\" data-id=\"8986\" src=\"https:\/\/mybonnechance.de\/wp-content\/uploads\/2024\/07\/20240708_074847-1024x576.jpg\" alt=\"\" class=\"wp-image-8986\" srcset=\"https:\/\/mybonnechance.de\/wp-content\/uploads\/2024\/07\/20240708_074847-1024x576.jpg 1024w, https:\/\/mybonnechance.de\/wp-content\/uploads\/2024\/07\/20240708_074847-300x169.jpg 300w, https:\/\/mybonnechance.de\/wp-content\/uploads\/2024\/07\/20240708_074847-768x432.jpg 768w, https:\/\/mybonnechance.de\/wp-content\/uploads\/2024\/07\/20240708_074847-1536x864.jpg 1536w, https:\/\/mybonnechance.de\/wp-content\/uploads\/2024\/07\/20240708_074847-2048x1152.jpg 2048w\" sizes=\"auto, (max-width: 767px) 89vw, (max-width: 1000px) 54vw, (max-width: 1071px) 543px, 580px\" \/><\/figure>\n<\/figure>\n\n\n\n<figure class=\"wp-block-gallery has-nested-images columns-default is-cropped wp-block-gallery-2 is-layout-flex wp-block-gallery-is-layout-flex\">\n<figure class=\"wp-block-image size-large is-style-default\"><img loading=\"lazy\" decoding=\"async\" width=\"1024\" height=\"576\" data-id=\"8988\" src=\"https:\/\/mybonnechance.de\/wp-content\/uploads\/2024\/07\/20240708_082710-1024x576.jpg\" alt=\"\" class=\"wp-image-8988\" srcset=\"https:\/\/mybonnechance.de\/wp-content\/uploads\/2024\/07\/20240708_082710-1024x576.jpg 1024w, https:\/\/mybonnechance.de\/wp-content\/uploads\/2024\/07\/20240708_082710-300x169.jpg 300w, https:\/\/mybonnechance.de\/wp-content\/uploads\/2024\/07\/20240708_082710-768x432.jpg 768w, https:\/\/mybonnechance.de\/wp-content\/uploads\/2024\/07\/20240708_082710-1536x864.jpg 1536w, https:\/\/mybonnechance.de\/wp-content\/uploads\/2024\/07\/20240708_082710-2048x1152.jpg 2048w\" sizes=\"auto, (max-width: 767px) 89vw, (max-width: 1000px) 54vw, (max-width: 1071px) 543px, 580px\" \/><figcaption class=\"wp-element-caption\"><strong>An der Schleuse sind doch mehr Schiffe als erwartet, aber wir kommen bei der ersten Schleusung mit.<\/strong><\/figcaption><\/figure>\n<\/figure>\n\n\n\n<figure class=\"wp-block-gallery has-nested-images columns-default is-cropped wp-block-gallery-3 is-layout-flex wp-block-gallery-is-layout-flex\">\n<figure class=\"wp-block-image size-large is-style-default\"><img loading=\"lazy\" decoding=\"async\" width=\"1024\" height=\"576\" data-id=\"8994\" src=\"https:\/\/mybonnechance.de\/wp-content\/uploads\/2024\/07\/20240708_083745-1-1024x576.jpg\" alt=\"\" class=\"wp-image-8994\" srcset=\"https:\/\/mybonnechance.de\/wp-content\/uploads\/2024\/07\/20240708_083745-1-1024x576.jpg 1024w, https:\/\/mybonnechance.de\/wp-content\/uploads\/2024\/07\/20240708_083745-1-300x169.jpg 300w, https:\/\/mybonnechance.de\/wp-content\/uploads\/2024\/07\/20240708_083745-1-768x432.jpg 768w, https:\/\/mybonnechance.de\/wp-content\/uploads\/2024\/07\/20240708_083745-1-1536x864.jpg 1536w, https:\/\/mybonnechance.de\/wp-content\/uploads\/2024\/07\/20240708_083745-1-2048x1152.jpg 2048w\" sizes=\"auto, (max-width: 767px) 89vw, (max-width: 1000px) 54vw, (max-width: 1071px) 543px, 580px\" \/><figcaption class=\"wp-element-caption\"><strong>Zentralbibliothek<\/strong><\/figcaption><\/figure>\n\n\n\n<figure class=\"wp-block-image size-large is-style-default\"><img loading=\"lazy\" decoding=\"async\" width=\"1024\" height=\"576\" data-id=\"8992\" src=\"https:\/\/mybonnechance.de\/wp-content\/uploads\/2024\/07\/20240708_0838560-1024x576.jpg\" alt=\"\" class=\"wp-image-8992\" srcset=\"https:\/\/mybonnechance.de\/wp-content\/uploads\/2024\/07\/20240708_0838560-1024x576.jpg 1024w, https:\/\/mybonnechance.de\/wp-content\/uploads\/2024\/07\/20240708_0838560-300x169.jpg 300w, https:\/\/mybonnechance.de\/wp-content\/uploads\/2024\/07\/20240708_0838560-768x432.jpg 768w, https:\/\/mybonnechance.de\/wp-content\/uploads\/2024\/07\/20240708_0838560-1536x864.jpg 1536w, https:\/\/mybonnechance.de\/wp-content\/uploads\/2024\/07\/20240708_0838560-2048x1152.jpg 2048w\" sizes=\"auto, (max-width: 767px) 89vw, (max-width: 1000px) 54vw, (max-width: 1071px) 543px, 580px\" \/><figcaption class=\"wp-element-caption\"><strong>Berliner Dom<\/strong><\/figcaption><\/figure>\n<\/figure>\n\n\n\n<figure class=\"wp-block-gallery has-nested-images columns-default is-cropped wp-block-gallery-4 is-layout-flex wp-block-gallery-is-layout-flex\">\n<figure class=\"wp-block-image size-large is-style-default\"><img loading=\"lazy\" decoding=\"async\" width=\"1024\" height=\"576\" data-id=\"8999\" src=\"https:\/\/mybonnechance.de\/wp-content\/uploads\/2024\/07\/20240708_084208-1024x576.jpg\" alt=\"\" class=\"wp-image-8999\" srcset=\"https:\/\/mybonnechance.de\/wp-content\/uploads\/2024\/07\/20240708_084208-1024x576.jpg 1024w, https:\/\/mybonnechance.de\/wp-content\/uploads\/2024\/07\/20240708_084208-300x169.jpg 300w, https:\/\/mybonnechance.de\/wp-content\/uploads\/2024\/07\/20240708_084208-768x432.jpg 768w, https:\/\/mybonnechance.de\/wp-content\/uploads\/2024\/07\/20240708_084208-1536x864.jpg 1536w, https:\/\/mybonnechance.de\/wp-content\/uploads\/2024\/07\/20240708_084208-2048x1152.jpg 2048w\" sizes=\"auto, (max-width: 767px) 89vw, (max-width: 1000px) 54vw, (max-width: 1071px) 543px, 580px\" \/><figcaption class=\"wp-element-caption\"><strong>Alte Nationagalerie<\/strong><\/figcaption><\/figure>\n\n\n\n<figure class=\"wp-block-image size-large is-style-default\"><img loading=\"lazy\" decoding=\"async\" width=\"1024\" height=\"576\" data-id=\"8998\" src=\"https:\/\/mybonnechance.de\/wp-content\/uploads\/2024\/07\/20240708_184504-1024x576.jpg\" alt=\"\" class=\"wp-image-8998\" srcset=\"https:\/\/mybonnechance.de\/wp-content\/uploads\/2024\/07\/20240708_184504-1024x576.jpg 1024w, https:\/\/mybonnechance.de\/wp-content\/uploads\/2024\/07\/20240708_184504-300x169.jpg 300w, https:\/\/mybonnechance.de\/wp-content\/uploads\/2024\/07\/20240708_184504-768x432.jpg 768w, https:\/\/mybonnechance.de\/wp-content\/uploads\/2024\/07\/20240708_184504-1536x864.jpg 1536w, https:\/\/mybonnechance.de\/wp-content\/uploads\/2024\/07\/20240708_184504-2048x1152.jpg 2048w\" sizes=\"auto, (max-width: 767px) 89vw, (max-width: 1000px) 54vw, (max-width: 1071px) 543px, 580px\" \/><figcaption class=\"wp-element-caption\"><strong>Liegeplatz City<\/strong><\/figcaption><\/figure>\n<\/figure>\n\n\n\n<p>Wir haben Gl\u00fcck und bekommen den noch einzig freien Platz am <strong>Liegeplatz Schiffbauerdamm<\/strong>. Wir sind gegen 09:00 Uhr da und das ist wohl tats\u00e4chlich etwas zu fr\u00fch. In der n\u00e4chsten Stunde legen fast alle Schiffe ab. Es ist aber nicht allzuviel viel los. Im Laufe des Tages gibt es immer mal wieder freie Liegepl\u00e4tze. Wir liegen zwar super zentral, aber es ist auch sehr laut. Die Ausflugsdampfer geben sich hier die Klinke in die Hand. Hinter uns ist der Fernsehturm zu sehen, vor uns der Bundestag und neben uns das ARD Hauptstadtstudio<\/p>\n\n\n\n<figure class=\"wp-block-image size-large is-style-default\"><img loading=\"lazy\" decoding=\"async\" width=\"1024\" height=\"346\" src=\"https:\/\/mybonnechance.de\/wp-content\/uploads\/2024\/07\/IMG-20240708-WA0003-1024x346.jpg\" alt=\"\" class=\"wp-image-9011\" srcset=\"https:\/\/mybonnechance.de\/wp-content\/uploads\/2024\/07\/IMG-20240708-WA0003-1024x346.jpg 1024w, https:\/\/mybonnechance.de\/wp-content\/uploads\/2024\/07\/IMG-20240708-WA0003-300x101.jpg 300w, https:\/\/mybonnechance.de\/wp-content\/uploads\/2024\/07\/IMG-20240708-WA0003-768x259.jpg 768w, https:\/\/mybonnechance.de\/wp-content\/uploads\/2024\/07\/IMG-20240708-WA0003-1536x518.jpg 1536w, https:\/\/mybonnechance.de\/wp-content\/uploads\/2024\/07\/IMG-20240708-WA0003.jpg 1600w\" sizes=\"auto, (max-width: 767px) 89vw, (max-width: 1000px) 54vw, (max-width: 1071px) 543px, 580px\" \/><figcaption class=\"wp-element-caption\"><strong>Panorambild<\/strong><\/figcaption><\/figure>\n\n\n\n<figure class=\"wp-block-gallery has-nested-images columns-default is-cropped wp-block-gallery-5 is-layout-flex wp-block-gallery-is-layout-flex\">\n<figure class=\"wp-block-image size-large is-style-default\"><img loading=\"lazy\" decoding=\"async\" width=\"1024\" height=\"576\" data-id=\"9001\" src=\"https:\/\/mybonnechance.de\/wp-content\/uploads\/2024\/07\/20240708_220032-1024x576.jpg\" alt=\"\" class=\"wp-image-9001\" srcset=\"https:\/\/mybonnechance.de\/wp-content\/uploads\/2024\/07\/20240708_220032-1024x576.jpg 1024w, https:\/\/mybonnechance.de\/wp-content\/uploads\/2024\/07\/20240708_220032-300x169.jpg 300w, https:\/\/mybonnechance.de\/wp-content\/uploads\/2024\/07\/20240708_220032-768x432.jpg 768w, https:\/\/mybonnechance.de\/wp-content\/uploads\/2024\/07\/20240708_220032-1536x864.jpg 1536w, https:\/\/mybonnechance.de\/wp-content\/uploads\/2024\/07\/20240708_220032-2048x1152.jpg 2048w\" sizes=\"auto, (max-width: 767px) 89vw, (max-width: 1000px) 54vw, (max-width: 1071px) 543px, 580px\" \/><\/figure>\n\n\n\n<figure class=\"wp-block-image size-large is-style-default\"><img loading=\"lazy\" decoding=\"async\" width=\"1024\" height=\"576\" data-id=\"9000\" src=\"https:\/\/mybonnechance.de\/wp-content\/uploads\/2024\/07\/20240708_220023-1024x576.jpg\" alt=\"\" class=\"wp-image-9000\" srcset=\"https:\/\/mybonnechance.de\/wp-content\/uploads\/2024\/07\/20240708_220023-1024x576.jpg 1024w, https:\/\/mybonnechance.de\/wp-content\/uploads\/2024\/07\/20240708_220023-300x169.jpg 300w, https:\/\/mybonnechance.de\/wp-content\/uploads\/2024\/07\/20240708_220023-768x432.jpg 768w, https:\/\/mybonnechance.de\/wp-content\/uploads\/2024\/07\/20240708_220023-1536x864.jpg 1536w, https:\/\/mybonnechance.de\/wp-content\/uploads\/2024\/07\/20240708_220023-2048x1152.jpg 2048w\" sizes=\"auto, (max-width: 767px) 89vw, (max-width: 1000px) 54vw, (max-width: 1071px) 543px, 580px\" \/><\/figure>\n\n\n\n<figure class=\"wp-block-image size-large is-style-default\"><img loading=\"lazy\" decoding=\"async\" width=\"1024\" height=\"576\" data-id=\"9002\" src=\"https:\/\/mybonnechance.de\/wp-content\/uploads\/2024\/07\/20240708_220007-1024x576.jpg\" alt=\"\" class=\"wp-image-9002\" srcset=\"https:\/\/mybonnechance.de\/wp-content\/uploads\/2024\/07\/20240708_220007-1024x576.jpg 1024w, https:\/\/mybonnechance.de\/wp-content\/uploads\/2024\/07\/20240708_220007-300x169.jpg 300w, https:\/\/mybonnechance.de\/wp-content\/uploads\/2024\/07\/20240708_220007-768x432.jpg 768w, https:\/\/mybonnechance.de\/wp-content\/uploads\/2024\/07\/20240708_220007-1536x864.jpg 1536w, https:\/\/mybonnechance.de\/wp-content\/uploads\/2024\/07\/20240708_220007-2048x1152.jpg 2048w\" sizes=\"auto, (max-width: 767px) 89vw, (max-width: 1000px) 54vw, (max-width: 1071px) 543px, 580px\" \/><\/figure>\n<\/figure>\n\n\n\n<p><br><strong>Tag 65, Dienstag  09.Juli <\/strong><br>Da wir Berlin ja in den vergangenen Tagen immer wieder mal erkundet haben, g\u00f6nnen wir uns heute mal den Berliner Zoo. Es sind sehr viele Tiergattungen vertreten, aber bei manchen beschleicht mich schon ein etwas ungutes Gef\u00fchl. F\u00fcr mein Empfinden sind die Tiere in zu kleinen Gehegen untergebracht. Fa wir des \u00f6fteren an Safaris in Afrika teilgenommen habe, tut fast ein bisschen weh, sie jetzt so zu sehen. Auf dem Weg sehen wir noch ein paar Sehensw\u00fcrdigkeiten.<\/p>\n\n\n\n<figure class=\"wp-block-gallery has-nested-images columns-default is-cropped wp-block-gallery-6 is-layout-flex wp-block-gallery-is-layout-flex\">\n<figure class=\"wp-block-image size-large is-style-default\"><img loading=\"lazy\" decoding=\"async\" width=\"576\" height=\"1024\" data-id=\"9005\" src=\"https:\/\/mybonnechance.de\/wp-content\/uploads\/2024\/07\/20240708_111329-576x1024.jpg\" alt=\"\" class=\"wp-image-9005\" srcset=\"https:\/\/mybonnechance.de\/wp-content\/uploads\/2024\/07\/20240708_111329-576x1024.jpg 576w, https:\/\/mybonnechance.de\/wp-content\/uploads\/2024\/07\/20240708_111329-169x300.jpg 169w, https:\/\/mybonnechance.de\/wp-content\/uploads\/2024\/07\/20240708_111329-768x1365.jpg 768w, https:\/\/mybonnechance.de\/wp-content\/uploads\/2024\/07\/20240708_111329-864x1536.jpg 864w, https:\/\/mybonnechance.de\/wp-content\/uploads\/2024\/07\/20240708_111329-1152x2048.jpg 1152w, https:\/\/mybonnechance.de\/wp-content\/uploads\/2024\/07\/20240708_111329-scaled.jpg 1440w\" sizes=\"auto, (max-width: 576px) 100vw, 576px\" \/><figcaption class=\"wp-element-caption\"><strong>Siegess\u00e4ule<\/strong><\/figcaption><\/figure>\n\n\n\n<figure class=\"wp-block-image size-large is-style-default\"><img loading=\"lazy\" decoding=\"async\" width=\"576\" height=\"1024\" data-id=\"9006\" src=\"https:\/\/mybonnechance.de\/wp-content\/uploads\/2024\/07\/20240708_111050-576x1024.jpg\" alt=\"\" class=\"wp-image-9006\" srcset=\"https:\/\/mybonnechance.de\/wp-content\/uploads\/2024\/07\/20240708_111050-576x1024.jpg 576w, https:\/\/mybonnechance.de\/wp-content\/uploads\/2024\/07\/20240708_111050-169x300.jpg 169w, https:\/\/mybonnechance.de\/wp-content\/uploads\/2024\/07\/20240708_111050-768x1365.jpg 768w, https:\/\/mybonnechance.de\/wp-content\/uploads\/2024\/07\/20240708_111050-864x1536.jpg 864w, https:\/\/mybonnechance.de\/wp-content\/uploads\/2024\/07\/20240708_111050-1152x2048.jpg 1152w, https:\/\/mybonnechance.de\/wp-content\/uploads\/2024\/07\/20240708_111050-scaled.jpg 1440w\" sizes=\"auto, (max-width: 576px) 100vw, 576px\" \/><figcaption class=\"wp-element-caption\"><strong>Schloss Bellevue<\/strong><\/figcaption><\/figure>\n\n\n\n<figure class=\"wp-block-image size-large is-style-default\"><img loading=\"lazy\" decoding=\"async\" width=\"576\" height=\"1024\" data-id=\"9008\" src=\"https:\/\/mybonnechance.de\/wp-content\/uploads\/2024\/07\/20240708_111021-576x1024.jpg\" alt=\"\" class=\"wp-image-9008\" srcset=\"https:\/\/mybonnechance.de\/wp-content\/uploads\/2024\/07\/20240708_111021-576x1024.jpg 576w, https:\/\/mybonnechance.de\/wp-content\/uploads\/2024\/07\/20240708_111021-169x300.jpg 169w, https:\/\/mybonnechance.de\/wp-content\/uploads\/2024\/07\/20240708_111021-768x1365.jpg 768w, https:\/\/mybonnechance.de\/wp-content\/uploads\/2024\/07\/20240708_111021-864x1536.jpg 864w, https:\/\/mybonnechance.de\/wp-content\/uploads\/2024\/07\/20240708_111021-1152x2048.jpg 1152w, https:\/\/mybonnechance.de\/wp-content\/uploads\/2024\/07\/20240708_111021-scaled.jpg 1440w\" sizes=\"auto, (max-width: 576px) 100vw, 576px\" \/><\/figure>\n<\/figure>\n\n\n\n<figure class=\"wp-block-gallery has-nested-images columns-default is-cropped wp-block-gallery-7 is-layout-flex wp-block-gallery-is-layout-flex\">\n<figure class=\"wp-block-image size-large is-style-default\"><img loading=\"lazy\" decoding=\"async\" width=\"1024\" height=\"576\" data-id=\"9010\" src=\"https:\/\/mybonnechance.de\/wp-content\/uploads\/2024\/07\/20240708_110206-1024x576.jpg\" alt=\"\" class=\"wp-image-9010\" srcset=\"https:\/\/mybonnechance.de\/wp-content\/uploads\/2024\/07\/20240708_110206-1024x576.jpg 1024w, https:\/\/mybonnechance.de\/wp-content\/uploads\/2024\/07\/20240708_110206-300x169.jpg 300w, https:\/\/mybonnechance.de\/wp-content\/uploads\/2024\/07\/20240708_110206-768x432.jpg 768w, https:\/\/mybonnechance.de\/wp-content\/uploads\/2024\/07\/20240708_110206-1536x864.jpg 1536w, https:\/\/mybonnechance.de\/wp-content\/uploads\/2024\/07\/20240708_110206-2048x1152.jpg 2048w\" sizes=\"auto, (max-width: 767px) 89vw, (max-width: 1000px) 54vw, (max-width: 1071px) 543px, 580px\" \/><\/figure>\n\n\n\n<figure class=\"wp-block-image size-large is-style-default\"><img loading=\"lazy\" decoding=\"async\" width=\"1024\" height=\"576\" data-id=\"9009\" src=\"https:\/\/mybonnechance.de\/wp-content\/uploads\/2024\/07\/20240708_110656-1024x576.jpg\" alt=\"\" class=\"wp-image-9009\" srcset=\"https:\/\/mybonnechance.de\/wp-content\/uploads\/2024\/07\/20240708_110656-1024x576.jpg 1024w, https:\/\/mybonnechance.de\/wp-content\/uploads\/2024\/07\/20240708_110656-300x169.jpg 300w, https:\/\/mybonnechance.de\/wp-content\/uploads\/2024\/07\/20240708_110656-768x432.jpg 768w, https:\/\/mybonnechance.de\/wp-content\/uploads\/2024\/07\/20240708_110656-1536x864.jpg 1536w, https:\/\/mybonnechance.de\/wp-content\/uploads\/2024\/07\/20240708_110656-2048x1152.jpg 2048w\" sizes=\"auto, (max-width: 767px) 89vw, (max-width: 1000px) 54vw, (max-width: 1071px) 543px, 580px\" \/><figcaption class=\"wp-element-caption\"><strong>Haus der Kulturen<\/strong><\/figcaption><\/figure>\n<\/figure>\n\n\n\n<div class=\"wp-block-columns is-layout-flex wp-container-core-columns-is-layout-9d6595d7 wp-block-columns-is-layout-flex\">\n<div class=\"wp-block-column is-layout-flow wp-block-column-is-layout-flow\" style=\"flex-basis:66.66%\">\n<figure class=\"wp-block-gallery has-nested-images columns-default is-cropped wp-block-gallery-8 is-layout-flex wp-block-gallery-is-layout-flex\">\n<figure class=\"wp-block-image size-large is-style-default\"><img loading=\"lazy\" decoding=\"async\" width=\"1024\" height=\"576\" data-id=\"9012\" src=\"https:\/\/mybonnechance.de\/wp-content\/uploads\/2024\/07\/20240710_083756-1024x576.jpg\" alt=\"\" class=\"wp-image-9012\" srcset=\"https:\/\/mybonnechance.de\/wp-content\/uploads\/2024\/07\/20240710_083756-1024x576.jpg 1024w, https:\/\/mybonnechance.de\/wp-content\/uploads\/2024\/07\/20240710_083756-300x169.jpg 300w, https:\/\/mybonnechance.de\/wp-content\/uploads\/2024\/07\/20240710_083756-768x432.jpg 768w, https:\/\/mybonnechance.de\/wp-content\/uploads\/2024\/07\/20240710_083756-1536x864.jpg 1536w, https:\/\/mybonnechance.de\/wp-content\/uploads\/2024\/07\/20240710_083756-2048x1152.jpg 2048w\" sizes=\"auto, (max-width: 767px) 89vw, (max-width: 1000px) 54vw, (max-width: 1071px) 543px, 580px\" \/><\/figure>\n<\/figure>\n\n\n\n<p><strong>Nach dem Zoobesuch herrlich relaxen bei einem coolen Drink<\/strong><\/p>\n<\/div>\n\n\n\n<div class=\"wp-block-column is-layout-flow wp-block-column-is-layout-flow\" style=\"flex-basis:33.33%\">\n<figure class=\"wp-block-gallery has-nested-images columns-default is-cropped wp-block-gallery-9 is-layout-flex wp-block-gallery-is-layout-flex\">\n<figure class=\"wp-block-image size-large is-style-default\"><img loading=\"lazy\" decoding=\"async\" width=\"576\" height=\"1024\" data-id=\"9013\" src=\"https:\/\/mybonnechance.de\/wp-content\/uploads\/2024\/07\/20240709_150907-576x1024.jpg\" alt=\"\" class=\"wp-image-9013\" srcset=\"https:\/\/mybonnechance.de\/wp-content\/uploads\/2024\/07\/20240709_150907-576x1024.jpg 576w, https:\/\/mybonnechance.de\/wp-content\/uploads\/2024\/07\/20240709_150907-169x300.jpg 169w, https:\/\/mybonnechance.de\/wp-content\/uploads\/2024\/07\/20240709_150907-768x1365.jpg 768w, https:\/\/mybonnechance.de\/wp-content\/uploads\/2024\/07\/20240709_150907-864x1536.jpg 864w, https:\/\/mybonnechance.de\/wp-content\/uploads\/2024\/07\/20240709_150907-1152x2048.jpg 1152w, https:\/\/mybonnechance.de\/wp-content\/uploads\/2024\/07\/20240709_150907-scaled.jpg 1440w\" sizes=\"auto, (max-width: 576px) 100vw, 576px\" \/><\/figure>\n<\/figure>\n<\/div>\n<\/div>\n\n\n\n<p>Am sp\u00e4ten Abend setzten wir uns auf die Treppen gegen\u00fcber vom Bundestag. Es wird eine Lichtshow \u00fcber 75 Jahre Grundgesetzt und Demokratie gezeigt. Wirklich gut gemacht.<\/p>\n\n\n\n<figure class=\"wp-block-gallery has-nested-images columns-default is-cropped wp-block-gallery-10 is-layout-flex wp-block-gallery-is-layout-flex\">\n<figure class=\"wp-block-image size-large is-style-default\"><img loading=\"lazy\" decoding=\"async\" width=\"1024\" height=\"576\" data-id=\"9014\" src=\"https:\/\/mybonnechance.de\/wp-content\/uploads\/2024\/07\/20240709_222804-1024x576.jpg\" alt=\"\" class=\"wp-image-9014\" srcset=\"https:\/\/mybonnechance.de\/wp-content\/uploads\/2024\/07\/20240709_222804-1024x576.jpg 1024w, https:\/\/mybonnechance.de\/wp-content\/uploads\/2024\/07\/20240709_222804-300x169.jpg 300w, https:\/\/mybonnechance.de\/wp-content\/uploads\/2024\/07\/20240709_222804-768x432.jpg 768w, https:\/\/mybonnechance.de\/wp-content\/uploads\/2024\/07\/20240709_222804-1536x864.jpg 1536w, https:\/\/mybonnechance.de\/wp-content\/uploads\/2024\/07\/20240709_222804-2048x1152.jpg 2048w\" sizes=\"auto, (max-width: 767px) 89vw, (max-width: 1000px) 54vw, (max-width: 1071px) 543px, 580px\" \/><\/figure>\n\n\n\n<figure class=\"wp-block-image size-large is-style-default\"><img loading=\"lazy\" decoding=\"async\" width=\"1024\" height=\"576\" data-id=\"9015\" src=\"https:\/\/mybonnechance.de\/wp-content\/uploads\/2024\/07\/20240709_223016-1024x576.jpg\" alt=\"\" class=\"wp-image-9015\" srcset=\"https:\/\/mybonnechance.de\/wp-content\/uploads\/2024\/07\/20240709_223016-1024x576.jpg 1024w, https:\/\/mybonnechance.de\/wp-content\/uploads\/2024\/07\/20240709_223016-300x169.jpg 300w, https:\/\/mybonnechance.de\/wp-content\/uploads\/2024\/07\/20240709_223016-768x432.jpg 768w, https:\/\/mybonnechance.de\/wp-content\/uploads\/2024\/07\/20240709_223016-1536x864.jpg 1536w, https:\/\/mybonnechance.de\/wp-content\/uploads\/2024\/07\/20240709_223016-2048x1152.jpg 2048w\" sizes=\"auto, (max-width: 767px) 89vw, (max-width: 1000px) 54vw, (max-width: 1071px) 543px, 580px\" \/><\/figure>\n<\/figure>\n\n\n","protected":false},"excerpt":{"rendered":"<p>Tag 64, Montag 08.Juli Anleger Alt-Treptow &#8211; Anleger Schiffbauerdamm\/Friedrichstra\u00dfe8,8 km &#8211; 1,4 Std. Fahrzeit &#8211; 1 SchleuseWir fahren heute relativ fr\u00fch von Alt-Treptow ab und legen den Ger\u00e4tetr\u00e4ger. Viele der Br\u00fccken durch Berlin sind zu niedrig. Wir m\u00f6chten gegen 08:00 Uhr an der M\u00fchlendammschleuse, Tor zum inneren Kern von Berlin, sein. Zuvor kommen wir noch &hellip; <\/p>\n<p class=\"link-more\"><a href=\"https:\/\/mybonnechance.de\/?page_id=8915\" class=\"more-link\"><span class=\"screen-reader-text\">\u201e2024-35 Liegeplatz Schiffbauerdamm\u201c<\/span> weiterlesen<\/a><\/p>\n","protected":false},"author":2,"featured_media":0,"parent":0,"menu_order":0,"comment_status":"closed","ping_status":"closed","template":"","meta":{"ngg_post_thumbnail":0,"footnotes":""},"class_list":["post-8915","page","type-page","status-publish","hentry"],"_links":{"self":[{"href":"https:\/\/mybonnechance.de\/index.php?rest_route=\/wp\/v2\/pages\/8915","targetHints":{"allow":["GET"]}}],"collection":[{"href":"https:\/\/mybonnechance.de\/index.php?rest_route=\/wp\/v2\/pages"}],"about":[{"href":"https:\/\/mybonnechance.de\/index.php?rest_route=\/wp\/v2\/types\/page"}],"author":[{"embeddable":true,"href":"https:\/\/mybonnechance.de\/index.php?rest_route=\/wp\/v2\/users\/2"}],"replies":[{"embeddable":true,"href":"https:\/\/mybonnechance.de\/index.php?rest_route=%2Fwp%2Fv2%2Fcomments&post=8915"}],"version-history":[{"count":4,"href":"https:\/\/mybonnechance.de\/index.php?rest_route=\/wp\/v2\/pages\/8915\/revisions"}],"predecessor-version":[{"id":9016,"href":"https:\/\/mybonnechance.de\/index.php?rest_route=\/wp\/v2\/pages\/8915\/revisions\/9016"}],"wp:attachment":[{"href":"https:\/\/mybonnechance.de\/index.php?rest_route=%2Fwp%2Fv2%2Fmedia&parent=8915"}],"curies":[{"name":"wp","href":"https:\/\/api.w.org\/{rel}","templated":true}]}}