{"id":8917,"date":"2024-07-10T19:32:10","date_gmt":"2024-07-10T19:32:10","guid":{"rendered":"https:\/\/mybonnechance.de\/?page_id=8917"},"modified":"2024-07-14T20:23:18","modified_gmt":"2024-07-14T20:23:18","slug":"2024-36-liegeplatz-charlottenburg","status":"publish","type":"page","link":"https:\/\/mybonnechance.de\/?page_id=8917","title":{"rendered":"2024-36 Liegeplatz Berliner Ufer, Charlottenburg"},"content":{"rendered":"\n<p><strong>Tag 66, Mittwoch  10.Juli        Anleger Schiffbauerdamm\/Friedrichstra\u00dfe &#8211; Anleger Berliner Ufer<\/strong><br>6 km &#8211; 0,75 Std. Fahrzeit <br>Wir fahren gegen 08:30 los um die Liegestelle in Charlottenburg anzufahren. Es sind jetzt bereits 27 Grad und es wird wohl wieder ein so hei\u00dfer Tag wie gestern werden. Es folgt also <strong>Berlin City Tour Teil 2<\/strong>, und es macht so einen Spa\u00df in aller Ruhe \u00fcber die Spree zu fahren und sich alles vom Wasser aus anzuschauen.<\/p>\n\n\n\n<figure class=\"wp-block-gallery has-nested-images columns-default is-cropped wp-block-gallery-1 is-layout-flex wp-block-gallery-is-layout-flex\">\n<figure class=\"wp-block-image size-large is-style-default\"><img loading=\"lazy\" decoding=\"async\" width=\"1024\" height=\"576\" data-id=\"9025\" src=\"https:\/\/mybonnechance.de\/wp-content\/uploads\/2024\/07\/20240710_083358-1024x576.jpg\" alt=\"\" class=\"wp-image-9025\" srcset=\"https:\/\/mybonnechance.de\/wp-content\/uploads\/2024\/07\/20240710_083358-1024x576.jpg 1024w, https:\/\/mybonnechance.de\/wp-content\/uploads\/2024\/07\/20240710_083358-300x169.jpg 300w, https:\/\/mybonnechance.de\/wp-content\/uploads\/2024\/07\/20240710_083358-768x432.jpg 768w, https:\/\/mybonnechance.de\/wp-content\/uploads\/2024\/07\/20240710_083358-1536x864.jpg 1536w, https:\/\/mybonnechance.de\/wp-content\/uploads\/2024\/07\/20240710_083358-2048x1152.jpg 2048w\" sizes=\"auto, (max-width: 767px) 89vw, (max-width: 1000px) 54vw, (max-width: 1071px) 543px, 580px\" \/><\/figure>\n\n\n\n<figure class=\"wp-block-image size-large is-style-default\"><img loading=\"lazy\" decoding=\"async\" width=\"1024\" height=\"576\" data-id=\"9024\" src=\"https:\/\/mybonnechance.de\/wp-content\/uploads\/2024\/07\/20240710_083302-1024x576.jpg\" alt=\"\" class=\"wp-image-9024\" srcset=\"https:\/\/mybonnechance.de\/wp-content\/uploads\/2024\/07\/20240710_083302-1024x576.jpg 1024w, https:\/\/mybonnechance.de\/wp-content\/uploads\/2024\/07\/20240710_083302-300x169.jpg 300w, https:\/\/mybonnechance.de\/wp-content\/uploads\/2024\/07\/20240710_083302-768x432.jpg 768w, https:\/\/mybonnechance.de\/wp-content\/uploads\/2024\/07\/20240710_083302-1536x864.jpg 1536w, https:\/\/mybonnechance.de\/wp-content\/uploads\/2024\/07\/20240710_083302-2048x1152.jpg 2048w\" sizes=\"auto, (max-width: 767px) 89vw, (max-width: 1000px) 54vw, (max-width: 1071px) 543px, 580px\" \/><\/figure>\n<\/figure>\n\n\n\n<div class=\"wp-block-columns is-layout-flex wp-container-core-columns-is-layout-9d6595d7 wp-block-columns-is-layout-flex\">\n<div class=\"wp-block-column is-layout-flow wp-block-column-is-layout-flow\" style=\"flex-basis:66.66%\">\n<figure class=\"wp-block-gallery has-nested-images columns-default is-cropped wp-block-gallery-2 is-layout-flex wp-block-gallery-is-layout-flex\">\n<figure class=\"wp-block-image size-large is-style-default\"><img loading=\"lazy\" decoding=\"async\" width=\"1024\" height=\"576\" data-id=\"9026\" src=\"https:\/\/mybonnechance.de\/wp-content\/uploads\/2024\/07\/20240710_084245-1024x576.jpg\" alt=\"\" class=\"wp-image-9026\" srcset=\"https:\/\/mybonnechance.de\/wp-content\/uploads\/2024\/07\/20240710_084245-1024x576.jpg 1024w, https:\/\/mybonnechance.de\/wp-content\/uploads\/2024\/07\/20240710_084245-300x169.jpg 300w, https:\/\/mybonnechance.de\/wp-content\/uploads\/2024\/07\/20240710_084245-768x432.jpg 768w, https:\/\/mybonnechance.de\/wp-content\/uploads\/2024\/07\/20240710_084245-1536x864.jpg 1536w, https:\/\/mybonnechance.de\/wp-content\/uploads\/2024\/07\/20240710_084245-2048x1152.jpg 2048w\" sizes=\"auto, (max-width: 767px) 89vw, (max-width: 1000px) 54vw, (max-width: 1071px) 543px, 580px\" \/><\/figure>\n<\/figure>\n\n\n\n<p><strong>Die Siegess\u00e4ule schimmert durch den Tiergarten<\/strong><\/p>\n<\/div>\n\n\n\n<div class=\"wp-block-column is-layout-flow wp-block-column-is-layout-flow\" style=\"flex-basis:33.33%\">\n<figure class=\"wp-block-gallery has-nested-images columns-default is-cropped wp-block-gallery-3 is-layout-flex wp-block-gallery-is-layout-flex\">\n<figure class=\"wp-block-image size-large is-style-default\"><img loading=\"lazy\" decoding=\"async\" width=\"576\" height=\"1024\" data-id=\"9027\" src=\"https:\/\/mybonnechance.de\/wp-content\/uploads\/2024\/07\/20240710_084713-576x1024.jpg\" alt=\"\" class=\"wp-image-9027\" srcset=\"https:\/\/mybonnechance.de\/wp-content\/uploads\/2024\/07\/20240710_084713-576x1024.jpg 576w, https:\/\/mybonnechance.de\/wp-content\/uploads\/2024\/07\/20240710_084713-169x300.jpg 169w, https:\/\/mybonnechance.de\/wp-content\/uploads\/2024\/07\/20240710_084713-768x1365.jpg 768w, https:\/\/mybonnechance.de\/wp-content\/uploads\/2024\/07\/20240710_084713-864x1536.jpg 864w, https:\/\/mybonnechance.de\/wp-content\/uploads\/2024\/07\/20240710_084713-1152x2048.jpg 1152w, https:\/\/mybonnechance.de\/wp-content\/uploads\/2024\/07\/20240710_084713-scaled.jpg 1440w\" sizes=\"auto, (max-width: 576px) 100vw, 576px\" \/><\/figure>\n<\/figure>\n<\/div>\n<\/div>\n\n\n\n<p><strong>Moabit<\/strong><\/p>\n\n\n\n<figure class=\"wp-block-gallery has-nested-images columns-default is-cropped wp-block-gallery-4 is-layout-flex wp-block-gallery-is-layout-flex\">\n<figure class=\"wp-block-image size-large is-style-default\"><img loading=\"lazy\" decoding=\"async\" width=\"1024\" height=\"576\" data-id=\"9034\" src=\"https:\/\/mybonnechance.de\/wp-content\/uploads\/2024\/07\/20240710_085252-4-1024x576.jpg\" alt=\"\" class=\"wp-image-9034\" srcset=\"https:\/\/mybonnechance.de\/wp-content\/uploads\/2024\/07\/20240710_085252-4-1024x576.jpg 1024w, https:\/\/mybonnechance.de\/wp-content\/uploads\/2024\/07\/20240710_085252-4-300x169.jpg 300w, https:\/\/mybonnechance.de\/wp-content\/uploads\/2024\/07\/20240710_085252-4-768x432.jpg 768w, https:\/\/mybonnechance.de\/wp-content\/uploads\/2024\/07\/20240710_085252-4-1536x864.jpg 1536w, https:\/\/mybonnechance.de\/wp-content\/uploads\/2024\/07\/20240710_085252-4-2048x1152.jpg 2048w\" sizes=\"auto, (max-width: 767px) 89vw, (max-width: 1000px) 54vw, (max-width: 1071px) 543px, 580px\" \/><\/figure>\n\n\n\n<figure class=\"wp-block-image size-large is-style-default\"><img loading=\"lazy\" decoding=\"async\" width=\"1024\" height=\"576\" data-id=\"9031\" src=\"https:\/\/mybonnechance.de\/wp-content\/uploads\/2024\/07\/20240710_085338-1024x576.jpg\" alt=\"\" class=\"wp-image-9031\" srcset=\"https:\/\/mybonnechance.de\/wp-content\/uploads\/2024\/07\/20240710_085338-1024x576.jpg 1024w, https:\/\/mybonnechance.de\/wp-content\/uploads\/2024\/07\/20240710_085338-300x169.jpg 300w, https:\/\/mybonnechance.de\/wp-content\/uploads\/2024\/07\/20240710_085338-768x432.jpg 768w, https:\/\/mybonnechance.de\/wp-content\/uploads\/2024\/07\/20240710_085338-1536x864.jpg 1536w, https:\/\/mybonnechance.de\/wp-content\/uploads\/2024\/07\/20240710_085338-2048x1152.jpg 2048w\" sizes=\"auto, (max-width: 767px) 89vw, (max-width: 1000px) 54vw, (max-width: 1071px) 543px, 580px\" \/><\/figure>\n\n\n\n<figure class=\"wp-block-image size-large is-style-default\"><img loading=\"lazy\" decoding=\"async\" width=\"1024\" height=\"576\" data-id=\"9029\" src=\"https:\/\/mybonnechance.de\/wp-content\/uploads\/2024\/07\/20240710_085437-1024x576.jpg\" alt=\"\" class=\"wp-image-9029\" srcset=\"https:\/\/mybonnechance.de\/wp-content\/uploads\/2024\/07\/20240710_085437-1024x576.jpg 1024w, https:\/\/mybonnechance.de\/wp-content\/uploads\/2024\/07\/20240710_085437-300x169.jpg 300w, https:\/\/mybonnechance.de\/wp-content\/uploads\/2024\/07\/20240710_085437-768x432.jpg 768w, https:\/\/mybonnechance.de\/wp-content\/uploads\/2024\/07\/20240710_085437-1536x864.jpg 1536w, https:\/\/mybonnechance.de\/wp-content\/uploads\/2024\/07\/20240710_085437-2048x1152.jpg 2048w\" sizes=\"auto, (max-width: 767px) 89vw, (max-width: 1000px) 54vw, (max-width: 1071px) 543px, 580px\" \/><\/figure>\n<\/figure>\n\n\n\n<p>Wir kommen vorher noch einen<strong> Anleger in Moabit<\/strong> vorbei, der so gut wie frei ist. Aber f\u00fcr ein Ausflugsprogramm nicht wirklich geeignet.  Zwanzig Minuten sp\u00e4ter erreichen wir  einen langen, kaum frequentierten,  Anleger in Charlottenburg. Wir sind so begeistert den so leer zu sehen, da\u00df wir dort ganz schnell festmachen. Sp\u00e4ter stellen wir fest, da\u00df ist nicht der Anleger, den man f\u00fcr Charlottenburg nimmt. Der w\u00e4re erst noch gekommen \ud83d\ude42 .  Aber es ist gar nicht so schlimm, denn bei der Hitze kann ich hier sogar im Kanal schwimmen. Hier, am <strong>Berliner Ufer<\/strong> ist es sehr ruhig.  Auf der Strecke fahren nur ganz wenige Ausflugsschiffe vorbei. Keine Ahnung wieso &#8211; velleicht fahren sie eine Umgehung. Es gibt einen Streckenabschnitt, der ist f\u00fcr Sportboot verboten.<br>Von 11:00 \u2013 12:30 gibt es ein richtiges Gewitter, aber ab 14 Uhr haben wir wieder 28 Grad und es ist hei\u00df. Dann raffen wir uns am sp\u00e4teren Nachmittag noch auf und gehen zu Fu\u00df zu dem eigentlichen Anleger in Charlottenburg vor der Schlossbr\u00fccke. Es handelt sich dabei ebenfalls um einen langen Anleger an der gr\u00fcnen Wiese und viele Schiffe, die im Laufe des Tages an uns vorbeigefahren sind, haben dort festgemacht. Das l\u00e4sst hoffen, dass wir da morgen auch einen Platz ergattern werden.<\/p>\n\n\n","protected":false},"excerpt":{"rendered":"<p>Tag 66, Mittwoch 10.Juli Anleger Schiffbauerdamm\/Friedrichstra\u00dfe &#8211; Anleger Berliner Ufer6 km &#8211; 0,75 Std. Fahrzeit Wir fahren gegen 08:30 los um die Liegestelle in Charlottenburg anzufahren. Es sind jetzt bereits 27 Grad und es wird wohl wieder ein so hei\u00dfer Tag wie gestern werden. Es folgt also Berlin City Tour Teil 2, und es macht &hellip; <\/p>\n<p class=\"link-more\"><a href=\"https:\/\/mybonnechance.de\/?page_id=8917\" class=\"more-link\"><span class=\"screen-reader-text\">\u201e2024-36 Liegeplatz Berliner Ufer, Charlottenburg\u201c<\/span> weiterlesen<\/a><\/p>\n","protected":false},"author":2,"featured_media":0,"parent":0,"menu_order":0,"comment_status":"closed","ping_status":"closed","template":"","meta":{"ngg_post_thumbnail":0,"footnotes":""},"class_list":["post-8917","page","type-page","status-publish","hentry"],"_links":{"self":[{"href":"https:\/\/mybonnechance.de\/index.php?rest_route=\/wp\/v2\/pages\/8917","targetHints":{"allow":["GET"]}}],"collection":[{"href":"https:\/\/mybonnechance.de\/index.php?rest_route=\/wp\/v2\/pages"}],"about":[{"href":"https:\/\/mybonnechance.de\/index.php?rest_route=\/wp\/v2\/types\/page"}],"author":[{"embeddable":true,"href":"https:\/\/mybonnechance.de\/index.php?rest_route=\/wp\/v2\/users\/2"}],"replies":[{"embeddable":true,"href":"https:\/\/mybonnechance.de\/index.php?rest_route=%2Fwp%2Fv2%2Fcomments&post=8917"}],"version-history":[{"count":6,"href":"https:\/\/mybonnechance.de\/index.php?rest_route=\/wp\/v2\/pages\/8917\/revisions"}],"predecessor-version":[{"id":9076,"href":"https:\/\/mybonnechance.de\/index.php?rest_route=\/wp\/v2\/pages\/8917\/revisions\/9076"}],"wp:attachment":[{"href":"https:\/\/mybonnechance.de\/index.php?rest_route=%2Fwp%2Fv2%2Fmedia&parent=8917"}],"curies":[{"name":"wp","href":"https:\/\/api.w.org\/{rel}","templated":true}]}}