{"id":8970,"date":"2024-07-11T09:16:40","date_gmt":"2024-07-11T09:16:40","guid":{"rendered":"https:\/\/mybonnechance.de\/?page_id=8970"},"modified":"2024-07-14T20:22:04","modified_gmt":"2024-07-14T20:22:04","slug":"2024-37-charlottenburg-liegeplatz-schlossbruecke","status":"publish","type":"page","link":"https:\/\/mybonnechance.de\/?page_id=8970","title":{"rendered":"2024-37 Liegeplatz Schlo\u00dfbr\u00fccke, Charlottenburg"},"content":{"rendered":"\n<p><strong>Tag 67, Donnerstag  11.Juli        Charlottenburg,  Anleger Berliner Ufer<\/strong> <strong>&#8211; Anleger Schlossbr\u00fccke<\/strong><br>1,5 km &#8211; 0,2 Std. Fahrzeit<br>Kurz bevor wir ablegen, kommen schon einige der Schiffe an uns vorbei, die wir gestern an dem <strong>Liegeplatz Schlo\u00dfbr\u00fccke <\/strong>gesehen habe. Und tats\u00e4chlich: als wir dort ankommen liegt nur noch ein Schiff dort \u2013 umso besser. Wir legen uns ganz ans Ende, dann m\u00fcssen wir nicht aufr\u00fccken, wenn es voller wird. Ich sehe allerdings mit Wehmut, dass man hier nicht schwimmen kann \u2013 zu viel Bl\u00e4tter und Unkraut im Wasser.<\/p>\n\n\n\n<figure class=\"wp-block-gallery has-nested-images columns-default is-cropped wp-block-gallery-1 is-layout-flex wp-block-gallery-is-layout-flex\">\n<figure class=\"wp-block-image size-large is-style-default\"><img loading=\"lazy\" decoding=\"async\" width=\"1024\" height=\"576\" data-id=\"9061\" src=\"https:\/\/mybonnechance.de\/wp-content\/uploads\/2024\/07\/20240711_112518-1024x576.jpg\" alt=\"\" class=\"wp-image-9061\" srcset=\"https:\/\/mybonnechance.de\/wp-content\/uploads\/2024\/07\/20240711_112518-1024x576.jpg 1024w, https:\/\/mybonnechance.de\/wp-content\/uploads\/2024\/07\/20240711_112518-300x169.jpg 300w, https:\/\/mybonnechance.de\/wp-content\/uploads\/2024\/07\/20240711_112518-768x432.jpg 768w, https:\/\/mybonnechance.de\/wp-content\/uploads\/2024\/07\/20240711_112518-1536x864.jpg 1536w, https:\/\/mybonnechance.de\/wp-content\/uploads\/2024\/07\/20240711_112518-2048x1152.jpg 2048w\" sizes=\"auto, (max-width: 767px) 89vw, (max-width: 1000px) 54vw, (max-width: 1071px) 543px, 580px\" \/><\/figure>\n<\/figure>\n\n\n\n<p>Heute ist es auch leider auch mal wieder bew\u00f6lkt. Wir beschlie\u00dfen uns <strong>Schlo\u00df Charlottenburg<\/strong> anzusehen.\u00a0 Es ist schon beeindruckend, wenn man den fr\u00fcheren Lebensstil mit Ausstattung der R\u00e4ume, Porzellan und Besteck sieht. Kein Wunder, dass das Volk irgendwann begann dagegen aufzubegehren.<\/p>\n\n\n\n<div class=\"wp-block-columns is-layout-flex wp-container-core-columns-is-layout-9d6595d7 wp-block-columns-is-layout-flex\">\n<div class=\"wp-block-column is-layout-flow wp-block-column-is-layout-flow\" style=\"flex-basis:66.66%\">\n<figure class=\"wp-block-gallery has-nested-images columns-default is-cropped wp-block-gallery-2 is-layout-flex wp-block-gallery-is-layout-flex\">\n<figure class=\"wp-block-image size-large is-style-default\"><img loading=\"lazy\" decoding=\"async\" width=\"1024\" height=\"576\" data-id=\"9048\" src=\"https:\/\/mybonnechance.de\/wp-content\/uploads\/2024\/07\/20240711_124015-1-1024x576.jpg\" alt=\"\" class=\"wp-image-9048\" srcset=\"https:\/\/mybonnechance.de\/wp-content\/uploads\/2024\/07\/20240711_124015-1-1024x576.jpg 1024w, https:\/\/mybonnechance.de\/wp-content\/uploads\/2024\/07\/20240711_124015-1-300x169.jpg 300w, https:\/\/mybonnechance.de\/wp-content\/uploads\/2024\/07\/20240711_124015-1-768x432.jpg 768w, https:\/\/mybonnechance.de\/wp-content\/uploads\/2024\/07\/20240711_124015-1-1536x864.jpg 1536w, https:\/\/mybonnechance.de\/wp-content\/uploads\/2024\/07\/20240711_124015-1-2048x1152.jpg 2048w\" sizes=\"auto, (max-width: 767px) 89vw, (max-width: 1000px) 54vw, (max-width: 1071px) 543px, 580px\" \/><\/figure>\n<\/figure>\n\n\n\n<figure class=\"wp-block-gallery has-nested-images columns-default is-cropped wp-block-gallery-3 is-layout-flex wp-block-gallery-is-layout-flex\">\n<figure class=\"wp-block-image size-large is-style-default\"><img loading=\"lazy\" decoding=\"async\" width=\"1024\" height=\"576\" data-id=\"9050\" src=\"https:\/\/mybonnechance.de\/wp-content\/uploads\/2024\/07\/20240711_125522-1024x576.jpg\" alt=\"\" class=\"wp-image-9050\" srcset=\"https:\/\/mybonnechance.de\/wp-content\/uploads\/2024\/07\/20240711_125522-1024x576.jpg 1024w, https:\/\/mybonnechance.de\/wp-content\/uploads\/2024\/07\/20240711_125522-300x169.jpg 300w, https:\/\/mybonnechance.de\/wp-content\/uploads\/2024\/07\/20240711_125522-768x432.jpg 768w, https:\/\/mybonnechance.de\/wp-content\/uploads\/2024\/07\/20240711_125522-1536x864.jpg 1536w, https:\/\/mybonnechance.de\/wp-content\/uploads\/2024\/07\/20240711_125522-2048x1152.jpg 2048w\" sizes=\"auto, (max-width: 767px) 89vw, (max-width: 1000px) 54vw, (max-width: 1071px) 543px, 580px\" \/><\/figure>\n<\/figure>\n\n\n\n<figure class=\"wp-block-gallery has-nested-images columns-default is-cropped wp-block-gallery-4 is-layout-flex wp-block-gallery-is-layout-flex\">\n<figure class=\"wp-block-image size-large is-style-default\"><img loading=\"lazy\" decoding=\"async\" width=\"1024\" height=\"576\" data-id=\"9052\" src=\"https:\/\/mybonnechance.de\/wp-content\/uploads\/2024\/07\/20240711_125916-1024x576.jpg\" alt=\"\" class=\"wp-image-9052\" srcset=\"https:\/\/mybonnechance.de\/wp-content\/uploads\/2024\/07\/20240711_125916-1024x576.jpg 1024w, https:\/\/mybonnechance.de\/wp-content\/uploads\/2024\/07\/20240711_125916-300x169.jpg 300w, https:\/\/mybonnechance.de\/wp-content\/uploads\/2024\/07\/20240711_125916-768x432.jpg 768w, https:\/\/mybonnechance.de\/wp-content\/uploads\/2024\/07\/20240711_125916-1536x864.jpg 1536w, https:\/\/mybonnechance.de\/wp-content\/uploads\/2024\/07\/20240711_125916-2048x1152.jpg 2048w\" sizes=\"auto, (max-width: 767px) 89vw, (max-width: 1000px) 54vw, (max-width: 1071px) 543px, 580px\" \/><\/figure>\n<\/figure>\n\n\n\n<figure class=\"wp-block-gallery has-nested-images columns-default is-cropped wp-block-gallery-5 is-layout-flex wp-block-gallery-is-layout-flex\">\n<figure class=\"wp-block-image size-large is-style-default\"><img loading=\"lazy\" decoding=\"async\" width=\"1024\" height=\"576\" data-id=\"9053\" src=\"https:\/\/mybonnechance.de\/wp-content\/uploads\/2024\/07\/20240711_130604-1024x576.jpg\" alt=\"\" class=\"wp-image-9053\" srcset=\"https:\/\/mybonnechance.de\/wp-content\/uploads\/2024\/07\/20240711_130604-1024x576.jpg 1024w, https:\/\/mybonnechance.de\/wp-content\/uploads\/2024\/07\/20240711_130604-300x169.jpg 300w, https:\/\/mybonnechance.de\/wp-content\/uploads\/2024\/07\/20240711_130604-768x432.jpg 768w, https:\/\/mybonnechance.de\/wp-content\/uploads\/2024\/07\/20240711_130604-1536x864.jpg 1536w, https:\/\/mybonnechance.de\/wp-content\/uploads\/2024\/07\/20240711_130604-2048x1152.jpg 2048w\" sizes=\"auto, (max-width: 767px) 89vw, (max-width: 1000px) 54vw, (max-width: 1071px) 543px, 580px\" \/><\/figure>\n<\/figure>\n\n\n\n<figure class=\"wp-block-gallery has-nested-images columns-default is-cropped wp-block-gallery-6 is-layout-flex wp-block-gallery-is-layout-flex\">\n<figure class=\"wp-block-image size-large is-style-default\"><img loading=\"lazy\" decoding=\"async\" width=\"1024\" height=\"576\" data-id=\"9056\" src=\"https:\/\/mybonnechance.de\/wp-content\/uploads\/2024\/07\/20240711_131114-1024x576.jpg\" alt=\"\" class=\"wp-image-9056\" srcset=\"https:\/\/mybonnechance.de\/wp-content\/uploads\/2024\/07\/20240711_131114-1024x576.jpg 1024w, https:\/\/mybonnechance.de\/wp-content\/uploads\/2024\/07\/20240711_131114-300x169.jpg 300w, https:\/\/mybonnechance.de\/wp-content\/uploads\/2024\/07\/20240711_131114-768x432.jpg 768w, https:\/\/mybonnechance.de\/wp-content\/uploads\/2024\/07\/20240711_131114-1536x864.jpg 1536w, https:\/\/mybonnechance.de\/wp-content\/uploads\/2024\/07\/20240711_131114-2048x1152.jpg 2048w\" sizes=\"auto, (max-width: 767px) 89vw, (max-width: 1000px) 54vw, (max-width: 1071px) 543px, 580px\" \/><\/figure>\n<\/figure>\n\n\n\n<figure class=\"wp-block-gallery has-nested-images columns-default is-cropped wp-block-gallery-7 is-layout-flex wp-block-gallery-is-layout-flex\">\n<figure class=\"wp-block-image size-large is-style-default\"><img loading=\"lazy\" decoding=\"async\" width=\"1024\" height=\"576\" data-id=\"9057\" src=\"https:\/\/mybonnechance.de\/wp-content\/uploads\/2024\/07\/20240711_144113-1024x576.jpg\" alt=\"\" class=\"wp-image-9057\" srcset=\"https:\/\/mybonnechance.de\/wp-content\/uploads\/2024\/07\/20240711_144113-1024x576.jpg 1024w, https:\/\/mybonnechance.de\/wp-content\/uploads\/2024\/07\/20240711_144113-300x169.jpg 300w, https:\/\/mybonnechance.de\/wp-content\/uploads\/2024\/07\/20240711_144113-768x432.jpg 768w, https:\/\/mybonnechance.de\/wp-content\/uploads\/2024\/07\/20240711_144113-1536x864.jpg 1536w, https:\/\/mybonnechance.de\/wp-content\/uploads\/2024\/07\/20240711_144113-2048x1152.jpg 2048w\" sizes=\"auto, (max-width: 767px) 89vw, (max-width: 1000px) 54vw, (max-width: 1071px) 543px, 580px\" \/><\/figure>\n<\/figure>\n<\/div>\n\n\n\n<div class=\"wp-block-column is-layout-flow wp-block-column-is-layout-flow\" style=\"flex-basis:33.33%\">\n<figure class=\"wp-block-gallery has-nested-images columns-default is-cropped wp-block-gallery-8 is-layout-flex wp-block-gallery-is-layout-flex\">\n<figure class=\"wp-block-image size-large is-style-default\"><img loading=\"lazy\" decoding=\"async\" width=\"576\" height=\"1024\" data-id=\"9049\" src=\"https:\/\/mybonnechance.de\/wp-content\/uploads\/2024\/07\/20240711_124138-1-576x1024.jpg\" alt=\"\" class=\"wp-image-9049\" srcset=\"https:\/\/mybonnechance.de\/wp-content\/uploads\/2024\/07\/20240711_124138-1-576x1024.jpg 576w, https:\/\/mybonnechance.de\/wp-content\/uploads\/2024\/07\/20240711_124138-1-169x300.jpg 169w, https:\/\/mybonnechance.de\/wp-content\/uploads\/2024\/07\/20240711_124138-1-768x1365.jpg 768w, https:\/\/mybonnechance.de\/wp-content\/uploads\/2024\/07\/20240711_124138-1-864x1536.jpg 864w, https:\/\/mybonnechance.de\/wp-content\/uploads\/2024\/07\/20240711_124138-1-1152x2048.jpg 1152w, https:\/\/mybonnechance.de\/wp-content\/uploads\/2024\/07\/20240711_124138-1-scaled.jpg 1440w\" sizes=\"auto, (max-width: 576px) 100vw, 576px\" \/><\/figure>\n<\/figure>\n\n\n\n<figure class=\"wp-block-gallery has-nested-images columns-default is-cropped wp-block-gallery-9 is-layout-flex wp-block-gallery-is-layout-flex\">\n<figure class=\"wp-block-image size-large is-style-default\"><img loading=\"lazy\" decoding=\"async\" width=\"576\" height=\"1024\" data-id=\"9051\" src=\"https:\/\/mybonnechance.de\/wp-content\/uploads\/2024\/07\/20240711_125642-576x1024.jpg\" alt=\"\" class=\"wp-image-9051\" srcset=\"https:\/\/mybonnechance.de\/wp-content\/uploads\/2024\/07\/20240711_125642-576x1024.jpg 576w, https:\/\/mybonnechance.de\/wp-content\/uploads\/2024\/07\/20240711_125642-169x300.jpg 169w, https:\/\/mybonnechance.de\/wp-content\/uploads\/2024\/07\/20240711_125642-768x1365.jpg 768w, https:\/\/mybonnechance.de\/wp-content\/uploads\/2024\/07\/20240711_125642-864x1536.jpg 864w, https:\/\/mybonnechance.de\/wp-content\/uploads\/2024\/07\/20240711_125642-1152x2048.jpg 1152w, https:\/\/mybonnechance.de\/wp-content\/uploads\/2024\/07\/20240711_125642-scaled.jpg 1440w\" sizes=\"auto, (max-width: 576px) 100vw, 576px\" \/><\/figure>\n<\/figure>\n\n\n\n<figure class=\"wp-block-gallery has-nested-images columns-default is-cropped wp-block-gallery-10 is-layout-flex wp-block-gallery-is-layout-flex\">\n<figure class=\"wp-block-image size-large is-style-default\"><img loading=\"lazy\" decoding=\"async\" width=\"576\" height=\"1024\" data-id=\"9054\" src=\"https:\/\/mybonnechance.de\/wp-content\/uploads\/2024\/07\/20240711_141923-576x1024.jpg\" alt=\"\" class=\"wp-image-9054\" srcset=\"https:\/\/mybonnechance.de\/wp-content\/uploads\/2024\/07\/20240711_141923-576x1024.jpg 576w, https:\/\/mybonnechance.de\/wp-content\/uploads\/2024\/07\/20240711_141923-169x300.jpg 169w, https:\/\/mybonnechance.de\/wp-content\/uploads\/2024\/07\/20240711_141923-768x1365.jpg 768w, https:\/\/mybonnechance.de\/wp-content\/uploads\/2024\/07\/20240711_141923-864x1536.jpg 864w, https:\/\/mybonnechance.de\/wp-content\/uploads\/2024\/07\/20240711_141923-1152x2048.jpg 1152w, https:\/\/mybonnechance.de\/wp-content\/uploads\/2024\/07\/20240711_141923-scaled.jpg 1440w\" sizes=\"auto, (max-width: 576px) 100vw, 576px\" \/><\/figure>\n<\/figure>\n\n\n\n<figure class=\"wp-block-gallery has-nested-images columns-default is-cropped wp-block-gallery-11 is-layout-flex wp-block-gallery-is-layout-flex\">\n<figure class=\"wp-block-image size-large is-style-default\"><img loading=\"lazy\" decoding=\"async\" width=\"576\" height=\"1024\" data-id=\"9058\" src=\"https:\/\/mybonnechance.de\/wp-content\/uploads\/2024\/07\/20240711_144343-576x1024.jpg\" alt=\"\" class=\"wp-image-9058\" srcset=\"https:\/\/mybonnechance.de\/wp-content\/uploads\/2024\/07\/20240711_144343-576x1024.jpg 576w, https:\/\/mybonnechance.de\/wp-content\/uploads\/2024\/07\/20240711_144343-169x300.jpg 169w, https:\/\/mybonnechance.de\/wp-content\/uploads\/2024\/07\/20240711_144343-768x1365.jpg 768w, https:\/\/mybonnechance.de\/wp-content\/uploads\/2024\/07\/20240711_144343-864x1536.jpg 864w, https:\/\/mybonnechance.de\/wp-content\/uploads\/2024\/07\/20240711_144343-1152x2048.jpg 1152w, https:\/\/mybonnechance.de\/wp-content\/uploads\/2024\/07\/20240711_144343-scaled.jpg 1440w\" sizes=\"auto, (max-width: 576px) 100vw, 576px\" \/><\/figure>\n<\/figure>\n<\/div>\n<\/div>\n\n\n\n<figure class=\"wp-block-gallery has-nested-images columns-default is-cropped wp-block-gallery-12 is-layout-flex wp-block-gallery-is-layout-flex\">\n<figure class=\"wp-block-image size-large is-style-default\"><img loading=\"lazy\" decoding=\"async\" width=\"1024\" height=\"576\" data-id=\"9060\" src=\"https:\/\/mybonnechance.de\/wp-content\/uploads\/2024\/07\/20240711_144221-1-1024x576.jpg\" alt=\"\" class=\"wp-image-9060\" srcset=\"https:\/\/mybonnechance.de\/wp-content\/uploads\/2024\/07\/20240711_144221-1-1024x576.jpg 1024w, https:\/\/mybonnechance.de\/wp-content\/uploads\/2024\/07\/20240711_144221-1-300x169.jpg 300w, https:\/\/mybonnechance.de\/wp-content\/uploads\/2024\/07\/20240711_144221-1-768x432.jpg 768w, https:\/\/mybonnechance.de\/wp-content\/uploads\/2024\/07\/20240711_144221-1-1536x864.jpg 1536w, https:\/\/mybonnechance.de\/wp-content\/uploads\/2024\/07\/20240711_144221-1-2048x1152.jpg 2048w\" sizes=\"auto, (max-width: 767px) 89vw, (max-width: 1000px) 54vw, (max-width: 1071px) 543px, 580px\" \/><figcaption class=\"wp-element-caption\"><strong>Der Fest-und Tanzsaal<\/strong><\/figcaption><\/figure>\n<\/figure>\n\n\n\n<p>Danach sind wir im <strong>Cafe R\u00f6stwerk, Seeligstr. 32<\/strong> gewesen, mit dem wunderbarsten Erdbeermascarponekuchen, den ich je gegessen habe. Mit dem Fahrrad nur ca. 5 min., unbedingt empfehlenswert. Inzwischen ist es auch wieder w\u00e4rmer geworden, so dass wir nach Schatten suchen.<\/p>\n\n\n\n<p><strong>Tag 68, Freitag  12.Juli    <\/strong><br>Wie schade, heute regnet es schon den ganzen Vormittag. Wir nutzten eine kleine Regenpause und fahren mit dem Rad in die <strong>Wilmersdorferstr.<\/strong> Dort gibt ist wohl das Zentrum von Charlottenburg, mit einem gro\u00dfem Einkaufszentrum, samt Edeka. Wir m\u00fcssen bei leichtem Regen wieder abfahren \u2013 schade. Es gibt dort noch viel zu sehen. Aber der Regen wird wohl st\u00e4rker und dauerhafter werden. Keine Chance heute Strom durch unser Solar zu gewinnen. Aber morgen m\u00fcssen wir deshalb einen Hafen aufsuchen, denn auch gestern haben wir nicht wirklich viel Sonne in die Batterie bekommen.<strong><br><\/strong><\/p>\n\n\n\n\n\n<p><strong>     <\/strong><br><\/p>\n","protected":false},"excerpt":{"rendered":"<p>Tag 67, Donnerstag 11.Juli Charlottenburg, Anleger Berliner Ufer &#8211; Anleger Schlossbr\u00fccke1,5 km &#8211; 0,2 Std. FahrzeitKurz bevor wir ablegen, kommen schon einige der Schiffe an uns vorbei, die wir gestern an dem Liegeplatz Schlo\u00dfbr\u00fccke gesehen habe. Und tats\u00e4chlich: als wir dort ankommen liegt nur noch ein Schiff dort \u2013 umso besser. Wir legen uns ganz &hellip; <\/p>\n<p class=\"link-more\"><a href=\"https:\/\/mybonnechance.de\/?page_id=8970\" class=\"more-link\"><span class=\"screen-reader-text\">\u201e2024-37 Liegeplatz Schlo\u00dfbr\u00fccke, Charlottenburg\u201c<\/span> weiterlesen<\/a><\/p>\n","protected":false},"author":2,"featured_media":0,"parent":0,"menu_order":0,"comment_status":"closed","ping_status":"closed","template":"","meta":{"ngg_post_thumbnail":0,"footnotes":""},"class_list":["post-8970","page","type-page","status-publish","hentry"],"_links":{"self":[{"href":"https:\/\/mybonnechance.de\/index.php?rest_route=\/wp\/v2\/pages\/8970","targetHints":{"allow":["GET"]}}],"collection":[{"href":"https:\/\/mybonnechance.de\/index.php?rest_route=\/wp\/v2\/pages"}],"about":[{"href":"https:\/\/mybonnechance.de\/index.php?rest_route=\/wp\/v2\/types\/page"}],"author":[{"embeddable":true,"href":"https:\/\/mybonnechance.de\/index.php?rest_route=\/wp\/v2\/users\/2"}],"replies":[{"embeddable":true,"href":"https:\/\/mybonnechance.de\/index.php?rest_route=%2Fwp%2Fv2%2Fcomments&post=8970"}],"version-history":[{"count":6,"href":"https:\/\/mybonnechance.de\/index.php?rest_route=\/wp\/v2\/pages\/8970\/revisions"}],"predecessor-version":[{"id":9075,"href":"https:\/\/mybonnechance.de\/index.php?rest_route=\/wp\/v2\/pages\/8970\/revisions\/9075"}],"wp:attachment":[{"href":"https:\/\/mybonnechance.de\/index.php?rest_route=%2Fwp%2Fv2%2Fmedia&parent=8970"}],"curies":[{"name":"wp","href":"https:\/\/api.w.org\/{rel}","templated":true}]}}