{"id":8974,"date":"2024-07-12T08:20:18","date_gmt":"2024-07-12T08:20:18","guid":{"rendered":"https:\/\/mybonnechance.de\/?page_id=8974"},"modified":"2024-08-19T10:03:09","modified_gmt":"2024-08-19T10:03:09","slug":"2024-33-tempelhof-teltow","status":"publish","type":"page","link":"https:\/\/mybonnechance.de\/?page_id=8974","title":{"rendered":"2024-33 Tempelhof &#8211; Teltow"},"content":{"rendered":"\n<p><strong>Tag 59, Mittwoch 03.Juli Friedrichshagen, Wassersportzentrum Berlin<\/strong> <strong>\u2013 Tempelhof, Stadthafen<\/strong><br>17,5 km \u2013 2,1 Std. Fahrzeit<br>Vom M\u00fcggelsee geht es nach kurzer Zeit auf die Spree und dann biegen wir wieder ab auf den Teltowkanal. In ein paar Tagen werden wir diese Strecke bis zur Spree wieder zur\u00fcckfahren um dann mit unserem Schiff nach Berlin reinzufahren. Da wir aber ein paar Bestellungen get\u00e4tigt haben mit Lieferanschrift an meinem Cousin hier in Berlin, treffen wir uns mit ihm in Tempelhof. Au\u00dferdem will er gerne mal ein St\u00fcck mit uns fahren, so da\u00df wir sogar noch einen Ausflug bis nach Teltow machen werden. Was tut man nicht alles f\u00fcr die Famile &#x1f642; Allerdings bin ich gar nicht so ungl\u00fccklich, denn ich mag den Tempelhofer Hafen. Gute Einkaufsm\u00f6glichkeit und nahe Anbindung zur City.<br>Vorsichtshalber legen wir bei unserer Abfahrt den Ger\u00e4tetr\u00e4ger, da es widerspr\u00fcchliche Aussagen zu den <strong>Br\u00fcckenh\u00f6hen<\/strong> gibt. Stellt sich sp\u00e4ter raus, dass dies unn\u00f6tig war. Es gibt nur eine Br\u00fccke, die ziemlich knapp ist. Wir stellen aber immer wieder fest, dass die Br\u00fcckenangaben in den Karten nicht stimmt. Unterwegs sehen wir wieder einige H\u00e4fen in <strong>K\u00f6penick<\/strong>, wo wir keine Chance gehabt h\u00e4tten unterzukommen. Eine halbe Stunde vor Ankunf in Tempelhof riechen wir Kaffee. 1 km weiter kommen wir an der <strong>Jacobs R\u00f6sterei <\/strong>vorbei. Ein wunderbarer Duft.<\/p>\n\n\n\n<figure class=\"wp-block-image\"><img loading=\"lazy\" decoding=\"async\" width=\"645\" height=\"1024\" src=\"https:\/\/mybonnechance.de\/wp-content\/uploads\/2024\/07\/20240703_171232-645x1024.jpg\" alt=\"\" class=\"wp-image-8932\" srcset=\"https:\/\/mybonnechance.de\/wp-content\/uploads\/2024\/07\/20240703_171232-645x1024.jpg 645w, https:\/\/mybonnechance.de\/wp-content\/uploads\/2024\/07\/20240703_171232-189x300.jpg 189w, https:\/\/mybonnechance.de\/wp-content\/uploads\/2024\/07\/20240703_171232-768x1220.jpg 768w, https:\/\/mybonnechance.de\/wp-content\/uploads\/2024\/07\/20240703_171232-967x1536.jpg 967w, https:\/\/mybonnechance.de\/wp-content\/uploads\/2024\/07\/20240703_171232-1290x2048.jpg 1290w, https:\/\/mybonnechance.de\/wp-content\/uploads\/2024\/07\/20240703_171232-scaled.jpg 1612w\" sizes=\"auto, (max-width: 645px) 100vw, 645px\" \/><\/figure>\n\n\n\n<p><br>In <strong>Tempelhof<\/strong> bekommen wir den gleichen Liegeplatz wie auf der Hinfahrt (Platz 33). Der ist wirklich gut f\u00fcr unsere Schiffsl\u00e4nge. <\/p>\n\n\n\n<p class=\"has-vivid-red-color has-text-color has-link-color wp-elements-ffb421fdc4eb9eb9e7621fc0e9d62743\"><strong><em>Hafengeb\u00fchr:  3.- p.M.  incl.  Wasser, 3.- Strom<\/em><\/strong>,<strong><em> zu schwaches Wlan, gegen\u00fcber gr. EZ mit EDEKA + Media Markt, jede Menge Restaurants um den Hafen, gute U-Bahn Verbindung<\/em><\/strong><\/p>\n\n\n\n<p>Am Abend vertreten wir uns noch die Beine und gehen bis <strong>Alt Tempelhof<\/strong>. Den Namen hat Tempelhof durch die Templer, die sich im 12.+ 13. Jhd. hier ansiedelten und auch den Friedhof gr\u00fcndeten.<\/p>\n\n\n\n<figure class=\"wp-block-image\"><img loading=\"lazy\" decoding=\"async\" width=\"576\" height=\"1024\" src=\"https:\/\/mybonnechance.de\/wp-content\/uploads\/2024\/07\/20240703_200503-576x1024.jpg\" alt=\"\" class=\"wp-image-8935\" srcset=\"https:\/\/mybonnechance.de\/wp-content\/uploads\/2024\/07\/20240703_200503-576x1024.jpg 576w, https:\/\/mybonnechance.de\/wp-content\/uploads\/2024\/07\/20240703_200503-169x300.jpg 169w, https:\/\/mybonnechance.de\/wp-content\/uploads\/2024\/07\/20240703_200503-768x1365.jpg 768w, https:\/\/mybonnechance.de\/wp-content\/uploads\/2024\/07\/20240703_200503-864x1536.jpg 864w, https:\/\/mybonnechance.de\/wp-content\/uploads\/2024\/07\/20240703_200503-1152x2048.jpg 1152w, https:\/\/mybonnechance.de\/wp-content\/uploads\/2024\/07\/20240703_200503-scaled.jpg 1440w\" sizes=\"auto, (max-width: 576px) 100vw, 576px\" \/><\/figure>\n\n\n\n<figure class=\"wp-block-image\"><img loading=\"lazy\" decoding=\"async\" width=\"576\" height=\"1024\" src=\"https:\/\/mybonnechance.de\/wp-content\/uploads\/2024\/07\/20240703_202240-576x1024.jpg\" alt=\"\" class=\"wp-image-8936\" srcset=\"https:\/\/mybonnechance.de\/wp-content\/uploads\/2024\/07\/20240703_202240-576x1024.jpg 576w, https:\/\/mybonnechance.de\/wp-content\/uploads\/2024\/07\/20240703_202240-169x300.jpg 169w, https:\/\/mybonnechance.de\/wp-content\/uploads\/2024\/07\/20240703_202240-768x1365.jpg 768w, https:\/\/mybonnechance.de\/wp-content\/uploads\/2024\/07\/20240703_202240-864x1536.jpg 864w, https:\/\/mybonnechance.de\/wp-content\/uploads\/2024\/07\/20240703_202240-1152x2048.jpg 1152w, https:\/\/mybonnechance.de\/wp-content\/uploads\/2024\/07\/20240703_202240-scaled.jpg 1440w\" sizes=\"auto, (max-width: 576px) 100vw, 576px\" \/><\/figure>\n\n\n\n<p><strong>Tag 60, Donnerstag 04.Juli<\/strong><br>Wir nutzen das Tagesticket heute richtig aus und fahren kreuz und quer durch Berlin. Kudamm, Prenzlauer Berg, Alexanderplatz, Nikolai Viertel. Das Wetter h\u00e4lt und es ist zum Gl\u00fcck auch nicht so hei\u00df.<\/p>\n\n\n\n<p><strong>Tag 61, Freitag 05.Juli Tempelhof, Stadthafen \u2013 Teltow, Stadthafen<\/strong><br>12,3 km \u2013 1,5 Std. Fahrzeit<\/p>\n\n\n\n<p class=\"has-vivid-red-color has-text-color has-link-color wp-elements-b0dcd58e00d867a03c6c9061a34cbd02\"><strong><em>Hafengeb\u00fchr:  12,50 p.P. incl. Strom + Wasser, kein Wlan, Kleines Cafe o. Restaurant<\/em><\/strong>, <strong><em>Einkaufsm\u00f6glichkeiten i.d. Stadt<\/em><\/strong> <strong><em>ca. 2 km<\/em><\/strong><\/p>\n\n\n\n<p>Da mein Cousin erst gegen Mittag kommt, nutze ich das Tagesticket von gestern um mir die Stadtmitt bzw. Gendarmen Markt und Unter den Linden bis zum Humbold Forum anzuschauen. Um halb zwei geht es dann los mit dem Ausflug nach Teltow bei wieder sehr angenehmen Temperaturen. Am Abend verliert Deutschland gegen Spanien im Viertelfinale.<\/p>\n\n\n\n<p><strong>Tag 62, Samstag 06.Juli<\/strong><br>Wir bleiben noch einen Tag, da wir nicht am Wochenende nach Berlin rein fahren wollen. Nach einem herrrlichen Sonnentag kommt dann am Abend das Gewitter. P\u00fcnktlich zum Abendessen ist aber alles vorbei und wir k\u00f6nnen beim Vietnamesen in Teltow herrlich essen.<\/p>\n\n\n\n<p><a href=\"https:\/\/mybonnechance.de\/?page_id=8912\">Weiter<\/a><\/p>\n","protected":false},"excerpt":{"rendered":"<p>Tag 59, Mittwoch 03.Juli Friedrichshagen, Wassersportzentrum Berlin \u2013 Tempelhof, Stadthafen17,5 km \u2013 2,1 Std. FahrzeitVom M\u00fcggelsee geht es nach kurzer Zeit auf die Spree und dann biegen wir wieder ab auf den Teltowkanal. In ein paar Tagen werden wir diese Strecke bis zur Spree wieder zur\u00fcckfahren um dann mit unserem Schiff nach Berlin reinzufahren. Da &hellip; <\/p>\n<p class=\"link-more\"><a href=\"https:\/\/mybonnechance.de\/?page_id=8974\" class=\"more-link\"><span class=\"screen-reader-text\">\u201e2024-33 Tempelhof &#8211; Teltow\u201c<\/span> weiterlesen<\/a><\/p>\n","protected":false},"author":1,"featured_media":0,"parent":0,"menu_order":0,"comment_status":"closed","ping_status":"closed","template":"","meta":{"ngg_post_thumbnail":0,"footnotes":""},"class_list":["post-8974","page","type-page","status-publish","hentry"],"_links":{"self":[{"href":"https:\/\/mybonnechance.de\/index.php?rest_route=\/wp\/v2\/pages\/8974","targetHints":{"allow":["GET"]}}],"collection":[{"href":"https:\/\/mybonnechance.de\/index.php?rest_route=\/wp\/v2\/pages"}],"about":[{"href":"https:\/\/mybonnechance.de\/index.php?rest_route=\/wp\/v2\/types\/page"}],"author":[{"embeddable":true,"href":"https:\/\/mybonnechance.de\/index.php?rest_route=\/wp\/v2\/users\/1"}],"replies":[{"embeddable":true,"href":"https:\/\/mybonnechance.de\/index.php?rest_route=%2Fwp%2Fv2%2Fcomments&post=8974"}],"version-history":[{"count":6,"href":"https:\/\/mybonnechance.de\/index.php?rest_route=\/wp\/v2\/pages\/8974\/revisions"}],"predecessor-version":[{"id":9491,"href":"https:\/\/mybonnechance.de\/index.php?rest_route=\/wp\/v2\/pages\/8974\/revisions\/9491"}],"wp:attachment":[{"href":"https:\/\/mybonnechance.de\/index.php?rest_route=%2Fwp%2Fv2%2Fmedia&parent=8974"}],"curies":[{"name":"wp","href":"https:\/\/api.w.org\/{rel}","templated":true}]}}