{"id":9067,"date":"2024-07-14T20:10:21","date_gmt":"2024-07-14T20:10:21","guid":{"rendered":"https:\/\/mybonnechance.de\/?page_id=9067"},"modified":"2024-08-18T14:51:47","modified_gmt":"2024-08-18T14:51:47","slug":"2024-38-spandau","status":"publish","type":"page","link":"https:\/\/mybonnechance.de\/?page_id=9067","title":{"rendered":"2024-38 Spandau"},"content":{"rendered":"\n<p><strong>Tag 69, Samstag  13.Juli         Charlottenburg, Anleger Schlossbr\u00fccke &#8211; Spandau, Altstadthafen Berlin-Spandau<\/strong><br>13,9 km &#8211; 1 Schleuse &#8211; 2 Std. Fahrzeit<br>Heute morgen will man gar nicht das Bett verlassen, so uselig ist es. Es hat die ganze Nacht geregnet und jetzt ist es auch noch unangenehm k\u00fchl. Wir m\u00fcssen einen kleinen Umweg fahren, da die <strong>Schleuse Charlottenburg<\/strong> bis August nur f\u00fcr gro\u00dfe Schiffe ge\u00f6ffnet wird. An der <strong>Schleuse Pl\u00f6tzensee<\/strong> haben wir Gl\u00fcck, sie geht gerade auf, als wir ankommen. Nach der Schleuse legen wir den Ger\u00e4tetr\u00e4ger, da es bei zwei Br\u00fccken knapp werden k\u00f6nnte. Auf dem <strong>Spandauer See sehen wir 2-3 Liegestelle f\u00fcr 24h<\/strong>. An unserem Hafen&nbsp; m\u00fcssen wir noch 10 min. kreiseln, da die Box noch belegt ist. Der Hafenmeister berechnet 14 m f\u00fcr unser Schiff wegen des Schlauchbootes. Es ist das erstemal, da\u00df dies mit berechnet wird.<\/p>\n\n\n\n<p class=\"has-vivid-red-color has-text-color has-link-color wp-elements-b14b7ed9476bbe0f76a3b490e8e19126\"><strong><em>Hafengeb\u00fchr:  2,35 p.M incl. Strom +  Wasser , 2.- p.P.,  schwaches Wlan, <\/em>Restaurants am Hafen, Lidl  5\u00b4 + Edeka 20&#8242; fu\u00dfl\u00e4ufig         (Bonny wurde auf 14 m berechnet)<\/strong><\/p>\n\n\n\n<figure class=\"wp-block-gallery has-nested-images columns-default is-cropped wp-block-gallery-1 is-layout-flex wp-block-gallery-is-layout-flex\">\n<figure class=\"wp-block-image size-large is-style-default\"><img loading=\"lazy\" decoding=\"async\" width=\"1024\" height=\"576\" data-id=\"9086\" src=\"https:\/\/mybonnechance.de\/wp-content\/uploads\/2024\/07\/20240713_192443-1024x576.jpg\" alt=\"\" class=\"wp-image-9086\" srcset=\"https:\/\/mybonnechance.de\/wp-content\/uploads\/2024\/07\/20240713_192443-1024x576.jpg 1024w, https:\/\/mybonnechance.de\/wp-content\/uploads\/2024\/07\/20240713_192443-300x169.jpg 300w, https:\/\/mybonnechance.de\/wp-content\/uploads\/2024\/07\/20240713_192443-768x432.jpg 768w, https:\/\/mybonnechance.de\/wp-content\/uploads\/2024\/07\/20240713_192443-1536x864.jpg 1536w, https:\/\/mybonnechance.de\/wp-content\/uploads\/2024\/07\/20240713_192443-2048x1152.jpg 2048w\" sizes=\"auto, (max-width: 767px) 89vw, (max-width: 1000px) 54vw, (max-width: 1071px) 543px, 580px\" \/><\/figure>\n<\/figure>\n\n\n\n<p>Haupts\u00e4chlich haben wir den Hafen genommen, weil in der N\u00e4he ein Waschsalon ist. W\u00e4hrend wir also 3 Maschinen laufen lassen, wird das Wetter immer sonniger. Anschlie\u00dfend machen wir uns auf den Weg zur <strong>Zitadelle<\/strong> und kommen dabei auch durch die <strong>Altstadt von Spandau<\/strong>. Die ist allerdings eher modern, aber gro\u00df und ansehnlich. <\/p>\n\n\n\n<div class=\"wp-block-columns is-layout-flex wp-container-core-columns-is-layout-9d6595d7 wp-block-columns-is-layout-flex\">\n<div class=\"wp-block-column is-layout-flow wp-block-column-is-layout-flow\" style=\"flex-basis:66.66%\">\n<figure class=\"wp-block-gallery has-nested-images columns-default is-cropped wp-block-gallery-2 is-layout-flex wp-block-gallery-is-layout-flex\">\n<figure class=\"wp-block-image size-large is-style-default\"><img loading=\"lazy\" decoding=\"async\" width=\"1024\" height=\"576\" data-id=\"9078\" src=\"https:\/\/mybonnechance.de\/wp-content\/uploads\/2024\/07\/20240713_161302-1024x576.jpg\" alt=\"\" class=\"wp-image-9078\" srcset=\"https:\/\/mybonnechance.de\/wp-content\/uploads\/2024\/07\/20240713_161302-1024x576.jpg 1024w, https:\/\/mybonnechance.de\/wp-content\/uploads\/2024\/07\/20240713_161302-300x169.jpg 300w, https:\/\/mybonnechance.de\/wp-content\/uploads\/2024\/07\/20240713_161302-768x432.jpg 768w, https:\/\/mybonnechance.de\/wp-content\/uploads\/2024\/07\/20240713_161302-1536x864.jpg 1536w, https:\/\/mybonnechance.de\/wp-content\/uploads\/2024\/07\/20240713_161302-2048x1152.jpg 2048w\" sizes=\"auto, (max-width: 767px) 89vw, (max-width: 1000px) 54vw, (max-width: 1071px) 543px, 580px\" \/><\/figure>\n<\/figure>\n<\/div>\n\n\n\n<div class=\"wp-block-column is-layout-flow wp-block-column-is-layout-flow\" style=\"flex-basis:33.33%\">\n<figure class=\"wp-block-gallery has-nested-images columns-default is-cropped wp-block-gallery-3 is-layout-flex wp-block-gallery-is-layout-flex\">\n<figure class=\"wp-block-image size-large is-style-default\"><img loading=\"lazy\" decoding=\"async\" width=\"576\" height=\"1024\" data-id=\"9079\" src=\"https:\/\/mybonnechance.de\/wp-content\/uploads\/2024\/07\/20240713_161636-576x1024.jpg\" alt=\"\" class=\"wp-image-9079\" srcset=\"https:\/\/mybonnechance.de\/wp-content\/uploads\/2024\/07\/20240713_161636-576x1024.jpg 576w, https:\/\/mybonnechance.de\/wp-content\/uploads\/2024\/07\/20240713_161636-169x300.jpg 169w, https:\/\/mybonnechance.de\/wp-content\/uploads\/2024\/07\/20240713_161636-768x1365.jpg 768w, https:\/\/mybonnechance.de\/wp-content\/uploads\/2024\/07\/20240713_161636-864x1536.jpg 864w, https:\/\/mybonnechance.de\/wp-content\/uploads\/2024\/07\/20240713_161636-1152x2048.jpg 1152w, https:\/\/mybonnechance.de\/wp-content\/uploads\/2024\/07\/20240713_161636-scaled.jpg 1440w\" sizes=\"auto, (max-width: 576px) 100vw, 576px\" \/><\/figure>\n<\/figure>\n<\/div>\n<\/div>\n\n\n\n<p>F\u00fcr eine Besichtigung der Zitadelle sind wir leider zu sp\u00e4t \u2013 die Kasse schlie\u00dft am WE um 16 Uhr. Schade, wir mogeln uns aber noch ganz schnell in das separat liegende kleine <strong>Heimatmuseum<\/strong>, welches etwas \u00fcber die Spandauer Stadtgeschichte erz\u00e4hlt. In der Zitadelle wurden viele Filme produziert und diente auch h\u00e4ufig als Gef\u00e4ngnis. In dem gro\u00dfen Innenhof finden immer wieder Konzert, Veranstaltungen, Musikfestivals und der historische Weihnachtsmarkt statt.<\/p>\n\n\n\n<figure class=\"wp-block-gallery has-nested-images columns-default is-cropped wp-block-gallery-4 is-layout-flex wp-block-gallery-is-layout-flex\">\n<figure class=\"wp-block-image size-large is-style-default\"><img loading=\"lazy\" decoding=\"async\" width=\"1024\" height=\"576\" data-id=\"9080\" src=\"https:\/\/mybonnechance.de\/wp-content\/uploads\/2024\/07\/20240713_163213-1024x576.jpg\" alt=\"\" class=\"wp-image-9080\" srcset=\"https:\/\/mybonnechance.de\/wp-content\/uploads\/2024\/07\/20240713_163213-1024x576.jpg 1024w, https:\/\/mybonnechance.de\/wp-content\/uploads\/2024\/07\/20240713_163213-300x169.jpg 300w, https:\/\/mybonnechance.de\/wp-content\/uploads\/2024\/07\/20240713_163213-768x432.jpg 768w, https:\/\/mybonnechance.de\/wp-content\/uploads\/2024\/07\/20240713_163213-1536x864.jpg 1536w, https:\/\/mybonnechance.de\/wp-content\/uploads\/2024\/07\/20240713_163213-2048x1152.jpg 2048w\" sizes=\"auto, (max-width: 767px) 89vw, (max-width: 1000px) 54vw, (max-width: 1071px) 543px, 580px\" \/><\/figure>\n\n\n\n<figure class=\"wp-block-image size-large is-style-default\"><img loading=\"lazy\" decoding=\"async\" width=\"1024\" height=\"576\" data-id=\"9081\" src=\"https:\/\/mybonnechance.de\/wp-content\/uploads\/2024\/07\/20240713_163646-1024x576.jpg\" alt=\"\" class=\"wp-image-9081\" srcset=\"https:\/\/mybonnechance.de\/wp-content\/uploads\/2024\/07\/20240713_163646-1024x576.jpg 1024w, https:\/\/mybonnechance.de\/wp-content\/uploads\/2024\/07\/20240713_163646-300x169.jpg 300w, https:\/\/mybonnechance.de\/wp-content\/uploads\/2024\/07\/20240713_163646-768x432.jpg 768w, https:\/\/mybonnechance.de\/wp-content\/uploads\/2024\/07\/20240713_163646-1536x864.jpg 1536w, https:\/\/mybonnechance.de\/wp-content\/uploads\/2024\/07\/20240713_163646-2048x1152.jpg 2048w\" sizes=\"auto, (max-width: 767px) 89vw, (max-width: 1000px) 54vw, (max-width: 1071px) 543px, 580px\" \/><\/figure>\n<\/figure>\n\n\n\n<figure class=\"wp-block-gallery has-nested-images columns-default is-cropped wp-block-gallery-5 is-layout-flex wp-block-gallery-is-layout-flex\">\n<figure class=\"wp-block-image size-large is-style-default\"><img loading=\"lazy\" decoding=\"async\" width=\"576\" height=\"1024\" data-id=\"9082\" src=\"https:\/\/mybonnechance.de\/wp-content\/uploads\/2024\/07\/20240713_164343-576x1024.jpg\" alt=\"\" class=\"wp-image-9082\" srcset=\"https:\/\/mybonnechance.de\/wp-content\/uploads\/2024\/07\/20240713_164343-576x1024.jpg 576w, https:\/\/mybonnechance.de\/wp-content\/uploads\/2024\/07\/20240713_164343-169x300.jpg 169w, https:\/\/mybonnechance.de\/wp-content\/uploads\/2024\/07\/20240713_164343-768x1365.jpg 768w, https:\/\/mybonnechance.de\/wp-content\/uploads\/2024\/07\/20240713_164343-864x1536.jpg 864w, https:\/\/mybonnechance.de\/wp-content\/uploads\/2024\/07\/20240713_164343-1152x2048.jpg 1152w, https:\/\/mybonnechance.de\/wp-content\/uploads\/2024\/07\/20240713_164343-scaled.jpg 1440w\" sizes=\"auto, (max-width: 576px) 100vw, 576px\" \/><figcaption class=\"wp-element-caption\"><strong>Die gute Stube<\/strong><\/figcaption><\/figure>\n\n\n\n<figure class=\"wp-block-image size-large is-style-default\"><img loading=\"lazy\" decoding=\"async\" width=\"576\" height=\"1024\" data-id=\"9085\" src=\"https:\/\/mybonnechance.de\/wp-content\/uploads\/2024\/07\/20240713_164430-576x1024.jpg\" alt=\"\" class=\"wp-image-9085\" srcset=\"https:\/\/mybonnechance.de\/wp-content\/uploads\/2024\/07\/20240713_164430-576x1024.jpg 576w, https:\/\/mybonnechance.de\/wp-content\/uploads\/2024\/07\/20240713_164430-169x300.jpg 169w, https:\/\/mybonnechance.de\/wp-content\/uploads\/2024\/07\/20240713_164430-768x1365.jpg 768w, https:\/\/mybonnechance.de\/wp-content\/uploads\/2024\/07\/20240713_164430-864x1536.jpg 864w, https:\/\/mybonnechance.de\/wp-content\/uploads\/2024\/07\/20240713_164430-1152x2048.jpg 1152w, https:\/\/mybonnechance.de\/wp-content\/uploads\/2024\/07\/20240713_164430-scaled.jpg 1440w\" sizes=\"auto, (max-width: 576px) 100vw, 576px\" \/><\/figure>\n<\/figure>\n\n\n\n<p><br>Es ist so ein herrliches Wetter, dass wir zum 2ten Mal beschlie\u00dfen unsere Bordk\u00fcche gegen ein Essen am Hafen einzutauschen, diesmal mexikanisch.<\/p>\n\n\n","protected":false},"excerpt":{"rendered":"<p>Tag 69, Samstag 13.Juli Charlottenburg, Anleger Schlossbr\u00fccke &#8211; Spandau, Altstadthafen Berlin-Spandau13,9 km &#8211; 1 Schleuse &#8211; 2 Std. FahrzeitHeute morgen will man gar nicht das Bett verlassen, so uselig ist es. Es hat die ganze Nacht geregnet und jetzt ist es auch noch unangenehm k\u00fchl. Wir m\u00fcssen einen kleinen Umweg fahren, da die Schleuse Charlottenburg &hellip; <\/p>\n<p class=\"link-more\"><a href=\"https:\/\/mybonnechance.de\/?page_id=9067\" class=\"more-link\"><span class=\"screen-reader-text\">\u201e2024-38 Spandau\u201c<\/span> weiterlesen<\/a><\/p>\n","protected":false},"author":2,"featured_media":0,"parent":0,"menu_order":0,"comment_status":"closed","ping_status":"closed","template":"","meta":{"ngg_post_thumbnail":0,"footnotes":""},"class_list":["post-9067","page","type-page","status-publish","hentry"],"_links":{"self":[{"href":"https:\/\/mybonnechance.de\/index.php?rest_route=\/wp\/v2\/pages\/9067","targetHints":{"allow":["GET"]}}],"collection":[{"href":"https:\/\/mybonnechance.de\/index.php?rest_route=\/wp\/v2\/pages"}],"about":[{"href":"https:\/\/mybonnechance.de\/index.php?rest_route=\/wp\/v2\/types\/page"}],"author":[{"embeddable":true,"href":"https:\/\/mybonnechance.de\/index.php?rest_route=\/wp\/v2\/users\/2"}],"replies":[{"embeddable":true,"href":"https:\/\/mybonnechance.de\/index.php?rest_route=%2Fwp%2Fv2%2Fcomments&post=9067"}],"version-history":[{"count":5,"href":"https:\/\/mybonnechance.de\/index.php?rest_route=\/wp\/v2\/pages\/9067\/revisions"}],"predecessor-version":[{"id":9487,"href":"https:\/\/mybonnechance.de\/index.php?rest_route=\/wp\/v2\/pages\/9067\/revisions\/9487"}],"wp:attachment":[{"href":"https:\/\/mybonnechance.de\/index.php?rest_route=%2Fwp%2Fv2%2Fmedia&parent=9067"}],"curies":[{"name":"wp","href":"https:\/\/api.w.org\/{rel}","templated":true}]}}