{"id":9069,"date":"2024-07-14T20:11:00","date_gmt":"2024-07-14T20:11:00","guid":{"rendered":"https:\/\/mybonnechance.de\/?page_id=9069"},"modified":"2024-08-18T14:47:43","modified_gmt":"2024-08-18T14:47:43","slug":"2024-39-tegeler-see","status":"publish","type":"page","link":"https:\/\/mybonnechance.de\/?page_id=9069","title":{"rendered":"2024-39 Tegeler See &#8211; Tegel"},"content":{"rendered":"\n<h1 class=\"wp-block-heading\"><\/h1>\n\n\n\n<p id=\"block-b7324e3a-bdb0-43a8-a635-97510ee467c2\"><strong>Tag 70, Sonntag 14.Juli  Spandau, Altstadthafen Berlin-Spandau<\/strong> <strong>&#8211; Tegeler See, Ankern<\/strong><br>6 km &#8211; 0,8 Std. Fahrzeit<br>Wir fahren weiter zum <strong>Tegeler See<\/strong>. Das Wetter soll heute und morgen so gut werden, dass wir ankern k\u00f6nnen. <\/p>\n\n\n\n<div class=\"wp-block-columns is-layout-flex wp-container-core-columns-is-layout-9d6595d7 wp-block-columns-is-layout-flex\">\n<div class=\"wp-block-column is-layout-flow wp-block-column-is-layout-flow\" style=\"flex-basis:33.33%\">\n<figure class=\"wp-block-gallery has-nested-images columns-default is-cropped wp-block-gallery-1 is-layout-flex wp-block-gallery-is-layout-flex\">\n<figure class=\"wp-block-image size-large is-style-default\"><img loading=\"lazy\" decoding=\"async\" width=\"576\" height=\"1024\" data-id=\"9089\" src=\"https:\/\/mybonnechance.de\/wp-content\/uploads\/2024\/07\/20240714_111803-576x1024.jpg\" alt=\"\" class=\"wp-image-9089\" srcset=\"https:\/\/mybonnechance.de\/wp-content\/uploads\/2024\/07\/20240714_111803-576x1024.jpg 576w, https:\/\/mybonnechance.de\/wp-content\/uploads\/2024\/07\/20240714_111803-169x300.jpg 169w, https:\/\/mybonnechance.de\/wp-content\/uploads\/2024\/07\/20240714_111803-768x1365.jpg 768w, https:\/\/mybonnechance.de\/wp-content\/uploads\/2024\/07\/20240714_111803-864x1536.jpg 864w, https:\/\/mybonnechance.de\/wp-content\/uploads\/2024\/07\/20240714_111803-1152x2048.jpg 1152w, https:\/\/mybonnechance.de\/wp-content\/uploads\/2024\/07\/20240714_111803-scaled.jpg 1440w\" sizes=\"auto, (max-width: 576px) 100vw, 576px\" \/><\/figure>\n<\/figure>\n<\/div>\n\n\n\n<div class=\"wp-block-column is-layout-flow wp-block-column-is-layout-flow\" style=\"flex-basis:66.66%\">\n<figure class=\"wp-block-gallery has-nested-images columns-default is-cropped wp-block-gallery-2 is-layout-flex wp-block-gallery-is-layout-flex\">\n<figure class=\"wp-block-image size-large is-style-default\"><img loading=\"lazy\" decoding=\"async\" width=\"1024\" height=\"576\" data-id=\"9090\" src=\"https:\/\/mybonnechance.de\/wp-content\/uploads\/2024\/07\/20240714_190113-1024x576.jpg\" alt=\"\" class=\"wp-image-9090\" srcset=\"https:\/\/mybonnechance.de\/wp-content\/uploads\/2024\/07\/20240714_190113-1024x576.jpg 1024w, https:\/\/mybonnechance.de\/wp-content\/uploads\/2024\/07\/20240714_190113-300x169.jpg 300w, https:\/\/mybonnechance.de\/wp-content\/uploads\/2024\/07\/20240714_190113-768x432.jpg 768w, https:\/\/mybonnechance.de\/wp-content\/uploads\/2024\/07\/20240714_190113-1536x864.jpg 1536w, https:\/\/mybonnechance.de\/wp-content\/uploads\/2024\/07\/20240714_190113-2048x1152.jpg 2048w\" sizes=\"auto, (max-width: 767px) 89vw, (max-width: 1000px) 54vw, (max-width: 1071px) 543px, 580px\" \/><\/figure>\n<\/figure>\n\n\n\n<p>Leider wird die Wasserqualit\u00e4t schlechter, zumindest hier. Der See ist klar, deshalb kann man die Wasserpflanzen gut sehen. <\/p>\n<\/div>\n<\/div>\n\n\n\n<p id=\"block-b7324e3a-bdb0-43a8-a635-97510ee467c2\">Keine Ahnung, ob es am See liegt oder an den Temperaturen. &nbsp;Die Wasserpflanzen sieht man inzwischen bis an die Oberfl\u00e4che und es machen sich bereits gr\u00fcne Schlieren bemerkbar. Das Wetter ist echt witzig: entweder hei\u00df oder es regnet und ist windig. So geht das den ganzen Tag, auch wenn es sich dabei immer nur um 5-10 min. leichte Regen handelt. Daf\u00fcr erscheint der sch\u00f6nste Regenbogen, den ich je gesehen habe.<\/p>\n\n\n\n<div class=\"wp-block-columns is-layout-flex wp-container-core-columns-is-layout-9d6595d7 wp-block-columns-is-layout-flex\">\n<div class=\"wp-block-column is-layout-flow wp-block-column-is-layout-flow\" style=\"flex-basis:66.66%\">\n<figure class=\"wp-block-gallery has-nested-images columns-default is-cropped wp-block-gallery-3 is-layout-flex wp-block-gallery-is-layout-flex\">\n<figure class=\"wp-block-image size-large is-style-default\"><img loading=\"lazy\" decoding=\"async\" width=\"1024\" height=\"576\" data-id=\"9094\" src=\"https:\/\/mybonnechance.de\/wp-content\/uploads\/2024\/07\/20240714_183035-1-1024x576.jpg\" alt=\"\" class=\"wp-image-9094\" srcset=\"https:\/\/mybonnechance.de\/wp-content\/uploads\/2024\/07\/20240714_183035-1-1024x576.jpg 1024w, https:\/\/mybonnechance.de\/wp-content\/uploads\/2024\/07\/20240714_183035-1-300x169.jpg 300w, https:\/\/mybonnechance.de\/wp-content\/uploads\/2024\/07\/20240714_183035-1-768x432.jpg 768w, https:\/\/mybonnechance.de\/wp-content\/uploads\/2024\/07\/20240714_183035-1-1536x864.jpg 1536w, https:\/\/mybonnechance.de\/wp-content\/uploads\/2024\/07\/20240714_183035-1-2048x1152.jpg 2048w\" sizes=\"auto, (max-width: 767px) 89vw, (max-width: 1000px) 54vw, (max-width: 1071px) 543px, 580px\" \/><\/figure>\n<\/figure>\n<\/div>\n\n\n\n<div class=\"wp-block-column is-layout-flow wp-block-column-is-layout-flow\" style=\"flex-basis:33.33%\">\n<figure class=\"wp-block-gallery has-nested-images columns-default is-cropped wp-block-gallery-4 is-layout-flex wp-block-gallery-is-layout-flex\">\n<figure class=\"wp-block-image size-large is-style-default\"><img loading=\"lazy\" decoding=\"async\" width=\"576\" height=\"1024\" data-id=\"9095\" src=\"https:\/\/mybonnechance.de\/wp-content\/uploads\/2024\/07\/IMG-20240714-WA0008-1-576x1024.jpg\" alt=\"\" class=\"wp-image-9095\" srcset=\"https:\/\/mybonnechance.de\/wp-content\/uploads\/2024\/07\/IMG-20240714-WA0008-1-576x1024.jpg 576w, https:\/\/mybonnechance.de\/wp-content\/uploads\/2024\/07\/IMG-20240714-WA0008-1-169x300.jpg 169w, https:\/\/mybonnechance.de\/wp-content\/uploads\/2024\/07\/IMG-20240714-WA0008-1-768x1365.jpg 768w, https:\/\/mybonnechance.de\/wp-content\/uploads\/2024\/07\/IMG-20240714-WA0008-1-864x1536.jpg 864w, https:\/\/mybonnechance.de\/wp-content\/uploads\/2024\/07\/IMG-20240714-WA0008-1.jpg 900w\" sizes=\"auto, (max-width: 576px) 100vw, 576px\" \/><\/figure>\n<\/figure>\n<\/div>\n<\/div>\n\n\n\n<p><strong>Tag 70 &#8211; Tag 73 , Montag 15.Juli  &#8211; Mittwoch 17. Juli<\/strong><br>Am Montag sieht mein Tagesablauf wie folgt aus: Schwimmen-Sonnenbaden-Schwimmen etc. Dienstag ist es zuerst bew\u00f6lkt, das nutzen wir f\u00fcr eine Grundreinigung am Boot bis sich dann wieder die Sonne blicken l\u00e4\u00dft und Programm Montag in Kraft gesetzt wird  ;-). <\/p>\n\n\n\n<figure class=\"wp-block-gallery has-nested-images columns-default is-cropped wp-block-gallery-5 is-layout-flex wp-block-gallery-is-layout-flex\">\n<figure class=\"wp-block-image size-large is-style-default\"><img loading=\"lazy\" decoding=\"async\" width=\"576\" height=\"1024\" data-id=\"9135\" src=\"https:\/\/mybonnechance.de\/wp-content\/uploads\/2024\/07\/20240716_110918-576x1024.jpg\" alt=\"\" class=\"wp-image-9135\" srcset=\"https:\/\/mybonnechance.de\/wp-content\/uploads\/2024\/07\/20240716_110918-576x1024.jpg 576w, https:\/\/mybonnechance.de\/wp-content\/uploads\/2024\/07\/20240716_110918-169x300.jpg 169w, https:\/\/mybonnechance.de\/wp-content\/uploads\/2024\/07\/20240716_110918-768x1365.jpg 768w, https:\/\/mybonnechance.de\/wp-content\/uploads\/2024\/07\/20240716_110918-864x1536.jpg 864w, https:\/\/mybonnechance.de\/wp-content\/uploads\/2024\/07\/20240716_110918-1152x2048.jpg 1152w, https:\/\/mybonnechance.de\/wp-content\/uploads\/2024\/07\/20240716_110918-scaled.jpg 1440w\" sizes=\"auto, (max-width: 576px) 100vw, 576px\" \/><\/figure>\n\n\n\n<figure class=\"wp-block-image size-large is-style-default\"><img loading=\"lazy\" decoding=\"async\" width=\"576\" height=\"1024\" data-id=\"9134\" src=\"https:\/\/mybonnechance.de\/wp-content\/uploads\/2024\/07\/20240716_111131-576x1024.jpg\" alt=\"\" class=\"wp-image-9134\" srcset=\"https:\/\/mybonnechance.de\/wp-content\/uploads\/2024\/07\/20240716_111131-576x1024.jpg 576w, https:\/\/mybonnechance.de\/wp-content\/uploads\/2024\/07\/20240716_111131-169x300.jpg 169w, https:\/\/mybonnechance.de\/wp-content\/uploads\/2024\/07\/20240716_111131-768x1365.jpg 768w, https:\/\/mybonnechance.de\/wp-content\/uploads\/2024\/07\/20240716_111131-864x1536.jpg 864w, https:\/\/mybonnechance.de\/wp-content\/uploads\/2024\/07\/20240716_111131-1152x2048.jpg 1152w, https:\/\/mybonnechance.de\/wp-content\/uploads\/2024\/07\/20240716_111131-scaled.jpg 1440w\" sizes=\"auto, (max-width: 576px) 100vw, 576px\" \/><\/figure>\n\n\n\n<figure class=\"wp-block-image size-large is-style-default\"><img loading=\"lazy\" decoding=\"async\" width=\"576\" height=\"1024\" data-id=\"9133\" src=\"https:\/\/mybonnechance.de\/wp-content\/uploads\/2024\/07\/IMG-20240715-WA0000-576x1024.jpg\" alt=\"\" class=\"wp-image-9133\" srcset=\"https:\/\/mybonnechance.de\/wp-content\/uploads\/2024\/07\/IMG-20240715-WA0000-576x1024.jpg 576w, https:\/\/mybonnechance.de\/wp-content\/uploads\/2024\/07\/IMG-20240715-WA0000-169x300.jpg 169w, https:\/\/mybonnechance.de\/wp-content\/uploads\/2024\/07\/IMG-20240715-WA0000-768x1365.jpg 768w, https:\/\/mybonnechance.de\/wp-content\/uploads\/2024\/07\/IMG-20240715-WA0000-864x1536.jpg 864w, https:\/\/mybonnechance.de\/wp-content\/uploads\/2024\/07\/IMG-20240715-WA0000.jpg 900w\" sizes=\"auto, (max-width: 576px) 100vw, 576px\" \/><\/figure>\n<\/figure>\n\n\n\n<p>Gemeinerweise f\u00e4ngt es am Abend prompt an zu regnen. Mittwoch l\u00e4\u00dft uns die Sonne im Stich und es ist ziemlich windig. Hier fahren sch\u00f6ne Ausflugsschiffe herum.<\/p>\n\n\n\n<figure class=\"wp-block-gallery has-nested-images columns-default is-cropped wp-block-gallery-6 is-layout-flex wp-block-gallery-is-layout-flex\">\n<figure class=\"wp-block-image size-large is-style-default\"><img loading=\"lazy\" decoding=\"async\" width=\"1024\" height=\"576\" data-id=\"9137\" src=\"https:\/\/mybonnechance.de\/wp-content\/uploads\/2024\/07\/20240714_181729-1024x576.jpg\" alt=\"\" class=\"wp-image-9137\" srcset=\"https:\/\/mybonnechance.de\/wp-content\/uploads\/2024\/07\/20240714_181729-1024x576.jpg 1024w, https:\/\/mybonnechance.de\/wp-content\/uploads\/2024\/07\/20240714_181729-300x169.jpg 300w, https:\/\/mybonnechance.de\/wp-content\/uploads\/2024\/07\/20240714_181729-768x432.jpg 768w, https:\/\/mybonnechance.de\/wp-content\/uploads\/2024\/07\/20240714_181729-1536x864.jpg 1536w, https:\/\/mybonnechance.de\/wp-content\/uploads\/2024\/07\/20240714_181729-2048x1152.jpg 2048w\" sizes=\"auto, (max-width: 767px) 89vw, (max-width: 1000px) 54vw, (max-width: 1071px) 543px, 580px\" \/><\/figure>\n\n\n\n<figure class=\"wp-block-image size-large is-style-default\"><img loading=\"lazy\" decoding=\"async\" width=\"1024\" height=\"576\" data-id=\"9136\" src=\"https:\/\/mybonnechance.de\/wp-content\/uploads\/2024\/07\/20240716_104022-1024x576.jpg\" alt=\"\" class=\"wp-image-9136\" srcset=\"https:\/\/mybonnechance.de\/wp-content\/uploads\/2024\/07\/20240716_104022-1024x576.jpg 1024w, https:\/\/mybonnechance.de\/wp-content\/uploads\/2024\/07\/20240716_104022-300x169.jpg 300w, https:\/\/mybonnechance.de\/wp-content\/uploads\/2024\/07\/20240716_104022-768x432.jpg 768w, https:\/\/mybonnechance.de\/wp-content\/uploads\/2024\/07\/20240716_104022-1536x864.jpg 1536w, https:\/\/mybonnechance.de\/wp-content\/uploads\/2024\/07\/20240716_104022-2048x1152.jpg 2048w\" sizes=\"auto, (max-width: 767px) 89vw, (max-width: 1000px) 54vw, (max-width: 1071px) 543px, 580px\" \/><\/figure>\n<\/figure>\n\n\n\n<p><\/p>\n\n\n\n<p><strong>Tag 74, Donnerstag 18.Juli  Tegeler See, Ankern<\/strong> <strong>&#8211; Tegel, MYC Tegel<\/strong><br>1,7 km &#8211; 0,5 Std. Fahrzeit<br>Eigentlich w\u00e4ren wir schon weiter gefahren, aber am WE ist das <strong>Tegeler Hafenfest<\/strong> und das m\u00f6chten wir uns nicht entgehen lassen. Der <strong>Hafen<\/strong> ist klein und idyllisch. Bei den \u00e4u\u00dferen Pl\u00e4tzen k\u00f6nnte man sogar schwimmen (bei sauberem Wasser). <\/p>\n\n\n\n<p class=\"has-vivid-red-color has-text-color has-link-color wp-elements-c4a1f3c52a005e046b30f4807a9a4870\"><strong><em>Hafengeb\u00fchr:  2.- p.M.  incl. Wasser,  2.-Strom , kein Wlan, EZ Borsigturm (ca. 1,5 km), Tegeler Quartier<\/em><\/strong> <strong><em>( ca. 1 km)<\/em><\/strong><\/p>\n\n\n\n<p>Au\u00dfer dem Borsigturm gibt es in der City gibt es eine gro\u00dfe Einkaufsstra\u00dfe = Verl\u00e4ngerung von der Stra\u00dfe Alt Tegel. Nennt sich <strong>Tegeler Quartier<\/strong>.<\/p>\n\n\n\n<div class=\"wp-block-columns is-layout-flex wp-container-core-columns-is-layout-9d6595d7 wp-block-columns-is-layout-flex\">\n<div class=\"wp-block-column is-layout-flow wp-block-column-is-layout-flow\" style=\"flex-basis:66.66%\">\n<figure class=\"wp-block-gallery has-nested-images columns-default is-cropped wp-block-gallery-7 is-layout-flex wp-block-gallery-is-layout-flex\">\n<figure class=\"wp-block-image size-large is-style-default\"><img loading=\"lazy\" decoding=\"async\" width=\"1024\" height=\"576\" data-id=\"9138\" src=\"https:\/\/mybonnechance.de\/wp-content\/uploads\/2024\/07\/20240718_171200-1024x576.jpg\" alt=\"\" class=\"wp-image-9138\" srcset=\"https:\/\/mybonnechance.de\/wp-content\/uploads\/2024\/07\/20240718_171200-1024x576.jpg 1024w, https:\/\/mybonnechance.de\/wp-content\/uploads\/2024\/07\/20240718_171200-300x169.jpg 300w, https:\/\/mybonnechance.de\/wp-content\/uploads\/2024\/07\/20240718_171200-768x432.jpg 768w, https:\/\/mybonnechance.de\/wp-content\/uploads\/2024\/07\/20240718_171200-1536x864.jpg 1536w, https:\/\/mybonnechance.de\/wp-content\/uploads\/2024\/07\/20240718_171200-2048x1152.jpg 2048w\" sizes=\"auto, (max-width: 767px) 89vw, (max-width: 1000px) 54vw, (max-width: 1071px) 543px, 580px\" \/><\/figure>\n<\/figure>\n\n\n\n<p><strong>Strasse Alt Tegel<\/strong>.<strong> Jede Menge Restaurants und Gesch\u00e4fte<\/strong><\/p>\n\n\n\n<figure class=\"wp-block-gallery has-nested-images columns-default is-cropped wp-block-gallery-8 is-layout-flex wp-block-gallery-is-layout-flex\">\n<figure class=\"wp-block-image size-large is-style-default\"><img loading=\"lazy\" decoding=\"async\" width=\"1024\" height=\"576\" data-id=\"9140\" src=\"https:\/\/mybonnechance.de\/wp-content\/uploads\/2024\/07\/20240719_125247-1024x576.jpg\" alt=\"\" class=\"wp-image-9140\" srcset=\"https:\/\/mybonnechance.de\/wp-content\/uploads\/2024\/07\/20240719_125247-1024x576.jpg 1024w, https:\/\/mybonnechance.de\/wp-content\/uploads\/2024\/07\/20240719_125247-300x169.jpg 300w, https:\/\/mybonnechance.de\/wp-content\/uploads\/2024\/07\/20240719_125247-768x432.jpg 768w, https:\/\/mybonnechance.de\/wp-content\/uploads\/2024\/07\/20240719_125247-1536x864.jpg 1536w, https:\/\/mybonnechance.de\/wp-content\/uploads\/2024\/07\/20240719_125247-2048x1152.jpg 2048w\" sizes=\"auto, (max-width: 767px) 89vw, (max-width: 1000px) 54vw, (max-width: 1071px) 543px, 580px\" \/><\/figure>\n<\/figure>\n<\/div>\n\n\n\n<div class=\"wp-block-column is-layout-flow wp-block-column-is-layout-flow\" style=\"flex-basis:33.33%\">\n<figure class=\"wp-block-gallery has-nested-images columns-default is-cropped wp-block-gallery-9 is-layout-flex wp-block-gallery-is-layout-flex\">\n<figure class=\"wp-block-image size-large is-style-default\"><img loading=\"lazy\" decoding=\"async\" width=\"576\" height=\"1024\" data-id=\"9139\" src=\"https:\/\/mybonnechance.de\/wp-content\/uploads\/2024\/07\/20240718_172022-576x1024.jpg\" alt=\"\" class=\"wp-image-9139\" srcset=\"https:\/\/mybonnechance.de\/wp-content\/uploads\/2024\/07\/20240718_172022-576x1024.jpg 576w, https:\/\/mybonnechance.de\/wp-content\/uploads\/2024\/07\/20240718_172022-169x300.jpg 169w, https:\/\/mybonnechance.de\/wp-content\/uploads\/2024\/07\/20240718_172022-768x1365.jpg 768w, https:\/\/mybonnechance.de\/wp-content\/uploads\/2024\/07\/20240718_172022-864x1536.jpg 864w, https:\/\/mybonnechance.de\/wp-content\/uploads\/2024\/07\/20240718_172022-1152x2048.jpg 1152w, https:\/\/mybonnechance.de\/wp-content\/uploads\/2024\/07\/20240718_172022-scaled.jpg 1440w\" sizes=\"auto, (max-width: 576px) 100vw, 576px\" \/><\/figure>\n<\/figure>\n\n\n\n<p><strong>Rechts die Einkaufstrasse = Verl\u00e4ngerung von der Strasse Alt Tegel<\/strong><\/p>\n<\/div>\n<\/div>\n\n\n\n<p>Nachmittags sind wir schon bei guter Musik aufs Hafenfest gegangen und haben Abends bei lecker Essen und Bierchen gesessen.<\/p>\n\n\n\n<figure class=\"wp-block-gallery has-nested-images columns-default is-cropped wp-block-gallery-10 is-layout-flex wp-block-gallery-is-layout-flex\">\n<figure class=\"wp-block-image size-large is-style-default\"><img loading=\"lazy\" decoding=\"async\" width=\"1024\" height=\"576\" data-id=\"9145\" src=\"https:\/\/mybonnechance.de\/wp-content\/uploads\/2024\/07\/20240718_173340-1024x576.jpg\" alt=\"\" class=\"wp-image-9145\" srcset=\"https:\/\/mybonnechance.de\/wp-content\/uploads\/2024\/07\/20240718_173340-1024x576.jpg 1024w, https:\/\/mybonnechance.de\/wp-content\/uploads\/2024\/07\/20240718_173340-300x169.jpg 300w, https:\/\/mybonnechance.de\/wp-content\/uploads\/2024\/07\/20240718_173340-768x432.jpg 768w, https:\/\/mybonnechance.de\/wp-content\/uploads\/2024\/07\/20240718_173340-1536x864.jpg 1536w, https:\/\/mybonnechance.de\/wp-content\/uploads\/2024\/07\/20240718_173340-2048x1152.jpg 2048w\" sizes=\"auto, (max-width: 767px) 89vw, (max-width: 1000px) 54vw, (max-width: 1071px) 543px, 580px\" \/><\/figure>\n<\/figure>\n\n\n\n<p><strong>Tag 75, Freitag 19.Juli<\/strong><br>Seit gestern ist es eigentlich f\u00fcr den Hafen viel zu hei\u00df \u2013 der See w\u00e4re bedeutend angenehmer. Aber ich kann mich ja schnell zwishendurch im Hafenbecken abk\u00fchlen. Bei den \u00e4u\u00dferen Boxen ist das gut m\u00f6glich. Dann machen wir nochmal einen kleinen Stadtbummel und suchen schattige Pl\u00e4tze im Einkaufszentrum.<br>Am Abend gehen wir erst sp\u00e4ter los, wir m\u00fcssen ja bis halb elf zum Feuerwerk durchhalten. Kurz entschlossen buchen wir dann einen Platz auf der Havel Queen um das Feuerwerk vom Wasser aus zu sehen. Bei dem Gedr\u00e4nge und der Hitze stundenlang vorher anzustehen habe ich keine Lust.<\/p>\n\n\n\n<figure class=\"wp-block-gallery has-nested-images columns-default is-cropped wp-block-gallery-11 is-layout-flex wp-block-gallery-is-layout-flex\">\n<figure class=\"wp-block-image size-large is-style-default\"><img loading=\"lazy\" decoding=\"async\" width=\"1024\" height=\"576\" data-id=\"9147\" src=\"https:\/\/mybonnechance.de\/wp-content\/uploads\/2024\/07\/20240719_213712-1-1024x576.jpg\" alt=\"\" class=\"wp-image-9147\" srcset=\"https:\/\/mybonnechance.de\/wp-content\/uploads\/2024\/07\/20240719_213712-1-1024x576.jpg 1024w, https:\/\/mybonnechance.de\/wp-content\/uploads\/2024\/07\/20240719_213712-1-300x169.jpg 300w, https:\/\/mybonnechance.de\/wp-content\/uploads\/2024\/07\/20240719_213712-1-768x432.jpg 768w, https:\/\/mybonnechance.de\/wp-content\/uploads\/2024\/07\/20240719_213712-1-1536x864.jpg 1536w, https:\/\/mybonnechance.de\/wp-content\/uploads\/2024\/07\/20240719_213712-1-2048x1152.jpg 2048w\" sizes=\"auto, (max-width: 767px) 89vw, (max-width: 1000px) 54vw, (max-width: 1071px) 543px, 580px\" \/><\/figure>\n<\/figure>\n\n\n\n<figure class=\"wp-block-gallery has-nested-images columns-default is-cropped wp-block-gallery-12 is-layout-flex wp-block-gallery-is-layout-flex\">\n<figure class=\"wp-block-image size-large is-style-default\"><img loading=\"lazy\" decoding=\"async\" width=\"576\" height=\"1024\" data-id=\"9150\" src=\"https:\/\/mybonnechance.de\/wp-content\/uploads\/2024\/07\/20240719_225946-576x1024.jpg\" alt=\"\" class=\"wp-image-9150\" srcset=\"https:\/\/mybonnechance.de\/wp-content\/uploads\/2024\/07\/20240719_225946-576x1024.jpg 576w, https:\/\/mybonnechance.de\/wp-content\/uploads\/2024\/07\/20240719_225946-169x300.jpg 169w, https:\/\/mybonnechance.de\/wp-content\/uploads\/2024\/07\/20240719_225946-768x1365.jpg 768w, https:\/\/mybonnechance.de\/wp-content\/uploads\/2024\/07\/20240719_225946-864x1536.jpg 864w, https:\/\/mybonnechance.de\/wp-content\/uploads\/2024\/07\/20240719_225946-1152x2048.jpg 1152w, https:\/\/mybonnechance.de\/wp-content\/uploads\/2024\/07\/20240719_225946-scaled.jpg 1440w\" sizes=\"auto, (max-width: 576px) 100vw, 576px\" \/><\/figure>\n\n\n\n<figure class=\"wp-block-image size-large is-style-default\"><img loading=\"lazy\" decoding=\"async\" width=\"576\" height=\"1024\" data-id=\"9148\" src=\"https:\/\/mybonnechance.de\/wp-content\/uploads\/2024\/07\/20240719_225958-576x1024.jpg\" alt=\"\" class=\"wp-image-9148\" srcset=\"https:\/\/mybonnechance.de\/wp-content\/uploads\/2024\/07\/20240719_225958-576x1024.jpg 576w, https:\/\/mybonnechance.de\/wp-content\/uploads\/2024\/07\/20240719_225958-169x300.jpg 169w, https:\/\/mybonnechance.de\/wp-content\/uploads\/2024\/07\/20240719_225958-768x1365.jpg 768w, https:\/\/mybonnechance.de\/wp-content\/uploads\/2024\/07\/20240719_225958-864x1536.jpg 864w, https:\/\/mybonnechance.de\/wp-content\/uploads\/2024\/07\/20240719_225958-1152x2048.jpg 1152w, https:\/\/mybonnechance.de\/wp-content\/uploads\/2024\/07\/20240719_225958-scaled.jpg 1440w\" sizes=\"auto, (max-width: 576px) 100vw, 576px\" \/><\/figure>\n\n\n\n<figure class=\"wp-block-image size-large is-style-default\"><img loading=\"lazy\" decoding=\"async\" width=\"576\" height=\"1024\" data-id=\"9149\" src=\"https:\/\/mybonnechance.de\/wp-content\/uploads\/2024\/07\/20240719_225959-576x1024.jpg\" alt=\"\" class=\"wp-image-9149\" srcset=\"https:\/\/mybonnechance.de\/wp-content\/uploads\/2024\/07\/20240719_225959-576x1024.jpg 576w, https:\/\/mybonnechance.de\/wp-content\/uploads\/2024\/07\/20240719_225959-169x300.jpg 169w, https:\/\/mybonnechance.de\/wp-content\/uploads\/2024\/07\/20240719_225959-768x1365.jpg 768w, https:\/\/mybonnechance.de\/wp-content\/uploads\/2024\/07\/20240719_225959-864x1536.jpg 864w, https:\/\/mybonnechance.de\/wp-content\/uploads\/2024\/07\/20240719_225959-1152x2048.jpg 1152w, https:\/\/mybonnechance.de\/wp-content\/uploads\/2024\/07\/20240719_225959-scaled.jpg 1440w\" sizes=\"auto, (max-width: 576px) 100vw, 576px\" \/><\/figure>\n<\/figure>\n","protected":false},"excerpt":{"rendered":"<p>Tag 70, Sonntag 14.Juli Spandau, Altstadthafen Berlin-Spandau &#8211; Tegeler See, Ankern6 km &#8211; 0,8 Std. FahrzeitWir fahren weiter zum Tegeler See. Das Wetter soll heute und morgen so gut werden, dass wir ankern k\u00f6nnen. Leider wird die Wasserqualit\u00e4t schlechter, zumindest hier. Der See ist klar, deshalb kann man die Wasserpflanzen gut sehen. Keine Ahnung, ob &hellip; <\/p>\n<p class=\"link-more\"><a href=\"https:\/\/mybonnechance.de\/?page_id=9069\" class=\"more-link\"><span class=\"screen-reader-text\">\u201e2024-39 Tegeler See &#8211; Tegel\u201c<\/span> weiterlesen<\/a><\/p>\n","protected":false},"author":2,"featured_media":0,"parent":0,"menu_order":0,"comment_status":"closed","ping_status":"closed","template":"","meta":{"ngg_post_thumbnail":0,"footnotes":""},"class_list":["post-9069","page","type-page","status-publish","hentry"],"_links":{"self":[{"href":"https:\/\/mybonnechance.de\/index.php?rest_route=\/wp\/v2\/pages\/9069","targetHints":{"allow":["GET"]}}],"collection":[{"href":"https:\/\/mybonnechance.de\/index.php?rest_route=\/wp\/v2\/pages"}],"about":[{"href":"https:\/\/mybonnechance.de\/index.php?rest_route=\/wp\/v2\/types\/page"}],"author":[{"embeddable":true,"href":"https:\/\/mybonnechance.de\/index.php?rest_route=\/wp\/v2\/users\/2"}],"replies":[{"embeddable":true,"href":"https:\/\/mybonnechance.de\/index.php?rest_route=%2Fwp%2Fv2%2Fcomments&post=9069"}],"version-history":[{"count":8,"href":"https:\/\/mybonnechance.de\/index.php?rest_route=\/wp\/v2\/pages\/9069\/revisions"}],"predecessor-version":[{"id":9485,"href":"https:\/\/mybonnechance.de\/index.php?rest_route=\/wp\/v2\/pages\/9069\/revisions\/9485"}],"wp:attachment":[{"href":"https:\/\/mybonnechance.de\/index.php?rest_route=%2Fwp%2Fv2%2Fmedia&parent=9069"}],"curies":[{"name":"wp","href":"https:\/\/api.w.org\/{rel}","templated":true}]}}