{"id":9108,"date":"2024-07-26T13:41:37","date_gmt":"2024-07-26T13:41:37","guid":{"rendered":"https:\/\/mybonnechance.de\/?page_id=9108"},"modified":"2024-08-18T14:41:04","modified_gmt":"2024-08-18T14:41:04","slug":"2024-41-oranienburg","status":"publish","type":"page","link":"https:\/\/mybonnechance.de\/?page_id=9108","title":{"rendered":"2024-40 Oranienburg"},"content":{"rendered":"\n<p><strong>Tag 76, Samstag 21.Juli  Tegel, MYC Tegel &#8211; Oranienburg, Schlosshafen<\/strong><br>28,8 km &#8211; 3,4 Std. Fahrzeit<br>Wir lassen uns Zeit bis zur Abfahrt, da es nur knapp 3h bis Oranienburg sind. Die Fahrt auf der Havel-Oder Wasserstra\u00dfe ist \u00e4hnlich wie in allen Kan\u00e4le. Viel gr\u00fcn auf beiden Seiten allerdings ist die Wasserstrasse nicht ganz so gerade. Bei Henningsdorf kommen uns doch mal mehrere Containerschiffe entgegen, da dort auch etwas Industrie angesiedelt ist. Ansonsten ist es sehr beschaulich. Da WE ist, sind allerdings jede Menge kleinerer Schiffe unterwegs. Es gibt zumindest mehr zusehen als sonst in den Kan\u00e4len.<br>Der <strong>Schlosshafen Oranienburg<\/strong> ist entt\u00e4uschend. Bietet nichts und ist teuer.<\/p>\n\n\n\n<figure class=\"wp-block-gallery has-nested-images columns-default is-cropped wp-block-gallery-1 is-layout-flex wp-block-gallery-is-layout-flex\">\n<figure class=\"wp-block-image size-large\"><img loading=\"lazy\" decoding=\"async\" width=\"576\" height=\"1024\" data-id=\"9478\" src=\"https:\/\/mybonnechance.de\/wp-content\/uploads\/2024\/08\/20240721_083917-576x1024.jpg\" alt=\"\" class=\"wp-image-9478\" srcset=\"https:\/\/mybonnechance.de\/wp-content\/uploads\/2024\/08\/20240721_083917-576x1024.jpg 576w, https:\/\/mybonnechance.de\/wp-content\/uploads\/2024\/08\/20240721_083917-169x300.jpg 169w, https:\/\/mybonnechance.de\/wp-content\/uploads\/2024\/08\/20240721_083917-768x1365.jpg 768w, https:\/\/mybonnechance.de\/wp-content\/uploads\/2024\/08\/20240721_083917-864x1536.jpg 864w, https:\/\/mybonnechance.de\/wp-content\/uploads\/2024\/08\/20240721_083917-1152x2048.jpg 1152w, https:\/\/mybonnechance.de\/wp-content\/uploads\/2024\/08\/20240721_083917-scaled.jpg 1440w\" sizes=\"auto, (max-width: 576px) 100vw, 576px\" \/><\/figure>\n<\/figure>\n\n\n\n<p class=\"has-vivid-red-color has-text-color has-link-color wp-elements-035901bf30b81b6d64be06591ef1fdf3\"><strong><em>Hafengeb\u00fchr:  30.- ohne Strom +  Wasser , kein Wlan, Kaufland Supermarkt ca. 2 km entfernt<\/em><\/strong><\/p>\n\n\n\n<p><strong>Oranienburg<\/strong> ist ebenfalls entt\u00e4uschend. Entweder haben die tats\u00e4chlich keine Stadt, oder wir haben sie mal wieder nicht gefunden. Das Schlo\u00df mit dem dahinterliegenden Park ist sch\u00f6n, aber bei 32\u00b0 haben wir uns einen Spaziergang durch den Park geschenkt.<\/p>\n\n\n\n<figure class=\"wp-block-gallery has-nested-images columns-default is-cropped wp-block-gallery-2 is-layout-flex wp-block-gallery-is-layout-flex\">\n<figure class=\"wp-block-image size-large is-style-default\"><img loading=\"lazy\" decoding=\"async\" width=\"1024\" height=\"576\" data-id=\"9153\" src=\"https:\/\/mybonnechance.de\/wp-content\/uploads\/2024\/07\/20240720_161348-1024x576.jpg\" alt=\"\" class=\"wp-image-9153\" srcset=\"https:\/\/mybonnechance.de\/wp-content\/uploads\/2024\/07\/20240720_161348-1024x576.jpg 1024w, https:\/\/mybonnechance.de\/wp-content\/uploads\/2024\/07\/20240720_161348-300x169.jpg 300w, https:\/\/mybonnechance.de\/wp-content\/uploads\/2024\/07\/20240720_161348-768x432.jpg 768w, https:\/\/mybonnechance.de\/wp-content\/uploads\/2024\/07\/20240720_161348-1536x864.jpg 1536w, https:\/\/mybonnechance.de\/wp-content\/uploads\/2024\/07\/20240720_161348-2048x1152.jpg 2048w\" sizes=\"auto, (max-width: 767px) 89vw, (max-width: 1000px) 54vw, (max-width: 1071px) 543px, 580px\" \/><\/figure>\n<\/figure>\n\n\n\n<p>Nat\u00fcrlich wollte ich mir auch <strong>Sachsenhausen<\/strong> anschauen, wenn wir schon mal in der Stadt sind. Aber um gro\u00df rumzuschauen war es nat\u00fcrlich auch hier viel zu hei\u00df. Es ist ein sehr gro\u00dfes Gel\u00e4nde, und wir haben uns nur die Krankenbaracken angesehen. In den R\u00e4umen sind Fotografien und Berichte ausgestellt. Ansonsten sind die Baracken ohne Einrichtungsgegenst\u00e4nde, bis auf die Pathologie. Da stehen noch die Tische, an denen man die  Sektionen der toten H\u00e4ftlinge vorgenommen hat. In den H\u00e4ftlingsbaracken sind wir nicht mehr gewesen, einfach&nbsp; zu hei\u00df.<\/p>\n\n\n\n<figure class=\"wp-block-gallery has-nested-images columns-default is-cropped wp-block-gallery-3 is-layout-flex wp-block-gallery-is-layout-flex\">\n<figure class=\"wp-block-image size-large is-style-default\"><img loading=\"lazy\" decoding=\"async\" width=\"1024\" height=\"576\" data-id=\"9154\" src=\"https:\/\/mybonnechance.de\/wp-content\/uploads\/2024\/07\/20240720_152654-1024x576.jpg\" alt=\"\" class=\"wp-image-9154\" srcset=\"https:\/\/mybonnechance.de\/wp-content\/uploads\/2024\/07\/20240720_152654-1024x576.jpg 1024w, https:\/\/mybonnechance.de\/wp-content\/uploads\/2024\/07\/20240720_152654-300x169.jpg 300w, https:\/\/mybonnechance.de\/wp-content\/uploads\/2024\/07\/20240720_152654-768x432.jpg 768w, https:\/\/mybonnechance.de\/wp-content\/uploads\/2024\/07\/20240720_152654-1536x864.jpg 1536w, https:\/\/mybonnechance.de\/wp-content\/uploads\/2024\/07\/20240720_152654-2048x1152.jpg 2048w\" sizes=\"auto, (max-width: 767px) 89vw, (max-width: 1000px) 54vw, (max-width: 1071px) 543px, 580px\" \/><\/figure>\n\n\n\n<figure class=\"wp-block-image size-large is-style-default\"><img loading=\"lazy\" decoding=\"async\" width=\"1024\" height=\"576\" data-id=\"9155\" src=\"https:\/\/mybonnechance.de\/wp-content\/uploads\/2024\/07\/20240720_151552-1024x576.jpg\" alt=\"\" class=\"wp-image-9155\" srcset=\"https:\/\/mybonnechance.de\/wp-content\/uploads\/2024\/07\/20240720_151552-1024x576.jpg 1024w, https:\/\/mybonnechance.de\/wp-content\/uploads\/2024\/07\/20240720_151552-300x169.jpg 300w, https:\/\/mybonnechance.de\/wp-content\/uploads\/2024\/07\/20240720_151552-768x432.jpg 768w, https:\/\/mybonnechance.de\/wp-content\/uploads\/2024\/07\/20240720_151552-1536x864.jpg 1536w, https:\/\/mybonnechance.de\/wp-content\/uploads\/2024\/07\/20240720_151552-2048x1152.jpg 2048w\" sizes=\"auto, (max-width: 767px) 89vw, (max-width: 1000px) 54vw, (max-width: 1071px) 543px, 580px\" \/><\/figure>\n<\/figure>\n","protected":false},"excerpt":{"rendered":"<p>Tag 76, Samstag 21.Juli Tegel, MYC Tegel &#8211; Oranienburg, Schlosshafen28,8 km &#8211; 3,4 Std. FahrzeitWir lassen uns Zeit bis zur Abfahrt, da es nur knapp 3h bis Oranienburg sind. Die Fahrt auf der Havel-Oder Wasserstra\u00dfe ist \u00e4hnlich wie in allen Kan\u00e4le. Viel gr\u00fcn auf beiden Seiten allerdings ist die Wasserstrasse nicht ganz so gerade. Bei &hellip; <\/p>\n<p class=\"link-more\"><a href=\"https:\/\/mybonnechance.de\/?page_id=9108\" class=\"more-link\"><span class=\"screen-reader-text\">\u201e2024-40 Oranienburg\u201c<\/span> weiterlesen<\/a><\/p>\n","protected":false},"author":2,"featured_media":0,"parent":0,"menu_order":0,"comment_status":"closed","ping_status":"closed","template":"","meta":{"ngg_post_thumbnail":0,"footnotes":""},"class_list":["post-9108","page","type-page","status-publish","hentry"],"_links":{"self":[{"href":"https:\/\/mybonnechance.de\/index.php?rest_route=\/wp\/v2\/pages\/9108","targetHints":{"allow":["GET"]}}],"collection":[{"href":"https:\/\/mybonnechance.de\/index.php?rest_route=\/wp\/v2\/pages"}],"about":[{"href":"https:\/\/mybonnechance.de\/index.php?rest_route=\/wp\/v2\/types\/page"}],"author":[{"embeddable":true,"href":"https:\/\/mybonnechance.de\/index.php?rest_route=\/wp\/v2\/users\/2"}],"replies":[{"embeddable":true,"href":"https:\/\/mybonnechance.de\/index.php?rest_route=%2Fwp%2Fv2%2Fcomments&post=9108"}],"version-history":[{"count":4,"href":"https:\/\/mybonnechance.de\/index.php?rest_route=\/wp\/v2\/pages\/9108\/revisions"}],"predecessor-version":[{"id":9479,"href":"https:\/\/mybonnechance.de\/index.php?rest_route=\/wp\/v2\/pages\/9108\/revisions\/9479"}],"wp:attachment":[{"href":"https:\/\/mybonnechance.de\/index.php?rest_route=%2Fwp%2Fv2%2Fmedia&parent=9108"}],"curies":[{"name":"wp","href":"https:\/\/api.w.org\/{rel}","templated":true}]}}