{"id":9110,"date":"2024-07-26T13:41:56","date_gmt":"2024-07-26T13:41:56","guid":{"rendered":"https:\/\/mybonnechance.de\/?page_id=9110"},"modified":"2024-09-13T07:55:09","modified_gmt":"2024-09-13T07:55:09","slug":"2024-42-marienwerder","status":"publish","type":"page","link":"https:\/\/mybonnechance.de\/?page_id=9110","title":{"rendered":"2024-41 Marienwerder"},"content":{"rendered":"\n<p><strong>Tag 77, Montag 22.Juli  Oranienburg, Schlosshafen<\/strong> <strong>&#8211; Marienwerder, Marina Marienwerder<\/strong><br>32,6 km &#8211; 1 Schleuse &#8211; 4,5 Std. Fahrzeit<br>Heute schon fr\u00fcher los, aber es ist jetzt schon bereits unertr\u00e4glich hei\u00df. F\u00fcr die <strong>Schleuse<\/strong> <strong>Lehnitzt<\/strong> ben\u00f6tigen wir mit Wartezeit insgesamt fast 1 Std. Der Sportanleger ist ein bisschen tricky, man muss dort zwischen Stahltr\u00e4gern durch. Vorsicht, blo\u00df nicht bis vorne durchfahren, es herrscht ein <strong>Strudel<\/strong> wie auf der Nordsee. Zum erstenmal erleben wir eine richtig volle Schleuse. Ob dies an den Ferien liegt, bisher haben wir davon noch nicht viel gemerkt. <\/p>\n\n\n\n<figure class=\"wp-block-gallery has-nested-images columns-default is-cropped wp-block-gallery-1 is-layout-flex wp-block-gallery-is-layout-flex\">\n<figure class=\"wp-block-image size-large is-style-default\"><img loading=\"lazy\" decoding=\"async\" width=\"576\" height=\"1024\" data-id=\"9161\" src=\"https:\/\/mybonnechance.de\/wp-content\/uploads\/2024\/07\/20240721_093432-576x1024.jpg\" alt=\"\" class=\"wp-image-9161\" srcset=\"https:\/\/mybonnechance.de\/wp-content\/uploads\/2024\/07\/20240721_093432-576x1024.jpg 576w, https:\/\/mybonnechance.de\/wp-content\/uploads\/2024\/07\/20240721_093432-169x300.jpg 169w, https:\/\/mybonnechance.de\/wp-content\/uploads\/2024\/07\/20240721_093432-768x1365.jpg 768w, https:\/\/mybonnechance.de\/wp-content\/uploads\/2024\/07\/20240721_093432-864x1536.jpg 864w, https:\/\/mybonnechance.de\/wp-content\/uploads\/2024\/07\/20240721_093432-1152x2048.jpg 1152w, https:\/\/mybonnechance.de\/wp-content\/uploads\/2024\/07\/20240721_093432-scaled.jpg 1440w\" sizes=\"auto, (max-width: 576px) 100vw, 576px\" \/><figcaption class=\"wp-element-caption\"><strong>Wartesteg f\u00fcr die Schleuse Lehnitz<\/strong><\/figcaption><\/figure>\n\n\n\n<figure class=\"wp-block-image size-large is-style-default\"><img loading=\"lazy\" decoding=\"async\" width=\"576\" height=\"1024\" data-id=\"9162\" src=\"https:\/\/mybonnechance.de\/wp-content\/uploads\/2024\/07\/20240721_101156-1-576x1024.jpg\" alt=\"\" class=\"wp-image-9162\" srcset=\"https:\/\/mybonnechance.de\/wp-content\/uploads\/2024\/07\/20240721_101156-1-576x1024.jpg 576w, https:\/\/mybonnechance.de\/wp-content\/uploads\/2024\/07\/20240721_101156-1-169x300.jpg 169w, https:\/\/mybonnechance.de\/wp-content\/uploads\/2024\/07\/20240721_101156-1-768x1365.jpg 768w, https:\/\/mybonnechance.de\/wp-content\/uploads\/2024\/07\/20240721_101156-1-864x1536.jpg 864w, https:\/\/mybonnechance.de\/wp-content\/uploads\/2024\/07\/20240721_101156-1-1152x2048.jpg 1152w, https:\/\/mybonnechance.de\/wp-content\/uploads\/2024\/07\/20240721_101156-1-scaled.jpg 1440w\" sizes=\"auto, (max-width: 576px) 100vw, 576px\" \/><\/figure>\n<\/figure>\n\n\n\n<p>Wir fahren alle h\u00fcbsch im Konvoi, bis zur<strong> Oberen Havel Wasserst<\/strong>. Da biegen die meisten Schiffe ab, wahrscheinlich um \u00fcber <strong>Zehdenick zur M\u00fcritz<\/strong> zu fahren. Der <strong>Oder Havel Kanal <\/strong>ist ab der Schleuse pillegrade und ringsherum ist nur gr\u00fcn. Kein Haus geschweige denn Dorf.<br>Die <strong>Marina Marienwerder<\/strong> ist schnuckelig und hat ein gutes Hafenrestaurant. <\/p>\n\n\n\n<p class=\"has-vivid-red-color has-text-color has-link-color wp-elements-cdbe259672b305540c1854ffbd9d1274\"><strong><em>Hafengeb\u00fchr:  30.- incl. Strom, Wasser, Wlan, Hafenrestaurant, Bibliothek, Waschmaschine 3.- + Trockner 4.-<\/em><\/strong><\/p>\n\n\n\n<p><br>Wir haben uns allerdings bis 19 Uhr mit der Sonne rumgequ\u00e4lt, wie gestern. Kein Wind und die Temperaturen gingn bis 32 Grad hoch. Zum Gl\u00fcck kann man auch hier im Hafenbecken schwimmen. Wir haben im Restaurant leckeren Flammkuchen gegessen. Es empfielt sich am WE zu reservieren. Am Abend erreicht uns dann doch noch ein Sommergewitter.<\/p>\n\n\n\n<p><\/p>\n\n\n\n<figure class=\"wp-block-gallery has-nested-images columns-default is-cropped wp-block-gallery-2 is-layout-flex wp-block-gallery-is-layout-flex\">\n<figure class=\"wp-block-image size-large is-style-default\"><img loading=\"lazy\" decoding=\"async\" width=\"1024\" height=\"576\" data-id=\"9163\" src=\"https:\/\/mybonnechance.de\/wp-content\/uploads\/2024\/07\/20240721_162214-1024x576.jpg\" alt=\"\" class=\"wp-image-9163\" srcset=\"https:\/\/mybonnechance.de\/wp-content\/uploads\/2024\/07\/20240721_162214-1024x576.jpg 1024w, https:\/\/mybonnechance.de\/wp-content\/uploads\/2024\/07\/20240721_162214-300x169.jpg 300w, https:\/\/mybonnechance.de\/wp-content\/uploads\/2024\/07\/20240721_162214-768x432.jpg 768w, https:\/\/mybonnechance.de\/wp-content\/uploads\/2024\/07\/20240721_162214-1536x864.jpg 1536w, https:\/\/mybonnechance.de\/wp-content\/uploads\/2024\/07\/20240721_162214-2048x1152.jpg 2048w\" sizes=\"auto, (max-width: 767px) 89vw, (max-width: 1000px) 54vw, (max-width: 1071px) 543px, 580px\" \/><\/figure>\n\n\n\n<figure class=\"wp-block-image size-large is-style-default\"><img loading=\"lazy\" decoding=\"async\" width=\"1024\" height=\"576\" data-id=\"9164\" src=\"https:\/\/mybonnechance.de\/wp-content\/uploads\/2024\/07\/20240721_162123-1024x576.jpg\" alt=\"\" class=\"wp-image-9164\" srcset=\"https:\/\/mybonnechance.de\/wp-content\/uploads\/2024\/07\/20240721_162123-1024x576.jpg 1024w, https:\/\/mybonnechance.de\/wp-content\/uploads\/2024\/07\/20240721_162123-300x169.jpg 300w, https:\/\/mybonnechance.de\/wp-content\/uploads\/2024\/07\/20240721_162123-768x432.jpg 768w, https:\/\/mybonnechance.de\/wp-content\/uploads\/2024\/07\/20240721_162123-1536x864.jpg 1536w, https:\/\/mybonnechance.de\/wp-content\/uploads\/2024\/07\/20240721_162123-2048x1152.jpg 2048w\" sizes=\"auto, (max-width: 767px) 89vw, (max-width: 1000px) 54vw, (max-width: 1071px) 543px, 580px\" \/><\/figure>\n<\/figure>\n\n\n","protected":false},"excerpt":{"rendered":"<p>Tag 77, Montag 22.Juli Oranienburg, Schlosshafen &#8211; Marienwerder, Marina Marienwerder32,6 km &#8211; 1 Schleuse &#8211; 4,5 Std. FahrzeitHeute schon fr\u00fcher los, aber es ist jetzt schon bereits unertr\u00e4glich hei\u00df. F\u00fcr die Schleuse Lehnitzt ben\u00f6tigen wir mit Wartezeit insgesamt fast 1 Std. Der Sportanleger ist ein bisschen tricky, man muss dort zwischen Stahltr\u00e4gern durch. Vorsicht, blo\u00df &hellip; <\/p>\n<p class=\"link-more\"><a href=\"https:\/\/mybonnechance.de\/?page_id=9110\" class=\"more-link\"><span class=\"screen-reader-text\">\u201e2024-41 Marienwerder\u201c<\/span> weiterlesen<\/a><\/p>\n","protected":false},"author":2,"featured_media":0,"parent":0,"menu_order":0,"comment_status":"closed","ping_status":"closed","template":"","meta":{"ngg_post_thumbnail":0,"footnotes":""},"class_list":["post-9110","page","type-page","status-publish","hentry"],"_links":{"self":[{"href":"https:\/\/mybonnechance.de\/index.php?rest_route=\/wp\/v2\/pages\/9110","targetHints":{"allow":["GET"]}}],"collection":[{"href":"https:\/\/mybonnechance.de\/index.php?rest_route=\/wp\/v2\/pages"}],"about":[{"href":"https:\/\/mybonnechance.de\/index.php?rest_route=\/wp\/v2\/types\/page"}],"author":[{"embeddable":true,"href":"https:\/\/mybonnechance.de\/index.php?rest_route=\/wp\/v2\/users\/2"}],"replies":[{"embeddable":true,"href":"https:\/\/mybonnechance.de\/index.php?rest_route=%2Fwp%2Fv2%2Fcomments&post=9110"}],"version-history":[{"count":8,"href":"https:\/\/mybonnechance.de\/index.php?rest_route=\/wp\/v2\/pages\/9110\/revisions"}],"predecessor-version":[{"id":9713,"href":"https:\/\/mybonnechance.de\/index.php?rest_route=\/wp\/v2\/pages\/9110\/revisions\/9713"}],"wp:attachment":[{"href":"https:\/\/mybonnechance.de\/index.php?rest_route=%2Fwp%2Fv2%2Fmedia&parent=9110"}],"curies":[{"name":"wp","href":"https:\/\/api.w.org\/{rel}","templated":true}]}}