{"id":9115,"date":"2024-07-26T13:42:37","date_gmt":"2024-07-26T13:42:37","guid":{"rendered":"https:\/\/mybonnechance.de\/?page_id=9115"},"modified":"2024-08-18T14:14:52","modified_gmt":"2024-08-18T14:14:52","slug":"2024-44-gratz","status":"publish","type":"page","link":"https:\/\/mybonnechance.de\/?page_id=9115","title":{"rendered":"2024-43 Gartz"},"content":{"rendered":"\n<p><strong>Tag 79, Mittwoch 24.Juli    Oderberg, Marina Oderberg<\/strong> <strong>&#8211; Gartz, Marina Gartz<\/strong><br>53,3 km &#8211; 1 Schleuse &#8211; 5,7 Std. Fahrzeit<br>Das Wetter ist wieder viel freundlicher geworden.  Die<strong> Schleuse Hohensaate<\/strong> ist unspektakul\u00e4r und dann sind wir auch schon auf der<strong> Hohensaate Friedrichsthaler Wasserstra\u00dfe,<\/strong> die dann irgendwann zur <strong>Westoder<\/strong> wird. Diese ist schon abwechslungsreicher als die Oder Havel Wasserstra\u00dfe.<\/p>\n\n\n\n<figure class=\"wp-block-gallery has-nested-images columns-default is-cropped wp-block-gallery-1 is-layout-flex wp-block-gallery-is-layout-flex\">\n<figure class=\"wp-block-image size-large\"><img loading=\"lazy\" decoding=\"async\" width=\"1024\" height=\"576\" data-id=\"9216\" src=\"https:\/\/mybonnechance.de\/wp-content\/uploads\/2024\/08\/20240723_102030-1024x576.jpg\" alt=\"\" class=\"wp-image-9216\" srcset=\"https:\/\/mybonnechance.de\/wp-content\/uploads\/2024\/08\/20240723_102030-1024x576.jpg 1024w, https:\/\/mybonnechance.de\/wp-content\/uploads\/2024\/08\/20240723_102030-300x169.jpg 300w, https:\/\/mybonnechance.de\/wp-content\/uploads\/2024\/08\/20240723_102030-768x432.jpg 768w, https:\/\/mybonnechance.de\/wp-content\/uploads\/2024\/08\/20240723_102030-1536x864.jpg 1536w, https:\/\/mybonnechance.de\/wp-content\/uploads\/2024\/08\/20240723_102030-2048x1152.jpg 2048w\" sizes=\"auto, (max-width: 767px) 89vw, (max-width: 1000px) 54vw, (max-width: 1071px) 543px, 580px\" \/><\/figure>\n\n\n\n<figure class=\"wp-block-image size-large\"><img loading=\"lazy\" decoding=\"async\" width=\"1024\" height=\"576\" data-id=\"9214\" src=\"https:\/\/mybonnechance.de\/wp-content\/uploads\/2024\/08\/20240723_110750-1024x576.jpg\" alt=\"\" class=\"wp-image-9214\" srcset=\"https:\/\/mybonnechance.de\/wp-content\/uploads\/2024\/08\/20240723_110750-1024x576.jpg 1024w, https:\/\/mybonnechance.de\/wp-content\/uploads\/2024\/08\/20240723_110750-300x169.jpg 300w, https:\/\/mybonnechance.de\/wp-content\/uploads\/2024\/08\/20240723_110750-768x432.jpg 768w, https:\/\/mybonnechance.de\/wp-content\/uploads\/2024\/08\/20240723_110750-1536x864.jpg 1536w, https:\/\/mybonnechance.de\/wp-content\/uploads\/2024\/08\/20240723_110750-2048x1152.jpg 2048w\" sizes=\"auto, (max-width: 767px) 89vw, (max-width: 1000px) 54vw, (max-width: 1071px) 543px, 580px\" \/><\/figure>\n<\/figure>\n\n\n\n<p>Nach etwas \u00fcber 4 Std. erreichen wir die ersten <strong>Grenzposten Deutschland-Polen<\/strong>, die jeweils an beiden Uferb\u00f6schungen stehen. H\u00e4tten wir uns sicher bei Reisebeginn auch nicht tr\u00e4umen lassen, dass es uns bis nach Polen verschlagen w\u00fcrde. <\/p>\n\n\n\n<figure class=\"wp-block-gallery has-nested-images columns-default is-cropped wp-block-gallery-2 is-layout-flex wp-block-gallery-is-layout-flex\">\n<figure class=\"wp-block-image size-large\"><img loading=\"lazy\" decoding=\"async\" width=\"576\" height=\"1024\" data-id=\"9217\" src=\"https:\/\/mybonnechance.de\/wp-content\/uploads\/2024\/08\/20240723_140714-576x1024.jpg\" alt=\"\" class=\"wp-image-9217\" srcset=\"https:\/\/mybonnechance.de\/wp-content\/uploads\/2024\/08\/20240723_140714-576x1024.jpg 576w, https:\/\/mybonnechance.de\/wp-content\/uploads\/2024\/08\/20240723_140714-169x300.jpg 169w, https:\/\/mybonnechance.de\/wp-content\/uploads\/2024\/08\/20240723_140714-768x1365.jpg 768w, https:\/\/mybonnechance.de\/wp-content\/uploads\/2024\/08\/20240723_140714-864x1536.jpg 864w, https:\/\/mybonnechance.de\/wp-content\/uploads\/2024\/08\/20240723_140714-1152x2048.jpg 1152w, https:\/\/mybonnechance.de\/wp-content\/uploads\/2024\/08\/20240723_140714-scaled.jpg 1440w\" sizes=\"auto, (max-width: 576px) 100vw, 576px\" \/><\/figure>\n\n\n\n<figure class=\"wp-block-image size-large\"><img loading=\"lazy\" decoding=\"async\" width=\"576\" height=\"1024\" data-id=\"9218\" src=\"https:\/\/mybonnechance.de\/wp-content\/uploads\/2024\/08\/20240723_140812-576x1024.jpg\" alt=\"\" class=\"wp-image-9218\" srcset=\"https:\/\/mybonnechance.de\/wp-content\/uploads\/2024\/08\/20240723_140812-576x1024.jpg 576w, https:\/\/mybonnechance.de\/wp-content\/uploads\/2024\/08\/20240723_140812-169x300.jpg 169w, https:\/\/mybonnechance.de\/wp-content\/uploads\/2024\/08\/20240723_140812-768x1365.jpg 768w, https:\/\/mybonnechance.de\/wp-content\/uploads\/2024\/08\/20240723_140812-864x1536.jpg 864w, https:\/\/mybonnechance.de\/wp-content\/uploads\/2024\/08\/20240723_140812-1152x2048.jpg 1152w, https:\/\/mybonnechance.de\/wp-content\/uploads\/2024\/08\/20240723_140812-scaled.jpg 1440w\" sizes=\"auto, (max-width: 576px) 100vw, 576px\" \/><\/figure>\n<\/figure>\n\n\n\n<p>In <strong>Schwedt<\/strong> gibt es zwei H\u00e4fen, die f\u00fcr uns in Frage kommen. Allrdings sind in beiden H\u00e4fen nicht viel Platz an dem einzigen Seitensteg. Das B\u00fcro erreicht man auch nur nachmittags. Also wenn &#8211; rechtzeitig anrufen. In <strong>Gartz <\/strong>ist genug Platz an der Mauer, der dazugeh\u00f6rige Hafen hat viel zu kleine Seitenstege um da vern\u00fcnftig festzumachen. Allerdings ist dort die einzige M\u00f6glichkeit f\u00fcr Wasser und Strom vorhanden. Wlan gibt es nicht. Wenn die Wasserqualit\u00e4t es zu l\u00e4\u00dft kann man dort aber auch ins Wasser gehen. Empfehlenswert ist vor Allem die<strong> Eisdiele am Hafen<\/strong>. Tum einkaufen gibt es einen sehr gut sortierten <strong>Netto<\/strong>. Eine wirkliche Stadt gibt e allerdings nicht.<\/p>\n\n\n\n<p class=\"has-vivid-red-color has-text-color has-link-color wp-elements-41ecd5a35e8f1d3ee0db86b93ed19044\"><strong><em>Hafengeb\u00fchr:  12.- incl. Skipper + 1.- p.P. ,  incl. Strom, Wasser , kein Wlan, gut sortierter Netto ca. 1,5 km<\/em><\/strong><\/p>\n\n\n\n<figure class=\"wp-block-gallery has-nested-images columns-default is-cropped wp-block-gallery-3 is-layout-flex wp-block-gallery-is-layout-flex\">\n<figure class=\"wp-block-image size-large\"><img loading=\"lazy\" decoding=\"async\" width=\"576\" height=\"1024\" data-id=\"9219\" src=\"https:\/\/mybonnechance.de\/wp-content\/uploads\/2024\/08\/20240723_192759-576x1024.jpg\" alt=\"\" class=\"wp-image-9219\" srcset=\"https:\/\/mybonnechance.de\/wp-content\/uploads\/2024\/08\/20240723_192759-576x1024.jpg 576w, https:\/\/mybonnechance.de\/wp-content\/uploads\/2024\/08\/20240723_192759-169x300.jpg 169w, https:\/\/mybonnechance.de\/wp-content\/uploads\/2024\/08\/20240723_192759-768x1365.jpg 768w, https:\/\/mybonnechance.de\/wp-content\/uploads\/2024\/08\/20240723_192759-864x1536.jpg 864w, https:\/\/mybonnechance.de\/wp-content\/uploads\/2024\/08\/20240723_192759-1152x2048.jpg 1152w, https:\/\/mybonnechance.de\/wp-content\/uploads\/2024\/08\/20240723_192759-scaled.jpg 1440w\" sizes=\"auto, (max-width: 576px) 100vw, 576px\" \/><figcaption class=\"wp-element-caption\"><strong>Blick von Achtern<\/strong><\/figcaption><\/figure>\n\n\n\n<figure class=\"wp-block-image size-large\"><img loading=\"lazy\" decoding=\"async\" width=\"576\" height=\"1024\" data-id=\"9220\" src=\"https:\/\/mybonnechance.de\/wp-content\/uploads\/2024\/08\/20240723_175806-576x1024.jpg\" alt=\"\" class=\"wp-image-9220\" srcset=\"https:\/\/mybonnechance.de\/wp-content\/uploads\/2024\/08\/20240723_175806-576x1024.jpg 576w, https:\/\/mybonnechance.de\/wp-content\/uploads\/2024\/08\/20240723_175806-169x300.jpg 169w, https:\/\/mybonnechance.de\/wp-content\/uploads\/2024\/08\/20240723_175806-768x1365.jpg 768w, https:\/\/mybonnechance.de\/wp-content\/uploads\/2024\/08\/20240723_175806-864x1536.jpg 864w, https:\/\/mybonnechance.de\/wp-content\/uploads\/2024\/08\/20240723_175806-1152x2048.jpg 1152w, https:\/\/mybonnechance.de\/wp-content\/uploads\/2024\/08\/20240723_175806-scaled.jpg 1440w\" sizes=\"auto, (max-width: 576px) 100vw, 576px\" \/><figcaption class=\"wp-element-caption\"><strong>Eisdiele<\/strong><\/figcaption><\/figure>\n<\/figure>\n\n\n","protected":false},"excerpt":{"rendered":"<p>Tag 79, Mittwoch 24.Juli Oderberg, Marina Oderberg &#8211; Gartz, Marina Gartz53,3 km &#8211; 1 Schleuse &#8211; 5,7 Std. FahrzeitDas Wetter ist wieder viel freundlicher geworden. Die Schleuse Hohensaate ist unspektakul\u00e4r und dann sind wir auch schon auf der Hohensaate Friedrichsthaler Wasserstra\u00dfe, die dann irgendwann zur Westoder wird. Diese ist schon abwechslungsreicher als die Oder Havel &hellip; <\/p>\n<p class=\"link-more\"><a href=\"https:\/\/mybonnechance.de\/?page_id=9115\" class=\"more-link\"><span class=\"screen-reader-text\">\u201e2024-43 Gartz\u201c<\/span> weiterlesen<\/a><\/p>\n","protected":false},"author":2,"featured_media":0,"parent":0,"menu_order":0,"comment_status":"closed","ping_status":"closed","template":"","meta":{"ngg_post_thumbnail":0,"footnotes":""},"class_list":["post-9115","page","type-page","status-publish","hentry"],"_links":{"self":[{"href":"https:\/\/mybonnechance.de\/index.php?rest_route=\/wp\/v2\/pages\/9115","targetHints":{"allow":["GET"]}}],"collection":[{"href":"https:\/\/mybonnechance.de\/index.php?rest_route=\/wp\/v2\/pages"}],"about":[{"href":"https:\/\/mybonnechance.de\/index.php?rest_route=\/wp\/v2\/types\/page"}],"author":[{"embeddable":true,"href":"https:\/\/mybonnechance.de\/index.php?rest_route=\/wp\/v2\/users\/2"}],"replies":[{"embeddable":true,"href":"https:\/\/mybonnechance.de\/index.php?rest_route=%2Fwp%2Fv2%2Fcomments&post=9115"}],"version-history":[{"count":7,"href":"https:\/\/mybonnechance.de\/index.php?rest_route=\/wp\/v2\/pages\/9115\/revisions"}],"predecessor-version":[{"id":9464,"href":"https:\/\/mybonnechance.de\/index.php?rest_route=\/wp\/v2\/pages\/9115\/revisions\/9464"}],"wp:attachment":[{"href":"https:\/\/mybonnechance.de\/index.php?rest_route=%2Fwp%2Fv2%2Fmedia&parent=9115"}],"curies":[{"name":"wp","href":"https:\/\/api.w.org\/{rel}","templated":true}]}}