{"id":9186,"date":"2024-08-09T13:01:30","date_gmt":"2024-08-09T13:01:30","guid":{"rendered":"https:\/\/mybonnechance.de\/?page_id=9186"},"modified":"2024-08-18T14:29:19","modified_gmt":"2024-08-18T14:29:19","slug":"2024-45-stepnica","status":"publish","type":"page","link":"https:\/\/mybonnechance.de\/?page_id=9186","title":{"rendered":"2024-45 Stepnica"},"content":{"rendered":"\n<p><strong>Tag 84, Sonntag 28.Juli      Stettin, Stadthafen<\/strong> <strong>&#8211; Stepnica, Cpt. Hilgersdorf<\/strong><br>34,1 km &#8211; 3,5 Std. Fahrzeit<br>Der Regentag hat sich auf heute verschoben. In einer kurzen Pause machen wir los und fahren Richtung Stepnica.<strong> <\/strong>Unterwegs wird es immer windiger, inzwischen sind es 5 BF. Bei dem Gedanken durchs <strong>Stettiner Haff<\/strong> zu fahren ist uns nicht wohl, also biegen wir ab zum <strong>Hafen Olympia Police<\/strong>. Es stellt sich leider heraus, dass das nur ein kleiner Seglerhafen ist \u2013 also wieder raus auf die Westoder und durch bis Stepnica. Es ist dann doch&nbsp; nicht so schlimm wie gedacht. In <strong>Stepnica<\/strong> k\u00f6nnen wir, nach einem gescheiterten Versuch in einer Box, an der Mauer anlegen. Die Boxen haben zu kurze Stege f\u00fcr die Bonny. Der Wind hat inzwischen 5 BF erreicht und wir sind ganz froh hier untergekommen zu sein. Hier ist allerdings nichts los, bis auf ein Restaurant und einen Imbi\u00df.<\/p>\n\n\n\n<p class=\"has-vivid-red-color has-text-color has-link-color wp-elements-2755f9cf307f89506d842f4621796af1\"><strong><em>Hafengeb\u00fchr:  21.- + 3.- f\u00fcr 5 kW Strom, keine Kartenzahlung, kein Wlan, 1 Restaurant<\/em><\/strong>,<strong> 1 Fast Food<\/strong>, <strong><em>gro\u00dfer Supermarkt<\/em><\/strong><\/p>\n\n\n\n<figure class=\"wp-block-image size-large is-resized\"><img loading=\"lazy\" decoding=\"async\" width=\"1024\" height=\"576\" src=\"https:\/\/mybonnechance.de\/wp-content\/uploads\/2024\/08\/20240728_170630-1024x576.jpg\" alt=\"\" class=\"wp-image-9265\" style=\"width:674px;height:auto\" srcset=\"https:\/\/mybonnechance.de\/wp-content\/uploads\/2024\/08\/20240728_170630-1024x576.jpg 1024w, https:\/\/mybonnechance.de\/wp-content\/uploads\/2024\/08\/20240728_170630-300x169.jpg 300w, https:\/\/mybonnechance.de\/wp-content\/uploads\/2024\/08\/20240728_170630-768x432.jpg 768w, https:\/\/mybonnechance.de\/wp-content\/uploads\/2024\/08\/20240728_170630-1536x864.jpg 1536w, https:\/\/mybonnechance.de\/wp-content\/uploads\/2024\/08\/20240728_170630-2048x1152.jpg 2048w\" sizes=\"auto, (max-width: 767px) 89vw, (max-width: 1000px) 54vw, (max-width: 1071px) 543px, 580px\" \/><\/figure>\n\n\n\n<p>Allerdings ist direkt nebenan ein h\u00fcbscher Sandstrand<\/p>\n\n\n\n<figure class=\"wp-block-image size-large\"><img loading=\"lazy\" decoding=\"async\" width=\"1024\" height=\"576\" src=\"https:\/\/mybonnechance.de\/wp-content\/uploads\/2024\/08\/20240729_194014-1024x576.jpg\" alt=\"\" class=\"wp-image-9273\" srcset=\"https:\/\/mybonnechance.de\/wp-content\/uploads\/2024\/08\/20240729_194014-1024x576.jpg 1024w, https:\/\/mybonnechance.de\/wp-content\/uploads\/2024\/08\/20240729_194014-300x169.jpg 300w, https:\/\/mybonnechance.de\/wp-content\/uploads\/2024\/08\/20240729_194014-768x432.jpg 768w, https:\/\/mybonnechance.de\/wp-content\/uploads\/2024\/08\/20240729_194014-1536x864.jpg 1536w, https:\/\/mybonnechance.de\/wp-content\/uploads\/2024\/08\/20240729_194014-2048x1152.jpg 2048w\" sizes=\"auto, (max-width: 767px) 89vw, (max-width: 1000px) 54vw, (max-width: 1071px) 543px, 580px\" \/><\/figure>\n\n\n\n<p><strong>Tag 85, Montag 29.Juli<\/strong><br>Da das Wetter noch immer windig ist beschlie\u00dfen wir noch einen Tag zu verl\u00e4ngern und eine Radtour entlang des Haffs machen. Leider gibt es keine M\u00f6glichkeit am Wasser entlan zu fahren. Es geht \u00fcber Wiesen und W\u00e4lder und als wir das vierte Dorf ( 3 Bauernh\u00f6fe, keine Kirche und keine Snackbar) hinter uns lassen, beschlie\u00dfen wir wieder umzukehren. Der Radweg w\u00fcrde uns zwar sogar bis Swinem\u00fcnde f\u00fchren, aber eine Strecke sind 33 km Zu hei\u00df und zu windig f\u00fcr so eine Tour. Schade, aber Sonnenbaden ist ja auch sch\u00f6n.<\/p>\n\n\n\n\n\n<p><br>&nbsp;<\/p>\n\n\n\n<p><\/p>\n\n\n\n<p><\/p>\n","protected":false},"excerpt":{"rendered":"<p>Tag 84, Sonntag 28.Juli Stettin, Stadthafen &#8211; Stepnica, Cpt. Hilgersdorf34,1 km &#8211; 3,5 Std. FahrzeitDer Regentag hat sich auf heute verschoben. In einer kurzen Pause machen wir los und fahren Richtung Stepnica. Unterwegs wird es immer windiger, inzwischen sind es 5 BF. Bei dem Gedanken durchs Stettiner Haff zu fahren ist uns nicht wohl, also &hellip; <\/p>\n<p class=\"link-more\"><a href=\"https:\/\/mybonnechance.de\/?page_id=9186\" class=\"more-link\"><span class=\"screen-reader-text\">\u201e2024-45 Stepnica\u201c<\/span> weiterlesen<\/a><\/p>\n","protected":false},"author":1,"featured_media":0,"parent":0,"menu_order":0,"comment_status":"closed","ping_status":"closed","template":"","meta":{"ngg_post_thumbnail":0,"footnotes":""},"class_list":["post-9186","page","type-page","status-publish","hentry"],"_links":{"self":[{"href":"https:\/\/mybonnechance.de\/index.php?rest_route=\/wp\/v2\/pages\/9186","targetHints":{"allow":["GET"]}}],"collection":[{"href":"https:\/\/mybonnechance.de\/index.php?rest_route=\/wp\/v2\/pages"}],"about":[{"href":"https:\/\/mybonnechance.de\/index.php?rest_route=\/wp\/v2\/types\/page"}],"author":[{"embeddable":true,"href":"https:\/\/mybonnechance.de\/index.php?rest_route=\/wp\/v2\/users\/1"}],"replies":[{"embeddable":true,"href":"https:\/\/mybonnechance.de\/index.php?rest_route=%2Fwp%2Fv2%2Fcomments&post=9186"}],"version-history":[{"count":5,"href":"https:\/\/mybonnechance.de\/index.php?rest_route=\/wp\/v2\/pages\/9186\/revisions"}],"predecessor-version":[{"id":9474,"href":"https:\/\/mybonnechance.de\/index.php?rest_route=\/wp\/v2\/pages\/9186\/revisions\/9474"}],"wp:attachment":[{"href":"https:\/\/mybonnechance.de\/index.php?rest_route=%2Fwp%2Fv2%2Fmedia&parent=9186"}],"curies":[{"name":"wp","href":"https:\/\/api.w.org\/{rel}","templated":true}]}}