{"id":9188,"date":"2024-08-09T13:01:51","date_gmt":"2024-08-09T13:01:51","guid":{"rendered":"https:\/\/mybonnechance.de\/?page_id=9188"},"modified":"2024-08-18T14:26:37","modified_gmt":"2024-08-18T14:26:37","slug":"2024-46-wolin","status":"publish","type":"page","link":"https:\/\/mybonnechance.de\/?page_id=9188","title":{"rendered":"2024-46 Wolin"},"content":{"rendered":"\n<p><strong>Tag 86, Dienstag 30.Juli      Stepnica, Cpt. Hilgersdorf<\/strong> <strong>&#8211; Wolin, Stadthafen<\/strong><br>31,5 km &#8211; 3,3 Std. Fahrzeit<br>Heute ist das Wetter super, kaum Wind und keine Wellen. Das <strong>Gro\u00dfe Haff<\/strong> liegt vor uns wie das Tote Meer. Uns kann es nur Recht sein. Hier f\u00e4hrt man vorwigend nach Tonnenstrich. Es geht nach <strong>Wolin<\/strong>, wovon ich mr allerdings etwas mehr versprochen h\u00e4tte. Die Stadt ist zwar ein wenig gr\u00f6\u00dfer als Stepnica, aber auch nicht wirklich lohnenswert. Wir liegen erstmal alleine an der Steinmauer, am Abend ist diese voll belegt. <\/p>\n\n\n\n<p class=\"has-vivid-red-color has-text-color has-link-color wp-elements-4d7e4d538c24ea5a2c825a5de338d8a6\"><strong><em>Hafengeb\u00fchr:  70 Zloty,  10 Zloty Strom ( ca. 21.-) , Wasser (nur im Clubhafen)  , kein Wlan, Restaurants i.d. N\u00e4he, mittelgro\u00dfer Supermarkt &#8222;Dino&#8220;<\/em><\/strong><\/p>\n\n\n\n<figure class=\"wp-block-image size-large\"><img loading=\"lazy\" decoding=\"async\" width=\"1024\" height=\"576\" src=\"https:\/\/mybonnechance.de\/wp-content\/uploads\/2024\/08\/20240730_160644-1024x576.jpg\" alt=\"\" class=\"wp-image-9280\" srcset=\"https:\/\/mybonnechance.de\/wp-content\/uploads\/2024\/08\/20240730_160644-1024x576.jpg 1024w, https:\/\/mybonnechance.de\/wp-content\/uploads\/2024\/08\/20240730_160644-300x169.jpg 300w, https:\/\/mybonnechance.de\/wp-content\/uploads\/2024\/08\/20240730_160644-768x432.jpg 768w, https:\/\/mybonnechance.de\/wp-content\/uploads\/2024\/08\/20240730_160644-1536x864.jpg 1536w, https:\/\/mybonnechance.de\/wp-content\/uploads\/2024\/08\/20240730_160644-2048x1152.jpg 2048w\" sizes=\"auto, (max-width: 767px) 89vw, (max-width: 1000px) 54vw, (max-width: 1071px) 543px, 580px\" \/><\/figure>\n\n\n\n<p>Sogar Flussschiffer legen dort an. Wir sehen das Flusskreuzfahrtschiff Frederic Chopin aus Tegel wieder.<\/p>\n\n\n\n<figure class=\"wp-block-image size-large\"><img loading=\"lazy\" decoding=\"async\" width=\"1024\" height=\"576\" src=\"https:\/\/mybonnechance.de\/wp-content\/uploads\/2024\/08\/20240731_131144-1024x576.jpg\" alt=\"\" class=\"wp-image-9284\" srcset=\"https:\/\/mybonnechance.de\/wp-content\/uploads\/2024\/08\/20240731_131144-1024x576.jpg 1024w, https:\/\/mybonnechance.de\/wp-content\/uploads\/2024\/08\/20240731_131144-300x169.jpg 300w, https:\/\/mybonnechance.de\/wp-content\/uploads\/2024\/08\/20240731_131144-768x432.jpg 768w, https:\/\/mybonnechance.de\/wp-content\/uploads\/2024\/08\/20240731_131144-1536x864.jpg 1536w, https:\/\/mybonnechance.de\/wp-content\/uploads\/2024\/08\/20240731_131144-2048x1152.jpg 2048w\" sizes=\"auto, (max-width: 767px) 89vw, (max-width: 1000px) 54vw, (max-width: 1071px) 543px, 580px\" \/><\/figure>\n\n\n\n<figure class=\"wp-block-gallery has-nested-images columns-default is-cropped wp-block-gallery-1 is-layout-flex wp-block-gallery-is-layout-flex\">\n<figure class=\"wp-block-image size-large\"><img loading=\"lazy\" decoding=\"async\" width=\"576\" height=\"1024\" data-id=\"9290\" src=\"https:\/\/mybonnechance.de\/wp-content\/uploads\/2024\/08\/20240731_130721-576x1024.jpg\" alt=\"\" class=\"wp-image-9290\" srcset=\"https:\/\/mybonnechance.de\/wp-content\/uploads\/2024\/08\/20240731_130721-576x1024.jpg 576w, https:\/\/mybonnechance.de\/wp-content\/uploads\/2024\/08\/20240731_130721-169x300.jpg 169w, https:\/\/mybonnechance.de\/wp-content\/uploads\/2024\/08\/20240731_130721-768x1365.jpg 768w, https:\/\/mybonnechance.de\/wp-content\/uploads\/2024\/08\/20240731_130721-864x1536.jpg 864w, https:\/\/mybonnechance.de\/wp-content\/uploads\/2024\/08\/20240731_130721-1152x2048.jpg 1152w, https:\/\/mybonnechance.de\/wp-content\/uploads\/2024\/08\/20240731_130721-scaled.jpg 1440w\" sizes=\"auto, (max-width: 576px) 100vw, 576px\" \/><figcaption class=\"wp-element-caption\"><strong>Stadtplan Stepnica aus Mosaik<\/strong><\/figcaption><\/figure>\n\n\n\n<figure class=\"wp-block-image size-large\"><img loading=\"lazy\" decoding=\"async\" width=\"576\" height=\"1024\" data-id=\"9288\" src=\"https:\/\/mybonnechance.de\/wp-content\/uploads\/2024\/08\/20240731_130558-576x1024.jpg\" alt=\"\" class=\"wp-image-9288\" srcset=\"https:\/\/mybonnechance.de\/wp-content\/uploads\/2024\/08\/20240731_130558-576x1024.jpg 576w, https:\/\/mybonnechance.de\/wp-content\/uploads\/2024\/08\/20240731_130558-169x300.jpg 169w, https:\/\/mybonnechance.de\/wp-content\/uploads\/2024\/08\/20240731_130558-768x1365.jpg 768w, https:\/\/mybonnechance.de\/wp-content\/uploads\/2024\/08\/20240731_130558-864x1536.jpg 864w, https:\/\/mybonnechance.de\/wp-content\/uploads\/2024\/08\/20240731_130558-1152x2048.jpg 1152w, https:\/\/mybonnechance.de\/wp-content\/uploads\/2024\/08\/20240731_130558-scaled.jpg 1440w\" sizes=\"auto, (max-width: 576px) 100vw, 576px\" \/><figcaption class=\"wp-element-caption\"><strong>Rathaus<\/strong><\/figcaption><\/figure>\n\n\n\n<figure class=\"wp-block-image size-large\"><img loading=\"lazy\" decoding=\"async\" width=\"576\" height=\"1024\" data-id=\"9289\" src=\"https:\/\/mybonnechance.de\/wp-content\/uploads\/2024\/08\/20240731_131216-576x1024.jpg\" alt=\"\" class=\"wp-image-9289\" srcset=\"https:\/\/mybonnechance.de\/wp-content\/uploads\/2024\/08\/20240731_131216-576x1024.jpg 576w, https:\/\/mybonnechance.de\/wp-content\/uploads\/2024\/08\/20240731_131216-169x300.jpg 169w, https:\/\/mybonnechance.de\/wp-content\/uploads\/2024\/08\/20240731_131216-768x1365.jpg 768w, https:\/\/mybonnechance.de\/wp-content\/uploads\/2024\/08\/20240731_131216-864x1536.jpg 864w, https:\/\/mybonnechance.de\/wp-content\/uploads\/2024\/08\/20240731_131216-1152x2048.jpg 1152w, https:\/\/mybonnechance.de\/wp-content\/uploads\/2024\/08\/20240731_131216-scaled.jpg 1440w\" sizes=\"auto, (max-width: 576px) 100vw, 576px\" \/><\/figure>\n<\/figure>\n\n\n\n<p>Gegen\u00fcber ist ein <strong>Slawen- und Wikingerdorf <\/strong>als Heimatmuseum errichtet. Das inspizieren wir dann mal gleich. Sind ja fr\u00fch angekommen. Leider geben sich die \u201eBewohner\u201c nicht sonderlich viel M\u00fche und als Besucher ist man beim Rundgang ziemlich allein gelassen. Niemand, der eine Erkl\u00e4rung zu den vielen handwerklichen St\u00e4nden oder Lebensgewohnheiten abgibt. Immerhin zahlt man Eintritt und da h\u00e4tte ich schon<strong> <\/strong>etwas mehr Infos erwartet.<\/p>\n\n\n\n<figure class=\"wp-block-gallery has-nested-images columns-default is-cropped wp-block-gallery-2 is-layout-flex wp-block-gallery-is-layout-flex\">\n<figure class=\"wp-block-image size-large\"><img loading=\"lazy\" decoding=\"async\" width=\"1024\" height=\"576\" data-id=\"9276\" src=\"https:\/\/mybonnechance.de\/wp-content\/uploads\/2024\/08\/20240730_130109-1024x576.jpg\" alt=\"\" class=\"wp-image-9276\" srcset=\"https:\/\/mybonnechance.de\/wp-content\/uploads\/2024\/08\/20240730_130109-1024x576.jpg 1024w, https:\/\/mybonnechance.de\/wp-content\/uploads\/2024\/08\/20240730_130109-300x169.jpg 300w, https:\/\/mybonnechance.de\/wp-content\/uploads\/2024\/08\/20240730_130109-768x432.jpg 768w, https:\/\/mybonnechance.de\/wp-content\/uploads\/2024\/08\/20240730_130109-1536x864.jpg 1536w, https:\/\/mybonnechance.de\/wp-content\/uploads\/2024\/08\/20240730_130109-2048x1152.jpg 2048w\" sizes=\"auto, (max-width: 767px) 89vw, (max-width: 1000px) 54vw, (max-width: 1071px) 543px, 580px\" \/><\/figure>\n\n\n\n<figure class=\"wp-block-image size-large\"><img loading=\"lazy\" decoding=\"async\" width=\"1024\" height=\"576\" data-id=\"9277\" src=\"https:\/\/mybonnechance.de\/wp-content\/uploads\/2024\/08\/20240730_160234-1024x576.jpg\" alt=\"\" class=\"wp-image-9277\" srcset=\"https:\/\/mybonnechance.de\/wp-content\/uploads\/2024\/08\/20240730_160234-1024x576.jpg 1024w, https:\/\/mybonnechance.de\/wp-content\/uploads\/2024\/08\/20240730_160234-300x169.jpg 300w, https:\/\/mybonnechance.de\/wp-content\/uploads\/2024\/08\/20240730_160234-768x432.jpg 768w, https:\/\/mybonnechance.de\/wp-content\/uploads\/2024\/08\/20240730_160234-1536x864.jpg 1536w, https:\/\/mybonnechance.de\/wp-content\/uploads\/2024\/08\/20240730_160234-2048x1152.jpg 2048w\" sizes=\"auto, (max-width: 767px) 89vw, (max-width: 1000px) 54vw, (max-width: 1071px) 543px, 580px\" \/><\/figure>\n<\/figure>\n\n\n\n<figure class=\"wp-block-gallery has-nested-images columns-default is-cropped wp-block-gallery-3 is-layout-flex wp-block-gallery-is-layout-flex\">\n<figure class=\"wp-block-image size-large\"><img loading=\"lazy\" decoding=\"async\" width=\"576\" height=\"1024\" data-id=\"9282\" src=\"https:\/\/mybonnechance.de\/wp-content\/uploads\/2024\/08\/20240730_155750-576x1024.jpg\" alt=\"\" class=\"wp-image-9282\" srcset=\"https:\/\/mybonnechance.de\/wp-content\/uploads\/2024\/08\/20240730_155750-576x1024.jpg 576w, https:\/\/mybonnechance.de\/wp-content\/uploads\/2024\/08\/20240730_155750-169x300.jpg 169w, https:\/\/mybonnechance.de\/wp-content\/uploads\/2024\/08\/20240730_155750-768x1365.jpg 768w, https:\/\/mybonnechance.de\/wp-content\/uploads\/2024\/08\/20240730_155750-864x1536.jpg 864w, https:\/\/mybonnechance.de\/wp-content\/uploads\/2024\/08\/20240730_155750-1152x2048.jpg 1152w, https:\/\/mybonnechance.de\/wp-content\/uploads\/2024\/08\/20240730_155750-scaled.jpg 1440w\" sizes=\"auto, (max-width: 576px) 100vw, 576px\" \/><\/figure>\n\n\n\n<figure class=\"wp-block-image size-large\"><img loading=\"lazy\" decoding=\"async\" width=\"576\" height=\"1024\" data-id=\"9281\" src=\"https:\/\/mybonnechance.de\/wp-content\/uploads\/2024\/08\/20240730_160129-576x1024.jpg\" alt=\"\" class=\"wp-image-9281\" srcset=\"https:\/\/mybonnechance.de\/wp-content\/uploads\/2024\/08\/20240730_160129-576x1024.jpg 576w, https:\/\/mybonnechance.de\/wp-content\/uploads\/2024\/08\/20240730_160129-169x300.jpg 169w, https:\/\/mybonnechance.de\/wp-content\/uploads\/2024\/08\/20240730_160129-768x1365.jpg 768w, https:\/\/mybonnechance.de\/wp-content\/uploads\/2024\/08\/20240730_160129-864x1536.jpg 864w, https:\/\/mybonnechance.de\/wp-content\/uploads\/2024\/08\/20240730_160129-1152x2048.jpg 1152w, https:\/\/mybonnechance.de\/wp-content\/uploads\/2024\/08\/20240730_160129-scaled.jpg 1440w\" sizes=\"auto, (max-width: 576px) 100vw, 576px\" \/><\/figure>\n\n\n\n<figure class=\"wp-block-image size-large\"><img loading=\"lazy\" decoding=\"async\" width=\"576\" height=\"1024\" data-id=\"9283\" src=\"https:\/\/mybonnechance.de\/wp-content\/uploads\/2024\/08\/20240730_160231-576x1024.jpg\" alt=\"\" class=\"wp-image-9283\" srcset=\"https:\/\/mybonnechance.de\/wp-content\/uploads\/2024\/08\/20240730_160231-576x1024.jpg 576w, https:\/\/mybonnechance.de\/wp-content\/uploads\/2024\/08\/20240730_160231-169x300.jpg 169w, https:\/\/mybonnechance.de\/wp-content\/uploads\/2024\/08\/20240730_160231-768x1365.jpg 768w, https:\/\/mybonnechance.de\/wp-content\/uploads\/2024\/08\/20240730_160231-864x1536.jpg 864w, https:\/\/mybonnechance.de\/wp-content\/uploads\/2024\/08\/20240730_160231-1152x2048.jpg 1152w, https:\/\/mybonnechance.de\/wp-content\/uploads\/2024\/08\/20240730_160231-scaled.jpg 1440w\" sizes=\"auto, (max-width: 576px) 100vw, 576px\" \/><\/figure>\n<\/figure>\n\n\n\n<p><strong>Tag 87, Mittwoch 31.Juli<\/strong><br>Wir machen eine Radtour entlang zum Park, wo es einen Baumwipfelpfad geben soll. Der stellt sich als riesiger Turm da, der sich allerdings weit \u00fcber die Baumwipfel erhebt. Der Turm ist als Rampenaufgang und nur mit minimaler Steigung konzipiert, was ich als sehr angenehm empfinde. Das dauert dann zwar ein wenig, bis man oben ist, aber besser als au\u00dfer Atem durch Treppenstufen. Von oben hat man einen phantastischen Blick auf das Haff und die Stadt. Leider haben wir nicht einen einzigen Vogel ersp\u00e4ht. <\/p>\n\n\n\n<figure class=\"wp-block-gallery has-nested-images columns-default is-cropped wp-block-gallery-4 is-layout-flex wp-block-gallery-is-layout-flex\">\n<figure class=\"wp-block-image size-large\"><img loading=\"lazy\" decoding=\"async\" width=\"576\" height=\"1024\" data-id=\"9286\" src=\"https:\/\/mybonnechance.de\/wp-content\/uploads\/2024\/08\/20240731_115353-576x1024.jpg\" alt=\"\" class=\"wp-image-9286\" srcset=\"https:\/\/mybonnechance.de\/wp-content\/uploads\/2024\/08\/20240731_115353-576x1024.jpg 576w, https:\/\/mybonnechance.de\/wp-content\/uploads\/2024\/08\/20240731_115353-169x300.jpg 169w, https:\/\/mybonnechance.de\/wp-content\/uploads\/2024\/08\/20240731_115353-768x1365.jpg 768w, https:\/\/mybonnechance.de\/wp-content\/uploads\/2024\/08\/20240731_115353-864x1536.jpg 864w, https:\/\/mybonnechance.de\/wp-content\/uploads\/2024\/08\/20240731_115353-1152x2048.jpg 1152w, https:\/\/mybonnechance.de\/wp-content\/uploads\/2024\/08\/20240731_115353-scaled.jpg 1440w\" sizes=\"auto, (max-width: 576px) 100vw, 576px\" \/><\/figure>\n\n\n\n<figure class=\"wp-block-image size-large\"><img loading=\"lazy\" decoding=\"async\" width=\"576\" height=\"1024\" data-id=\"9287\" src=\"https:\/\/mybonnechance.de\/wp-content\/uploads\/2024\/08\/20240731_111754-576x1024.jpg\" alt=\"\" class=\"wp-image-9287\" srcset=\"https:\/\/mybonnechance.de\/wp-content\/uploads\/2024\/08\/20240731_111754-576x1024.jpg 576w, https:\/\/mybonnechance.de\/wp-content\/uploads\/2024\/08\/20240731_111754-169x300.jpg 169w, https:\/\/mybonnechance.de\/wp-content\/uploads\/2024\/08\/20240731_111754-768x1365.jpg 768w, https:\/\/mybonnechance.de\/wp-content\/uploads\/2024\/08\/20240731_111754-864x1536.jpg 864w, https:\/\/mybonnechance.de\/wp-content\/uploads\/2024\/08\/20240731_111754-1152x2048.jpg 1152w, https:\/\/mybonnechance.de\/wp-content\/uploads\/2024\/08\/20240731_111754-scaled.jpg 1440w\" sizes=\"auto, (max-width: 576px) 100vw, 576px\" \/><\/figure>\n\n\n\n<figure class=\"wp-block-image size-large\"><img loading=\"lazy\" decoding=\"async\" width=\"576\" height=\"1024\" data-id=\"9285\" src=\"https:\/\/mybonnechance.de\/wp-content\/uploads\/2024\/08\/20240731_112551-576x1024.jpg\" alt=\"\" class=\"wp-image-9285\" srcset=\"https:\/\/mybonnechance.de\/wp-content\/uploads\/2024\/08\/20240731_112551-576x1024.jpg 576w, https:\/\/mybonnechance.de\/wp-content\/uploads\/2024\/08\/20240731_112551-169x300.jpg 169w, https:\/\/mybonnechance.de\/wp-content\/uploads\/2024\/08\/20240731_112551-768x1365.jpg 768w, https:\/\/mybonnechance.de\/wp-content\/uploads\/2024\/08\/20240731_112551-864x1536.jpg 864w, https:\/\/mybonnechance.de\/wp-content\/uploads\/2024\/08\/20240731_112551-1152x2048.jpg 1152w, https:\/\/mybonnechance.de\/wp-content\/uploads\/2024\/08\/20240731_112551-scaled.jpg 1440w\" sizes=\"auto, (max-width: 576px) 100vw, 576px\" \/><\/figure>\n<\/figure>\n\n\n\n<p>Anschlie\u00dfend fahren wir noch ein bisschen Rad, um wieder festzustellen, keine M\u00f6glichkeit am Wasser entlang zu fahren. Es ist wieder der Radweg A3, den wir schon von Stepnica kennen. <\/p>\n\n\n","protected":false},"excerpt":{"rendered":"<p>Tag 86, Dienstag 30.Juli Stepnica, Cpt. Hilgersdorf &#8211; Wolin, Stadthafen31,5 km &#8211; 3,3 Std. FahrzeitHeute ist das Wetter super, kaum Wind und keine Wellen. Das Gro\u00dfe Haff liegt vor uns wie das Tote Meer. Uns kann es nur Recht sein. Hier f\u00e4hrt man vorwigend nach Tonnenstrich. Es geht nach Wolin, wovon ich mr allerdings etwas &hellip; <\/p>\n<p class=\"link-more\"><a href=\"https:\/\/mybonnechance.de\/?page_id=9188\" class=\"more-link\"><span class=\"screen-reader-text\">\u201e2024-46 Wolin\u201c<\/span> weiterlesen<\/a><\/p>\n","protected":false},"author":1,"featured_media":0,"parent":0,"menu_order":0,"comment_status":"closed","ping_status":"closed","template":"","meta":{"ngg_post_thumbnail":0,"footnotes":""},"class_list":["post-9188","page","type-page","status-publish","hentry"],"_links":{"self":[{"href":"https:\/\/mybonnechance.de\/index.php?rest_route=\/wp\/v2\/pages\/9188","targetHints":{"allow":["GET"]}}],"collection":[{"href":"https:\/\/mybonnechance.de\/index.php?rest_route=\/wp\/v2\/pages"}],"about":[{"href":"https:\/\/mybonnechance.de\/index.php?rest_route=\/wp\/v2\/types\/page"}],"author":[{"embeddable":true,"href":"https:\/\/mybonnechance.de\/index.php?rest_route=\/wp\/v2\/users\/1"}],"replies":[{"embeddable":true,"href":"https:\/\/mybonnechance.de\/index.php?rest_route=%2Fwp%2Fv2%2Fcomments&post=9188"}],"version-history":[{"count":4,"href":"https:\/\/mybonnechance.de\/index.php?rest_route=\/wp\/v2\/pages\/9188\/revisions"}],"predecessor-version":[{"id":9472,"href":"https:\/\/mybonnechance.de\/index.php?rest_route=\/wp\/v2\/pages\/9188\/revisions\/9472"}],"wp:attachment":[{"href":"https:\/\/mybonnechance.de\/index.php?rest_route=%2Fwp%2Fv2%2Fmedia&parent=9188"}],"curies":[{"name":"wp","href":"https:\/\/api.w.org\/{rel}","templated":true}]}}