{"id":9190,"date":"2024-08-09T13:02:26","date_gmt":"2024-08-09T13:02:26","guid":{"rendered":"https:\/\/mybonnechance.de\/?page_id=9190"},"modified":"2024-08-18T14:21:33","modified_gmt":"2024-08-18T14:21:33","slug":"2024-47-trzebiz","status":"publish","type":"page","link":"https:\/\/mybonnechance.de\/?page_id=9190","title":{"rendered":"2024-47 Trzebiez"},"content":{"rendered":"\n<p><strong>Tag 88, Donnerstag 01. August       Wolin, Stadthafen<\/strong> <strong>&#8211; Trzebiez, Marina Trzebiez<\/strong><br>29 km &#8211; 2,75 Std. Fahrzeit<br>Wir fahren bei wenig Wind los und haben eigentlich vor zu ankern. Nach ca. 1 \u00bd Std. bekomme ich eine echte Krise. Hunderte von kleinen Fliegen sitzen auf dem ganzen Boot im Windschatten. Sie bleiben nicht da sitzen, sondern setzten sich auch bei uns auf K\u00f6rper und die Haare. Vor lauter Verzweiflung steuern wir den n\u00e4chsten Hafen an, direkt am \u00dcbergang zum kleinen Haff gelegen in <strong>Trezbiez<\/strong>, deutsch auch Z\u00edegenhort genannt. Von dem Hafen habe ich unterwegs auch schon mal geh\u00f6rt. Wir m\u00fcssen in eine Box mit viel zu kurzem Steg, weil alle Pl\u00e4tze an der Mauer reserviert sind f\u00fcr die kleineren Segler der Tall Ship Race. Nat\u00fcrlich frischt gerade der Wind auf und wir haben echt Probleme festzumachen. Was mich allerdings etwas vers\u00f6hnt: man sieht schon die Gro\u00dfsegler von der Tall Ship vorbeiziehen und auch hier im Hafen kommen immer mehr von den geflaggten Segler, die dran teilnehmen.<\/p>\n\n\n\n<figure class=\"wp-block-gallery has-nested-images columns-default is-cropped wp-block-gallery-1 is-layout-flex wp-block-gallery-is-layout-flex\">\n<figure class=\"wp-block-image size-large\"><img loading=\"lazy\" decoding=\"async\" width=\"1024\" height=\"576\" data-id=\"9298\" src=\"https:\/\/mybonnechance.de\/wp-content\/uploads\/2024\/08\/20240802_094547-1024x576.jpg\" alt=\"\" class=\"wp-image-9298\" srcset=\"https:\/\/mybonnechance.de\/wp-content\/uploads\/2024\/08\/20240802_094547-1024x576.jpg 1024w, https:\/\/mybonnechance.de\/wp-content\/uploads\/2024\/08\/20240802_094547-300x169.jpg 300w, https:\/\/mybonnechance.de\/wp-content\/uploads\/2024\/08\/20240802_094547-768x432.jpg 768w, https:\/\/mybonnechance.de\/wp-content\/uploads\/2024\/08\/20240802_094547-1536x864.jpg 1536w, https:\/\/mybonnechance.de\/wp-content\/uploads\/2024\/08\/20240802_094547-2048x1152.jpg 2048w\" sizes=\"auto, (max-width: 767px) 89vw, (max-width: 1000px) 54vw, (max-width: 1071px) 543px, 580px\" \/><\/figure>\n\n\n\n<figure class=\"wp-block-image size-large\"><img loading=\"lazy\" decoding=\"async\" width=\"1024\" height=\"576\" data-id=\"9297\" src=\"https:\/\/mybonnechance.de\/wp-content\/uploads\/2024\/08\/20240802_101248-1024x576.jpg\" alt=\"\" class=\"wp-image-9297\" srcset=\"https:\/\/mybonnechance.de\/wp-content\/uploads\/2024\/08\/20240802_101248-1024x576.jpg 1024w, https:\/\/mybonnechance.de\/wp-content\/uploads\/2024\/08\/20240802_101248-300x169.jpg 300w, https:\/\/mybonnechance.de\/wp-content\/uploads\/2024\/08\/20240802_101248-768x432.jpg 768w, https:\/\/mybonnechance.de\/wp-content\/uploads\/2024\/08\/20240802_101248-1536x864.jpg 1536w, https:\/\/mybonnechance.de\/wp-content\/uploads\/2024\/08\/20240802_101248-2048x1152.jpg 2048w\" sizes=\"auto, (max-width: 767px) 89vw, (max-width: 1000px) 54vw, (max-width: 1071px) 543px, 580px\" \/><\/figure>\n<\/figure>\n\n\n\n<figure class=\"wp-block-gallery has-nested-images columns-default is-cropped wp-block-gallery-2 is-layout-flex wp-block-gallery-is-layout-flex\">\n<figure class=\"wp-block-image size-large\"><img loading=\"lazy\" decoding=\"async\" width=\"1024\" height=\"576\" data-id=\"9305\" src=\"https:\/\/mybonnechance.de\/wp-content\/uploads\/2024\/08\/20240801_110447-1024x576.jpg\" alt=\"\" class=\"wp-image-9305\" srcset=\"https:\/\/mybonnechance.de\/wp-content\/uploads\/2024\/08\/20240801_110447-1024x576.jpg 1024w, https:\/\/mybonnechance.de\/wp-content\/uploads\/2024\/08\/20240801_110447-300x169.jpg 300w, https:\/\/mybonnechance.de\/wp-content\/uploads\/2024\/08\/20240801_110447-768x432.jpg 768w, https:\/\/mybonnechance.de\/wp-content\/uploads\/2024\/08\/20240801_110447-1536x864.jpg 1536w, https:\/\/mybonnechance.de\/wp-content\/uploads\/2024\/08\/20240801_110447-2048x1152.jpg 2048w\" sizes=\"auto, (max-width: 767px) 89vw, (max-width: 1000px) 54vw, (max-width: 1071px) 543px, 580px\" \/><\/figure>\n\n\n\n<figure class=\"wp-block-image size-large\"><img loading=\"lazy\" decoding=\"async\" width=\"1024\" height=\"576\" data-id=\"9302\" src=\"https:\/\/mybonnechance.de\/wp-content\/uploads\/2024\/08\/20240801_200747-1-1024x576.jpg\" alt=\"\" class=\"wp-image-9302\" srcset=\"https:\/\/mybonnechance.de\/wp-content\/uploads\/2024\/08\/20240801_200747-1-1024x576.jpg 1024w, https:\/\/mybonnechance.de\/wp-content\/uploads\/2024\/08\/20240801_200747-1-300x169.jpg 300w, https:\/\/mybonnechance.de\/wp-content\/uploads\/2024\/08\/20240801_200747-1-768x432.jpg 768w, https:\/\/mybonnechance.de\/wp-content\/uploads\/2024\/08\/20240801_200747-1-1536x864.jpg 1536w, https:\/\/mybonnechance.de\/wp-content\/uploads\/2024\/08\/20240801_200747-1-2048x1152.jpg 2048w\" sizes=\"auto, (max-width: 767px) 89vw, (max-width: 1000px) 54vw, (max-width: 1071px) 543px, 580px\" \/><\/figure>\n<\/figure>\n\n\n\n<p>Trzebiez an sich hat nichts zu bieten, nur ein kleines Restaurant au\u00dferhalb des Hafengel\u00e4ndes. Allerdings besitzt der Hafen auch eine <strong>Tankstelle<\/strong><\/p>\n\n\n\n<p class=\"has-vivid-red-color has-text-color has-link-color wp-elements-e063810dd13fee7dfffab3ab267f45ca\"><strong><em>Hafengeb\u00fchr:  36.-  incl. Strom + Wasser , kein Wlan, Tankstelle<\/em><\/strong> <\/p>\n\n\n","protected":false},"excerpt":{"rendered":"<p>Tag 88, Donnerstag 01. August Wolin, Stadthafen &#8211; Trzebiez, Marina Trzebiez29 km &#8211; 2,75 Std. FahrzeitWir fahren bei wenig Wind los und haben eigentlich vor zu ankern. Nach ca. 1 \u00bd Std. bekomme ich eine echte Krise. Hunderte von kleinen Fliegen sitzen auf dem ganzen Boot im Windschatten. Sie bleiben nicht da sitzen, sondern setzten &hellip; <\/p>\n<p class=\"link-more\"><a href=\"https:\/\/mybonnechance.de\/?page_id=9190\" class=\"more-link\"><span class=\"screen-reader-text\">\u201e2024-47 Trzebiez\u201c<\/span> weiterlesen<\/a><\/p>\n","protected":false},"author":1,"featured_media":0,"parent":0,"menu_order":0,"comment_status":"closed","ping_status":"closed","template":"","meta":{"ngg_post_thumbnail":0,"footnotes":""},"class_list":["post-9190","page","type-page","status-publish","hentry"],"_links":{"self":[{"href":"https:\/\/mybonnechance.de\/index.php?rest_route=\/wp\/v2\/pages\/9190","targetHints":{"allow":["GET"]}}],"collection":[{"href":"https:\/\/mybonnechance.de\/index.php?rest_route=\/wp\/v2\/pages"}],"about":[{"href":"https:\/\/mybonnechance.de\/index.php?rest_route=\/wp\/v2\/types\/page"}],"author":[{"embeddable":true,"href":"https:\/\/mybonnechance.de\/index.php?rest_route=\/wp\/v2\/users\/1"}],"replies":[{"embeddable":true,"href":"https:\/\/mybonnechance.de\/index.php?rest_route=%2Fwp%2Fv2%2Fcomments&post=9190"}],"version-history":[{"count":4,"href":"https:\/\/mybonnechance.de\/index.php?rest_route=\/wp\/v2\/pages\/9190\/revisions"}],"predecessor-version":[{"id":9468,"href":"https:\/\/mybonnechance.de\/index.php?rest_route=\/wp\/v2\/pages\/9190\/revisions\/9468"}],"wp:attachment":[{"href":"https:\/\/mybonnechance.de\/index.php?rest_route=%2Fwp%2Fv2%2Fmedia&parent=9190"}],"curies":[{"name":"wp","href":"https:\/\/api.w.org\/{rel}","templated":true}]}}