{"id":9192,"date":"2024-08-09T13:04:06","date_gmt":"2024-08-09T13:04:06","guid":{"rendered":"https:\/\/mybonnechance.de\/?page_id=9192"},"modified":"2024-08-18T14:19:09","modified_gmt":"2024-08-18T14:19:09","slug":"2024-48-stettin","status":"publish","type":"page","link":"https:\/\/mybonnechance.de\/?page_id=9192","title":{"rendered":"2024-48 Stettin"},"content":{"rendered":"\n<p><strong>Tag 89, Freitag 02. August        Trzebiez, Marina Trzebiez<\/strong> <strong>&#8211; Stettin, Marina Pogon<\/strong><br>36 km &#8211; 3,5 Std. Fahrzeit<br>Heute ist es bedeckt und k\u00fchl. Da hoffe ich doch sehr, dass das es den Fliegen zu ungem\u00fctlich zum Schl\u00fcpfen ist. Auf der Fahrt \u00fcberholen uns ein paar Gro\u00dfsegler und zwei Milit\u00e4rboote. Ansonsten l\u00e4uft alles ruhig. Schade, dass es so diesig ist als wir \u00fcber den <strong>Dammschen See<\/strong> fahren, aber wir k\u00f6nnen schon einige Ankerm\u00f6glichkeiten ausmachen. Am Ende des Dammschen Sees befinden sich 4-5 H\u00e4fen. Wir hatten ja in der Marina letzte Woche f\u00fcr 2 Tage reserviert, Aber als wir im <strong>Hafen Pogon<\/strong> ankommen ist ein anderer Hafenmeister zugegen. Der wei\u00df nichts von unserer Reservierung am Kran. Er weist uns eine Box zu, die leider einen etwas zu kurzen Steg hat. Das sind wir ja inzwischen schon gewohnt, hauptsache die Fahrr\u00e4der gehen gut runter. Wir sind froh, da\u00df es noch Platz f\u00fcr uns gibt. Im B\u00fcro zeigen wir ihm, versteckt unter vielen anderen Zettel, unseren Reservierungszettel. Oh, den habe er \u00fcbersehen &#8211; es w\u00e4re so viel los wegen der Race (Ach was \ud83d\ude42 <\/p>\n\n\n\n<p class=\"has-vivid-red-color has-text-color has-link-color wp-elements-690ad3dd85d87bf6fb0a34dea478ac42\"><strong><em>Hafengeb\u00fchr:  25.-  incl. Strom, Wasser , kein Wlan, Einkauf haben wir in Stettin Carrfour gemacht<\/em><\/strong><\/p>\n\n\n\n<p>Wir fahren schonmal zur <strong>Tall Ship Race<\/strong> nach Stettin rein um etwas schnuppern. Leider ist das Wetter weiterhin bew\u00f6lkt und diesig. Wir dachten, wir essen dort was, finden aber nicht wirklich etwas oder es geht nur mit Bargeld. Schlie\u00dflich finden wir ein nettes kleines Restaurant am Anfang der Altstadt.<\/p>\n\n\n\n<p><strong>Tag 90, Samstag 03. August<\/strong><br>Heute Morgen ist es nur noch schwach bew\u00f6lkt und im Laufe des Tags wird es immer besser und auch richtig hei\u00df. Am Hafen herrscht eine tolle Atmosph\u00e4re und, wie bereits gestern, sehr voll. Lange Warteschlangen an den Gro\u00dfseglern um diese zu besichtigen. Wir verzichten bei der Hitze darauf uns anzustellen.<\/p>\n\n\n\n<figure class=\"wp-block-image size-large\"><img loading=\"lazy\" decoding=\"async\" width=\"1024\" height=\"576\" src=\"https:\/\/mybonnechance.de\/wp-content\/uploads\/2024\/08\/20240803_124210-1024x576.jpg\" alt=\"\" class=\"wp-image-9309\" srcset=\"https:\/\/mybonnechance.de\/wp-content\/uploads\/2024\/08\/20240803_124210-1024x576.jpg 1024w, https:\/\/mybonnechance.de\/wp-content\/uploads\/2024\/08\/20240803_124210-300x169.jpg 300w, https:\/\/mybonnechance.de\/wp-content\/uploads\/2024\/08\/20240803_124210-768x432.jpg 768w, https:\/\/mybonnechance.de\/wp-content\/uploads\/2024\/08\/20240803_124210-1536x864.jpg 1536w, https:\/\/mybonnechance.de\/wp-content\/uploads\/2024\/08\/20240803_124210-2048x1152.jpg 2048w\" sizes=\"auto, (max-width: 767px) 89vw, (max-width: 1000px) 54vw, (max-width: 1071px) 543px, 580px\" \/><\/figure>\n\n\n\n<figure class=\"wp-block-gallery has-nested-images columns-default is-cropped wp-block-gallery-1 is-layout-flex wp-block-gallery-is-layout-flex\">\n<figure class=\"wp-block-image size-large\"><img loading=\"lazy\" decoding=\"async\" width=\"576\" height=\"1024\" data-id=\"9311\" src=\"https:\/\/mybonnechance.de\/wp-content\/uploads\/2024\/08\/20240803_125838-576x1024.jpg\" alt=\"\" class=\"wp-image-9311\" srcset=\"https:\/\/mybonnechance.de\/wp-content\/uploads\/2024\/08\/20240803_125838-576x1024.jpg 576w, https:\/\/mybonnechance.de\/wp-content\/uploads\/2024\/08\/20240803_125838-169x300.jpg 169w, https:\/\/mybonnechance.de\/wp-content\/uploads\/2024\/08\/20240803_125838-768x1365.jpg 768w, https:\/\/mybonnechance.de\/wp-content\/uploads\/2024\/08\/20240803_125838-864x1536.jpg 864w, https:\/\/mybonnechance.de\/wp-content\/uploads\/2024\/08\/20240803_125838-1152x2048.jpg 1152w, https:\/\/mybonnechance.de\/wp-content\/uploads\/2024\/08\/20240803_125838-scaled.jpg 1440w\" sizes=\"auto, (max-width: 576px) 100vw, 576px\" \/><\/figure>\n\n\n\n<figure class=\"wp-block-image size-large\"><img loading=\"lazy\" decoding=\"async\" width=\"1024\" height=\"576\" data-id=\"9310\" src=\"https:\/\/mybonnechance.de\/wp-content\/uploads\/2024\/08\/20240803_125953-1024x576.jpg\" alt=\"\" class=\"wp-image-9310\" srcset=\"https:\/\/mybonnechance.de\/wp-content\/uploads\/2024\/08\/20240803_125953-1024x576.jpg 1024w, https:\/\/mybonnechance.de\/wp-content\/uploads\/2024\/08\/20240803_125953-300x169.jpg 300w, https:\/\/mybonnechance.de\/wp-content\/uploads\/2024\/08\/20240803_125953-768x432.jpg 768w, https:\/\/mybonnechance.de\/wp-content\/uploads\/2024\/08\/20240803_125953-1536x864.jpg 1536w, https:\/\/mybonnechance.de\/wp-content\/uploads\/2024\/08\/20240803_125953-2048x1152.jpg 2048w\" sizes=\"auto, (max-width: 767px) 89vw, (max-width: 1000px) 54vw, (max-width: 1071px) 543px, 580px\" \/><\/figure>\n\n\n\n<figure class=\"wp-block-image size-large\"><img loading=\"lazy\" decoding=\"async\" width=\"576\" height=\"1024\" data-id=\"9314\" src=\"https:\/\/mybonnechance.de\/wp-content\/uploads\/2024\/08\/20240803_125916-576x1024.jpg\" alt=\"\" class=\"wp-image-9314\" srcset=\"https:\/\/mybonnechance.de\/wp-content\/uploads\/2024\/08\/20240803_125916-576x1024.jpg 576w, https:\/\/mybonnechance.de\/wp-content\/uploads\/2024\/08\/20240803_125916-169x300.jpg 169w, https:\/\/mybonnechance.de\/wp-content\/uploads\/2024\/08\/20240803_125916-768x1365.jpg 768w, https:\/\/mybonnechance.de\/wp-content\/uploads\/2024\/08\/20240803_125916-864x1536.jpg 864w, https:\/\/mybonnechance.de\/wp-content\/uploads\/2024\/08\/20240803_125916-1152x2048.jpg 1152w, https:\/\/mybonnechance.de\/wp-content\/uploads\/2024\/08\/20240803_125916-scaled.jpg 1440w\" sizes=\"auto, (max-width: 576px) 100vw, 576px\" \/><\/figure>\n\n\n\n<figure class=\"wp-block-image size-large\"><img loading=\"lazy\" decoding=\"async\" width=\"1024\" height=\"576\" data-id=\"9312\" src=\"https:\/\/mybonnechance.de\/wp-content\/uploads\/2024\/08\/20240803_125649-1024x576.jpg\" alt=\"\" class=\"wp-image-9312\" srcset=\"https:\/\/mybonnechance.de\/wp-content\/uploads\/2024\/08\/20240803_125649-1024x576.jpg 1024w, https:\/\/mybonnechance.de\/wp-content\/uploads\/2024\/08\/20240803_125649-300x169.jpg 300w, https:\/\/mybonnechance.de\/wp-content\/uploads\/2024\/08\/20240803_125649-768x432.jpg 768w, https:\/\/mybonnechance.de\/wp-content\/uploads\/2024\/08\/20240803_125649-1536x864.jpg 1536w, https:\/\/mybonnechance.de\/wp-content\/uploads\/2024\/08\/20240803_125649-2048x1152.jpg 2048w\" sizes=\"auto, (max-width: 767px) 89vw, (max-width: 1000px) 54vw, (max-width: 1071px) 543px, 580px\" \/><\/figure>\n\n\n\n<figure class=\"wp-block-image size-large\"><img loading=\"lazy\" decoding=\"async\" width=\"1024\" height=\"576\" data-id=\"9313\" src=\"https:\/\/mybonnechance.de\/wp-content\/uploads\/2024\/08\/20240803_125753-1024x576.jpg\" alt=\"\" class=\"wp-image-9313\" srcset=\"https:\/\/mybonnechance.de\/wp-content\/uploads\/2024\/08\/20240803_125753-1024x576.jpg 1024w, https:\/\/mybonnechance.de\/wp-content\/uploads\/2024\/08\/20240803_125753-300x169.jpg 300w, https:\/\/mybonnechance.de\/wp-content\/uploads\/2024\/08\/20240803_125753-768x432.jpg 768w, https:\/\/mybonnechance.de\/wp-content\/uploads\/2024\/08\/20240803_125753-1536x864.jpg 1536w, https:\/\/mybonnechance.de\/wp-content\/uploads\/2024\/08\/20240803_125753-2048x1152.jpg 2048w\" sizes=\"auto, (max-width: 767px) 89vw, (max-width: 1000px) 54vw, (max-width: 1071px) 543px, 580px\" \/><\/figure>\n<\/figure>\n\n\n\n<figure class=\"wp-block-gallery has-nested-images columns-default is-cropped wp-block-gallery-2 is-layout-flex wp-block-gallery-is-layout-flex\">\n<figure class=\"wp-block-image size-large\"><img loading=\"lazy\" decoding=\"async\" width=\"1024\" height=\"576\" data-id=\"9320\" src=\"https:\/\/mybonnechance.de\/wp-content\/uploads\/2024\/08\/20240803_155828-1024x576.jpg\" alt=\"\" class=\"wp-image-9320\" srcset=\"https:\/\/mybonnechance.de\/wp-content\/uploads\/2024\/08\/20240803_155828-1024x576.jpg 1024w, https:\/\/mybonnechance.de\/wp-content\/uploads\/2024\/08\/20240803_155828-300x169.jpg 300w, https:\/\/mybonnechance.de\/wp-content\/uploads\/2024\/08\/20240803_155828-768x432.jpg 768w, https:\/\/mybonnechance.de\/wp-content\/uploads\/2024\/08\/20240803_155828-1536x864.jpg 1536w, https:\/\/mybonnechance.de\/wp-content\/uploads\/2024\/08\/20240803_155828-2048x1152.jpg 2048w\" sizes=\"auto, (max-width: 767px) 89vw, (max-width: 1000px) 54vw, (max-width: 1071px) 543px, 580px\" \/><\/figure>\n\n\n\n<figure class=\"wp-block-image size-large\"><img loading=\"lazy\" decoding=\"async\" width=\"1024\" height=\"576\" data-id=\"9323\" src=\"https:\/\/mybonnechance.de\/wp-content\/uploads\/2024\/08\/20240803_124222-1-1024x576.jpg\" alt=\"\" class=\"wp-image-9323\" srcset=\"https:\/\/mybonnechance.de\/wp-content\/uploads\/2024\/08\/20240803_124222-1-1024x576.jpg 1024w, https:\/\/mybonnechance.de\/wp-content\/uploads\/2024\/08\/20240803_124222-1-300x169.jpg 300w, https:\/\/mybonnechance.de\/wp-content\/uploads\/2024\/08\/20240803_124222-1-768x432.jpg 768w, https:\/\/mybonnechance.de\/wp-content\/uploads\/2024\/08\/20240803_124222-1-1536x864.jpg 1536w, https:\/\/mybonnechance.de\/wp-content\/uploads\/2024\/08\/20240803_124222-1-2048x1152.jpg 2048w\" sizes=\"auto, (max-width: 767px) 89vw, (max-width: 1000px) 54vw, (max-width: 1071px) 543px, 580px\" \/><\/figure>\n<\/figure>\n\n\n\n<figure class=\"wp-block-gallery has-nested-images columns-default is-cropped wp-block-gallery-3 is-layout-flex wp-block-gallery-is-layout-flex\">\n<figure class=\"wp-block-image size-large\"><img loading=\"lazy\" decoding=\"async\" width=\"1024\" height=\"576\" data-id=\"9316\" src=\"https:\/\/mybonnechance.de\/wp-content\/uploads\/2024\/08\/20240803_132719-1024x576.jpg\" alt=\"\" class=\"wp-image-9316\" srcset=\"https:\/\/mybonnechance.de\/wp-content\/uploads\/2024\/08\/20240803_132719-1024x576.jpg 1024w, https:\/\/mybonnechance.de\/wp-content\/uploads\/2024\/08\/20240803_132719-300x169.jpg 300w, https:\/\/mybonnechance.de\/wp-content\/uploads\/2024\/08\/20240803_132719-768x432.jpg 768w, https:\/\/mybonnechance.de\/wp-content\/uploads\/2024\/08\/20240803_132719-1536x864.jpg 1536w, https:\/\/mybonnechance.de\/wp-content\/uploads\/2024\/08\/20240803_132719-2048x1152.jpg 2048w\" sizes=\"auto, (max-width: 767px) 89vw, (max-width: 1000px) 54vw, (max-width: 1071px) 543px, 580px\" \/><\/figure>\n\n\n\n<figure class=\"wp-block-image size-large\"><img loading=\"lazy\" decoding=\"async\" width=\"1024\" height=\"576\" data-id=\"9318\" src=\"https:\/\/mybonnechance.de\/wp-content\/uploads\/2024\/08\/20240803_134926-1024x576.jpg\" alt=\"\" class=\"wp-image-9318\" srcset=\"https:\/\/mybonnechance.de\/wp-content\/uploads\/2024\/08\/20240803_134926-1024x576.jpg 1024w, https:\/\/mybonnechance.de\/wp-content\/uploads\/2024\/08\/20240803_134926-300x169.jpg 300w, https:\/\/mybonnechance.de\/wp-content\/uploads\/2024\/08\/20240803_134926-768x432.jpg 768w, https:\/\/mybonnechance.de\/wp-content\/uploads\/2024\/08\/20240803_134926-1536x864.jpg 1536w, https:\/\/mybonnechance.de\/wp-content\/uploads\/2024\/08\/20240803_134926-2048x1152.jpg 2048w\" sizes=\"auto, (max-width: 767px) 89vw, (max-width: 1000px) 54vw, (max-width: 1071px) 543px, 580px\" \/><\/figure>\n<\/figure>\n\n\n\n<p>Der Platz am Stadthafen, an dem wir letzte Woche gelegen haben,  ist durch 2 Pontons getrennt. Dadurch gelangen die Besucher schneller von einer Flu\u00dfseite zur anderen.<\/p>\n\n\n\n<figure class=\"wp-block-gallery has-nested-images columns-default is-cropped wp-block-gallery-4 is-layout-flex wp-block-gallery-is-layout-flex\">\n<figure class=\"wp-block-image size-large\"><img loading=\"lazy\" decoding=\"async\" width=\"1024\" height=\"576\" data-id=\"9325\" src=\"https:\/\/mybonnechance.de\/wp-content\/uploads\/2024\/08\/20240803_172115-1024x576.jpg\" alt=\"\" class=\"wp-image-9325\" srcset=\"https:\/\/mybonnechance.de\/wp-content\/uploads\/2024\/08\/20240803_172115-1024x576.jpg 1024w, https:\/\/mybonnechance.de\/wp-content\/uploads\/2024\/08\/20240803_172115-300x169.jpg 300w, https:\/\/mybonnechance.de\/wp-content\/uploads\/2024\/08\/20240803_172115-768x432.jpg 768w, https:\/\/mybonnechance.de\/wp-content\/uploads\/2024\/08\/20240803_172115-1536x864.jpg 1536w, https:\/\/mybonnechance.de\/wp-content\/uploads\/2024\/08\/20240803_172115-2048x1152.jpg 2048w\" sizes=\"auto, (max-width: 767px) 89vw, (max-width: 1000px) 54vw, (max-width: 1071px) 543px, 580px\" \/><\/figure>\n\n\n\n<figure class=\"wp-block-image size-large\"><img loading=\"lazy\" decoding=\"async\" width=\"1024\" height=\"576\" data-id=\"9324\" src=\"https:\/\/mybonnechance.de\/wp-content\/uploads\/2024\/08\/20240803_172136-1024x576.jpg\" alt=\"\" class=\"wp-image-9324\" srcset=\"https:\/\/mybonnechance.de\/wp-content\/uploads\/2024\/08\/20240803_172136-1024x576.jpg 1024w, https:\/\/mybonnechance.de\/wp-content\/uploads\/2024\/08\/20240803_172136-300x169.jpg 300w, https:\/\/mybonnechance.de\/wp-content\/uploads\/2024\/08\/20240803_172136-768x432.jpg 768w, https:\/\/mybonnechance.de\/wp-content\/uploads\/2024\/08\/20240803_172136-1536x864.jpg 1536w, https:\/\/mybonnechance.de\/wp-content\/uploads\/2024\/08\/20240803_172136-2048x1152.jpg 2048w\" sizes=\"auto, (max-width: 767px) 89vw, (max-width: 1000px) 54vw, (max-width: 1071px) 543px, 580px\" \/><\/figure>\n<\/figure>\n\n\n\n<p><strong>Tag 91, Sonntag 04. August<\/strong><br>Eigentlich wollten wir heute in den Dammschen See weiter, aber es regnet den ganzen Vormittag. Wir beschlie\u00dfen noch 1 Tag hier zu bleiben. Am Mittag kommt sogar die Sonne wieder raus, aber am Abend gibt es leichtes Gewitter und Regen.<\/p>\n\n\n","protected":false},"excerpt":{"rendered":"<p>Tag 89, Freitag 02. August Trzebiez, Marina Trzebiez &#8211; Stettin, Marina Pogon36 km &#8211; 3,5 Std. FahrzeitHeute ist es bedeckt und k\u00fchl. Da hoffe ich doch sehr, dass das es den Fliegen zu ungem\u00fctlich zum Schl\u00fcpfen ist. Auf der Fahrt \u00fcberholen uns ein paar Gro\u00dfsegler und zwei Milit\u00e4rboote. Ansonsten l\u00e4uft alles ruhig. Schade, dass es &hellip; <\/p>\n<p class=\"link-more\"><a href=\"https:\/\/mybonnechance.de\/?page_id=9192\" class=\"more-link\"><span class=\"screen-reader-text\">\u201e2024-48 Stettin\u201c<\/span> weiterlesen<\/a><\/p>\n","protected":false},"author":1,"featured_media":0,"parent":0,"menu_order":0,"comment_status":"closed","ping_status":"closed","template":"","meta":{"ngg_post_thumbnail":0,"footnotes":""},"class_list":["post-9192","page","type-page","status-publish","hentry"],"_links":{"self":[{"href":"https:\/\/mybonnechance.de\/index.php?rest_route=\/wp\/v2\/pages\/9192","targetHints":{"allow":["GET"]}}],"collection":[{"href":"https:\/\/mybonnechance.de\/index.php?rest_route=\/wp\/v2\/pages"}],"about":[{"href":"https:\/\/mybonnechance.de\/index.php?rest_route=\/wp\/v2\/types\/page"}],"author":[{"embeddable":true,"href":"https:\/\/mybonnechance.de\/index.php?rest_route=\/wp\/v2\/users\/1"}],"replies":[{"embeddable":true,"href":"https:\/\/mybonnechance.de\/index.php?rest_route=%2Fwp%2Fv2%2Fcomments&post=9192"}],"version-history":[{"count":4,"href":"https:\/\/mybonnechance.de\/index.php?rest_route=\/wp\/v2\/pages\/9192\/revisions"}],"predecessor-version":[{"id":9466,"href":"https:\/\/mybonnechance.de\/index.php?rest_route=\/wp\/v2\/pages\/9192\/revisions\/9466"}],"wp:attachment":[{"href":"https:\/\/mybonnechance.de\/index.php?rest_route=%2Fwp%2Fv2%2Fmedia&parent=9192"}],"curies":[{"name":"wp","href":"https:\/\/api.w.org\/{rel}","templated":true}]}}