{"id":9194,"date":"2024-08-09T13:05:25","date_gmt":"2024-08-09T13:05:25","guid":{"rendered":"https:\/\/mybonnechance.de\/?page_id=9194"},"modified":"2024-08-14T10:26:30","modified_gmt":"2024-08-14T10:26:30","slug":"2024-49-dable-male-see","status":"publish","type":"page","link":"https:\/\/mybonnechance.de\/?page_id=9194","title":{"rendered":"2024-49 Dable Male See"},"content":{"rendered":"\n<p><strong>Tag 92, Montag 05. August         Stettin, Marina Pogon<\/strong> <strong>&#8211; Dable Male See<\/strong><br>5 km &#8211; 0,5 Std. Fahrzeit<br>Bei Sonnenschein geht es heue morgen morgen gem\u00fctlich in den See unterhalb des <strong>Dammschen Sees = Jeziero Dable Male <\/strong>, nur eine halbe Stunde von unserem Hafen entfernt finden wir eine gute Stelle zum Ankern. Schade, ich hatte gehofft, wir k\u00f6nnen die Gro\u00dfsegler abfahren sehen. Stephan meint aber, die fahren nicht \u00fcber den See sondern durch den Kanal. Das Wetter ist etwas launisch, wechselt zwischen Sonne und k\u00fchlem Wind immer ab. Zum Schwimmen wird es wohl nicht warm genug werden, aber zumindest ist das Wasser sch\u00f6n sauber. <\/p>\n\n\n\n<figure class=\"wp-block-gallery has-nested-images columns-default is-cropped wp-block-gallery-1 is-layout-flex wp-block-gallery-is-layout-flex\">\n<figure class=\"wp-block-image size-large\"><img loading=\"lazy\" decoding=\"async\" width=\"1024\" height=\"576\" data-id=\"9328\" src=\"https:\/\/mybonnechance.de\/wp-content\/uploads\/2024\/08\/20240805_194708-1024x576.jpg\" alt=\"\" class=\"wp-image-9328\" srcset=\"https:\/\/mybonnechance.de\/wp-content\/uploads\/2024\/08\/20240805_194708-1024x576.jpg 1024w, https:\/\/mybonnechance.de\/wp-content\/uploads\/2024\/08\/20240805_194708-300x169.jpg 300w, https:\/\/mybonnechance.de\/wp-content\/uploads\/2024\/08\/20240805_194708-768x432.jpg 768w, https:\/\/mybonnechance.de\/wp-content\/uploads\/2024\/08\/20240805_194708-1536x864.jpg 1536w, https:\/\/mybonnechance.de\/wp-content\/uploads\/2024\/08\/20240805_194708-2048x1152.jpg 2048w\" sizes=\"auto, (max-width: 767px) 89vw, (max-width: 1000px) 54vw, (max-width: 1071px) 543px, 580px\" \/><\/figure>\n\n\n\n<figure class=\"wp-block-image size-large\"><img loading=\"lazy\" decoding=\"async\" width=\"1024\" height=\"576\" data-id=\"9330\" src=\"https:\/\/mybonnechance.de\/wp-content\/uploads\/2024\/08\/20240805_173219-1024x576.jpg\" alt=\"\" class=\"wp-image-9330\" srcset=\"https:\/\/mybonnechance.de\/wp-content\/uploads\/2024\/08\/20240805_173219-1024x576.jpg 1024w, https:\/\/mybonnechance.de\/wp-content\/uploads\/2024\/08\/20240805_173219-300x169.jpg 300w, https:\/\/mybonnechance.de\/wp-content\/uploads\/2024\/08\/20240805_173219-768x432.jpg 768w, https:\/\/mybonnechance.de\/wp-content\/uploads\/2024\/08\/20240805_173219-1536x864.jpg 1536w, https:\/\/mybonnechance.de\/wp-content\/uploads\/2024\/08\/20240805_173219-2048x1152.jpg 2048w\" sizes=\"auto, (max-width: 767px) 89vw, (max-width: 1000px) 54vw, (max-width: 1071px) 543px, 580px\" \/><\/figure>\n\n\n\n<figure class=\"wp-block-image size-large\"><img loading=\"lazy\" decoding=\"async\" width=\"1024\" height=\"576\" data-id=\"9329\" src=\"https:\/\/mybonnechance.de\/wp-content\/uploads\/2024\/08\/20240805_173250-1024x576.jpg\" alt=\"\" class=\"wp-image-9329\" srcset=\"https:\/\/mybonnechance.de\/wp-content\/uploads\/2024\/08\/20240805_173250-1024x576.jpg 1024w, https:\/\/mybonnechance.de\/wp-content\/uploads\/2024\/08\/20240805_173250-300x169.jpg 300w, https:\/\/mybonnechance.de\/wp-content\/uploads\/2024\/08\/20240805_173250-768x432.jpg 768w, https:\/\/mybonnechance.de\/wp-content\/uploads\/2024\/08\/20240805_173250-1536x864.jpg 1536w, https:\/\/mybonnechance.de\/wp-content\/uploads\/2024\/08\/20240805_173250-2048x1152.jpg 2048w\" sizes=\"auto, (max-width: 767px) 89vw, (max-width: 1000px) 54vw, (max-width: 1071px) 543px, 580px\" \/><\/figure>\n<\/figure>\n\n\n\n<p><br>Am Abend geht es wieder los mit dieser schrecklichen Fliegenplage und wir verschwinden nach dem Abendessen nach unten.<\/p>\n\n\n\n<p><strong>Tag 93, Dienstag 06. August <\/strong><br>Heute Morgen habe ich einen Schreikrampf bekommen, als ich aus dem Schlaffenster geschaut habe. Das Deck war voll mit hunderten von Fliegenleichen. Nach dem Fr\u00fchst\u00fcck haben wir erstmal eine Stunde lang Boden und Polster abgeschrubbt.<\/p>\n\n\n\n<figure class=\"wp-block-gallery has-nested-images columns-default is-cropped wp-block-gallery-2 is-layout-flex wp-block-gallery-is-layout-flex\">\n<figure class=\"wp-block-image size-large\"><img loading=\"lazy\" decoding=\"async\" width=\"576\" height=\"1024\" data-id=\"9331\" src=\"https:\/\/mybonnechance.de\/wp-content\/uploads\/2024\/08\/20240806_082015-576x1024.jpg\" alt=\"\" class=\"wp-image-9331\" srcset=\"https:\/\/mybonnechance.de\/wp-content\/uploads\/2024\/08\/20240806_082015-576x1024.jpg 576w, https:\/\/mybonnechance.de\/wp-content\/uploads\/2024\/08\/20240806_082015-169x300.jpg 169w, https:\/\/mybonnechance.de\/wp-content\/uploads\/2024\/08\/20240806_082015-768x1365.jpg 768w, https:\/\/mybonnechance.de\/wp-content\/uploads\/2024\/08\/20240806_082015-864x1536.jpg 864w, https:\/\/mybonnechance.de\/wp-content\/uploads\/2024\/08\/20240806_082015-1152x2048.jpg 1152w, https:\/\/mybonnechance.de\/wp-content\/uploads\/2024\/08\/20240806_082015-scaled.jpg 1440w\" sizes=\"auto, (max-width: 576px) 100vw, 576px\" \/><\/figure>\n\n\n\n<figure class=\"wp-block-image size-large\"><img loading=\"lazy\" decoding=\"async\" width=\"576\" height=\"1024\" data-id=\"9333\" src=\"https:\/\/mybonnechance.de\/wp-content\/uploads\/2024\/08\/20240806_111841-576x1024.jpg\" alt=\"\" class=\"wp-image-9333\" srcset=\"https:\/\/mybonnechance.de\/wp-content\/uploads\/2024\/08\/20240806_111841-576x1024.jpg 576w, https:\/\/mybonnechance.de\/wp-content\/uploads\/2024\/08\/20240806_111841-169x300.jpg 169w, https:\/\/mybonnechance.de\/wp-content\/uploads\/2024\/08\/20240806_111841-768x1365.jpg 768w, https:\/\/mybonnechance.de\/wp-content\/uploads\/2024\/08\/20240806_111841-864x1536.jpg 864w, https:\/\/mybonnechance.de\/wp-content\/uploads\/2024\/08\/20240806_111841-1152x2048.jpg 1152w, https:\/\/mybonnechance.de\/wp-content\/uploads\/2024\/08\/20240806_111841-scaled.jpg 1440w\" sizes=\"auto, (max-width: 576px) 100vw, 576px\" \/><\/figure>\n\n\n\n<figure class=\"wp-block-image size-large\"><img loading=\"lazy\" decoding=\"async\" width=\"576\" height=\"1024\" data-id=\"9332\" src=\"https:\/\/mybonnechance.de\/wp-content\/uploads\/2024\/08\/20240806_112049-576x1024.jpg\" alt=\"\" class=\"wp-image-9332\" srcset=\"https:\/\/mybonnechance.de\/wp-content\/uploads\/2024\/08\/20240806_112049-576x1024.jpg 576w, https:\/\/mybonnechance.de\/wp-content\/uploads\/2024\/08\/20240806_112049-169x300.jpg 169w, https:\/\/mybonnechance.de\/wp-content\/uploads\/2024\/08\/20240806_112049-768x1365.jpg 768w, https:\/\/mybonnechance.de\/wp-content\/uploads\/2024\/08\/20240806_112049-864x1536.jpg 864w, https:\/\/mybonnechance.de\/wp-content\/uploads\/2024\/08\/20240806_112049-1152x2048.jpg 1152w, https:\/\/mybonnechance.de\/wp-content\/uploads\/2024\/08\/20240806_112049-scaled.jpg 1440w\" sizes=\"auto, (max-width: 576px) 100vw, 576px\" \/><\/figure>\n<\/figure>\n\n\n\n<p><strong>Tag 94, Mittwoch 07. August <\/strong><br>Heute Morgen das gleiche Bild, wenn auch nicht mehr ganz so viele Fliegen. Gestern haben wir aber zumindest die Polster \u00fcber Nacht reingeholt, was eine gute Idee war. Es geht zum Gl\u00fcck ein leichter Wind, sonst w\u00e4re es zu hei\u00df heute. Also kann ich, wie gestern, sch\u00f6n vorne an Deck lesen. Am Abend ein wundersch\u00f6ner Sonnenuntergang<\/p>\n\n\n\n<figure class=\"wp-block-gallery has-nested-images columns-default is-cropped wp-block-gallery-3 is-layout-flex wp-block-gallery-is-layout-flex\">\n<figure class=\"wp-block-image size-large\"><img loading=\"lazy\" decoding=\"async\" width=\"1024\" height=\"576\" data-id=\"9343\" src=\"https:\/\/mybonnechance.de\/wp-content\/uploads\/2024\/08\/20240805_203339-1024x576.jpg\" alt=\"\" class=\"wp-image-9343\" srcset=\"https:\/\/mybonnechance.de\/wp-content\/uploads\/2024\/08\/20240805_203339-1024x576.jpg 1024w, https:\/\/mybonnechance.de\/wp-content\/uploads\/2024\/08\/20240805_203339-300x169.jpg 300w, https:\/\/mybonnechance.de\/wp-content\/uploads\/2024\/08\/20240805_203339-768x432.jpg 768w, https:\/\/mybonnechance.de\/wp-content\/uploads\/2024\/08\/20240805_203339-1536x864.jpg 1536w, https:\/\/mybonnechance.de\/wp-content\/uploads\/2024\/08\/20240805_203339-2048x1152.jpg 2048w\" sizes=\"auto, (max-width: 767px) 89vw, (max-width: 1000px) 54vw, (max-width: 1071px) 543px, 580px\" \/><\/figure>\n\n\n\n<figure class=\"wp-block-image size-large\"><img loading=\"lazy\" decoding=\"async\" width=\"1024\" height=\"576\" data-id=\"9342\" src=\"https:\/\/mybonnechance.de\/wp-content\/uploads\/2024\/08\/20240805_210332-1024x576.jpg\" alt=\"\" class=\"wp-image-9342\" srcset=\"https:\/\/mybonnechance.de\/wp-content\/uploads\/2024\/08\/20240805_210332-1024x576.jpg 1024w, https:\/\/mybonnechance.de\/wp-content\/uploads\/2024\/08\/20240805_210332-300x169.jpg 300w, https:\/\/mybonnechance.de\/wp-content\/uploads\/2024\/08\/20240805_210332-768x432.jpg 768w, https:\/\/mybonnechance.de\/wp-content\/uploads\/2024\/08\/20240805_210332-1536x864.jpg 1536w, https:\/\/mybonnechance.de\/wp-content\/uploads\/2024\/08\/20240805_210332-2048x1152.jpg 2048w\" sizes=\"auto, (max-width: 767px) 89vw, (max-width: 1000px) 54vw, (max-width: 1071px) 543px, 580px\" \/><\/figure>\n<\/figure>\n\n\n","protected":false},"excerpt":{"rendered":"<p>Tag 92, Montag 05. August Stettin, Marina Pogon &#8211; Dable Male See5 km &#8211; 0,5 Std. FahrzeitBei Sonnenschein geht es heue morgen morgen gem\u00fctlich in den See unterhalb des Dammschen Sees = Jeziero Dable Male , nur eine halbe Stunde von unserem Hafen entfernt finden wir eine gute Stelle zum Ankern. Schade, ich hatte gehofft, &hellip; <\/p>\n<p class=\"link-more\"><a href=\"https:\/\/mybonnechance.de\/?page_id=9194\" class=\"more-link\"><span class=\"screen-reader-text\">\u201e2024-49 Dable Male See\u201c<\/span> weiterlesen<\/a><\/p>\n","protected":false},"author":1,"featured_media":0,"parent":0,"menu_order":0,"comment_status":"closed","ping_status":"closed","template":"","meta":{"ngg_post_thumbnail":0,"footnotes":""},"class_list":["post-9194","page","type-page","status-publish","hentry"],"_links":{"self":[{"href":"https:\/\/mybonnechance.de\/index.php?rest_route=\/wp\/v2\/pages\/9194","targetHints":{"allow":["GET"]}}],"collection":[{"href":"https:\/\/mybonnechance.de\/index.php?rest_route=\/wp\/v2\/pages"}],"about":[{"href":"https:\/\/mybonnechance.de\/index.php?rest_route=\/wp\/v2\/types\/page"}],"author":[{"embeddable":true,"href":"https:\/\/mybonnechance.de\/index.php?rest_route=\/wp\/v2\/users\/1"}],"replies":[{"embeddable":true,"href":"https:\/\/mybonnechance.de\/index.php?rest_route=%2Fwp%2Fv2%2Fcomments&post=9194"}],"version-history":[{"count":4,"href":"https:\/\/mybonnechance.de\/index.php?rest_route=\/wp\/v2\/pages\/9194\/revisions"}],"predecessor-version":[{"id":9345,"href":"https:\/\/mybonnechance.de\/index.php?rest_route=\/wp\/v2\/pages\/9194\/revisions\/9345"}],"wp:attachment":[{"href":"https:\/\/mybonnechance.de\/index.php?rest_route=%2Fwp%2Fv2%2Fmedia&parent=9194"}],"curies":[{"name":"wp","href":"https:\/\/api.w.org\/{rel}","templated":true}]}}