{"id":9196,"date":"2024-08-09T13:05:53","date_gmt":"2024-08-09T13:05:53","guid":{"rendered":"https:\/\/mybonnechance.de\/?page_id=9196"},"modified":"2024-08-18T14:13:37","modified_gmt":"2024-08-18T14:13:37","slug":"2024-50-gartz","status":"publish","type":"page","link":"https:\/\/mybonnechance.de\/?page_id=9196","title":{"rendered":"2024-50 Gartz"},"content":{"rendered":"\n<p><strong>Tag 95, Donnerstag 08. August          Dable Male See<\/strong> <strong>&#8211; Gartz, Marina<\/strong><br>35 km &#8211; 3,5 Std. Fahrzeit<br>Bei bew\u00f6lktem Wetter und ein erneuter Putzaktion wegen der Fliegen lichten wir den Anker und fahren die Umgehungsstrecke um auf die <strong>Westoder<\/strong> zu kommen. Schade, ich w\u00e4re gerne nochmal durch Stettin durchgefahren, aber bei dem Wetter m\u00f6chten wir kein Cabrio aus der Bonny machen. <br>Dann erreichen wir die letzten Grenzpfeiler &#8211; auf der einen Seite die deutschen- und auf der anderen die polnischen Grenzpfosten<\/p>\n\n\n\n<figure class=\"wp-block-gallery has-nested-images columns-default is-cropped wp-block-gallery-1 is-layout-flex wp-block-gallery-is-layout-flex\">\n<figure class=\"wp-block-image size-large\"><img loading=\"lazy\" decoding=\"async\" width=\"576\" height=\"1024\" data-id=\"9338\" src=\"https:\/\/mybonnechance.de\/wp-content\/uploads\/2024\/08\/20240808_111519-576x1024.jpg\" alt=\"\" class=\"wp-image-9338\" srcset=\"https:\/\/mybonnechance.de\/wp-content\/uploads\/2024\/08\/20240808_111519-576x1024.jpg 576w, https:\/\/mybonnechance.de\/wp-content\/uploads\/2024\/08\/20240808_111519-169x300.jpg 169w, https:\/\/mybonnechance.de\/wp-content\/uploads\/2024\/08\/20240808_111519-768x1365.jpg 768w, https:\/\/mybonnechance.de\/wp-content\/uploads\/2024\/08\/20240808_111519-864x1536.jpg 864w, https:\/\/mybonnechance.de\/wp-content\/uploads\/2024\/08\/20240808_111519-1152x2048.jpg 1152w, https:\/\/mybonnechance.de\/wp-content\/uploads\/2024\/08\/20240808_111519-scaled.jpg 1440w\" sizes=\"auto, (max-width: 576px) 100vw, 576px\" \/><\/figure>\n\n\n\n<figure class=\"wp-block-image size-large\"><img loading=\"lazy\" decoding=\"async\" width=\"576\" height=\"1024\" data-id=\"9339\" src=\"https:\/\/mybonnechance.de\/wp-content\/uploads\/2024\/08\/20240808_112835-576x1024.jpg\" alt=\"\" class=\"wp-image-9339\" srcset=\"https:\/\/mybonnechance.de\/wp-content\/uploads\/2024\/08\/20240808_112835-576x1024.jpg 576w, https:\/\/mybonnechance.de\/wp-content\/uploads\/2024\/08\/20240808_112835-169x300.jpg 169w, https:\/\/mybonnechance.de\/wp-content\/uploads\/2024\/08\/20240808_112835-768x1365.jpg 768w, https:\/\/mybonnechance.de\/wp-content\/uploads\/2024\/08\/20240808_112835-864x1536.jpg 864w, https:\/\/mybonnechance.de\/wp-content\/uploads\/2024\/08\/20240808_112835-1152x2048.jpg 1152w, https:\/\/mybonnechance.de\/wp-content\/uploads\/2024\/08\/20240808_112835-scaled.jpg 1440w\" sizes=\"auto, (max-width: 576px) 100vw, 576px\" \/><\/figure>\n<\/figure>\n\n\n\n<p>Es ist kaum Verkehr unterwegs und wir erreichen gegen Mittag Gartz. Wir befahren jetzt &nbsp;die <strong>Hohensaaten Friedrichsthaler Wasserstra\u00dfe<\/strong>, die so sch\u00f6n ist. <br>Mir w\u00e4re es lieb gewesen bis nach Schwedt zu fahren, da wir das St\u00e4dtchen noch nicht kennen. Aber ich habe im B\u00fcro der beiden m\u00f6glichen H\u00e4fen niemanden erreichen k\u00f6nnen. Es auf gut Gl\u00fcck zu probieren war uns zu riskant, weil danach m\u00fcssten wir bis Odeberg durchfahren. Das ist dann zu weit.<\/p>\n\n\n\n<figure class=\"wp-block-image size-large\"><img loading=\"lazy\" decoding=\"async\" width=\"1024\" height=\"576\" src=\"https:\/\/mybonnechance.de\/wp-content\/uploads\/2024\/08\/20240808_144910-1024x576.jpg\" alt=\"\" class=\"wp-image-9340\" srcset=\"https:\/\/mybonnechance.de\/wp-content\/uploads\/2024\/08\/20240808_144910-1024x576.jpg 1024w, https:\/\/mybonnechance.de\/wp-content\/uploads\/2024\/08\/20240808_144910-300x169.jpg 300w, https:\/\/mybonnechance.de\/wp-content\/uploads\/2024\/08\/20240808_144910-768x432.jpg 768w, https:\/\/mybonnechance.de\/wp-content\/uploads\/2024\/08\/20240808_144910-1536x864.jpg 1536w, https:\/\/mybonnechance.de\/wp-content\/uploads\/2024\/08\/20240808_144910-2048x1152.jpg 2048w\" sizes=\"auto, (max-width: 767px) 89vw, (max-width: 1000px) 54vw, (max-width: 1071px) 543px, 580px\" \/><\/figure>\n\n\n\n<p class=\"has-vivid-red-color has-text-color has-link-color wp-elements-41ecd5a35e8f1d3ee0db86b93ed19044\"><strong><em>Hafengeb\u00fchr:  12.- incl. Skipper + 1.- p.P. ,  incl. Strom, Wasser , kein Wlan, gut sortierter Netto ca. 1,5 km<\/em><\/strong><\/p>\n\n\n\n<p>In<strong> Gartz<\/strong> angekommen geht es nat\u00fcrlich als Erstes zu der leckeren<strong> Eisdiele am Hafen<\/strong>. Leider machen die schon um 18 Uhr zu, sonst h\u00e4tte ich heute Abend sicher noch eins geholt. Jetzt wird es dann auch Zeit f\u00fcr unseren Gro\u00dfeinkauf. Unterwegs suchen wir mal das Dorf &#8211; vergeblich. Daf\u00fcr k\u00f6nnen wir in einen wirklich guten <strong>Netto <\/strong>super einkaufen. Die Wasserqualit\u00e4t ist nicht mehr so gut wie auf der Hinfahrt und schwimmen nicht mehr m\u00f6glich. Nochmal zu erw\u00e4hnen &#8211; kein Wlan, Strom + Wasser nur im Hafenbecken, wo die Stege allerdings zu kurz f\u00fcr uns sin<\/p>\n\n\n","protected":false},"excerpt":{"rendered":"<p>Tag 95, Donnerstag 08. August Dable Male See &#8211; Gartz, Marina35 km &#8211; 3,5 Std. FahrzeitBei bew\u00f6lktem Wetter und ein erneuter Putzaktion wegen der Fliegen lichten wir den Anker und fahren die Umgehungsstrecke um auf die Westoder zu kommen. Schade, ich w\u00e4re gerne nochmal durch Stettin durchgefahren, aber bei dem Wetter m\u00f6chten wir kein Cabrio &hellip; <\/p>\n<p class=\"link-more\"><a href=\"https:\/\/mybonnechance.de\/?page_id=9196\" class=\"more-link\"><span class=\"screen-reader-text\">\u201e2024-50 Gartz\u201c<\/span> weiterlesen<\/a><\/p>\n","protected":false},"author":1,"featured_media":0,"parent":0,"menu_order":0,"comment_status":"closed","ping_status":"closed","template":"","meta":{"ngg_post_thumbnail":0,"footnotes":""},"class_list":["post-9196","page","type-page","status-publish","hentry"],"_links":{"self":[{"href":"https:\/\/mybonnechance.de\/index.php?rest_route=\/wp\/v2\/pages\/9196","targetHints":{"allow":["GET"]}}],"collection":[{"href":"https:\/\/mybonnechance.de\/index.php?rest_route=\/wp\/v2\/pages"}],"about":[{"href":"https:\/\/mybonnechance.de\/index.php?rest_route=\/wp\/v2\/types\/page"}],"author":[{"embeddable":true,"href":"https:\/\/mybonnechance.de\/index.php?rest_route=\/wp\/v2\/users\/1"}],"replies":[{"embeddable":true,"href":"https:\/\/mybonnechance.de\/index.php?rest_route=%2Fwp%2Fv2%2Fcomments&post=9196"}],"version-history":[{"count":6,"href":"https:\/\/mybonnechance.de\/index.php?rest_route=\/wp\/v2\/pages\/9196\/revisions"}],"predecessor-version":[{"id":9463,"href":"https:\/\/mybonnechance.de\/index.php?rest_route=\/wp\/v2\/pages\/9196\/revisions\/9463"}],"wp:attachment":[{"href":"https:\/\/mybonnechance.de\/index.php?rest_route=%2Fwp%2Fv2%2Fmedia&parent=9196"}],"curies":[{"name":"wp","href":"https:\/\/api.w.org\/{rel}","templated":true}]}}