{"id":9198,"date":"2024-08-09T13:06:16","date_gmt":"2024-08-09T13:06:16","guid":{"rendered":"https:\/\/mybonnechance.de\/?page_id=9198"},"modified":"2024-08-18T13:59:55","modified_gmt":"2024-08-18T13:59:55","slug":"2024-51-oderberg","status":"publish","type":"page","link":"https:\/\/mybonnechance.de\/?page_id=9198","title":{"rendered":"2024-51 Oderberg"},"content":{"rendered":"\n<p><strong>Tag 96, Freitag 09. August           Gartz, Marina<\/strong> <strong>&#8211; Oderberg, Marina Oderberg<\/strong><br>53,6 km &#8211; 1 Schleuse &#8211; 6,2 Std. Fahrzeit<br>Bei sonnigem Wetter, allerdings mit viel Wind, geht es Richtung Oderberg. Die Fahrt ist schon recht lang, bzw. wir sind das mit unseren kurzen Schl\u00e4gen nicht mehr gewohnt. Schwedt w\u00e4re auf jeden Fall eine bessere Teilung der Strecke. Nach der Hohensaaten Schleuse sind wir wieder auf dem Oder Havel Kanal. Unterwegs ein wundersch\u00f6nes Sonnenblumenfeld und auch ein gro\u00dfes Tabakfeld gesehen<\/p>\n\n\n\n<figure class=\"wp-block-gallery has-nested-images columns-default is-cropped wp-block-gallery-1 is-layout-flex wp-block-gallery-is-layout-flex\">\n<figure class=\"wp-block-image size-large\"><img loading=\"lazy\" decoding=\"async\" width=\"1024\" height=\"576\" data-id=\"9349\" src=\"https:\/\/mybonnechance.de\/wp-content\/uploads\/2024\/08\/20240809_091919-1024x576.jpg\" alt=\"\" class=\"wp-image-9349\" srcset=\"https:\/\/mybonnechance.de\/wp-content\/uploads\/2024\/08\/20240809_091919-1024x576.jpg 1024w, https:\/\/mybonnechance.de\/wp-content\/uploads\/2024\/08\/20240809_091919-300x169.jpg 300w, https:\/\/mybonnechance.de\/wp-content\/uploads\/2024\/08\/20240809_091919-768x432.jpg 768w, https:\/\/mybonnechance.de\/wp-content\/uploads\/2024\/08\/20240809_091919-1536x864.jpg 1536w, https:\/\/mybonnechance.de\/wp-content\/uploads\/2024\/08\/20240809_091919-2048x1152.jpg 2048w\" sizes=\"auto, (max-width: 767px) 89vw, (max-width: 1000px) 54vw, (max-width: 1071px) 543px, 580px\" \/><\/figure>\n\n\n\n<figure class=\"wp-block-image size-large\"><img loading=\"lazy\" decoding=\"async\" width=\"1024\" height=\"576\" data-id=\"9350\" src=\"https:\/\/mybonnechance.de\/wp-content\/uploads\/2024\/08\/20240809_093001-1024x576.jpg\" alt=\"\" class=\"wp-image-9350\" srcset=\"https:\/\/mybonnechance.de\/wp-content\/uploads\/2024\/08\/20240809_093001-1024x576.jpg 1024w, https:\/\/mybonnechance.de\/wp-content\/uploads\/2024\/08\/20240809_093001-300x169.jpg 300w, https:\/\/mybonnechance.de\/wp-content\/uploads\/2024\/08\/20240809_093001-768x432.jpg 768w, https:\/\/mybonnechance.de\/wp-content\/uploads\/2024\/08\/20240809_093001-1536x864.jpg 1536w, https:\/\/mybonnechance.de\/wp-content\/uploads\/2024\/08\/20240809_093001-2048x1152.jpg 2048w\" sizes=\"auto, (max-width: 767px) 89vw, (max-width: 1000px) 54vw, (max-width: 1071px) 543px, 580px\" \/><\/figure>\n<\/figure>\n\n\n\n<p>Je n\u00e4her wir Oderberg kommen, um so mehr nimmt die Bew\u00f6lkung zu und schlie\u00dflich machen wir bei leichtem Nieselregen fest. Ab 17 Uhr geht es so richtig los und es k\u00fchlt auch ab. Deswegen beschlie\u00dfen wir erst mit dem Essen gehen zu bezahlen. Wir nehmen an einem Tisch zusammen mit einem \u00e4lteren P\u00e4rchen aus Wiesbaden, da es recht voll ist. Am sp\u00e4ten Nachmittag sind mindestens noch 5-6 Schiffe reingekommen.<\/p>\n\n\n\n<p class=\"has-vivid-red-color has-text-color has-link-color wp-elements-7d44aba98538553935e10992da485382\"><strong><em>Hafengeb\u00fchr:  2.- p. M + 2.- p.P + 3.- Strom, 2 .- p. 100 l Wasser , kein Wlan, Hafenrestaurant<\/em><\/strong><\/p>\n\n\n\n<figure class=\"wp-block-gallery has-nested-images columns-default is-cropped wp-block-gallery-2 is-layout-flex wp-block-gallery-is-layout-flex\">\n<figure class=\"wp-block-image size-large\"><img loading=\"lazy\" decoding=\"async\" width=\"1024\" height=\"576\" data-id=\"9455\" src=\"https:\/\/mybonnechance.de\/wp-content\/uploads\/2024\/08\/20240722_194644-1-1024x576.jpg\" alt=\"\" class=\"wp-image-9455\" srcset=\"https:\/\/mybonnechance.de\/wp-content\/uploads\/2024\/08\/20240722_194644-1-1024x576.jpg 1024w, https:\/\/mybonnechance.de\/wp-content\/uploads\/2024\/08\/20240722_194644-1-300x169.jpg 300w, https:\/\/mybonnechance.de\/wp-content\/uploads\/2024\/08\/20240722_194644-1-768x432.jpg 768w, https:\/\/mybonnechance.de\/wp-content\/uploads\/2024\/08\/20240722_194644-1-1536x864.jpg 1536w, https:\/\/mybonnechance.de\/wp-content\/uploads\/2024\/08\/20240722_194644-1-2048x1152.jpg 2048w\" sizes=\"auto, (max-width: 767px) 89vw, (max-width: 1000px) 54vw, (max-width: 1071px) 543px, 580px\" \/><\/figure>\n\n\n\n<figure class=\"wp-block-image size-large\"><img loading=\"lazy\" decoding=\"async\" width=\"1024\" height=\"576\" data-id=\"9454\" src=\"https:\/\/mybonnechance.de\/wp-content\/uploads\/2024\/08\/20240722_180533-1-1024x576.jpg\" alt=\"\" class=\"wp-image-9454\" srcset=\"https:\/\/mybonnechance.de\/wp-content\/uploads\/2024\/08\/20240722_180533-1-1024x576.jpg 1024w, https:\/\/mybonnechance.de\/wp-content\/uploads\/2024\/08\/20240722_180533-1-300x169.jpg 300w, https:\/\/mybonnechance.de\/wp-content\/uploads\/2024\/08\/20240722_180533-1-768x432.jpg 768w, https:\/\/mybonnechance.de\/wp-content\/uploads\/2024\/08\/20240722_180533-1-1536x864.jpg 1536w, https:\/\/mybonnechance.de\/wp-content\/uploads\/2024\/08\/20240722_180533-1-2048x1152.jpg 2048w\" sizes=\"auto, (max-width: 767px) 89vw, (max-width: 1000px) 54vw, (max-width: 1071px) 543px, 580px\" \/><\/figure>\n<\/figure>\n\n\n","protected":false},"excerpt":{"rendered":"<p>Tag 96, Freitag 09. August Gartz, Marina &#8211; Oderberg, Marina Oderberg53,6 km &#8211; 1 Schleuse &#8211; 6,2 Std. FahrzeitBei sonnigem Wetter, allerdings mit viel Wind, geht es Richtung Oderberg. Die Fahrt ist schon recht lang, bzw. wir sind das mit unseren kurzen Schl\u00e4gen nicht mehr gewohnt. Schwedt w\u00e4re auf jeden Fall eine bessere Teilung der &hellip; <\/p>\n<p class=\"link-more\"><a href=\"https:\/\/mybonnechance.de\/?page_id=9198\" class=\"more-link\"><span class=\"screen-reader-text\">\u201e2024-51 Oderberg\u201c<\/span> weiterlesen<\/a><\/p>\n","protected":false},"author":1,"featured_media":0,"parent":0,"menu_order":0,"comment_status":"closed","ping_status":"closed","template":"","meta":{"ngg_post_thumbnail":0,"footnotes":""},"class_list":["post-9198","page","type-page","status-publish","hentry"],"_links":{"self":[{"href":"https:\/\/mybonnechance.de\/index.php?rest_route=\/wp\/v2\/pages\/9198","targetHints":{"allow":["GET"]}}],"collection":[{"href":"https:\/\/mybonnechance.de\/index.php?rest_route=\/wp\/v2\/pages"}],"about":[{"href":"https:\/\/mybonnechance.de\/index.php?rest_route=\/wp\/v2\/types\/page"}],"author":[{"embeddable":true,"href":"https:\/\/mybonnechance.de\/index.php?rest_route=\/wp\/v2\/users\/1"}],"replies":[{"embeddable":true,"href":"https:\/\/mybonnechance.de\/index.php?rest_route=%2Fwp%2Fv2%2Fcomments&post=9198"}],"version-history":[{"count":6,"href":"https:\/\/mybonnechance.de\/index.php?rest_route=\/wp\/v2\/pages\/9198\/revisions"}],"predecessor-version":[{"id":9457,"href":"https:\/\/mybonnechance.de\/index.php?rest_route=\/wp\/v2\/pages\/9198\/revisions\/9457"}],"wp:attachment":[{"href":"https:\/\/mybonnechance.de\/index.php?rest_route=%2Fwp%2Fv2%2Fmedia&parent=9198"}],"curies":[{"name":"wp","href":"https:\/\/api.w.org\/{rel}","templated":true}]}}