{"id":9200,"date":"2024-08-09T13:06:37","date_gmt":"2024-08-09T13:06:37","guid":{"rendered":"https:\/\/mybonnechance.de\/?page_id=9200"},"modified":"2024-08-18T13:58:23","modified_gmt":"2024-08-18T13:58:23","slug":"2024-52-oderberg","status":"publish","type":"page","link":"https:\/\/mybonnechance.de\/?page_id=9200","title":{"rendered":"2024-52 Marienwerder"},"content":{"rendered":"\n<p id=\"block-d5dbfc40-d365-4903-bab2-ae88ca8395a3\"><strong>Tag 97, Samstag 10. August       Oderberg, Marina Oderberg<\/strong> <strong>&#8211; Marienwerder, Marina Marienwerder<\/strong><br>32 km &#8211; 1 Hebwerk &#8211; 4,3 Std. Fahrzeit <br>Wir starten wieder bei Sonnenschein, dagegen hat es gestern tats\u00e4chlich Dauerregen gegeben. Strahlender Sonnenschein begleitet uns auf dem <strong>Oder Havel Kanal<\/strong>. Beim <strong>Schiffshebewerk Finow<\/strong> haben wir wieder einen l\u00e4ngeren Aufenthalt, daf\u00fcr schleusen wir diesmal mit dem neuen Hebewerk. Ich bin jedesmal aufs Neue begeistert \u00fcber die Technik. Jetzt kann man den H\u00f6henunterschied noch besser erkennen als auf dem Hinweg im alten Hebewerk. Wir \u201esteigen\u201c quasi \u00fcber den Baumwipfeln wieder aus um auf dem Oder Havel Kanal weiterzufahren.<\/p>\n\n\n\n<figure class=\"wp-block-gallery has-nested-images columns-default is-cropped wp-block-gallery-1 is-layout-flex wp-block-gallery-is-layout-flex\">\n<figure class=\"wp-block-image size-large\"><img loading=\"lazy\" decoding=\"async\" width=\"1024\" height=\"576\" data-id=\"9364\" src=\"https:\/\/mybonnechance.de\/wp-content\/uploads\/2024\/08\/20240810_084445-1024x576.jpg\" alt=\"\" class=\"wp-image-9364\" srcset=\"https:\/\/mybonnechance.de\/wp-content\/uploads\/2024\/08\/20240810_084445-1024x576.jpg 1024w, https:\/\/mybonnechance.de\/wp-content\/uploads\/2024\/08\/20240810_084445-300x169.jpg 300w, https:\/\/mybonnechance.de\/wp-content\/uploads\/2024\/08\/20240810_084445-768x432.jpg 768w, https:\/\/mybonnechance.de\/wp-content\/uploads\/2024\/08\/20240810_084445-1536x864.jpg 1536w, https:\/\/mybonnechance.de\/wp-content\/uploads\/2024\/08\/20240810_084445-2048x1152.jpg 2048w\" sizes=\"auto, (max-width: 767px) 89vw, (max-width: 1000px) 54vw, (max-width: 1071px) 543px, 580px\" \/><\/figure>\n\n\n\n<figure class=\"wp-block-image size-large\"><img loading=\"lazy\" decoding=\"async\" width=\"1024\" height=\"576\" data-id=\"9363\" src=\"https:\/\/mybonnechance.de\/wp-content\/uploads\/2024\/08\/20240810_091707-1024x576.jpg\" alt=\"\" class=\"wp-image-9363\" srcset=\"https:\/\/mybonnechance.de\/wp-content\/uploads\/2024\/08\/20240810_091707-1024x576.jpg 1024w, https:\/\/mybonnechance.de\/wp-content\/uploads\/2024\/08\/20240810_091707-300x169.jpg 300w, https:\/\/mybonnechance.de\/wp-content\/uploads\/2024\/08\/20240810_091707-768x432.jpg 768w, https:\/\/mybonnechance.de\/wp-content\/uploads\/2024\/08\/20240810_091707-1536x864.jpg 1536w, https:\/\/mybonnechance.de\/wp-content\/uploads\/2024\/08\/20240810_091707-2048x1152.jpg 2048w\" sizes=\"auto, (max-width: 767px) 89vw, (max-width: 1000px) 54vw, (max-width: 1071px) 543px, 580px\" \/><\/figure>\n<\/figure>\n\n\n\n<figure class=\"wp-block-gallery has-nested-images columns-default is-cropped wp-block-gallery-2 is-layout-flex wp-block-gallery-is-layout-flex\">\n<figure class=\"wp-block-image size-large\"><img loading=\"lazy\" decoding=\"async\" width=\"1024\" height=\"576\" data-id=\"9366\" src=\"https:\/\/mybonnechance.de\/wp-content\/uploads\/2024\/08\/20240810_094339-1024x576.jpg\" alt=\"\" class=\"wp-image-9366\" srcset=\"https:\/\/mybonnechance.de\/wp-content\/uploads\/2024\/08\/20240810_094339-1024x576.jpg 1024w, https:\/\/mybonnechance.de\/wp-content\/uploads\/2024\/08\/20240810_094339-300x169.jpg 300w, https:\/\/mybonnechance.de\/wp-content\/uploads\/2024\/08\/20240810_094339-768x432.jpg 768w, https:\/\/mybonnechance.de\/wp-content\/uploads\/2024\/08\/20240810_094339-1536x864.jpg 1536w, https:\/\/mybonnechance.de\/wp-content\/uploads\/2024\/08\/20240810_094339-2048x1152.jpg 2048w\" sizes=\"auto, (max-width: 767px) 89vw, (max-width: 1000px) 54vw, (max-width: 1071px) 543px, 580px\" \/><\/figure>\n\n\n\n<figure class=\"wp-block-image size-large\"><img loading=\"lazy\" decoding=\"async\" width=\"1024\" height=\"576\" data-id=\"9365\" src=\"https:\/\/mybonnechance.de\/wp-content\/uploads\/2024\/08\/20240810_094449-1024x576.jpg\" alt=\"\" class=\"wp-image-9365\" srcset=\"https:\/\/mybonnechance.de\/wp-content\/uploads\/2024\/08\/20240810_094449-1024x576.jpg 1024w, https:\/\/mybonnechance.de\/wp-content\/uploads\/2024\/08\/20240810_094449-300x169.jpg 300w, https:\/\/mybonnechance.de\/wp-content\/uploads\/2024\/08\/20240810_094449-768x432.jpg 768w, https:\/\/mybonnechance.de\/wp-content\/uploads\/2024\/08\/20240810_094449-1536x864.jpg 1536w, https:\/\/mybonnechance.de\/wp-content\/uploads\/2024\/08\/20240810_094449-2048x1152.jpg 2048w\" sizes=\"auto, (max-width: 767px) 89vw, (max-width: 1000px) 54vw, (max-width: 1071px) 543px, 580px\" \/><\/figure>\n<\/figure>\n\n\n\n<p id=\"block-d5dbfc40-d365-4903-bab2-ae88ca8395a3\">Fr\u00fch am Mittag erreichen wir die <strong>Marina<\/strong> <strong>Marienwerder<\/strong>.<\/p>\n\n\n\n<figure class=\"wp-block-gallery has-nested-images columns-default is-cropped wp-block-gallery-3 is-layout-flex wp-block-gallery-is-layout-flex\">\n<figure class=\"wp-block-image size-large\"><img loading=\"lazy\" decoding=\"async\" width=\"1024\" height=\"576\" data-id=\"9451\" src=\"https:\/\/mybonnechance.de\/wp-content\/uploads\/2024\/08\/20240721_162355-1024x576.jpg\" alt=\"\" class=\"wp-image-9451\" srcset=\"https:\/\/mybonnechance.de\/wp-content\/uploads\/2024\/08\/20240721_162355-1024x576.jpg 1024w, https:\/\/mybonnechance.de\/wp-content\/uploads\/2024\/08\/20240721_162355-300x169.jpg 300w, https:\/\/mybonnechance.de\/wp-content\/uploads\/2024\/08\/20240721_162355-768x432.jpg 768w, https:\/\/mybonnechance.de\/wp-content\/uploads\/2024\/08\/20240721_162355-1536x864.jpg 1536w, https:\/\/mybonnechance.de\/wp-content\/uploads\/2024\/08\/20240721_162355-2048x1152.jpg 2048w\" sizes=\"auto, (max-width: 767px) 89vw, (max-width: 1000px) 54vw, (max-width: 1071px) 543px, 580px\" \/><\/figure>\n\n\n\n<figure class=\"wp-block-image size-large\"><img loading=\"lazy\" decoding=\"async\" width=\"1024\" height=\"576\" data-id=\"9452\" src=\"https:\/\/mybonnechance.de\/wp-content\/uploads\/2024\/08\/20240721_162123-1024x576.jpg\" alt=\"\" class=\"wp-image-9452\" srcset=\"https:\/\/mybonnechance.de\/wp-content\/uploads\/2024\/08\/20240721_162123-1024x576.jpg 1024w, https:\/\/mybonnechance.de\/wp-content\/uploads\/2024\/08\/20240721_162123-300x169.jpg 300w, https:\/\/mybonnechance.de\/wp-content\/uploads\/2024\/08\/20240721_162123-768x432.jpg 768w, https:\/\/mybonnechance.de\/wp-content\/uploads\/2024\/08\/20240721_162123-1536x864.jpg 1536w, https:\/\/mybonnechance.de\/wp-content\/uploads\/2024\/08\/20240721_162123-2048x1152.jpg 2048w\" sizes=\"auto, (max-width: 767px) 89vw, (max-width: 1000px) 54vw, (max-width: 1071px) 543px, 580px\" \/><\/figure>\n<\/figure>\n\n\n\n<p class=\"has-vivid-red-color has-text-color has-link-color wp-elements-304313bc4d3fa0ab6e9ebf877fbcb92b\" id=\"block-d5dbfc40-d365-4903-bab2-ae88ca8395a3\"><strong><em>Hafengeb\u00fchr:  30.- incl. Strom, Wasser, Wlan, Hafenrestaurant, Bibliothek, Waschmaschine 3.- + Trockner 4.-<\/em><\/strong><\/p>\n\n\n\n<p id=\"block-d5dbfc40-d365-4903-bab2-ae88ca8395a3\">Es ist zwar warm, aber es hilft nichts: wir m\u00fcssen unbedingt die Fenster putzen nach den Fliegenattacken im Dable Male See und den immer mal wieder auftretenden Regenschauern der vergangenen Tage. Zur Belohnung gibt es dann aber auch einen Eisbecher im Hafenrestaurant.<\/p>\n\n\n","protected":false},"excerpt":{"rendered":"<p>Tag 97, Samstag 10. August Oderberg, Marina Oderberg &#8211; Marienwerder, Marina Marienwerder32 km &#8211; 1 Hebwerk &#8211; 4,3 Std. Fahrzeit Wir starten wieder bei Sonnenschein, dagegen hat es gestern tats\u00e4chlich Dauerregen gegeben. Strahlender Sonnenschein begleitet uns auf dem Oder Havel Kanal. Beim Schiffshebewerk Finow haben wir wieder einen l\u00e4ngeren Aufenthalt, daf\u00fcr schleusen wir diesmal mit &hellip; <\/p>\n<p class=\"link-more\"><a href=\"https:\/\/mybonnechance.de\/?page_id=9200\" class=\"more-link\"><span class=\"screen-reader-text\">\u201e2024-52 Marienwerder\u201c<\/span> weiterlesen<\/a><\/p>\n","protected":false},"author":1,"featured_media":0,"parent":0,"menu_order":0,"comment_status":"closed","ping_status":"closed","template":"","meta":{"ngg_post_thumbnail":0,"footnotes":""},"class_list":["post-9200","page","type-page","status-publish","hentry"],"_links":{"self":[{"href":"https:\/\/mybonnechance.de\/index.php?rest_route=\/wp\/v2\/pages\/9200","targetHints":{"allow":["GET"]}}],"collection":[{"href":"https:\/\/mybonnechance.de\/index.php?rest_route=\/wp\/v2\/pages"}],"about":[{"href":"https:\/\/mybonnechance.de\/index.php?rest_route=\/wp\/v2\/types\/page"}],"author":[{"embeddable":true,"href":"https:\/\/mybonnechance.de\/index.php?rest_route=\/wp\/v2\/users\/1"}],"replies":[{"embeddable":true,"href":"https:\/\/mybonnechance.de\/index.php?rest_route=%2Fwp%2Fv2%2Fcomments&post=9200"}],"version-history":[{"count":8,"href":"https:\/\/mybonnechance.de\/index.php?rest_route=\/wp\/v2\/pages\/9200\/revisions"}],"predecessor-version":[{"id":9453,"href":"https:\/\/mybonnechance.de\/index.php?rest_route=\/wp\/v2\/pages\/9200\/revisions\/9453"}],"wp:attachment":[{"href":"https:\/\/mybonnechance.de\/index.php?rest_route=%2Fwp%2Fv2%2Fmedia&parent=9200"}],"curies":[{"name":"wp","href":"https:\/\/api.w.org\/{rel}","templated":true}]}}