{"id":9371,"date":"2024-08-15T12:38:17","date_gmt":"2024-08-15T12:38:17","guid":{"rendered":"https:\/\/mybonnechance.de\/?page_id=9371"},"modified":"2024-08-28T18:04:50","modified_gmt":"2024-08-28T18:04:50","slug":"2024-53-zehdenick","status":"publish","type":"page","link":"https:\/\/mybonnechance.de\/?page_id=9371","title":{"rendered":"2024-53 Zehdenick"},"content":{"rendered":"\n<p><strong>Tag 98, Sonntag 11. August        Marienwerder, Marina Marienwerder<\/strong> &#8211;<strong> Zehdenick Stadthafen<\/strong><br>32,3 km &#8211; 3 Schleusen &#8211; 1 Br\u00fccke &#8211; 5 Std. Fahrzeit <br>Heute morgen etwas windig, aber zum Gl\u00fcck nicht ganz so wie gestern. Zu unserem heutigen Ziel <strong>Zehdenick<\/strong> werden wir unser Schiff etwas abbauen m\u00fcssen, obwohl wir schon die Route \u00fcber den <strong>Malzerkanal<\/strong> gew\u00e4hlt haben. Der Weg \u00fcber den <strong>Langen Tr\u00f6del<\/strong> und der <strong>Zerpenschleuse<\/strong> w\u00e4re mit noch mehr Abbau verbunden.<br>Der <strong>Malzerkanal<\/strong> ist wieder sehr idyllisch \u2013 Spreewaldlike. <\/p>\n\n\n\n<div class=\"wp-block-columns is-layout-flex wp-container-core-columns-is-layout-9d6595d7 wp-block-columns-is-layout-flex\">\n<div class=\"wp-block-column is-layout-flow wp-block-column-is-layout-flow\" style=\"flex-basis:25%\">\n<figure class=\"wp-block-gallery has-nested-images columns-default is-cropped wp-block-gallery-1 is-layout-flex wp-block-gallery-is-layout-flex\">\n<figure class=\"wp-block-image size-large\"><img loading=\"lazy\" decoding=\"async\" width=\"576\" height=\"1024\" data-id=\"9383\" src=\"https:\/\/mybonnechance.de\/wp-content\/uploads\/2024\/08\/20240811_092117-576x1024.jpg\" alt=\"\" class=\"wp-image-9383\" srcset=\"https:\/\/mybonnechance.de\/wp-content\/uploads\/2024\/08\/20240811_092117-576x1024.jpg 576w, https:\/\/mybonnechance.de\/wp-content\/uploads\/2024\/08\/20240811_092117-169x300.jpg 169w, https:\/\/mybonnechance.de\/wp-content\/uploads\/2024\/08\/20240811_092117-768x1365.jpg 768w, https:\/\/mybonnechance.de\/wp-content\/uploads\/2024\/08\/20240811_092117-864x1536.jpg 864w, https:\/\/mybonnechance.de\/wp-content\/uploads\/2024\/08\/20240811_092117-1152x2048.jpg 1152w, https:\/\/mybonnechance.de\/wp-content\/uploads\/2024\/08\/20240811_092117-scaled.jpg 1440w\" sizes=\"auto, (max-width: 576px) 100vw, 576px\" \/><\/figure>\n<\/figure>\n<\/div>\n\n\n\n<div class=\"wp-block-column is-layout-flow wp-block-column-is-layout-flow\" style=\"flex-basis:50%\">\n<figure class=\"wp-block-gallery has-nested-images columns-default is-cropped wp-block-gallery-2 is-layout-flex wp-block-gallery-is-layout-flex\">\n<figure class=\"wp-block-image size-large\"><img loading=\"lazy\" decoding=\"async\" width=\"1024\" height=\"576\" data-id=\"9385\" src=\"https:\/\/mybonnechance.de\/wp-content\/uploads\/2024\/08\/20240811_094542-1024x576.jpg\" alt=\"\" class=\"wp-image-9385\" srcset=\"https:\/\/mybonnechance.de\/wp-content\/uploads\/2024\/08\/20240811_094542-1024x576.jpg 1024w, https:\/\/mybonnechance.de\/wp-content\/uploads\/2024\/08\/20240811_094542-300x169.jpg 300w, https:\/\/mybonnechance.de\/wp-content\/uploads\/2024\/08\/20240811_094542-768x432.jpg 768w, https:\/\/mybonnechance.de\/wp-content\/uploads\/2024\/08\/20240811_094542-1536x864.jpg 1536w, https:\/\/mybonnechance.de\/wp-content\/uploads\/2024\/08\/20240811_094542-2048x1152.jpg 2048w\" sizes=\"auto, (max-width: 767px) 89vw, (max-width: 1000px) 54vw, (max-width: 1071px) 543px, 580px\" \/><\/figure>\n<\/figure>\n\n\n\n<p><strong>Hier f\u00e4hrt man oft seinen Camper spazieren<\/strong><\/p>\n<\/div>\n\n\n\n<div class=\"wp-block-column is-layout-flow wp-block-column-is-layout-flow\" style=\"flex-basis:25%\">\n<figure class=\"wp-block-image size-large is-resized\"><img loading=\"lazy\" decoding=\"async\" width=\"786\" height=\"1024\" src=\"https:\/\/mybonnechance.de\/wp-content\/uploads\/2024\/08\/20240811_110254-1-786x1024.jpg\" alt=\"\" class=\"wp-image-9386\" style=\"width:250px;height:auto\" srcset=\"https:\/\/mybonnechance.de\/wp-content\/uploads\/2024\/08\/20240811_110254-1-786x1024.jpg 786w, https:\/\/mybonnechance.de\/wp-content\/uploads\/2024\/08\/20240811_110254-1-230x300.jpg 230w, https:\/\/mybonnechance.de\/wp-content\/uploads\/2024\/08\/20240811_110254-1-768x1001.jpg 768w, https:\/\/mybonnechance.de\/wp-content\/uploads\/2024\/08\/20240811_110254-1-1179x1536.jpg 1179w, https:\/\/mybonnechance.de\/wp-content\/uploads\/2024\/08\/20240811_110254-1.jpg 1319w\" sizes=\"auto, (max-width: 767px) 89vw, (max-width: 1000px) 54vw, (max-width: 1071px) 543px, 580px\" \/><\/figure>\n<\/div>\n<\/div>\n\n\n\n<p>Die drei Schleusen bis Zehdenick sind alle in Selbstbedienung, aber wir haben ein Schiff vor uns, welches die Arbeit f\u00fcr uns miterledigt. Alles geht gut bis f\u00fcr zur Kampbr\u00fccke kommen, quasi an der Zehdenick Schleuse. Stephan hat vers\u00e4umt hinter unserem Vordermann herzufahren und dann schaltet die Br\u00fccke vor der Schleuse ganz dicht vor uns auf Rot. Sonst h\u00e4tten wir so durchfahren k\u00f6nnen, denn die Schleuse war noch offen. Also m\u00fcssen wir fast 1 h warten, bis war dann endlich am <strong>Hafen Zehdenick<\/strong> ankommen. Der Hafen befindet sich direkt neben der Schleuse. Es gibt dort einen langen L\u00e4ngssteg und es ist auch bequem die Fahrr\u00e4der runterzuholen. <\/p>\n\n\n\n<p class=\"has-vivid-red-color has-text-color has-link-color wp-elements-ea3515a6c3027ce7083b76bc2b12d974\"><strong><em>Hafengeb\u00fchr:  2.- p.M. + 2.- p,P. ,  4.- Strom,  1.- pro  100 l Wasser. Kein Wlan, Hafenrstaurant (Italiener)<\/em><\/strong> + <strong><em>Grieche gegen\u00fcber<\/em><\/strong>, <em><strong>EZ mit REWE, Rossmann und Obi ca. 1,5 kk,  Netto ca. 1 km+ Lidl entgegengesetzte Richtung<\/strong><\/em><\/p>\n\n\n\n<p>Abends zum <strong>Italiener am Hafen<\/strong> \u2013 war lecker.<\/p>\n\n\n\n<div class=\"wp-block-columns is-layout-flex wp-container-core-columns-is-layout-9d6595d7 wp-block-columns-is-layout-flex\">\n<div class=\"wp-block-column is-layout-flow wp-block-column-is-layout-flow\">\n<figure class=\"wp-block-image size-large\"><img loading=\"lazy\" decoding=\"async\" width=\"576\" height=\"1024\" src=\"https:\/\/mybonnechance.de\/wp-content\/uploads\/2024\/08\/20240811_194215-576x1024.jpg\" alt=\"\" class=\"wp-image-9387\" srcset=\"https:\/\/mybonnechance.de\/wp-content\/uploads\/2024\/08\/20240811_194215-576x1024.jpg 576w, https:\/\/mybonnechance.de\/wp-content\/uploads\/2024\/08\/20240811_194215-169x300.jpg 169w, https:\/\/mybonnechance.de\/wp-content\/uploads\/2024\/08\/20240811_194215-768x1365.jpg 768w, https:\/\/mybonnechance.de\/wp-content\/uploads\/2024\/08\/20240811_194215-864x1536.jpg 864w, https:\/\/mybonnechance.de\/wp-content\/uploads\/2024\/08\/20240811_194215-1152x2048.jpg 1152w, https:\/\/mybonnechance.de\/wp-content\/uploads\/2024\/08\/20240811_194215-scaled.jpg 1440w\" sizes=\"auto, (max-width: 576px) 100vw, 576px\" \/><\/figure>\n<\/div>\n\n\n\n<div class=\"wp-block-column is-layout-flow wp-block-column-is-layout-flow\">\n<figure class=\"wp-block-image size-large\"><img loading=\"lazy\" decoding=\"async\" width=\"576\" height=\"1024\" src=\"https:\/\/mybonnechance.de\/wp-content\/uploads\/2024\/08\/20240811_195125-576x1024.jpg\" alt=\"\" class=\"wp-image-9388\" srcset=\"https:\/\/mybonnechance.de\/wp-content\/uploads\/2024\/08\/20240811_195125-576x1024.jpg 576w, https:\/\/mybonnechance.de\/wp-content\/uploads\/2024\/08\/20240811_195125-169x300.jpg 169w, https:\/\/mybonnechance.de\/wp-content\/uploads\/2024\/08\/20240811_195125-768x1365.jpg 768w, https:\/\/mybonnechance.de\/wp-content\/uploads\/2024\/08\/20240811_195125-864x1536.jpg 864w, https:\/\/mybonnechance.de\/wp-content\/uploads\/2024\/08\/20240811_195125-1152x2048.jpg 1152w, https:\/\/mybonnechance.de\/wp-content\/uploads\/2024\/08\/20240811_195125-scaled.jpg 1440w\" sizes=\"auto, (max-width: 576px) 100vw, 576px\" \/><\/figure>\n<\/div>\n\n\n\n<div class=\"wp-block-column is-layout-flow wp-block-column-is-layout-flow\">\n<figure class=\"wp-block-image size-large\"><img loading=\"lazy\" decoding=\"async\" width=\"576\" height=\"1024\" src=\"https:\/\/mybonnechance.de\/wp-content\/uploads\/2024\/08\/20240811_195409-576x1024.jpg\" alt=\"\" class=\"wp-image-9389\" srcset=\"https:\/\/mybonnechance.de\/wp-content\/uploads\/2024\/08\/20240811_195409-576x1024.jpg 576w, https:\/\/mybonnechance.de\/wp-content\/uploads\/2024\/08\/20240811_195409-169x300.jpg 169w, https:\/\/mybonnechance.de\/wp-content\/uploads\/2024\/08\/20240811_195409-768x1365.jpg 768w, https:\/\/mybonnechance.de\/wp-content\/uploads\/2024\/08\/20240811_195409-864x1536.jpg 864w, https:\/\/mybonnechance.de\/wp-content\/uploads\/2024\/08\/20240811_195409-1152x2048.jpg 1152w, https:\/\/mybonnechance.de\/wp-content\/uploads\/2024\/08\/20240811_195409-scaled.jpg 1440w\" sizes=\"auto, (max-width: 576px) 100vw, 576px\" \/><\/figure>\n<\/div>\n<\/div>\n\n\n\n<p><strong>Tag 99, Montag 12. August <\/strong><br>Es wird heute so hei\u00df, dass wir es nur auf dem Fahrrad aushalten werden. So fahren wir zum <strong>Ziegeleimuseum<\/strong> und \u00fcberlegen auf unserem R\u00fcckweg von Tempin  in den dortigen <strong>\u201eAlten<\/strong> <strong>Hafen\u201c<\/strong> festzumachen, da der sich praktischweise direkt auf dem Gel\u00e4nde des Museums befindet. Dort hat man fr\u00fcher die Ziegel weiter u.a. nach Berlin verschifft. Aber der doch recht hohe Liegepreis hat uns dann davon abgehalten, obwohl man dort wirklich sehr nett liegt. Also sind wir kurz entschlossen direkt ins Museum gegangen. Zeitlich konnten wir eine F\u00fchrung per Bimmelbahn mitmachen. Danach nochmal durchs Gel\u00e4nde geradelt und ich habe sogar meinen eigenen Ziegel gebastelt. Wenn man bedenkt, da\u00df ich f\u00fcr diesen &#8222;Kinderziegel&#8220;  fast 10 min. gebraucht habe und die Arbeiter fr\u00fcher in Ihrer Schicht (10 &#8211; 12h lang) teilweise \u00fcber 4000 geschafft haben, wei\u00df man wie schwer die k\u00f6perliche Arbeit war.<\/p>\n\n\n\n<div class=\"wp-block-columns is-layout-flex wp-container-core-columns-is-layout-9d6595d7 wp-block-columns-is-layout-flex\">\n<div class=\"wp-block-column is-layout-flow wp-block-column-is-layout-flow\">\n<figure class=\"wp-block-gallery has-nested-images columns-default is-cropped wp-block-gallery-3 is-layout-flex wp-block-gallery-is-layout-flex\">\n<figure class=\"wp-block-image size-large\"><img loading=\"lazy\" decoding=\"async\" width=\"576\" height=\"1024\" data-id=\"9392\" src=\"https:\/\/mybonnechance.de\/wp-content\/uploads\/2024\/08\/20240812_122339-576x1024.jpg\" alt=\"\" class=\"wp-image-9392\" srcset=\"https:\/\/mybonnechance.de\/wp-content\/uploads\/2024\/08\/20240812_122339-576x1024.jpg 576w, https:\/\/mybonnechance.de\/wp-content\/uploads\/2024\/08\/20240812_122339-169x300.jpg 169w, https:\/\/mybonnechance.de\/wp-content\/uploads\/2024\/08\/20240812_122339-768x1365.jpg 768w, https:\/\/mybonnechance.de\/wp-content\/uploads\/2024\/08\/20240812_122339-864x1536.jpg 864w, https:\/\/mybonnechance.de\/wp-content\/uploads\/2024\/08\/20240812_122339-1152x2048.jpg 1152w, https:\/\/mybonnechance.de\/wp-content\/uploads\/2024\/08\/20240812_122339-scaled.jpg 1440w\" sizes=\"auto, (max-width: 576px) 100vw, 576px\" \/><\/figure>\n<\/figure>\n\n\n\n<figure class=\"wp-block-gallery has-nested-images columns-default is-cropped wp-block-gallery-4 is-layout-flex wp-block-gallery-is-layout-flex\">\n<figure class=\"wp-block-image size-large\"><img loading=\"lazy\" decoding=\"async\" width=\"576\" height=\"1024\" data-id=\"9396\" src=\"https:\/\/mybonnechance.de\/wp-content\/uploads\/2024\/08\/20240812_130512-576x1024.jpg\" alt=\"\" class=\"wp-image-9396\" srcset=\"https:\/\/mybonnechance.de\/wp-content\/uploads\/2024\/08\/20240812_130512-576x1024.jpg 576w, https:\/\/mybonnechance.de\/wp-content\/uploads\/2024\/08\/20240812_130512-169x300.jpg 169w, https:\/\/mybonnechance.de\/wp-content\/uploads\/2024\/08\/20240812_130512-768x1365.jpg 768w, https:\/\/mybonnechance.de\/wp-content\/uploads\/2024\/08\/20240812_130512-864x1536.jpg 864w, https:\/\/mybonnechance.de\/wp-content\/uploads\/2024\/08\/20240812_130512-1152x2048.jpg 1152w, https:\/\/mybonnechance.de\/wp-content\/uploads\/2024\/08\/20240812_130512-scaled.jpg 1440w\" sizes=\"auto, (max-width: 576px) 100vw, 576px\" \/><figcaption class=\"wp-element-caption\"><strong>Dampfmaschine<\/strong><\/figcaption><\/figure>\n<\/figure>\n\n\n\n<figure class=\"wp-block-gallery has-nested-images columns-default is-cropped wp-block-gallery-5 is-layout-flex wp-block-gallery-is-layout-flex\">\n<figure class=\"wp-block-image size-large\"><img loading=\"lazy\" decoding=\"async\" width=\"576\" height=\"1024\" data-id=\"9401\" src=\"https:\/\/mybonnechance.de\/wp-content\/uploads\/2024\/08\/20240812_150111-576x1024.jpg\" alt=\"\" class=\"wp-image-9401\" srcset=\"https:\/\/mybonnechance.de\/wp-content\/uploads\/2024\/08\/20240812_150111-576x1024.jpg 576w, https:\/\/mybonnechance.de\/wp-content\/uploads\/2024\/08\/20240812_150111-169x300.jpg 169w, https:\/\/mybonnechance.de\/wp-content\/uploads\/2024\/08\/20240812_150111-768x1365.jpg 768w, https:\/\/mybonnechance.de\/wp-content\/uploads\/2024\/08\/20240812_150111-864x1536.jpg 864w, https:\/\/mybonnechance.de\/wp-content\/uploads\/2024\/08\/20240812_150111-1152x2048.jpg 1152w, https:\/\/mybonnechance.de\/wp-content\/uploads\/2024\/08\/20240812_150111-scaled.jpg 1440w\" sizes=\"auto, (max-width: 576px) 100vw, 576px\" \/><figcaption class=\"wp-element-caption\"><strong>Ringofen<\/strong><\/figcaption><\/figure>\n<\/figure>\n<\/div>\n\n\n\n<div class=\"wp-block-column is-layout-flow wp-block-column-is-layout-flow\">\n<figure class=\"wp-block-gallery has-nested-images columns-default is-cropped wp-block-gallery-6 is-layout-flex wp-block-gallery-is-layout-flex\">\n<figure class=\"wp-block-image size-large\"><img loading=\"lazy\" decoding=\"async\" width=\"576\" height=\"1024\" data-id=\"9393\" src=\"https:\/\/mybonnechance.de\/wp-content\/uploads\/2024\/08\/20240812_205554-576x1024.jpg\" alt=\"\" class=\"wp-image-9393\" srcset=\"https:\/\/mybonnechance.de\/wp-content\/uploads\/2024\/08\/20240812_205554-576x1024.jpg 576w, https:\/\/mybonnechance.de\/wp-content\/uploads\/2024\/08\/20240812_205554-169x300.jpg 169w, https:\/\/mybonnechance.de\/wp-content\/uploads\/2024\/08\/20240812_205554-768x1365.jpg 768w, https:\/\/mybonnechance.de\/wp-content\/uploads\/2024\/08\/20240812_205554-864x1536.jpg 864w, https:\/\/mybonnechance.de\/wp-content\/uploads\/2024\/08\/20240812_205554-1152x2048.jpg 1152w, https:\/\/mybonnechance.de\/wp-content\/uploads\/2024\/08\/20240812_205554-scaled.jpg 1440w\" sizes=\"auto, (max-width: 576px) 100vw, 576px\" \/><figcaption class=\"wp-element-caption\"><strong>Mein kleiner Ziege<\/strong><\/figcaption><\/figure>\n<\/figure>\n\n\n\n<figure class=\"wp-block-gallery has-nested-images columns-default is-cropped wp-block-gallery-7 is-layout-flex wp-block-gallery-is-layout-flex\">\n<figure class=\"wp-block-image size-large\"><img loading=\"lazy\" decoding=\"async\" width=\"576\" height=\"1024\" data-id=\"9400\" src=\"https:\/\/mybonnechance.de\/wp-content\/uploads\/2024\/08\/20240812_130132-576x1024.jpg\" alt=\"\" class=\"wp-image-9400\" srcset=\"https:\/\/mybonnechance.de\/wp-content\/uploads\/2024\/08\/20240812_130132-576x1024.jpg 576w, https:\/\/mybonnechance.de\/wp-content\/uploads\/2024\/08\/20240812_130132-169x300.jpg 169w, https:\/\/mybonnechance.de\/wp-content\/uploads\/2024\/08\/20240812_130132-768x1365.jpg 768w, https:\/\/mybonnechance.de\/wp-content\/uploads\/2024\/08\/20240812_130132-864x1536.jpg 864w, https:\/\/mybonnechance.de\/wp-content\/uploads\/2024\/08\/20240812_130132-1152x2048.jpg 1152w, https:\/\/mybonnechance.de\/wp-content\/uploads\/2024\/08\/20240812_130132-scaled.jpg 1440w\" sizes=\"auto, (max-width: 576px) 100vw, 576px\" \/><\/figure>\n<\/figure>\n\n\n\n<figure class=\"wp-block-gallery has-nested-images columns-default is-cropped wp-block-gallery-8 is-layout-flex wp-block-gallery-is-layout-flex\">\n<figure class=\"wp-block-image size-large\"><img loading=\"lazy\" decoding=\"async\" width=\"576\" height=\"1024\" data-id=\"9402\" src=\"https:\/\/mybonnechance.de\/wp-content\/uploads\/2024\/08\/20240812_150546-576x1024.jpg\" alt=\"\" class=\"wp-image-9402\" srcset=\"https:\/\/mybonnechance.de\/wp-content\/uploads\/2024\/08\/20240812_150546-576x1024.jpg 576w, https:\/\/mybonnechance.de\/wp-content\/uploads\/2024\/08\/20240812_150546-169x300.jpg 169w, https:\/\/mybonnechance.de\/wp-content\/uploads\/2024\/08\/20240812_150546-768x1365.jpg 768w, https:\/\/mybonnechance.de\/wp-content\/uploads\/2024\/08\/20240812_150546-864x1536.jpg 864w, https:\/\/mybonnechance.de\/wp-content\/uploads\/2024\/08\/20240812_150546-1152x2048.jpg 1152w, https:\/\/mybonnechance.de\/wp-content\/uploads\/2024\/08\/20240812_150546-scaled.jpg 1440w\" sizes=\"auto, (max-width: 576px) 100vw, 576px\" \/><figcaption class=\"wp-element-caption\"><strong>Brenntemperatur<\/strong><\/figcaption><\/figure>\n<\/figure>\n<\/div>\n\n\n\n<div class=\"wp-block-column is-layout-flow wp-block-column-is-layout-flow\">\n<figure class=\"wp-block-gallery has-nested-images columns-default is-cropped wp-block-gallery-9 is-layout-flex wp-block-gallery-is-layout-flex\">\n<figure class=\"wp-block-image size-large\"><img loading=\"lazy\" decoding=\"async\" width=\"576\" height=\"1024\" data-id=\"9394\" src=\"https:\/\/mybonnechance.de\/wp-content\/uploads\/2024\/08\/20240812_143108-576x1024.jpg\" alt=\"\" class=\"wp-image-9394\" srcset=\"https:\/\/mybonnechance.de\/wp-content\/uploads\/2024\/08\/20240812_143108-576x1024.jpg 576w, https:\/\/mybonnechance.de\/wp-content\/uploads\/2024\/08\/20240812_143108-169x300.jpg 169w, https:\/\/mybonnechance.de\/wp-content\/uploads\/2024\/08\/20240812_143108-768x1365.jpg 768w, https:\/\/mybonnechance.de\/wp-content\/uploads\/2024\/08\/20240812_143108-864x1536.jpg 864w, https:\/\/mybonnechance.de\/wp-content\/uploads\/2024\/08\/20240812_143108-1152x2048.jpg 1152w, https:\/\/mybonnechance.de\/wp-content\/uploads\/2024\/08\/20240812_143108-scaled.jpg 1440w\" sizes=\"auto, (max-width: 576px) 100vw, 576px\" \/><figcaption class=\"wp-element-caption\"><strong>So lang der richtige Ziegel<\/strong><\/figcaption><\/figure>\n<\/figure>\n\n\n\n<figure class=\"wp-block-gallery has-nested-images columns-default is-cropped wp-block-gallery-10 is-layout-flex wp-block-gallery-is-layout-flex\">\n<figure class=\"wp-block-image size-large\"><img loading=\"lazy\" decoding=\"async\" width=\"576\" height=\"1024\" data-id=\"9399\" src=\"https:\/\/mybonnechance.de\/wp-content\/uploads\/2024\/08\/20240812_131257-576x1024.jpg\" alt=\"\" class=\"wp-image-9399\" srcset=\"https:\/\/mybonnechance.de\/wp-content\/uploads\/2024\/08\/20240812_131257-576x1024.jpg 576w, https:\/\/mybonnechance.de\/wp-content\/uploads\/2024\/08\/20240812_131257-169x300.jpg 169w, https:\/\/mybonnechance.de\/wp-content\/uploads\/2024\/08\/20240812_131257-768x1365.jpg 768w, https:\/\/mybonnechance.de\/wp-content\/uploads\/2024\/08\/20240812_131257-864x1536.jpg 864w, https:\/\/mybonnechance.de\/wp-content\/uploads\/2024\/08\/20240812_131257-1152x2048.jpg 1152w, https:\/\/mybonnechance.de\/wp-content\/uploads\/2024\/08\/20240812_131257-scaled.jpg 1440w\" sizes=\"auto, (max-width: 576px) 100vw, 576px\" \/><\/figure>\n<\/figure>\n\n\n\n<figure class=\"wp-block-gallery has-nested-images columns-default is-cropped wp-block-gallery-11 is-layout-flex wp-block-gallery-is-layout-flex\">\n<figure class=\"wp-block-image size-large\"><img loading=\"lazy\" decoding=\"async\" width=\"576\" height=\"1024\" data-id=\"9403\" src=\"https:\/\/mybonnechance.de\/wp-content\/uploads\/2024\/08\/20240812_144745-576x1024.jpg\" alt=\"\" class=\"wp-image-9403\" srcset=\"https:\/\/mybonnechance.de\/wp-content\/uploads\/2024\/08\/20240812_144745-576x1024.jpg 576w, https:\/\/mybonnechance.de\/wp-content\/uploads\/2024\/08\/20240812_144745-169x300.jpg 169w, https:\/\/mybonnechance.de\/wp-content\/uploads\/2024\/08\/20240812_144745-768x1365.jpg 768w, https:\/\/mybonnechance.de\/wp-content\/uploads\/2024\/08\/20240812_144745-864x1536.jpg 864w, https:\/\/mybonnechance.de\/wp-content\/uploads\/2024\/08\/20240812_144745-1152x2048.jpg 1152w, https:\/\/mybonnechance.de\/wp-content\/uploads\/2024\/08\/20240812_144745-scaled.jpg 1440w\" sizes=\"auto, (max-width: 576px) 100vw, 576px\" \/><figcaption class=\"wp-element-caption\"><strong>Zu hei\u00df gebrannt und verklumpt<\/strong><\/figcaption><\/figure>\n<\/figure>\n<\/div>\n<\/div>\n\n\n","protected":false},"excerpt":{"rendered":"<p>Tag 98, Sonntag 11. August Marienwerder, Marina Marienwerder &#8211; Zehdenick Stadthafen32,3 km &#8211; 3 Schleusen &#8211; 1 Br\u00fccke &#8211; 5 Std. Fahrzeit Heute morgen etwas windig, aber zum Gl\u00fcck nicht ganz so wie gestern. Zu unserem heutigen Ziel Zehdenick werden wir unser Schiff etwas abbauen m\u00fcssen, obwohl wir schon die Route \u00fcber den Malzerkanal gew\u00e4hlt &hellip; <\/p>\n<p class=\"link-more\"><a href=\"https:\/\/mybonnechance.de\/?page_id=9371\" class=\"more-link\"><span class=\"screen-reader-text\">\u201e2024-53 Zehdenick\u201c<\/span> weiterlesen<\/a><\/p>\n","protected":false},"author":1,"featured_media":0,"parent":0,"menu_order":0,"comment_status":"closed","ping_status":"closed","template":"","meta":{"ngg_post_thumbnail":0,"footnotes":""},"class_list":["post-9371","page","type-page","status-publish","hentry"],"_links":{"self":[{"href":"https:\/\/mybonnechance.de\/index.php?rest_route=\/wp\/v2\/pages\/9371","targetHints":{"allow":["GET"]}}],"collection":[{"href":"https:\/\/mybonnechance.de\/index.php?rest_route=\/wp\/v2\/pages"}],"about":[{"href":"https:\/\/mybonnechance.de\/index.php?rest_route=\/wp\/v2\/types\/page"}],"author":[{"embeddable":true,"href":"https:\/\/mybonnechance.de\/index.php?rest_route=\/wp\/v2\/users\/1"}],"replies":[{"embeddable":true,"href":"https:\/\/mybonnechance.de\/index.php?rest_route=%2Fwp%2Fv2%2Fcomments&post=9371"}],"version-history":[{"count":10,"href":"https:\/\/mybonnechance.de\/index.php?rest_route=\/wp\/v2\/pages\/9371\/revisions"}],"predecessor-version":[{"id":9496,"href":"https:\/\/mybonnechance.de\/index.php?rest_route=\/wp\/v2\/pages\/9371\/revisions\/9496"}],"wp:attachment":[{"href":"https:\/\/mybonnechance.de\/index.php?rest_route=%2Fwp%2Fv2%2Fmedia&parent=9371"}],"curies":[{"name":"wp","href":"https:\/\/api.w.org\/{rel}","templated":true}]}}