{"id":9373,"date":"2024-08-15T12:38:38","date_gmt":"2024-08-15T12:38:38","guid":{"rendered":"https:\/\/mybonnechance.de\/?page_id=9373"},"modified":"2024-08-18T12:39:14","modified_gmt":"2024-08-18T12:39:14","slug":"2024-54-zehdenick-prerauer-stich","status":"publish","type":"page","link":"https:\/\/mybonnechance.de\/?page_id=9373","title":{"rendered":"2024-54 Zehdenick, Prerauer Stich"},"content":{"rendered":"\n<p><strong>Tag 100, Dienstag 13. August         Zehdenick Stadthafen<\/strong> <strong>&#8211; Zehdenick, Prerauer Stich<\/strong><br>2 km &#8211;  0,25 Std. Fahrzeit<br>Sind eigentlich nur kurz ums Eck gefahren. Dieser Teich war fr\u00fcher eine 10 m tiefe Grube f\u00fcr den Tonabbau. Nachdem die Ziegleien aufgegeben wurde, hat man die Verbindung zur Havel wieder ge\u00f6ffnet und das Grundwasser nicht mehr abgepumpt. So ist der See entstanden, wie so viele entlang der Strecke nach Templin. Der <strong>Prerauer Stich<\/strong> ist aber fast die einzige fr\u00fchere Abbauhalde mit einer Verbindung zur Havel und damit mit einem Boot erreichbar. Wundersch\u00f6n &#8211; der See ist sauber und es ist sehr ruhig hier. Die Hitze l\u00e4sst sich gut aushalten, da immer ein leichter Wind weht.<\/p>\n\n\n\n<div class=\"wp-block-columns is-layout-flex wp-container-core-columns-is-layout-9d6595d7 wp-block-columns-is-layout-flex\">\n<div class=\"wp-block-column is-layout-flow wp-block-column-is-layout-flow\">\n<figure class=\"wp-block-gallery has-nested-images columns-default is-cropped wp-block-gallery-1 is-layout-flex wp-block-gallery-is-layout-flex\">\n<figure class=\"wp-block-image size-large\"><img loading=\"lazy\" decoding=\"async\" width=\"576\" height=\"1024\" data-id=\"9406\" src=\"https:\/\/mybonnechance.de\/wp-content\/uploads\/2024\/08\/20240813_161823-576x1024.jpg\" alt=\"\" class=\"wp-image-9406\" srcset=\"https:\/\/mybonnechance.de\/wp-content\/uploads\/2024\/08\/20240813_161823-576x1024.jpg 576w, https:\/\/mybonnechance.de\/wp-content\/uploads\/2024\/08\/20240813_161823-169x300.jpg 169w, https:\/\/mybonnechance.de\/wp-content\/uploads\/2024\/08\/20240813_161823-768x1365.jpg 768w, https:\/\/mybonnechance.de\/wp-content\/uploads\/2024\/08\/20240813_161823-864x1536.jpg 864w, https:\/\/mybonnechance.de\/wp-content\/uploads\/2024\/08\/20240813_161823-1152x2048.jpg 1152w, https:\/\/mybonnechance.de\/wp-content\/uploads\/2024\/08\/20240813_161823-scaled.jpg 1440w\" sizes=\"auto, (max-width: 576px) 100vw, 576px\" \/><\/figure>\n<\/figure>\n\n\n\n<figure class=\"wp-block-gallery has-nested-images columns-default is-cropped wp-block-gallery-2 is-layout-flex wp-block-gallery-is-layout-flex\">\n<figure class=\"wp-block-image size-large\"><img loading=\"lazy\" decoding=\"async\" width=\"576\" height=\"1024\" data-id=\"9408\" src=\"https:\/\/mybonnechance.de\/wp-content\/uploads\/2024\/08\/20240813_200240-576x1024.jpg\" alt=\"\" class=\"wp-image-9408\" srcset=\"https:\/\/mybonnechance.de\/wp-content\/uploads\/2024\/08\/20240813_200240-576x1024.jpg 576w, https:\/\/mybonnechance.de\/wp-content\/uploads\/2024\/08\/20240813_200240-169x300.jpg 169w, https:\/\/mybonnechance.de\/wp-content\/uploads\/2024\/08\/20240813_200240-768x1365.jpg 768w, https:\/\/mybonnechance.de\/wp-content\/uploads\/2024\/08\/20240813_200240-864x1536.jpg 864w, https:\/\/mybonnechance.de\/wp-content\/uploads\/2024\/08\/20240813_200240-1152x2048.jpg 1152w, https:\/\/mybonnechance.de\/wp-content\/uploads\/2024\/08\/20240813_200240-scaled.jpg 1440w\" sizes=\"auto, (max-width: 576px) 100vw, 576px\" \/><\/figure>\n<\/figure>\n<\/div>\n\n\n\n<div class=\"wp-block-column is-layout-flow wp-block-column-is-layout-flow\">\n<figure class=\"wp-block-gallery has-nested-images columns-default is-cropped wp-block-gallery-3 is-layout-flex wp-block-gallery-is-layout-flex\">\n<figure class=\"wp-block-image size-large\"><img loading=\"lazy\" decoding=\"async\" width=\"576\" height=\"1024\" data-id=\"9407\" src=\"https:\/\/mybonnechance.de\/wp-content\/uploads\/2024\/08\/20240813_161855-576x1024.jpg\" alt=\"\" class=\"wp-image-9407\" srcset=\"https:\/\/mybonnechance.de\/wp-content\/uploads\/2024\/08\/20240813_161855-576x1024.jpg 576w, https:\/\/mybonnechance.de\/wp-content\/uploads\/2024\/08\/20240813_161855-169x300.jpg 169w, https:\/\/mybonnechance.de\/wp-content\/uploads\/2024\/08\/20240813_161855-768x1365.jpg 768w, https:\/\/mybonnechance.de\/wp-content\/uploads\/2024\/08\/20240813_161855-864x1536.jpg 864w, https:\/\/mybonnechance.de\/wp-content\/uploads\/2024\/08\/20240813_161855-1152x2048.jpg 1152w, https:\/\/mybonnechance.de\/wp-content\/uploads\/2024\/08\/20240813_161855-scaled.jpg 1440w\" sizes=\"auto, (max-width: 576px) 100vw, 576px\" \/><\/figure>\n<\/figure>\n\n\n\n<figure class=\"wp-block-gallery has-nested-images columns-default is-cropped wp-block-gallery-4 is-layout-flex wp-block-gallery-is-layout-flex\">\n<figure class=\"wp-block-image size-large\"><img loading=\"lazy\" decoding=\"async\" width=\"576\" height=\"1024\" data-id=\"9410\" src=\"https:\/\/mybonnechance.de\/wp-content\/uploads\/2024\/08\/20240813_203234-576x1024.jpg\" alt=\"\" class=\"wp-image-9410\" srcset=\"https:\/\/mybonnechance.de\/wp-content\/uploads\/2024\/08\/20240813_203234-576x1024.jpg 576w, https:\/\/mybonnechance.de\/wp-content\/uploads\/2024\/08\/20240813_203234-169x300.jpg 169w, https:\/\/mybonnechance.de\/wp-content\/uploads\/2024\/08\/20240813_203234-768x1365.jpg 768w, https:\/\/mybonnechance.de\/wp-content\/uploads\/2024\/08\/20240813_203234-864x1536.jpg 864w, https:\/\/mybonnechance.de\/wp-content\/uploads\/2024\/08\/20240813_203234-1152x2048.jpg 1152w, https:\/\/mybonnechance.de\/wp-content\/uploads\/2024\/08\/20240813_203234-scaled.jpg 1440w\" sizes=\"auto, (max-width: 576px) 100vw, 576px\" \/><\/figure>\n<\/figure>\n<\/div>\n\n\n\n<div class=\"wp-block-column is-layout-flow wp-block-column-is-layout-flow\">\n<figure class=\"wp-block-gallery has-nested-images columns-default is-cropped wp-block-gallery-5 is-layout-flex wp-block-gallery-is-layout-flex\">\n<figure class=\"wp-block-image size-large\"><img loading=\"lazy\" decoding=\"async\" width=\"576\" height=\"1024\" data-id=\"9409\" src=\"https:\/\/mybonnechance.de\/wp-content\/uploads\/2024\/08\/20240813_195120-576x1024.jpg\" alt=\"\" class=\"wp-image-9409\" srcset=\"https:\/\/mybonnechance.de\/wp-content\/uploads\/2024\/08\/20240813_195120-576x1024.jpg 576w, https:\/\/mybonnechance.de\/wp-content\/uploads\/2024\/08\/20240813_195120-169x300.jpg 169w, https:\/\/mybonnechance.de\/wp-content\/uploads\/2024\/08\/20240813_195120-768x1365.jpg 768w, https:\/\/mybonnechance.de\/wp-content\/uploads\/2024\/08\/20240813_195120-864x1536.jpg 864w, https:\/\/mybonnechance.de\/wp-content\/uploads\/2024\/08\/20240813_195120-1152x2048.jpg 1152w, https:\/\/mybonnechance.de\/wp-content\/uploads\/2024\/08\/20240813_195120-scaled.jpg 1440w\" sizes=\"auto, (max-width: 576px) 100vw, 576px\" \/><\/figure>\n<\/figure>\n\n\n\n<figure class=\"wp-block-gallery has-nested-images columns-default is-cropped wp-block-gallery-6 is-layout-flex wp-block-gallery-is-layout-flex\">\n<figure class=\"wp-block-image size-large\"><img loading=\"lazy\" decoding=\"async\" width=\"576\" height=\"1024\" data-id=\"9411\" src=\"https:\/\/mybonnechance.de\/wp-content\/uploads\/2024\/08\/20240813_200908-576x1024.jpg\" alt=\"\" class=\"wp-image-9411\" srcset=\"https:\/\/mybonnechance.de\/wp-content\/uploads\/2024\/08\/20240813_200908-576x1024.jpg 576w, https:\/\/mybonnechance.de\/wp-content\/uploads\/2024\/08\/20240813_200908-169x300.jpg 169w, https:\/\/mybonnechance.de\/wp-content\/uploads\/2024\/08\/20240813_200908-768x1365.jpg 768w, https:\/\/mybonnechance.de\/wp-content\/uploads\/2024\/08\/20240813_200908-864x1536.jpg 864w, https:\/\/mybonnechance.de\/wp-content\/uploads\/2024\/08\/20240813_200908-1152x2048.jpg 1152w, https:\/\/mybonnechance.de\/wp-content\/uploads\/2024\/08\/20240813_200908-scaled.jpg 1440w\" sizes=\"auto, (max-width: 576px) 100vw, 576px\" \/><\/figure>\n<\/figure>\n<\/div>\n<\/div>\n\n\n\n<p><strong>Tag 101, Mittwoch 14. August<\/strong><br>Wir bleiben noch an diesem herrlichen See. Webseite wieder auf Vordermann gebracht, Buch zu Ende gelesen und herrlich geschwommen. Morgen geht es dann nach Templin, falls das klappt. Im Netzt steht die Templiner Gew\u00e4sser sollten nur bis h\u00f6chstens 1,20 Tiefgang befahren werden &#8211; wir haben 1,15 m was dann nat\u00fcrlich f\u00fcr uns knapp werden k\u00f6nnte. Habe mit dem Templiner Hafenmeister gesrochen und dieser war so nett, einen Schiffseigner zu fragen, der wohl gerade dort festgemacht hat. Der meint, der Kanal l\u00e4ge bei 1,80. Na dann schauen wir mal.<\/p>\n\n\n","protected":false},"excerpt":{"rendered":"<p>Tag 100, Dienstag 13. August Zehdenick Stadthafen &#8211; Zehdenick, Prerauer Stich2 km &#8211; 0,25 Std. FahrzeitSind eigentlich nur kurz ums Eck gefahren. Dieser Teich war fr\u00fcher eine 10 m tiefe Grube f\u00fcr den Tonabbau. Nachdem die Ziegleien aufgegeben wurde, hat man die Verbindung zur Havel wieder ge\u00f6ffnet und das Grundwasser nicht mehr abgepumpt. So ist &hellip; <\/p>\n<p class=\"link-more\"><a href=\"https:\/\/mybonnechance.de\/?page_id=9373\" class=\"more-link\"><span class=\"screen-reader-text\">\u201e2024-54 Zehdenick, Prerauer Stich\u201c<\/span> weiterlesen<\/a><\/p>\n","protected":false},"author":1,"featured_media":0,"parent":0,"menu_order":0,"comment_status":"closed","ping_status":"closed","template":"","meta":{"ngg_post_thumbnail":0,"footnotes":""},"class_list":["post-9373","page","type-page","status-publish","hentry"],"_links":{"self":[{"href":"https:\/\/mybonnechance.de\/index.php?rest_route=\/wp\/v2\/pages\/9373","targetHints":{"allow":["GET"]}}],"collection":[{"href":"https:\/\/mybonnechance.de\/index.php?rest_route=\/wp\/v2\/pages"}],"about":[{"href":"https:\/\/mybonnechance.de\/index.php?rest_route=\/wp\/v2\/types\/page"}],"author":[{"embeddable":true,"href":"https:\/\/mybonnechance.de\/index.php?rest_route=\/wp\/v2\/users\/1"}],"replies":[{"embeddable":true,"href":"https:\/\/mybonnechance.de\/index.php?rest_route=%2Fwp%2Fv2%2Fcomments&post=9373"}],"version-history":[{"count":2,"href":"https:\/\/mybonnechance.de\/index.php?rest_route=\/wp\/v2\/pages\/9373\/revisions"}],"predecessor-version":[{"id":9412,"href":"https:\/\/mybonnechance.de\/index.php?rest_route=\/wp\/v2\/pages\/9373\/revisions\/9412"}],"wp:attachment":[{"href":"https:\/\/mybonnechance.de\/index.php?rest_route=%2Fwp%2Fv2%2Fmedia&parent=9373"}],"curies":[{"name":"wp","href":"https:\/\/api.w.org\/{rel}","templated":true}]}}