{"id":9375,"date":"2024-08-15T12:39:03","date_gmt":"2024-08-15T12:39:03","guid":{"rendered":"https:\/\/mybonnechance.de\/?page_id=9375"},"modified":"2024-08-28T17:52:07","modified_gmt":"2024-08-28T17:52:07","slug":"2024-55-templin","status":"publish","type":"page","link":"https:\/\/mybonnechance.de\/?page_id=9375","title":{"rendered":"2024-55 Templin"},"content":{"rendered":"\n<p><strong>Tag 102, Donnerstag 15. August          Zehdenick, Prerauer Stich &#8211; Templin, Stadthafen<\/strong><br>30 km &#8211;  2 Schleusen &#8211; 4,25 Std. Fahrzeit<br>Auf der<strong> Havel<\/strong> ist auf jeden Fall alles prima. Wir kommen an den beiden H\u00e4fen im Ziegeleipark vorbei, wobei der <strong>Neue Hafen<\/strong> sogar eine <strong>Tankstelle<\/strong> hat. <\/p>\n\n\n\n<figure class=\"wp-block-image size-large\"><img loading=\"lazy\" decoding=\"async\" width=\"1024\" height=\"576\" src=\"https:\/\/mybonnechance.de\/wp-content\/uploads\/2024\/08\/20240815_092228-1024x576.jpg\" alt=\"\" class=\"wp-image-9416\" srcset=\"https:\/\/mybonnechance.de\/wp-content\/uploads\/2024\/08\/20240815_092228-1024x576.jpg 1024w, https:\/\/mybonnechance.de\/wp-content\/uploads\/2024\/08\/20240815_092228-300x169.jpg 300w, https:\/\/mybonnechance.de\/wp-content\/uploads\/2024\/08\/20240815_092228-768x432.jpg 768w, https:\/\/mybonnechance.de\/wp-content\/uploads\/2024\/08\/20240815_092228-1536x864.jpg 1536w, https:\/\/mybonnechance.de\/wp-content\/uploads\/2024\/08\/20240815_092228-2048x1152.jpg 2048w\" sizes=\"auto, (max-width: 767px) 89vw, (max-width: 1000px) 54vw, (max-width: 1071px) 543px, 580px\" \/><figcaption class=\"wp-element-caption\"><strong>Das ist der Alte Hafen im Ziegeleimuseum<\/strong><\/figcaption><\/figure>\n\n\n\n<p>Dann kommt der Abzweig zu den <strong>Templiner Gew\u00e4sser<\/strong> und dort ist ein 6 km\/h Schild angebracht. Viel mehr w\u00fcrden wir auch dort nicht fahren wollen, da es durch zahllose enge Kurven geht und ich f\u00fchle mich ein bisschen wie im &nbsp;Dschungel. Die Landschaft ist mal wieder wundersch\u00f6n.<br>Das Gew\u00e4sser  ist meist zwischen 1,50 \u2013 1,70 tief, also tats\u00e4chlich kein Problem. Das Piepen des Tiefenmesser nervt ein bisschen. Die <strong>Templinerschleuse<\/strong> ist nur 24 m lang und eng, d.h keine 2 gro\u00dfe Schiffe <\/p>\n\n\n\n<figure class=\"wp-block-gallery has-nested-images columns-default is-cropped wp-block-gallery-1 is-layout-flex wp-block-gallery-is-layout-flex\">\n<figure class=\"wp-block-image size-large\"><img loading=\"lazy\" decoding=\"async\" width=\"576\" height=\"1024\" data-id=\"9417\" src=\"https:\/\/mybonnechance.de\/wp-content\/uploads\/2024\/08\/20240815_123949-576x1024.jpg\" alt=\"\" class=\"wp-image-9417\" srcset=\"https:\/\/mybonnechance.de\/wp-content\/uploads\/2024\/08\/20240815_123949-576x1024.jpg 576w, https:\/\/mybonnechance.de\/wp-content\/uploads\/2024\/08\/20240815_123949-169x300.jpg 169w, https:\/\/mybonnechance.de\/wp-content\/uploads\/2024\/08\/20240815_123949-768x1365.jpg 768w, https:\/\/mybonnechance.de\/wp-content\/uploads\/2024\/08\/20240815_123949-864x1536.jpg 864w, https:\/\/mybonnechance.de\/wp-content\/uploads\/2024\/08\/20240815_123949-1152x2048.jpg 1152w, https:\/\/mybonnechance.de\/wp-content\/uploads\/2024\/08\/20240815_123949-scaled.jpg 1440w\" sizes=\"auto, (max-width: 576px) 100vw, 576px\" \/><\/figure>\n\n\n\n<figure class=\"wp-block-image size-large\"><img loading=\"lazy\" decoding=\"async\" width=\"576\" height=\"1024\" data-id=\"9419\" src=\"https:\/\/mybonnechance.de\/wp-content\/uploads\/2024\/08\/20240815_210359-576x1024.jpg\" alt=\"\" class=\"wp-image-9419\" srcset=\"https:\/\/mybonnechance.de\/wp-content\/uploads\/2024\/08\/20240815_210359-576x1024.jpg 576w, https:\/\/mybonnechance.de\/wp-content\/uploads\/2024\/08\/20240815_210359-169x300.jpg 169w, https:\/\/mybonnechance.de\/wp-content\/uploads\/2024\/08\/20240815_210359-768x1365.jpg 768w, https:\/\/mybonnechance.de\/wp-content\/uploads\/2024\/08\/20240815_210359-864x1536.jpg 864w, https:\/\/mybonnechance.de\/wp-content\/uploads\/2024\/08\/20240815_210359-1152x2048.jpg 1152w, https:\/\/mybonnechance.de\/wp-content\/uploads\/2024\/08\/20240815_210359-scaled.jpg 1440w\" sizes=\"auto, (max-width: 576px) 100vw, 576px\" \/><\/figure>\n\n\n\n<figure class=\"wp-block-image size-large\"><img loading=\"lazy\" decoding=\"async\" width=\"576\" height=\"1024\" data-id=\"9421\" src=\"https:\/\/mybonnechance.de\/wp-content\/uploads\/2024\/08\/20240815_133226-576x1024.jpg\" alt=\"\" class=\"wp-image-9421\" srcset=\"https:\/\/mybonnechance.de\/wp-content\/uploads\/2024\/08\/20240815_133226-576x1024.jpg 576w, https:\/\/mybonnechance.de\/wp-content\/uploads\/2024\/08\/20240815_133226-169x300.jpg 169w, https:\/\/mybonnechance.de\/wp-content\/uploads\/2024\/08\/20240815_133226-768x1365.jpg 768w, https:\/\/mybonnechance.de\/wp-content\/uploads\/2024\/08\/20240815_133226-864x1536.jpg 864w, https:\/\/mybonnechance.de\/wp-content\/uploads\/2024\/08\/20240815_133226-1152x2048.jpg 1152w, https:\/\/mybonnechance.de\/wp-content\/uploads\/2024\/08\/20240815_133226-scaled.jpg 1440w\" sizes=\"auto, (max-width: 576px) 100vw, 576px\" \/><figcaption class=\"wp-element-caption\"><strong>Templinerschleuse<\/strong><\/figcaption><\/figure>\n<\/figure>\n\n\n\n<p>Der <strong>Stadthafen Templin<\/strong> ist Partner vom<strong> Stadthafen Teltow<\/strong>.&nbsp; <\/p>\n\n\n\n<p class=\"has-vivid-red-color has-text-color has-link-color wp-elements-a99a4f00c962fbe6e4d17b7eb3513fca\"><br><strong><em>Hafengeb\u00fchr:  12,50 p. P incl. Strom, Wlan. Leider gibt es noch keinen Wasseranschluss, Hafenrestaurant<\/em><\/strong> <strong><em>mit kleiner Speisekarte<\/em><\/strong>, <strong><em>Wochenmarkt Di. + Fr., REWE ca. 1 km entfernt<\/em><\/strong><\/p>\n\n\n\n<figure class=\"wp-block-gallery has-nested-images columns-default is-cropped wp-block-gallery-2 is-layout-flex wp-block-gallery-is-layout-flex\">\n<figure class=\"wp-block-image size-large\"><img loading=\"lazy\" decoding=\"async\" width=\"576\" height=\"1024\" data-id=\"9422\" src=\"https:\/\/mybonnechance.de\/wp-content\/uploads\/2024\/08\/20240815_154235-576x1024.jpg\" alt=\"\" class=\"wp-image-9422\" srcset=\"https:\/\/mybonnechance.de\/wp-content\/uploads\/2024\/08\/20240815_154235-576x1024.jpg 576w, https:\/\/mybonnechance.de\/wp-content\/uploads\/2024\/08\/20240815_154235-169x300.jpg 169w, https:\/\/mybonnechance.de\/wp-content\/uploads\/2024\/08\/20240815_154235-768x1365.jpg 768w, https:\/\/mybonnechance.de\/wp-content\/uploads\/2024\/08\/20240815_154235-864x1536.jpg 864w, https:\/\/mybonnechance.de\/wp-content\/uploads\/2024\/08\/20240815_154235-1152x2048.jpg 1152w, https:\/\/mybonnechance.de\/wp-content\/uploads\/2024\/08\/20240815_154235-scaled.jpg 1440w\" sizes=\"auto, (max-width: 576px) 100vw, 576px\" \/><\/figure>\n\n\n\n<figure class=\"wp-block-image size-large\"><img loading=\"lazy\" decoding=\"async\" width=\"576\" height=\"1024\" data-id=\"9423\" src=\"https:\/\/mybonnechance.de\/wp-content\/uploads\/2024\/08\/20240815_154244-576x1024.jpg\" alt=\"\" class=\"wp-image-9423\" srcset=\"https:\/\/mybonnechance.de\/wp-content\/uploads\/2024\/08\/20240815_154244-576x1024.jpg 576w, https:\/\/mybonnechance.de\/wp-content\/uploads\/2024\/08\/20240815_154244-169x300.jpg 169w, https:\/\/mybonnechance.de\/wp-content\/uploads\/2024\/08\/20240815_154244-768x1365.jpg 768w, https:\/\/mybonnechance.de\/wp-content\/uploads\/2024\/08\/20240815_154244-864x1536.jpg 864w, https:\/\/mybonnechance.de\/wp-content\/uploads\/2024\/08\/20240815_154244-1152x2048.jpg 1152w, https:\/\/mybonnechance.de\/wp-content\/uploads\/2024\/08\/20240815_154244-scaled.jpg 1440w\" sizes=\"auto, (max-width: 576px) 100vw, 576px\" \/><\/figure>\n<\/figure>\n\n\n\n<p>Wir machen eine erste kleine Stadterkundung. Templin scheint auf jeden Fall mehr zu bieten als Zehdenick und am Abend g\u00f6nnen wir uns ein italienisches Restaurant \u2013 sehr lecker.<\/p>\n\n\n\n<p><strong>Tag 103, Freitag 16. August<\/strong><br>Unser erster Eindruck hat uns nicht get\u00e4uscht, <strong>Templin<\/strong> hat auf jeden Fall mehr zu bieten als Zehdenick. Am Di + Fr. ist Wochenmarkt, den wir auch direkt zum Einkauf von frischem Obst + Gem\u00fcse nutzen, Zudem gibt es frischen Zander f\u00fcr heute Abend. Der Markt ist sehr gut sortiert mit Fisch, Fleisch, Gem\u00fcse, Obst und Backwaren. Der<strong> Friseursalon<\/strong> direkt am Anfang, wenn man vom Hafen in die Stadt geht ist ebenfalls empfehlenswert. Ich habe es gewagt und wurde nicht entt\u00e4uscht.<br>Anschlie\u00dfend noch die Stadt genauer erkundet. Viel erhalten oder wiederaufgebaut und sch\u00f6ne kleine Gesch\u00e4fte, gro\u00dfer Marktplatz. Die alte Stadtmauer umgibt noch immer komplett die Stadt und es gibt noch 3 Stadttore. Es gibt auch noch ein paar Stra\u00dfen mit Fachwerkh\u00e4usern.<\/p>\n\n\n\n<figure class=\"wp-block-gallery has-nested-images columns-default is-cropped wp-block-gallery-3 is-layout-flex wp-block-gallery-is-layout-flex\">\n<figure class=\"wp-block-image size-large\"><img loading=\"lazy\" decoding=\"async\" width=\"576\" height=\"1024\" data-id=\"9426\" src=\"https:\/\/mybonnechance.de\/wp-content\/uploads\/2024\/08\/20240816_102106-576x1024.jpg\" alt=\"\" class=\"wp-image-9426\" srcset=\"https:\/\/mybonnechance.de\/wp-content\/uploads\/2024\/08\/20240816_102106-576x1024.jpg 576w, https:\/\/mybonnechance.de\/wp-content\/uploads\/2024\/08\/20240816_102106-169x300.jpg 169w, https:\/\/mybonnechance.de\/wp-content\/uploads\/2024\/08\/20240816_102106-768x1365.jpg 768w, https:\/\/mybonnechance.de\/wp-content\/uploads\/2024\/08\/20240816_102106-864x1536.jpg 864w, https:\/\/mybonnechance.de\/wp-content\/uploads\/2024\/08\/20240816_102106-1152x2048.jpg 1152w, https:\/\/mybonnechance.de\/wp-content\/uploads\/2024\/08\/20240816_102106-scaled.jpg 1440w\" sizes=\"auto, (max-width: 576px) 100vw, 576px\" \/><\/figure>\n\n\n\n<figure class=\"wp-block-image size-large\"><img loading=\"lazy\" decoding=\"async\" width=\"576\" height=\"1024\" data-id=\"9425\" src=\"https:\/\/mybonnechance.de\/wp-content\/uploads\/2024\/08\/20240816_124816-576x1024.jpg\" alt=\"\" class=\"wp-image-9425\" srcset=\"https:\/\/mybonnechance.de\/wp-content\/uploads\/2024\/08\/20240816_124816-576x1024.jpg 576w, https:\/\/mybonnechance.de\/wp-content\/uploads\/2024\/08\/20240816_124816-169x300.jpg 169w, https:\/\/mybonnechance.de\/wp-content\/uploads\/2024\/08\/20240816_124816-768x1365.jpg 768w, https:\/\/mybonnechance.de\/wp-content\/uploads\/2024\/08\/20240816_124816-864x1536.jpg 864w, https:\/\/mybonnechance.de\/wp-content\/uploads\/2024\/08\/20240816_124816-1152x2048.jpg 1152w, https:\/\/mybonnechance.de\/wp-content\/uploads\/2024\/08\/20240816_124816-scaled.jpg 1440w\" sizes=\"auto, (max-width: 576px) 100vw, 576px\" \/><\/figure>\n\n\n\n<figure class=\"wp-block-image size-large\"><img loading=\"lazy\" decoding=\"async\" width=\"576\" height=\"1024\" data-id=\"9424\" src=\"https:\/\/mybonnechance.de\/wp-content\/uploads\/2024\/08\/20240815_194841-1-576x1024.jpg\" alt=\"\" class=\"wp-image-9424\" srcset=\"https:\/\/mybonnechance.de\/wp-content\/uploads\/2024\/08\/20240815_194841-1-576x1024.jpg 576w, https:\/\/mybonnechance.de\/wp-content\/uploads\/2024\/08\/20240815_194841-1-169x300.jpg 169w, https:\/\/mybonnechance.de\/wp-content\/uploads\/2024\/08\/20240815_194841-1-768x1365.jpg 768w, https:\/\/mybonnechance.de\/wp-content\/uploads\/2024\/08\/20240815_194841-1-864x1536.jpg 864w, https:\/\/mybonnechance.de\/wp-content\/uploads\/2024\/08\/20240815_194841-1-1152x2048.jpg 1152w, https:\/\/mybonnechance.de\/wp-content\/uploads\/2024\/08\/20240815_194841-1-scaled.jpg 1440w\" sizes=\"auto, (max-width: 576px) 100vw, 576px\" \/><\/figure>\n<\/figure>\n\n\n\n<figure class=\"wp-block-gallery has-nested-images columns-default is-cropped wp-block-gallery-4 is-layout-flex wp-block-gallery-is-layout-flex\">\n<figure class=\"wp-block-image size-large\"><img loading=\"lazy\" decoding=\"async\" width=\"576\" height=\"1024\" data-id=\"9427\" src=\"https:\/\/mybonnechance.de\/wp-content\/uploads\/2024\/08\/20240816_102314-576x1024.jpg\" alt=\"\" class=\"wp-image-9427\" srcset=\"https:\/\/mybonnechance.de\/wp-content\/uploads\/2024\/08\/20240816_102314-576x1024.jpg 576w, https:\/\/mybonnechance.de\/wp-content\/uploads\/2024\/08\/20240816_102314-169x300.jpg 169w, https:\/\/mybonnechance.de\/wp-content\/uploads\/2024\/08\/20240816_102314-768x1365.jpg 768w, https:\/\/mybonnechance.de\/wp-content\/uploads\/2024\/08\/20240816_102314-864x1536.jpg 864w, https:\/\/mybonnechance.de\/wp-content\/uploads\/2024\/08\/20240816_102314-1152x2048.jpg 1152w, https:\/\/mybonnechance.de\/wp-content\/uploads\/2024\/08\/20240816_102314-scaled.jpg 1440w\" sizes=\"auto, (max-width: 576px) 100vw, 576px\" \/><\/figure>\n\n\n\n<figure class=\"wp-block-image size-large\"><img loading=\"lazy\" decoding=\"async\" width=\"576\" height=\"1024\" data-id=\"9428\" src=\"https:\/\/mybonnechance.de\/wp-content\/uploads\/2024\/08\/20240816_102509-576x1024.jpg\" alt=\"\" class=\"wp-image-9428\" srcset=\"https:\/\/mybonnechance.de\/wp-content\/uploads\/2024\/08\/20240816_102509-576x1024.jpg 576w, https:\/\/mybonnechance.de\/wp-content\/uploads\/2024\/08\/20240816_102509-169x300.jpg 169w, https:\/\/mybonnechance.de\/wp-content\/uploads\/2024\/08\/20240816_102509-768x1365.jpg 768w, https:\/\/mybonnechance.de\/wp-content\/uploads\/2024\/08\/20240816_102509-864x1536.jpg 864w, https:\/\/mybonnechance.de\/wp-content\/uploads\/2024\/08\/20240816_102509-1152x2048.jpg 1152w, https:\/\/mybonnechance.de\/wp-content\/uploads\/2024\/08\/20240816_102509-scaled.jpg 1440w\" sizes=\"auto, (max-width: 576px) 100vw, 576px\" \/><\/figure>\n\n\n\n<figure class=\"wp-block-image size-large\"><img loading=\"lazy\" decoding=\"async\" width=\"576\" height=\"1024\" data-id=\"9430\" src=\"https:\/\/mybonnechance.de\/wp-content\/uploads\/2024\/08\/20240816_095910-576x1024.jpg\" alt=\"\" class=\"wp-image-9430\" srcset=\"https:\/\/mybonnechance.de\/wp-content\/uploads\/2024\/08\/20240816_095910-576x1024.jpg 576w, https:\/\/mybonnechance.de\/wp-content\/uploads\/2024\/08\/20240816_095910-169x300.jpg 169w, https:\/\/mybonnechance.de\/wp-content\/uploads\/2024\/08\/20240816_095910-768x1365.jpg 768w, https:\/\/mybonnechance.de\/wp-content\/uploads\/2024\/08\/20240816_095910-864x1536.jpg 864w, https:\/\/mybonnechance.de\/wp-content\/uploads\/2024\/08\/20240816_095910-1152x2048.jpg 1152w, https:\/\/mybonnechance.de\/wp-content\/uploads\/2024\/08\/20240816_095910-scaled.jpg 1440w\" sizes=\"auto, (max-width: 576px) 100vw, 576px\" \/><\/figure>\n<\/figure>\n\n\n\n<p>Am Abend f\u00e4ngt hier das Hafenfest an, allerdings bedeutend kleiner als woander. Es spielen nur DJ&#8217;s und eine Band. Ansonsten nur etwas zu trinken und zu essen. Daf\u00fcr spielen die \u00fcberhaupt nicht unsere Musik, vorwiegend House und Techno. Wir sparen uns deshalb den Eintritt und lassen uns auf der Bonny beschallen.<\/p>\n\n\n\n<figure class=\"wp-block-gallery has-nested-images columns-default is-cropped wp-block-gallery-5 is-layout-flex wp-block-gallery-is-layout-flex\">\n<figure class=\"wp-block-image size-large\"><img loading=\"lazy\" decoding=\"async\" width=\"1024\" height=\"576\" data-id=\"9431\" src=\"https:\/\/mybonnechance.de\/wp-content\/uploads\/2024\/08\/20240815_212153-1024x576.jpg\" alt=\"\" class=\"wp-image-9431\" srcset=\"https:\/\/mybonnechance.de\/wp-content\/uploads\/2024\/08\/20240815_212153-1024x576.jpg 1024w, https:\/\/mybonnechance.de\/wp-content\/uploads\/2024\/08\/20240815_212153-300x169.jpg 300w, https:\/\/mybonnechance.de\/wp-content\/uploads\/2024\/08\/20240815_212153-768x432.jpg 768w, https:\/\/mybonnechance.de\/wp-content\/uploads\/2024\/08\/20240815_212153-1536x864.jpg 1536w, https:\/\/mybonnechance.de\/wp-content\/uploads\/2024\/08\/20240815_212153-2048x1152.jpg 2048w\" sizes=\"auto, (max-width: 767px) 89vw, (max-width: 1000px) 54vw, (max-width: 1071px) 543px, 580px\" \/><\/figure>\n<\/figure>\n\n\n","protected":false},"excerpt":{"rendered":"<p>Tag 102, Donnerstag 15. August Zehdenick, Prerauer Stich &#8211; Templin, Stadthafen30 km &#8211; 2 Schleusen &#8211; 4,25 Std. FahrzeitAuf der Havel ist auf jeden Fall alles prima. Wir kommen an den beiden H\u00e4fen im Ziegeleipark vorbei, wobei der Neue Hafen sogar eine Tankstelle hat. Dann kommt der Abzweig zu den Templiner Gew\u00e4sser und dort ist &hellip; <\/p>\n<p class=\"link-more\"><a href=\"https:\/\/mybonnechance.de\/?page_id=9375\" class=\"more-link\"><span class=\"screen-reader-text\">\u201e2024-55 Templin\u201c<\/span> weiterlesen<\/a><\/p>\n","protected":false},"author":1,"featured_media":0,"parent":0,"menu_order":0,"comment_status":"closed","ping_status":"closed","template":"","meta":{"ngg_post_thumbnail":0,"footnotes":""},"class_list":["post-9375","page","type-page","status-publish","hentry"],"_links":{"self":[{"href":"https:\/\/mybonnechance.de\/index.php?rest_route=\/wp\/v2\/pages\/9375","targetHints":{"allow":["GET"]}}],"collection":[{"href":"https:\/\/mybonnechance.de\/index.php?rest_route=\/wp\/v2\/pages"}],"about":[{"href":"https:\/\/mybonnechance.de\/index.php?rest_route=\/wp\/v2\/types\/page"}],"author":[{"embeddable":true,"href":"https:\/\/mybonnechance.de\/index.php?rest_route=\/wp\/v2\/users\/1"}],"replies":[{"embeddable":true,"href":"https:\/\/mybonnechance.de\/index.php?rest_route=%2Fwp%2Fv2%2Fcomments&post=9375"}],"version-history":[{"count":8,"href":"https:\/\/mybonnechance.de\/index.php?rest_route=\/wp\/v2\/pages\/9375\/revisions"}],"predecessor-version":[{"id":9546,"href":"https:\/\/mybonnechance.de\/index.php?rest_route=\/wp\/v2\/pages\/9375\/revisions\/9546"}],"wp:attachment":[{"href":"https:\/\/mybonnechance.de\/index.php?rest_route=%2Fwp%2Fv2%2Fmedia&parent=9375"}],"curies":[{"name":"wp","href":"https:\/\/api.w.org\/{rel}","templated":true}]}}